{"id":955,"date":"2011-12-22T18:55:05","date_gmt":"2011-12-22T17:55:05","guid":{"rendered":"http:\/\/christianstrasse.de\/8nhd0g15eq\/?page_id=955"},"modified":"2011-12-25T18:15:43","modified_gmt":"2011-12-25T17:15:43","slug":"croque-monsieur","status":"publish","type":"page","link":"https:\/\/christianstrasse.de\/8nhd0g15eq\/?page_id=955","title":{"rendered":"Croque Monsieur (R)"},"content":{"rendered":"<p>Je besser die Zutaten, um so besser die Croques.<\/p>\n<!-- default-view.php -->\n<div\n\tclass=\"ngg-galleryoverview default-view \n\t\t\"\n\tid=\"ngg-gallery-0d196facfeaebf38cd8807264e941b2a-1\">\n\n\t\t<!-- Thumbnails -->\n\t\t\t\t<div id=\"ngg-image-0\" class=\"ngg-gallery-thumbnail-box \n\t\t\t\t\t\t\t\t\t\t\t\" \n\t\t\t>\n\t\t\t\t\t\t<div class=\"ngg-gallery-thumbnail\">\n\t\t\t<a href=\"https:\/\/christianstrasse.de\/8nhd0g15eq\/wp-content\/gallery\/croque\/img_3621.jpg\"\n\t\t\t\ttitle=\"\"\n\t\t\t\tdata-src=\"https:\/\/christianstrasse.de\/8nhd0g15eq\/wp-content\/gallery\/croque\/img_3621.jpg\"\n\t\t\t\tdata-thumbnail=\"https:\/\/christianstrasse.de\/8nhd0g15eq\/wp-content\/gallery\/croque\/thumbs\/thumbs_img_3621.jpg\"\n\t\t\t\tdata-image-id=\"303\"\n\t\t\t\tdata-title=\"img_3621\"\n\t\t\t\tdata-description=\"\"\n\t\t\t\tdata-image-slug=\"img_3621\"\n\t\t\t\tclass='use_imagebrowser_effect' data-imagebrowser-url='https:\/\/christianstrasse.de\/8nhd0g15eq\/index.php\/nggallery\/image\/%STUB%?page_id=955'>\n\t\t\t\t<img\n\t\t\t\t\ttitle=\"img_3621\"\n\t\t\t\t\talt=\"img_3621\"\n\t\t\t\t\tsrc=\"https:\/\/christianstrasse.de\/8nhd0g15eq\/wp-content\/gallery\/croque\/thumbs\/thumbs_img_3621.jpg\"\n\t\t\t\t\twidth=\"110\"\n\t\t\t\t\theight=\"82\"\n\t\t\t\t\tstyle=\"max-width:100%;\"\n\t\t\t\t\/>\n\t\t\t<\/a>\n\t\t<\/div>\n\t\t\t\t\t\t\t<\/div> \n\t\t\t\n\t\t\t\t<div id=\"ngg-image-1\" class=\"ngg-gallery-thumbnail-box \n\t\t\t\t\t\t\t\t\t\t\t\" \n\t\t\t>\n\t\t\t\t\t\t<div class=\"ngg-gallery-thumbnail\">\n\t\t\t<a href=\"https:\/\/christianstrasse.de\/8nhd0g15eq\/wp-content\/gallery\/croque\/img_3622.jpg\"\n\t\t\t\ttitle=\"\"\n\t\t\t\tdata-src=\"https:\/\/christianstrasse.de\/8nhd0g15eq\/wp-content\/gallery\/croque\/img_3622.jpg\"\n\t\t\t\tdata-thumbnail=\"https:\/\/christianstrasse.de\/8nhd0g15eq\/wp-content\/gallery\/croque\/thumbs\/thumbs_img_3622.jpg\"\n\t\t\t\tdata-image-id=\"304\"\n\t\t\t\tdata-title=\"img_3622\"\n\t\t\t\tdata-description=\"\"\n\t\t\t\tdata-image-slug=\"img_3622\"\n\t\t\t\tclass='use_imagebrowser_effect' data-imagebrowser-url='https:\/\/christianstrasse.de\/8nhd0g15eq\/index.php\/nggallery\/image\/%STUB%?page_id=955'>\n\t\t\t\t<img\n\t\t\t\t\ttitle=\"img_3622\"\n\t\t\t\t\talt=\"img_3622\"\n\t\t\t\t\tsrc=\"https:\/\/christianstrasse.de\/8nhd0g15eq\/wp-content\/gallery\/croque\/thumbs\/thumbs_img_3622.jpg\"\n\t\t\t\t\twidth=\"110\"\n\t\t\t\t\theight=\"82\"\n\t\t\t\t\tstyle=\"max-width:100%;\"\n\t\t\t\t\/>\n\t\t\t<\/a>\n\t\t<\/div>\n\t\t\t\t\t\t\t<\/div> \n\t\t\t\n\t\t\t\t<div id=\"ngg-image-2\" class=\"ngg-gallery-thumbnail-box \n\t\t\t\t\t\t\t\t\t\t\t\" \n\t\t\t>\n\t\t\t\t\t\t<div class=\"ngg-gallery-thumbnail\">\n\t\t\t<a href=\"https:\/\/christianstrasse.de\/8nhd0g15eq\/wp-content\/gallery\/croque\/img_3623.jpg\"\n\t\t\t\ttitle=\"\"\n\t\t\t\tdata-src=\"https:\/\/christianstrasse.de\/8nhd0g15eq\/wp-content\/gallery\/croque\/img_3623.jpg\"\n\t\t\t\tdata-thumbnail=\"https:\/\/christianstrasse.de\/8nhd0g15eq\/wp-content\/gallery\/croque\/thumbs\/thumbs_img_3623.jpg\"\n\t\t\t\tdata-image-id=\"305\"\n\t\t\t\tdata-title=\"img_3623\"\n\t\t\t\tdata-description=\"\"\n\t\t\t\tdata-image-slug=\"img_3623\"\n\t\t\t\tclass='use_imagebrowser_effect' data-imagebrowser-url='https:\/\/christianstrasse.de\/8nhd0g15eq\/index.php\/nggallery\/image\/%STUB%?page_id=955'>\n\t\t\t\t<img\n\t\t\t\t\ttitle=\"img_3623\"\n\t\t\t\t\talt=\"img_3623\"\n\t\t\t\t\tsrc=\"https:\/\/christianstrasse.de\/8nhd0g15eq\/wp-content\/gallery\/croque\/thumbs\/thumbs_img_3623.jpg\"\n\t\t\t\t\twidth=\"110\"\n\t\t\t\t\theight=\"82\"\n\t\t\t\t\tstyle=\"max-width:100%;\"\n\t\t\t\t\/>\n\t\t\t<\/a>\n\t\t<\/div>\n\t\t\t\t\t\t\t<\/div> \n\t\t\t\n\t\t\t\t<div id=\"ngg-image-3\" class=\"ngg-gallery-thumbnail-box \n\t\t\t\t\t\t\t\t\t\t\t\" \n\t\t\t>\n\t\t\t\t\t\t<div class=\"ngg-gallery-thumbnail\">\n\t\t\t<a href=\"https:\/\/christianstrasse.de\/8nhd0g15eq\/wp-content\/gallery\/croque\/img_3624.jpg\"\n\t\t\t\ttitle=\"\"\n\t\t\t\tdata-src=\"https:\/\/christianstrasse.de\/8nhd0g15eq\/wp-content\/gallery\/croque\/img_3624.jpg\"\n\t\t\t\tdata-thumbnail=\"https:\/\/christianstrasse.de\/8nhd0g15eq\/wp-content\/gallery\/croque\/thumbs\/thumbs_img_3624.jpg\"\n\t\t\t\tdata-image-id=\"306\"\n\t\t\t\tdata-title=\"img_3624\"\n\t\t\t\tdata-description=\"\"\n\t\t\t\tdata-image-slug=\"img_3624\"\n\t\t\t\tclass='use_imagebrowser_effect' data-imagebrowser-url='https:\/\/christianstrasse.de\/8nhd0g15eq\/index.php\/nggallery\/image\/%STUB%?page_id=955'>\n\t\t\t\t<img\n\t\t\t\t\ttitle=\"img_3624\"\n\t\t\t\t\talt=\"img_3624\"\n\t\t\t\t\tsrc=\"https:\/\/christianstrasse.de\/8nhd0g15eq\/wp-content\/gallery\/croque\/thumbs\/thumbs_img_3624.jpg\"\n\t\t\t\t\twidth=\"110\"\n\t\t\t\t\theight=\"82\"\n\t\t\t\t\tstyle=\"max-width:100%;\"\n\t\t\t\t\/>\n\t\t\t<\/a>\n\t\t<\/div>\n\t\t\t\t\t\t\t<\/div> \n\t\t\t\n\t\t\t\t<div id=\"ngg-image-4\" class=\"ngg-gallery-thumbnail-box \n\t\t\t\t\t\t\t\t\t\t\t\" \n\t\t\t>\n\t\t\t\t\t\t<div class=\"ngg-gallery-thumbnail\">\n\t\t\t<a href=\"https:\/\/christianstrasse.de\/8nhd0g15eq\/wp-content\/gallery\/croque\/img_3625.jpg\"\n\t\t\t\ttitle=\"\"\n\t\t\t\tdata-src=\"https:\/\/christianstrasse.de\/8nhd0g15eq\/wp-content\/gallery\/croque\/img_3625.jpg\"\n\t\t\t\tdata-thumbnail=\"https:\/\/christianstrasse.de\/8nhd0g15eq\/wp-content\/gallery\/croque\/thumbs\/thumbs_img_3625.jpg\"\n\t\t\t\tdata-image-id=\"307\"\n\t\t\t\tdata-title=\"img_3625\"\n\t\t\t\tdata-description=\"\"\n\t\t\t\tdata-image-slug=\"img_3625\"\n\t\t\t\tclass='use_imagebrowser_effect' data-imagebrowser-url='https:\/\/christianstrasse.de\/8nhd0g15eq\/index.php\/nggallery\/image\/%STUB%?page_id=955'>\n\t\t\t\t<img\n\t\t\t\t\ttitle=\"img_3625\"\n\t\t\t\t\talt=\"img_3625\"\n\t\t\t\t\tsrc=\"https:\/\/christianstrasse.de\/8nhd0g15eq\/wp-content\/gallery\/croque\/thumbs\/thumbs_img_3625.jpg\"\n\t\t\t\t\twidth=\"110\"\n\t\t\t\t\theight=\"82\"\n\t\t\t\t\tstyle=\"max-width:100%;\"\n\t\t\t\t\/>\n\t\t\t<\/a>\n\t\t<\/div>\n\t\t\t\t\t\t\t<\/div> \n\t\t\t\n\t\t\t\t<div id=\"ngg-image-5\" class=\"ngg-gallery-thumbnail-box \n\t\t\t\t\t\t\t\t\t\t\t\" \n\t\t\t>\n\t\t\t\t\t\t<div class=\"ngg-gallery-thumbnail\">\n\t\t\t<a href=\"https:\/\/christianstrasse.de\/8nhd0g15eq\/wp-content\/gallery\/croque\/img_3626.jpg\"\n\t\t\t\ttitle=\"\"\n\t\t\t\tdata-src=\"https:\/\/christianstrasse.de\/8nhd0g15eq\/wp-content\/gallery\/croque\/img_3626.jpg\"\n\t\t\t\tdata-thumbnail=\"https:\/\/christianstrasse.de\/8nhd0g15eq\/wp-content\/gallery\/croque\/thumbs\/thumbs_img_3626.jpg\"\n\t\t\t\tdata-image-id=\"308\"\n\t\t\t\tdata-title=\"img_3626\"\n\t\t\t\tdata-description=\"\"\n\t\t\t\tdata-image-slug=\"img_3626\"\n\t\t\t\tclass='use_imagebrowser_effect' data-imagebrowser-url='https:\/\/christianstrasse.de\/8nhd0g15eq\/index.php\/nggallery\/image\/%STUB%?page_id=955'>\n\t\t\t\t<img\n\t\t\t\t\ttitle=\"img_3626\"\n\t\t\t\t\talt=\"img_3626\"\n\t\t\t\t\tsrc=\"https:\/\/christianstrasse.de\/8nhd0g15eq\/wp-content\/gallery\/croque\/thumbs\/thumbs_img_3626.jpg\"\n\t\t\t\t\twidth=\"110\"\n\t\t\t\t\theight=\"82\"\n\t\t\t\t\tstyle=\"max-width:100%;\"\n\t\t\t\t\/>\n\t\t\t<\/a>\n\t\t<\/div>\n\t\t\t\t\t\t\t<\/div> \n\t\t\t\n\t\t\t\t<div id=\"ngg-image-6\" class=\"ngg-gallery-thumbnail-box \n\t\t\t\t\t\t\t\t\t\t\t\" \n\t\t\t>\n\t\t\t\t\t\t<div class=\"ngg-gallery-thumbnail\">\n\t\t\t<a href=\"https:\/\/christianstrasse.de\/8nhd0g15eq\/wp-content\/gallery\/croque\/img_3627.jpg\"\n\t\t\t\ttitle=\"\"\n\t\t\t\tdata-src=\"https:\/\/christianstrasse.de\/8nhd0g15eq\/wp-content\/gallery\/croque\/img_3627.jpg\"\n\t\t\t\tdata-thumbnail=\"https:\/\/christianstrasse.de\/8nhd0g15eq\/wp-content\/gallery\/croque\/thumbs\/thumbs_img_3627.jpg\"\n\t\t\t\tdata-image-id=\"309\"\n\t\t\t\tdata-title=\"img_3627\"\n\t\t\t\tdata-description=\"\"\n\t\t\t\tdata-image-slug=\"img_3627\"\n\t\t\t\tclass='use_imagebrowser_effect' data-imagebrowser-url='https:\/\/christianstrasse.de\/8nhd0g15eq\/index.php\/nggallery\/image\/%STUB%?page_id=955'>\n\t\t\t\t<img\n\t\t\t\t\ttitle=\"img_3627\"\n\t\t\t\t\talt=\"img_3627\"\n\t\t\t\t\tsrc=\"https:\/\/christianstrasse.de\/8nhd0g15eq\/wp-content\/gallery\/croque\/thumbs\/thumbs_img_3627.jpg\"\n\t\t\t\t\twidth=\"110\"\n\t\t\t\t\theight=\"82\"\n\t\t\t\t\tstyle=\"max-width:100%;\"\n\t\t\t\t\/>\n\t\t\t<\/a>\n\t\t<\/div>\n\t\t\t\t\t\t\t<\/div> \n\t\t\t\n\t\n\t<br style=\"clear: both\" \/>\n\n\t\n\t\t<!-- Pagination -->\n\t\t<div class='ngg-clear'><\/div>\t<\/div>\n\n<div class=\"hrecipe custom\">\n<h2 class=\"fn\">Rezept: Croque Monsieur<\/h2>\n<p class=\"summary\"><strong>Kurzbeschreibung<\/strong>: <em>braucht man ab und zu<\/em><\/p>\n<div class=\"ingredients\">\n<h4 class=\"ingredients\">Zutaten<\/h4>\n<ul class=\"ingredients\">\n<li class=\"ingredient\">1 Baguette zum Aufbacken<\/li>\n<li class=\"ingredient\">1-2 Tomaten<\/li>\n<li class=\"ingredient\">2 Salatbl\u00e4tter<\/li>\n<li class=\"ingredient\">2 Scheiben gekochter Schinken<\/li>\n<li class=\"ingredient\">2 grosse Scheiben K\u00e4se (Emmentaler oder Gouda)<\/li>\n<li class=\"ingredient\">Remoulade<\/li>\n<\/ul>\n<\/div>\n<div class=\"instructions\">\n<h4 class=\"instructions\">Zubereitung<\/h4>\n<ol class=\"instructions\">\n<li>Backofen auf 200 \u00b0C vorheizen<\/li>\n<li>Baguette nach Vorschrift knusprig aufbacken<\/li>\n<li>Inzwischen Tomaten waschen und Salat abbrausen<\/li>\n<li>Tomaten in 1-1,5 cm dicke Scheiben schneiden<\/li>\n<li>Scheibe mit Stielansatz und andere Endkalotte verwerfen,<\/li>\n<li>Salatbl\u00e4tter bereit legen, eventuell starke Mittelrippe entfernen<\/li>\n<li>Hitze im Ofen auf 180 \u00b0C reduzieren<\/li>\n<li>Baguette mittig aufschneiden<\/li>\n<li>Beide Schnittfl\u00e4chen grossz\u00fcgig mit Remoulade bestreichen<\/li>\n<li>Die untere H\u00e4lfte nacheinander belegen mit:<\/li>\n<li>Salat<\/li>\n<li>Schinken<\/li>\n<li>Tomatenscheiben<\/li>\n<li>und K\u00e4se<\/li>\n<li>Beide Croqueh\u00e4lften mit der Schnitt-\/ belegten Fl\u00e4che nach oben auf den Backofenrost legen, darunter ein Backblech, das geschmolzenen K\u00e4se auff\u00e4ngt; daf\u00fcr sorgen, dass die belegten H\u00e4lften nicht kippen k\u00f6nnen, sonst rutscht der Belag ohne Gnade weg.<\/li>\n<li>ca. 5 min \u00fcberbacken, bis der K\u00e4se schnmilzt<\/li>\n<li>Wenn m\u00f6glich Grill zuschalten.<\/li>\n<li>Danach obere H\u00e4lfte auf die K\u00e4se-Tomate-Schinken-Salat-Remoulade-untere H\u00e4lfte legen, ggf. mit einem Zahnstocher fixieren und servieren<\/li>\n<\/ol>\n<\/div>\n<p>Zubereitungszeit: <span class=\"preptime\">20 Minuten<\/span><\/p>\n<p class=\"yield\"><span class=\"hrlabel\">Portionen: <\/span><span class=\"hritem\">1<\/span><\/p>\n<p class=\"yield\">Das Rezept ist in der Optimierung:<\/p>\n<p class=\"yield\">1. Erst solange ohne K\u00e4se \u00fcberbacken, bis die Tomaten wirklich heiss sind (Mundwinkeleffekt) und dann den K\u00e4se auflegen.<\/p>\n<p class=\"yield\">2. Die Remoulade der oberen H\u00e4lfte erst nach dem \u00dcberbacken aufstreichen.<\/p>\n<p class=\"yield\"><a title=\"Junkfood\" href=\"http:\/\/christianstrasse.de\/8nhd0g15eq\/?page_id=447\">zur\u00fcck<\/a><\/p>\n<\/div>\n","protected":false},"excerpt":{"rendered":"<p>Je besser die Zutaten, um so besser die Croques. Rezept: Croque Monsieur Kurzbeschreibung: braucht man ab und zu Zutaten 1 Baguette zum Aufbacken 1-2 Tomaten 2 Salatbl\u00e4tter 2 Scheiben gekochter Schinken 2 grosse Scheiben K\u00e4se (Emmentaler oder Gouda) Remoulade Zubereitung Backofen auf 200 \u00b0C vorheizen Baguette nach Vorschrift knusprig aufbacken Inzwischen Tomaten waschen und Salat [&hellip;]<\/p>\n","protected":false},"author":606,"featured_media":0,"parent":447,"menu_order":0,"comment_status":"open","ping_status":"closed","template":"","meta":{"ngg_post_thumbnail":0,"footnotes":""},"class_list":["post-955","page","type-page","status-publish","hentry"],"_links":{"self":[{"href":"https:\/\/christianstrasse.de\/8nhd0g15eq\/index.php?rest_route=\/wp\/v2\/pages\/955","targetHints":{"allow":["GET"]}}],"collection":[{"href":"https:\/\/christianstrasse.de\/8nhd0g15eq\/index.php?rest_route=\/wp\/v2\/pages"}],"about":[{"href":"https:\/\/christianstrasse.de\/8nhd0g15eq\/index.php?rest_route=\/wp\/v2\/types\/page"}],"author":[{"embeddable":true,"href":"https:\/\/christianstrasse.de\/8nhd0g15eq\/index.php?rest_route=\/wp\/v2\/users\/606"}],"replies":[{"embeddable":true,"href":"https:\/\/christianstrasse.de\/8nhd0g15eq\/index.php?rest_route=%2Fwp%2Fv2%2Fcomments&post=955"}],"version-history":[{"count":0,"href":"https:\/\/christianstrasse.de\/8nhd0g15eq\/index.php?rest_route=\/wp\/v2\/pages\/955\/revisions"}],"up":[{"embeddable":true,"href":"https:\/\/christianstrasse.de\/8nhd0g15eq\/index.php?rest_route=\/wp\/v2\/pages\/447"}],"wp:attachment":[{"href":"https:\/\/christianstrasse.de\/8nhd0g15eq\/index.php?rest_route=%2Fwp%2Fv2%2Fmedia&parent=955"}],"curies":[{"name":"wp","href":"https:\/\/api.w.org\/{rel}","templated":true}]}}