{"id":911,"date":"2011-12-17T11:44:43","date_gmt":"2011-12-17T10:44:43","guid":{"rendered":"http:\/\/christianstrasse.de\/8nhd0g15eq\/?page_id=911"},"modified":"2011-12-22T18:22:18","modified_gmt":"2011-12-22T17:22:18","slug":"wildschweinruckenbraten-draft","status":"publish","type":"page","link":"https:\/\/christianstrasse.de\/8nhd0g15eq\/?page_id=911","title":{"rendered":"Wildschweinr\u00fcckenbraten (R)"},"content":{"rendered":"<!-- default-view.php -->\n<div\n\tclass=\"ngg-galleryoverview default-view \n\t\t\"\n\tid=\"ngg-gallery-03b6b8eee8ca33622634979b5541a5ec-1\">\n\n\t\t<!-- Thumbnails -->\n\t\t\t\t<div id=\"ngg-image-0\" class=\"ngg-gallery-thumbnail-box \n\t\t\t\t\t\t\t\t\t\t\t\" \n\t\t\t>\n\t\t\t\t\t\t<div class=\"ngg-gallery-thumbnail\">\n\t\t\t<a href=\"https:\/\/christianstrasse.de\/8nhd0g15eq\/wp-content\/gallery\/wildschweinrucken\/img_3671.jpg\"\n\t\t\t\ttitle=\"\"\n\t\t\t\tdata-src=\"https:\/\/christianstrasse.de\/8nhd0g15eq\/wp-content\/gallery\/wildschweinrucken\/img_3671.jpg\"\n\t\t\t\tdata-thumbnail=\"https:\/\/christianstrasse.de\/8nhd0g15eq\/wp-content\/gallery\/wildschweinrucken\/thumbs\/thumbs_img_3671.jpg\"\n\t\t\t\tdata-image-id=\"293\"\n\t\t\t\tdata-title=\"img_3671\"\n\t\t\t\tdata-description=\"\"\n\t\t\t\tdata-image-slug=\"img_3671\"\n\t\t\t\tclass='use_imagebrowser_effect' data-imagebrowser-url='https:\/\/christianstrasse.de\/8nhd0g15eq\/index.php\/nggallery\/image\/%STUB%?page_id=911'>\n\t\t\t\t<img\n\t\t\t\t\ttitle=\"img_3671\"\n\t\t\t\t\talt=\"img_3671\"\n\t\t\t\t\tsrc=\"https:\/\/christianstrasse.de\/8nhd0g15eq\/wp-content\/gallery\/wildschweinrucken\/thumbs\/thumbs_img_3671.jpg\"\n\t\t\t\t\twidth=\"110\"\n\t\t\t\t\theight=\"82\"\n\t\t\t\t\tstyle=\"max-width:100%;\"\n\t\t\t\t\/>\n\t\t\t<\/a>\n\t\t<\/div>\n\t\t\t\t\t\t\t<\/div> \n\t\t\t\n\t\t\t\t<div id=\"ngg-image-1\" class=\"ngg-gallery-thumbnail-box \n\t\t\t\t\t\t\t\t\t\t\t\" \n\t\t\t>\n\t\t\t\t\t\t<div class=\"ngg-gallery-thumbnail\">\n\t\t\t<a href=\"https:\/\/christianstrasse.de\/8nhd0g15eq\/wp-content\/gallery\/wildschweinrucken\/img_3676.jpg\"\n\t\t\t\ttitle=\"\"\n\t\t\t\tdata-src=\"https:\/\/christianstrasse.de\/8nhd0g15eq\/wp-content\/gallery\/wildschweinrucken\/img_3676.jpg\"\n\t\t\t\tdata-thumbnail=\"https:\/\/christianstrasse.de\/8nhd0g15eq\/wp-content\/gallery\/wildschweinrucken\/thumbs\/thumbs_img_3676.jpg\"\n\t\t\t\tdata-image-id=\"294\"\n\t\t\t\tdata-title=\"img_3676\"\n\t\t\t\tdata-description=\"\"\n\t\t\t\tdata-image-slug=\"img_3676\"\n\t\t\t\tclass='use_imagebrowser_effect' data-imagebrowser-url='https:\/\/christianstrasse.de\/8nhd0g15eq\/index.php\/nggallery\/image\/%STUB%?page_id=911'>\n\t\t\t\t<img\n\t\t\t\t\ttitle=\"img_3676\"\n\t\t\t\t\talt=\"img_3676\"\n\t\t\t\t\tsrc=\"https:\/\/christianstrasse.de\/8nhd0g15eq\/wp-content\/gallery\/wildschweinrucken\/thumbs\/thumbs_img_3676.jpg\"\n\t\t\t\t\twidth=\"110\"\n\t\t\t\t\theight=\"82\"\n\t\t\t\t\tstyle=\"max-width:100%;\"\n\t\t\t\t\/>\n\t\t\t<\/a>\n\t\t<\/div>\n\t\t\t\t\t\t\t<\/div> \n\t\t\t\n\t\t\t\t<div id=\"ngg-image-2\" class=\"ngg-gallery-thumbnail-box \n\t\t\t\t\t\t\t\t\t\t\t\" \n\t\t\t>\n\t\t\t\t\t\t<div class=\"ngg-gallery-thumbnail\">\n\t\t\t<a href=\"https:\/\/christianstrasse.de\/8nhd0g15eq\/wp-content\/gallery\/wildschweinrucken\/img_3678.jpg\"\n\t\t\t\ttitle=\"\"\n\t\t\t\tdata-src=\"https:\/\/christianstrasse.de\/8nhd0g15eq\/wp-content\/gallery\/wildschweinrucken\/img_3678.jpg\"\n\t\t\t\tdata-thumbnail=\"https:\/\/christianstrasse.de\/8nhd0g15eq\/wp-content\/gallery\/wildschweinrucken\/thumbs\/thumbs_img_3678.jpg\"\n\t\t\t\tdata-image-id=\"295\"\n\t\t\t\tdata-title=\"img_3678\"\n\t\t\t\tdata-description=\"\"\n\t\t\t\tdata-image-slug=\"img_3678\"\n\t\t\t\tclass='use_imagebrowser_effect' data-imagebrowser-url='https:\/\/christianstrasse.de\/8nhd0g15eq\/index.php\/nggallery\/image\/%STUB%?page_id=911'>\n\t\t\t\t<img\n\t\t\t\t\ttitle=\"img_3678\"\n\t\t\t\t\talt=\"img_3678\"\n\t\t\t\t\tsrc=\"https:\/\/christianstrasse.de\/8nhd0g15eq\/wp-content\/gallery\/wildschweinrucken\/thumbs\/thumbs_img_3678.jpg\"\n\t\t\t\t\twidth=\"110\"\n\t\t\t\t\theight=\"82\"\n\t\t\t\t\tstyle=\"max-width:100%;\"\n\t\t\t\t\/>\n\t\t\t<\/a>\n\t\t<\/div>\n\t\t\t\t\t\t\t<\/div> \n\t\t\t\n\t\t\t\t<div id=\"ngg-image-3\" class=\"ngg-gallery-thumbnail-box \n\t\t\t\t\t\t\t\t\t\t\t\" \n\t\t\t>\n\t\t\t\t\t\t<div class=\"ngg-gallery-thumbnail\">\n\t\t\t<a href=\"https:\/\/christianstrasse.de\/8nhd0g15eq\/wp-content\/gallery\/wildschweinrucken\/img_3686.jpg\"\n\t\t\t\ttitle=\"\"\n\t\t\t\tdata-src=\"https:\/\/christianstrasse.de\/8nhd0g15eq\/wp-content\/gallery\/wildschweinrucken\/img_3686.jpg\"\n\t\t\t\tdata-thumbnail=\"https:\/\/christianstrasse.de\/8nhd0g15eq\/wp-content\/gallery\/wildschweinrucken\/thumbs\/thumbs_img_3686.jpg\"\n\t\t\t\tdata-image-id=\"296\"\n\t\t\t\tdata-title=\"img_3686\"\n\t\t\t\tdata-description=\"\"\n\t\t\t\tdata-image-slug=\"img_3686\"\n\t\t\t\tclass='use_imagebrowser_effect' data-imagebrowser-url='https:\/\/christianstrasse.de\/8nhd0g15eq\/index.php\/nggallery\/image\/%STUB%?page_id=911'>\n\t\t\t\t<img\n\t\t\t\t\ttitle=\"img_3686\"\n\t\t\t\t\talt=\"img_3686\"\n\t\t\t\t\tsrc=\"https:\/\/christianstrasse.de\/8nhd0g15eq\/wp-content\/gallery\/wildschweinrucken\/thumbs\/thumbs_img_3686.jpg\"\n\t\t\t\t\twidth=\"110\"\n\t\t\t\t\theight=\"82\"\n\t\t\t\t\tstyle=\"max-width:100%;\"\n\t\t\t\t\/>\n\t\t\t<\/a>\n\t\t<\/div>\n\t\t\t\t\t\t\t<\/div> \n\t\t\t\n\t\t\t\t<div id=\"ngg-image-4\" class=\"ngg-gallery-thumbnail-box \n\t\t\t\t\t\t\t\t\t\t\t\" \n\t\t\t>\n\t\t\t\t\t\t<div class=\"ngg-gallery-thumbnail\">\n\t\t\t<a href=\"https:\/\/christianstrasse.de\/8nhd0g15eq\/wp-content\/gallery\/wildschweinrucken\/img_3688.jpg\"\n\t\t\t\ttitle=\"\"\n\t\t\t\tdata-src=\"https:\/\/christianstrasse.de\/8nhd0g15eq\/wp-content\/gallery\/wildschweinrucken\/img_3688.jpg\"\n\t\t\t\tdata-thumbnail=\"https:\/\/christianstrasse.de\/8nhd0g15eq\/wp-content\/gallery\/wildschweinrucken\/thumbs\/thumbs_img_3688.jpg\"\n\t\t\t\tdata-image-id=\"297\"\n\t\t\t\tdata-title=\"img_3688\"\n\t\t\t\tdata-description=\"\"\n\t\t\t\tdata-image-slug=\"img_3688\"\n\t\t\t\tclass='use_imagebrowser_effect' data-imagebrowser-url='https:\/\/christianstrasse.de\/8nhd0g15eq\/index.php\/nggallery\/image\/%STUB%?page_id=911'>\n\t\t\t\t<img\n\t\t\t\t\ttitle=\"img_3688\"\n\t\t\t\t\talt=\"img_3688\"\n\t\t\t\t\tsrc=\"https:\/\/christianstrasse.de\/8nhd0g15eq\/wp-content\/gallery\/wildschweinrucken\/thumbs\/thumbs_img_3688.jpg\"\n\t\t\t\t\twidth=\"110\"\n\t\t\t\t\theight=\"82\"\n\t\t\t\t\tstyle=\"max-width:100%;\"\n\t\t\t\t\/>\n\t\t\t<\/a>\n\t\t<\/div>\n\t\t\t\t\t\t\t<\/div> \n\t\t\t\n\t\t\t\t<div id=\"ngg-image-5\" class=\"ngg-gallery-thumbnail-box \n\t\t\t\t\t\t\t\t\t\t\t\" \n\t\t\t>\n\t\t\t\t\t\t<div class=\"ngg-gallery-thumbnail\">\n\t\t\t<a href=\"https:\/\/christianstrasse.de\/8nhd0g15eq\/wp-content\/gallery\/wildschweinrucken\/img_3689.jpg\"\n\t\t\t\ttitle=\"\"\n\t\t\t\tdata-src=\"https:\/\/christianstrasse.de\/8nhd0g15eq\/wp-content\/gallery\/wildschweinrucken\/img_3689.jpg\"\n\t\t\t\tdata-thumbnail=\"https:\/\/christianstrasse.de\/8nhd0g15eq\/wp-content\/gallery\/wildschweinrucken\/thumbs\/thumbs_img_3689.jpg\"\n\t\t\t\tdata-image-id=\"298\"\n\t\t\t\tdata-title=\"img_3689\"\n\t\t\t\tdata-description=\"\"\n\t\t\t\tdata-image-slug=\"img_3689\"\n\t\t\t\tclass='use_imagebrowser_effect' data-imagebrowser-url='https:\/\/christianstrasse.de\/8nhd0g15eq\/index.php\/nggallery\/image\/%STUB%?page_id=911'>\n\t\t\t\t<img\n\t\t\t\t\ttitle=\"img_3689\"\n\t\t\t\t\talt=\"img_3689\"\n\t\t\t\t\tsrc=\"https:\/\/christianstrasse.de\/8nhd0g15eq\/wp-content\/gallery\/wildschweinrucken\/thumbs\/thumbs_img_3689.jpg\"\n\t\t\t\t\twidth=\"110\"\n\t\t\t\t\theight=\"82\"\n\t\t\t\t\tstyle=\"max-width:100%;\"\n\t\t\t\t\/>\n\t\t\t<\/a>\n\t\t<\/div>\n\t\t\t\t\t\t\t<\/div> \n\t\t\t\n\t\t\t\t<div id=\"ngg-image-6\" class=\"ngg-gallery-thumbnail-box \n\t\t\t\t\t\t\t\t\t\t\t\" \n\t\t\t>\n\t\t\t\t\t\t<div class=\"ngg-gallery-thumbnail\">\n\t\t\t<a href=\"https:\/\/christianstrasse.de\/8nhd0g15eq\/wp-content\/gallery\/wildschweinrucken\/img_3691.jpg\"\n\t\t\t\ttitle=\"\"\n\t\t\t\tdata-src=\"https:\/\/christianstrasse.de\/8nhd0g15eq\/wp-content\/gallery\/wildschweinrucken\/img_3691.jpg\"\n\t\t\t\tdata-thumbnail=\"https:\/\/christianstrasse.de\/8nhd0g15eq\/wp-content\/gallery\/wildschweinrucken\/thumbs\/thumbs_img_3691.jpg\"\n\t\t\t\tdata-image-id=\"299\"\n\t\t\t\tdata-title=\"img_3691\"\n\t\t\t\tdata-description=\"\"\n\t\t\t\tdata-image-slug=\"img_3691\"\n\t\t\t\tclass='use_imagebrowser_effect' data-imagebrowser-url='https:\/\/christianstrasse.de\/8nhd0g15eq\/index.php\/nggallery\/image\/%STUB%?page_id=911'>\n\t\t\t\t<img\n\t\t\t\t\ttitle=\"img_3691\"\n\t\t\t\t\talt=\"img_3691\"\n\t\t\t\t\tsrc=\"https:\/\/christianstrasse.de\/8nhd0g15eq\/wp-content\/gallery\/wildschweinrucken\/thumbs\/thumbs_img_3691.jpg\"\n\t\t\t\t\twidth=\"110\"\n\t\t\t\t\theight=\"82\"\n\t\t\t\t\tstyle=\"max-width:100%;\"\n\t\t\t\t\/>\n\t\t\t<\/a>\n\t\t<\/div>\n\t\t\t\t\t\t\t<\/div> \n\t\t\t\n\t\t\t\t<div id=\"ngg-image-7\" class=\"ngg-gallery-thumbnail-box \n\t\t\t\t\t\t\t\t\t\t\t\" \n\t\t\t>\n\t\t\t\t\t\t<div class=\"ngg-gallery-thumbnail\">\n\t\t\t<a href=\"https:\/\/christianstrasse.de\/8nhd0g15eq\/wp-content\/gallery\/wildschweinrucken\/img_3692.jpg\"\n\t\t\t\ttitle=\"\"\n\t\t\t\tdata-src=\"https:\/\/christianstrasse.de\/8nhd0g15eq\/wp-content\/gallery\/wildschweinrucken\/img_3692.jpg\"\n\t\t\t\tdata-thumbnail=\"https:\/\/christianstrasse.de\/8nhd0g15eq\/wp-content\/gallery\/wildschweinrucken\/thumbs\/thumbs_img_3692.jpg\"\n\t\t\t\tdata-image-id=\"300\"\n\t\t\t\tdata-title=\"img_3692\"\n\t\t\t\tdata-description=\"\"\n\t\t\t\tdata-image-slug=\"img_3692\"\n\t\t\t\tclass='use_imagebrowser_effect' data-imagebrowser-url='https:\/\/christianstrasse.de\/8nhd0g15eq\/index.php\/nggallery\/image\/%STUB%?page_id=911'>\n\t\t\t\t<img\n\t\t\t\t\ttitle=\"img_3692\"\n\t\t\t\t\talt=\"img_3692\"\n\t\t\t\t\tsrc=\"https:\/\/christianstrasse.de\/8nhd0g15eq\/wp-content\/gallery\/wildschweinrucken\/thumbs\/thumbs_img_3692.jpg\"\n\t\t\t\t\twidth=\"110\"\n\t\t\t\t\theight=\"82\"\n\t\t\t\t\tstyle=\"max-width:100%;\"\n\t\t\t\t\/>\n\t\t\t<\/a>\n\t\t<\/div>\n\t\t\t\t\t\t\t<\/div> \n\t\t\t\n\t\t\t\t<div id=\"ngg-image-8\" class=\"ngg-gallery-thumbnail-box \n\t\t\t\t\t\t\t\t\t\t\t\" \n\t\t\t>\n\t\t\t\t\t\t<div class=\"ngg-gallery-thumbnail\">\n\t\t\t<a href=\"https:\/\/christianstrasse.de\/8nhd0g15eq\/wp-content\/gallery\/wildschweinrucken\/img_3694.jpg\"\n\t\t\t\ttitle=\"\"\n\t\t\t\tdata-src=\"https:\/\/christianstrasse.de\/8nhd0g15eq\/wp-content\/gallery\/wildschweinrucken\/img_3694.jpg\"\n\t\t\t\tdata-thumbnail=\"https:\/\/christianstrasse.de\/8nhd0g15eq\/wp-content\/gallery\/wildschweinrucken\/thumbs\/thumbs_img_3694.jpg\"\n\t\t\t\tdata-image-id=\"301\"\n\t\t\t\tdata-title=\"img_3694\"\n\t\t\t\tdata-description=\"\"\n\t\t\t\tdata-image-slug=\"img_3694\"\n\t\t\t\tclass='use_imagebrowser_effect' data-imagebrowser-url='https:\/\/christianstrasse.de\/8nhd0g15eq\/index.php\/nggallery\/image\/%STUB%?page_id=911'>\n\t\t\t\t<img\n\t\t\t\t\ttitle=\"img_3694\"\n\t\t\t\t\talt=\"img_3694\"\n\t\t\t\t\tsrc=\"https:\/\/christianstrasse.de\/8nhd0g15eq\/wp-content\/gallery\/wildschweinrucken\/thumbs\/thumbs_img_3694.jpg\"\n\t\t\t\t\twidth=\"110\"\n\t\t\t\t\theight=\"82\"\n\t\t\t\t\tstyle=\"max-width:100%;\"\n\t\t\t\t\/>\n\t\t\t<\/a>\n\t\t<\/div>\n\t\t\t\t\t\t\t<\/div> \n\t\t\t\n\t\t\t\t<div id=\"ngg-image-9\" class=\"ngg-gallery-thumbnail-box \n\t\t\t\t\t\t\t\t\t\t\t\" \n\t\t\t>\n\t\t\t\t\t\t<div class=\"ngg-gallery-thumbnail\">\n\t\t\t<a href=\"https:\/\/christianstrasse.de\/8nhd0g15eq\/wp-content\/gallery\/wildschweinrucken\/img_3698.jpg\"\n\t\t\t\ttitle=\"\"\n\t\t\t\tdata-src=\"https:\/\/christianstrasse.de\/8nhd0g15eq\/wp-content\/gallery\/wildschweinrucken\/img_3698.jpg\"\n\t\t\t\tdata-thumbnail=\"https:\/\/christianstrasse.de\/8nhd0g15eq\/wp-content\/gallery\/wildschweinrucken\/thumbs\/thumbs_img_3698.jpg\"\n\t\t\t\tdata-image-id=\"302\"\n\t\t\t\tdata-title=\"img_3698\"\n\t\t\t\tdata-description=\"\"\n\t\t\t\tdata-image-slug=\"img_3698\"\n\t\t\t\tclass='use_imagebrowser_effect' data-imagebrowser-url='https:\/\/christianstrasse.de\/8nhd0g15eq\/index.php\/nggallery\/image\/%STUB%?page_id=911'>\n\t\t\t\t<img\n\t\t\t\t\ttitle=\"img_3698\"\n\t\t\t\t\talt=\"img_3698\"\n\t\t\t\t\tsrc=\"https:\/\/christianstrasse.de\/8nhd0g15eq\/wp-content\/gallery\/wildschweinrucken\/thumbs\/thumbs_img_3698.jpg\"\n\t\t\t\t\twidth=\"110\"\n\t\t\t\t\theight=\"82\"\n\t\t\t\t\tstyle=\"max-width:100%;\"\n\t\t\t\t\/>\n\t\t\t<\/a>\n\t\t<\/div>\n\t\t\t\t\t\t\t<\/div> \n\t\t\t\n\t\n\t<br style=\"clear: both\" \/>\n\n\t\n\t\t<!-- Pagination -->\n\t\t<div class='ngg-clear'><\/div>\t<\/div>\n\n<div class=\"hrecipe custom\">\n<h2 class=\"fn\">Rezept: Wildschweinr\u00fccken mit <a title=\"Rotkohl (R)\" href=\"http:\/\/christianstrasse.de\/8nhd0g15eq\/?page_id=915\">Rotkohl<\/a> und <a title=\"Kartoffelp\u00fcree \u00fcberbacken (R)\" href=\"http:\/\/christianstrasse.de\/8nhd0g15eq\/?page_id=771\">Kartoffelp\u00fcree<\/a><\/h2>\n<p class=\"summary\"><strong>Kurzbeschreibung<\/strong>: <em>Wild bei NIedertemperatur gegart<\/em><\/p>\n<div class=\"ingredients\">\n<h4 class=\"ingredients\">Zutaten<\/h4>\n<ul class=\"ingredients\">\n<li class=\"ingredient\">1 kg entbeinter Wildschweinr\u00fccken<\/li>\n<\/ul>\n<p>Marinade:<\/p>\n<ul class=\"ingredients\">\n<li class=\"ingredient\">1 Fl. Rotwein<\/li>\n<li class=\"ingredient\">60 ml Essig<\/li>\n<li class=\"ingredient\">1 grosse Schalotte<\/li>\n<li class=\"ingredient\">5 Wacholderbeeren<\/li>\n<li class=\"ingredient\">1\/2 EL schwarze Pfefferk\u00f6rner<\/li>\n<li class=\"ingredient\">2 Gew\u00fcrznelken<\/li>\n<li class=\"ingredient\">2 Lorbeerbl\u00e4tter<\/li>\n<li class=\"ingredient\">2 Zweige Thymian<\/li>\n<\/ul>\n<p>Zum Braten:<\/p>\n<ul class=\"ingredients\">\n<li class=\"ingredient\">Pfeffer<\/li>\n<li class=\"ingredient\">Salz<\/li>\n<li class=\"ingredient\">1 EL Butterschmalz<\/li>\n<li class=\"ingredient\">1 EL Erdnuss\u00f6l<\/li>\n<\/ul>\n<p>F\u00fcr die Sosse:<\/p>\n<ul class=\"ingredients\">\n<li class=\"ingredient\">Par\u00fcren<\/li>\n<li class=\"ingredient\">1 Schalotte<\/li>\n<li class=\"ingredient\">Butterschmalz<\/li>\n<li class=\"ingredient\">250 ml Kalbsfond<\/li>\n<li class=\"ingredient\">Abgeseihte Marinade<\/li>\n<li class=\"ingredient\">Portwein<\/li>\n<\/ul>\n<p>Beilagen:<\/p>\n<ul class=\"ingredients\">\n<li class=\"ingredient\">Apfelrotkohl<\/li>\n<li class=\"ingredient\">Kartoffelp\u00fcree<\/li>\n<li class=\"ingredient\">Preiselbeerkompott<\/li>\n<\/ul>\n<\/div>\n<div class=\"instructions\">\n<h4 class=\"instructions\">Zubereitung<\/h4>\n<ol class=\"instructions\">\n<li>Braten sorgf\u00e4ltig parieren, Par\u00fcren f\u00fcr die Sosse aufbewahren<\/li>\n<li>Schalotte h\u00e4uten und in Scheiben schneiden<\/li>\n<li>Pfeffer und Wacholderbeeren im M\u00f6rser grob zerstossen<\/li>\n<li>Rotwein, Essig, Schalotten und Gew\u00fcrze vermischen<\/li>\n<li>Das Fleisch in eine Sch\u00fcssel legen, vollst\u00e4ndig mit der Marinade bedecken<\/li>\n<li>24 Std. im K\u00fchlschrank beizen, gelegentlich wenden<\/li>\n<li>Backofen auf 75\u00b0C (O-\/U-Hitze) vorheizen, feuerfeste Platte f\u00fcr den Braten warmstellen<\/li>\n<li>Braten aus der Marinade nehmen, 1\/2 Std. auf einem Rost abtropfen lassen und mit einem Tuch gr\u00fcndlich trocken tupfen<\/li>\n<li>Fleisch mit Salz und grobe gem\u00f6rstem Pfeffer einreiben<\/li>\n<li>Butterschmalz und \u00d6l in einem schweren Br\u00e4ter m\u00e4ssig heiss werden lassen und das Fleisch von allen Seiten anbraten.<\/li>\n<li>Den Braten aus dem Br\u00e4ter nehmen, auf die vorgew\u00e4rmte Platte legen und f\u00fcr 5 Std. im Ofen garen<\/li>\n<li>Inzwischen die Sosse vorbereiten: Par\u00fcren klein schneiden, Schalotte fein w\u00fcrfeln, Marinade durch ein Sieb abseihen<\/li>\n<li>Par\u00fcren in den Br\u00e4ter geben und kr\u00e4ftig anbraten<\/li>\n<li>Schalottenw\u00fcrfel zugeben und mitbraten bis sie Farbe annehmen<\/li>\n<li>Den Bratensatz mit etwas Marinade loskochen, mit Kalbsfond auff\u00fcllen und mindestens 30 min k\u00f6cheln lassen<\/li>\n<li>Fond durch ein Sieb zu der Marinade geben, 10 min stehen lassen, entfetten<\/li>\n<li>Diese Sossenbasis (ca. 800 ml) in einer Kasserolle auf etwa 125 ml reduzieren. Mit 1\/2 TL Senf\u00a0 und 75 ml Portwein abschmecken. Alkohol herauskochen<\/li>\n<\/ol>\n<\/div>\n<\/div>\n<p><a title=\"Fleisch\" href=\"http:\/\/christianstrasse.de\/8nhd0g15eq\/?page_id=199\">zur\u00fcck<\/a><\/p>\n","protected":false},"excerpt":{"rendered":"<p>Rezept: Wildschweinr\u00fccken mit Rotkohl und Kartoffelp\u00fcree Kurzbeschreibung: Wild bei NIedertemperatur gegart Zutaten 1 kg entbeinter Wildschweinr\u00fccken Marinade: 1 Fl. Rotwein 60 ml Essig 1 grosse Schalotte 5 Wacholderbeeren 1\/2 EL schwarze Pfefferk\u00f6rner 2 Gew\u00fcrznelken 2 Lorbeerbl\u00e4tter 2 Zweige Thymian Zum Braten: Pfeffer Salz 1 EL Butterschmalz 1 EL Erdnuss\u00f6l F\u00fcr die Sosse: Par\u00fcren 1 Schalotte [&hellip;]<\/p>\n","protected":false},"author":606,"featured_media":0,"parent":199,"menu_order":0,"comment_status":"open","ping_status":"closed","template":"","meta":{"ngg_post_thumbnail":0,"footnotes":""},"class_list":["post-911","page","type-page","status-publish","hentry"],"_links":{"self":[{"href":"https:\/\/christianstrasse.de\/8nhd0g15eq\/index.php?rest_route=\/wp\/v2\/pages\/911","targetHints":{"allow":["GET"]}}],"collection":[{"href":"https:\/\/christianstrasse.de\/8nhd0g15eq\/index.php?rest_route=\/wp\/v2\/pages"}],"about":[{"href":"https:\/\/christianstrasse.de\/8nhd0g15eq\/index.php?rest_route=\/wp\/v2\/types\/page"}],"author":[{"embeddable":true,"href":"https:\/\/christianstrasse.de\/8nhd0g15eq\/index.php?rest_route=\/wp\/v2\/users\/606"}],"replies":[{"embeddable":true,"href":"https:\/\/christianstrasse.de\/8nhd0g15eq\/index.php?rest_route=%2Fwp%2Fv2%2Fcomments&post=911"}],"version-history":[{"count":0,"href":"https:\/\/christianstrasse.de\/8nhd0g15eq\/index.php?rest_route=\/wp\/v2\/pages\/911\/revisions"}],"up":[{"embeddable":true,"href":"https:\/\/christianstrasse.de\/8nhd0g15eq\/index.php?rest_route=\/wp\/v2\/pages\/199"}],"wp:attachment":[{"href":"https:\/\/christianstrasse.de\/8nhd0g15eq\/index.php?rest_route=%2Fwp%2Fv2%2Fmedia&parent=911"}],"curies":[{"name":"wp","href":"https:\/\/api.w.org\/{rel}","templated":true}]}}