{"id":888,"date":"2011-12-11T16:31:29","date_gmt":"2011-12-11T15:31:29","guid":{"rendered":"http:\/\/christianstrasse.de\/8nhd0g15eq\/?page_id=888"},"modified":"2011-12-11T17:43:40","modified_gmt":"2011-12-11T16:43:40","slug":"entenbrust-mit-datteln","status":"publish","type":"page","link":"https:\/\/christianstrasse.de\/8nhd0g15eq\/?page_id=888","title":{"rendered":"Entenbrust mit Datteln (R)"},"content":{"rendered":"<!-- default-view.php -->\n<div\n\tclass=\"ngg-galleryoverview default-view \n\t\t\"\n\tid=\"ngg-gallery-fd81365fe52e708a53cf101761b49153-1\">\n\n\t\t<!-- Thumbnails -->\n\t\t\t\t<div id=\"ngg-image-0\" class=\"ngg-gallery-thumbnail-box \n\t\t\t\t\t\t\t\t\t\t\t\" \n\t\t\t>\n\t\t\t\t\t\t<div class=\"ngg-gallery-thumbnail\">\n\t\t\t<a href=\"https:\/\/christianstrasse.de\/8nhd0g15eq\/wp-content\/gallery\/entenbrust-mit-datteln\/img_3294.jpg\"\n\t\t\t\ttitle=\"\"\n\t\t\t\tdata-src=\"https:\/\/christianstrasse.de\/8nhd0g15eq\/wp-content\/gallery\/entenbrust-mit-datteln\/img_3294.jpg\"\n\t\t\t\tdata-thumbnail=\"https:\/\/christianstrasse.de\/8nhd0g15eq\/wp-content\/gallery\/entenbrust-mit-datteln\/thumbs\/thumbs_img_3294.jpg\"\n\t\t\t\tdata-image-id=\"281\"\n\t\t\t\tdata-title=\"img_3294\"\n\t\t\t\tdata-description=\"\"\n\t\t\t\tdata-image-slug=\"img_3294\"\n\t\t\t\tclass='use_imagebrowser_effect' data-imagebrowser-url='https:\/\/christianstrasse.de\/8nhd0g15eq\/index.php\/nggallery\/image\/%STUB%?page_id=888'>\n\t\t\t\t<img\n\t\t\t\t\ttitle=\"img_3294\"\n\t\t\t\t\talt=\"img_3294\"\n\t\t\t\t\tsrc=\"https:\/\/christianstrasse.de\/8nhd0g15eq\/wp-content\/gallery\/entenbrust-mit-datteln\/thumbs\/thumbs_img_3294.jpg\"\n\t\t\t\t\twidth=\"110\"\n\t\t\t\t\theight=\"82\"\n\t\t\t\t\tstyle=\"max-width:100%;\"\n\t\t\t\t\/>\n\t\t\t<\/a>\n\t\t<\/div>\n\t\t\t\t\t\t\t<\/div> \n\t\t\t\n\t\t\t\t<div id=\"ngg-image-1\" class=\"ngg-gallery-thumbnail-box \n\t\t\t\t\t\t\t\t\t\t\t\" \n\t\t\t>\n\t\t\t\t\t\t<div class=\"ngg-gallery-thumbnail\">\n\t\t\t<a href=\"https:\/\/christianstrasse.de\/8nhd0g15eq\/wp-content\/gallery\/entenbrust-mit-datteln\/img_3295.jpg\"\n\t\t\t\ttitle=\"\"\n\t\t\t\tdata-src=\"https:\/\/christianstrasse.de\/8nhd0g15eq\/wp-content\/gallery\/entenbrust-mit-datteln\/img_3295.jpg\"\n\t\t\t\tdata-thumbnail=\"https:\/\/christianstrasse.de\/8nhd0g15eq\/wp-content\/gallery\/entenbrust-mit-datteln\/thumbs\/thumbs_img_3295.jpg\"\n\t\t\t\tdata-image-id=\"282\"\n\t\t\t\tdata-title=\"img_3295\"\n\t\t\t\tdata-description=\"\"\n\t\t\t\tdata-image-slug=\"img_3295\"\n\t\t\t\tclass='use_imagebrowser_effect' data-imagebrowser-url='https:\/\/christianstrasse.de\/8nhd0g15eq\/index.php\/nggallery\/image\/%STUB%?page_id=888'>\n\t\t\t\t<img\n\t\t\t\t\ttitle=\"img_3295\"\n\t\t\t\t\talt=\"img_3295\"\n\t\t\t\t\tsrc=\"https:\/\/christianstrasse.de\/8nhd0g15eq\/wp-content\/gallery\/entenbrust-mit-datteln\/thumbs\/thumbs_img_3295.jpg\"\n\t\t\t\t\twidth=\"110\"\n\t\t\t\t\theight=\"82\"\n\t\t\t\t\tstyle=\"max-width:100%;\"\n\t\t\t\t\/>\n\t\t\t<\/a>\n\t\t<\/div>\n\t\t\t\t\t\t\t<\/div> \n\t\t\t\n\t\t\t\t<div id=\"ngg-image-2\" class=\"ngg-gallery-thumbnail-box \n\t\t\t\t\t\t\t\t\t\t\t\" \n\t\t\t>\n\t\t\t\t\t\t<div class=\"ngg-gallery-thumbnail\">\n\t\t\t<a href=\"https:\/\/christianstrasse.de\/8nhd0g15eq\/wp-content\/gallery\/entenbrust-mit-datteln\/img_3296.jpg\"\n\t\t\t\ttitle=\"\"\n\t\t\t\tdata-src=\"https:\/\/christianstrasse.de\/8nhd0g15eq\/wp-content\/gallery\/entenbrust-mit-datteln\/img_3296.jpg\"\n\t\t\t\tdata-thumbnail=\"https:\/\/christianstrasse.de\/8nhd0g15eq\/wp-content\/gallery\/entenbrust-mit-datteln\/thumbs\/thumbs_img_3296.jpg\"\n\t\t\t\tdata-image-id=\"283\"\n\t\t\t\tdata-title=\"img_3296\"\n\t\t\t\tdata-description=\"\"\n\t\t\t\tdata-image-slug=\"img_3296\"\n\t\t\t\tclass='use_imagebrowser_effect' data-imagebrowser-url='https:\/\/christianstrasse.de\/8nhd0g15eq\/index.php\/nggallery\/image\/%STUB%?page_id=888'>\n\t\t\t\t<img\n\t\t\t\t\ttitle=\"img_3296\"\n\t\t\t\t\talt=\"img_3296\"\n\t\t\t\t\tsrc=\"https:\/\/christianstrasse.de\/8nhd0g15eq\/wp-content\/gallery\/entenbrust-mit-datteln\/thumbs\/thumbs_img_3296.jpg\"\n\t\t\t\t\twidth=\"110\"\n\t\t\t\t\theight=\"82\"\n\t\t\t\t\tstyle=\"max-width:100%;\"\n\t\t\t\t\/>\n\t\t\t<\/a>\n\t\t<\/div>\n\t\t\t\t\t\t\t<\/div> \n\t\t\t\n\t\t\t\t<div id=\"ngg-image-3\" class=\"ngg-gallery-thumbnail-box \n\t\t\t\t\t\t\t\t\t\t\t\" \n\t\t\t>\n\t\t\t\t\t\t<div class=\"ngg-gallery-thumbnail\">\n\t\t\t<a href=\"https:\/\/christianstrasse.de\/8nhd0g15eq\/wp-content\/gallery\/entenbrust-mit-datteln\/img_3298.jpg\"\n\t\t\t\ttitle=\"\"\n\t\t\t\tdata-src=\"https:\/\/christianstrasse.de\/8nhd0g15eq\/wp-content\/gallery\/entenbrust-mit-datteln\/img_3298.jpg\"\n\t\t\t\tdata-thumbnail=\"https:\/\/christianstrasse.de\/8nhd0g15eq\/wp-content\/gallery\/entenbrust-mit-datteln\/thumbs\/thumbs_img_3298.jpg\"\n\t\t\t\tdata-image-id=\"284\"\n\t\t\t\tdata-title=\"img_3298\"\n\t\t\t\tdata-description=\"\"\n\t\t\t\tdata-image-slug=\"img_3298\"\n\t\t\t\tclass='use_imagebrowser_effect' data-imagebrowser-url='https:\/\/christianstrasse.de\/8nhd0g15eq\/index.php\/nggallery\/image\/%STUB%?page_id=888'>\n\t\t\t\t<img\n\t\t\t\t\ttitle=\"img_3298\"\n\t\t\t\t\talt=\"img_3298\"\n\t\t\t\t\tsrc=\"https:\/\/christianstrasse.de\/8nhd0g15eq\/wp-content\/gallery\/entenbrust-mit-datteln\/thumbs\/thumbs_img_3298.jpg\"\n\t\t\t\t\twidth=\"110\"\n\t\t\t\t\theight=\"82\"\n\t\t\t\t\tstyle=\"max-width:100%;\"\n\t\t\t\t\/>\n\t\t\t<\/a>\n\t\t<\/div>\n\t\t\t\t\t\t\t<\/div> \n\t\t\t\n\t\t\t\t<div id=\"ngg-image-4\" class=\"ngg-gallery-thumbnail-box \n\t\t\t\t\t\t\t\t\t\t\t\" \n\t\t\t>\n\t\t\t\t\t\t<div class=\"ngg-gallery-thumbnail\">\n\t\t\t<a href=\"https:\/\/christianstrasse.de\/8nhd0g15eq\/wp-content\/gallery\/entenbrust-mit-datteln\/img_33011.jpg\"\n\t\t\t\ttitle=\"\"\n\t\t\t\tdata-src=\"https:\/\/christianstrasse.de\/8nhd0g15eq\/wp-content\/gallery\/entenbrust-mit-datteln\/img_33011.jpg\"\n\t\t\t\tdata-thumbnail=\"https:\/\/christianstrasse.de\/8nhd0g15eq\/wp-content\/gallery\/entenbrust-mit-datteln\/thumbs\/thumbs_img_33011.jpg\"\n\t\t\t\tdata-image-id=\"285\"\n\t\t\t\tdata-title=\"img_33011\"\n\t\t\t\tdata-description=\"\"\n\t\t\t\tdata-image-slug=\"img_33011\"\n\t\t\t\tclass='use_imagebrowser_effect' data-imagebrowser-url='https:\/\/christianstrasse.de\/8nhd0g15eq\/index.php\/nggallery\/image\/%STUB%?page_id=888'>\n\t\t\t\t<img\n\t\t\t\t\ttitle=\"img_33011\"\n\t\t\t\t\talt=\"img_33011\"\n\t\t\t\t\tsrc=\"https:\/\/christianstrasse.de\/8nhd0g15eq\/wp-content\/gallery\/entenbrust-mit-datteln\/thumbs\/thumbs_img_33011.jpg\"\n\t\t\t\t\twidth=\"110\"\n\t\t\t\t\theight=\"82\"\n\t\t\t\t\tstyle=\"max-width:100%;\"\n\t\t\t\t\/>\n\t\t\t<\/a>\n\t\t<\/div>\n\t\t\t\t\t\t\t<\/div> \n\t\t\t\n\t\n\t<br style=\"clear: both\" \/>\n\n\t\n\t\t<!-- Pagination -->\n\t\t<div class='ngg-clear'><\/div>\t<\/div>\n\n<div class=\"hrecipe custom\">\n<h2 class=\"fn\">Rezept: Entenbrust mit Datteln<\/h2>\n<p class=\"summary\"><strong>Kurzbeschreibung<\/strong>: <em>Das Richtige f\u00fcr den Advent<\/em><\/p>\n<div class=\"ingredients\">\n<h4 class=\"ingredients\">Zutaten<\/h4>\n<ul class=\"ingredients\">\n<li class=\"ingredient\">1 Entenbrust<\/li>\n<li class=\"ingredient\">1 Stange Porree<\/li>\n<li class=\"ingredient\">2-3 Schalotten<\/li>\n<li class=\"ingredient\">4 Fr\u00fchlingszwiebeln<\/li>\n<li class=\"ingredient\">5-10 Knoblauchzehen<\/li>\n<li class=\"ingredient\">1 walnussgrosses St\u00fcck Ingwer<\/li>\n<li class=\"ingredient\">2-5 kleine scharfe Chilis nach Geschmack<\/li>\n<li class=\"ingredient\">5-8 Datteln (frisch oder getrocknet)<\/li>\n<li class=\"ingredient\">3 EL schwarze Oliven<\/li>\n<li class=\"ingredient\">250 ml Gefl\u00fcgelfond<\/li>\n<li class=\"ingredient\">125 ml Portwein<\/li>\n<li class=\"ingredient\">Oliven\u00f6l<\/li>\n<li class=\"ingredient\">Dunkler Balsamico<\/li>\n<li class=\"ingredient\">Pfeffer, Salz<\/li>\n<li class=\"ingredient\">Beilage: Curryreis<\/li>\n<\/ul>\n<\/div>\n<div class=\"instructions\">\n<h4 class=\"instructions\">Zubereitung<\/h4>\n<ol class=\"instructions\">\n<li>Datteln entkernen und falls es sich um getrocknete handelt, 1-2 Std. im Portwein einweichen<\/li>\n<li>Die Gem\u00fcse putzen, Ingwer und Knoblauch sch\u00e4len<\/li>\n<li>Das Hellgr\u00fcne und das Weisse vom Porree in 1,5 cm dicke Scheiben schneiden<\/li>\n<li>Fr\u00fchlingszwiebeln in 3 cm St\u00fccke schneiden<\/li>\n<li>Schalotten l\u00e4ngs halbieren<\/li>\n<li>Chilis in d\u00fcnne Ringe schneiden, Septen und Kerne f\u00fcr den Erhalt der Sch\u00e4rfe nicht entfernen<\/li>\n<li>Ingwer in Wurfel von 2-3 mm Kantenl\u00e4nge schneiden<\/li>\n<li>Entenbrust enth\u00e4uten und mit Meersalz einreiben<\/li>\n<li>2 EL Oliven\u00f6l in einer grossen Pfanne mittelstark erhitzen und die Entenbrust darin vorsichtig anbraten<\/li>\n<li>Datteln, Gem\u00fcse, Ingwer, Oliven und Portwein dazugeben<\/li>\n<li>Mit Salz und Balsamico abschmecken und bei gr\u00f6sserer Hitze solange einkochen, bis das Gem\u00fcse anzusetzen beginnt<\/li>\n<li>Mit dem Gefl\u00fcgelfond abl\u00f6schen und 1 Std. zugedeckt bei geringster Hitze schmoren lassen<\/li>\n<li>Inzwischen die Haut in Streifen von 1&#215;3 cm schneiden, separat auslassen und im eigenen Fett knusprig fritieren, auf K\u00fcchenkrepp abtropfen lassen und zur Ente servieren.<\/li>\n<\/ol>\n<\/div>\n<p>Zubereitungszeit: <span class=\"preptime\">2:30 Std.<\/span><\/p>\n<p>Garzeit: <span class=\"cooktime\">1:20 Std<\/span><\/p>\n<p class=\"yield\"><span class=\"hrlabel\">Portionen: <\/span><span class=\"hritem\">2<\/span><\/p>\n<p class=\"yield\">Quelle: [<a title=\"Kochb\u00fccher\" href=\"http:\/\/christianstrasse.de\/8nhd0g15eq\/?page_id=180\">01<\/a>], S. 219 modifiziert<\/p>\n<\/div>\n<p>&nbsp;<\/p>\n<p><a title=\"Gefl\u00fcgel\" href=\"http:\/\/christianstrasse.de\/8nhd0g15eq\/?page_id=440\">zur\u00fcck<\/a><\/p>\n","protected":false},"excerpt":{"rendered":"<p>Rezept: Entenbrust mit Datteln Kurzbeschreibung: Das Richtige f\u00fcr den Advent Zutaten 1 Entenbrust 1 Stange Porree 2-3 Schalotten 4 Fr\u00fchlingszwiebeln 5-10 Knoblauchzehen 1 walnussgrosses St\u00fcck Ingwer 2-5 kleine scharfe Chilis nach Geschmack 5-8 Datteln (frisch oder getrocknet) 3 EL schwarze Oliven 250 ml Gefl\u00fcgelfond 125 ml Portwein Oliven\u00f6l Dunkler Balsamico Pfeffer, Salz Beilage: Curryreis Zubereitung [&hellip;]<\/p>\n","protected":false},"author":606,"featured_media":0,"parent":440,"menu_order":0,"comment_status":"open","ping_status":"closed","template":"","meta":{"ngg_post_thumbnail":0,"footnotes":""},"class_list":["post-888","page","type-page","status-publish","hentry"],"_links":{"self":[{"href":"https:\/\/christianstrasse.de\/8nhd0g15eq\/index.php?rest_route=\/wp\/v2\/pages\/888","targetHints":{"allow":["GET"]}}],"collection":[{"href":"https:\/\/christianstrasse.de\/8nhd0g15eq\/index.php?rest_route=\/wp\/v2\/pages"}],"about":[{"href":"https:\/\/christianstrasse.de\/8nhd0g15eq\/index.php?rest_route=\/wp\/v2\/types\/page"}],"author":[{"embeddable":true,"href":"https:\/\/christianstrasse.de\/8nhd0g15eq\/index.php?rest_route=\/wp\/v2\/users\/606"}],"replies":[{"embeddable":true,"href":"https:\/\/christianstrasse.de\/8nhd0g15eq\/index.php?rest_route=%2Fwp%2Fv2%2Fcomments&post=888"}],"version-history":[{"count":0,"href":"https:\/\/christianstrasse.de\/8nhd0g15eq\/index.php?rest_route=\/wp\/v2\/pages\/888\/revisions"}],"up":[{"embeddable":true,"href":"https:\/\/christianstrasse.de\/8nhd0g15eq\/index.php?rest_route=\/wp\/v2\/pages\/440"}],"wp:attachment":[{"href":"https:\/\/christianstrasse.de\/8nhd0g15eq\/index.php?rest_route=%2Fwp%2Fv2%2Fmedia&parent=888"}],"curies":[{"name":"wp","href":"https:\/\/api.w.org\/{rel}","templated":true}]}}