{"id":76,"date":"2011-09-07T13:36:59","date_gmt":"2011-09-07T11:36:59","guid":{"rendered":"http:\/\/christianstrasse.de\/8nhd0g15eq\/?page_id=76"},"modified":"2011-10-25T13:55:48","modified_gmt":"2011-10-25T11:55:48","slug":"tomaten-zucchini-gratin","status":"publish","type":"page","link":"https:\/\/christianstrasse.de\/8nhd0g15eq\/?page_id=76","title":{"rendered":"Tomaten-Zucchini Gratin (R)"},"content":{"rendered":"<!-- default-view.php -->\n<div\n\tclass=\"ngg-galleryoverview default-view \n\t\t\"\n\tid=\"ngg-gallery-d2647c3470b3743931dc976317c05373-1\">\n\n\t\t<!-- Thumbnails -->\n\t\t\t\t<div id=\"ngg-image-0\" class=\"ngg-gallery-thumbnail-box \n\t\t\t\t\t\t\t\t\t\t\t\" \n\t\t\t>\n\t\t\t\t\t\t<div class=\"ngg-gallery-thumbnail\">\n\t\t\t<a href=\"https:\/\/christianstrasse.de\/8nhd0g15eq\/wp-content\/gallery\/tomaten-zucchini-gratin\/l_img_20070410_174300.jpg\"\n\t\t\t\ttitle=\"\"\n\t\t\t\tdata-src=\"https:\/\/christianstrasse.de\/8nhd0g15eq\/wp-content\/gallery\/tomaten-zucchini-gratin\/l_img_20070410_174300.jpg\"\n\t\t\t\tdata-thumbnail=\"https:\/\/christianstrasse.de\/8nhd0g15eq\/wp-content\/gallery\/tomaten-zucchini-gratin\/thumbs\/thumbs_l_img_20070410_174300.jpg\"\n\t\t\t\tdata-image-id=\"19\"\n\t\t\t\tdata-title=\"Tomaten- und Zucchinischeiben einschichten, mit Thymian w\u00fcrzen\"\n\t\t\t\tdata-description=\"\"\n\t\t\t\tdata-image-slug=\"tomaten-und-zucchinischeiben-einschichten-mit-thymian-wurzen\"\n\t\t\t\tclass='use_imagebrowser_effect' data-imagebrowser-url='https:\/\/christianstrasse.de\/8nhd0g15eq\/index.php\/nggallery\/image\/%STUB%?page_id=76'>\n\t\t\t\t<img\n\t\t\t\t\ttitle=\"Tomaten- und Zucchinischeiben einschichten, mit Thymian w\u00fcrzen\"\n\t\t\t\t\talt=\"Tomaten- und Zucchinischeiben einschichten, mit Thymian w\u00fcrzen\"\n\t\t\t\t\tsrc=\"https:\/\/christianstrasse.de\/8nhd0g15eq\/wp-content\/gallery\/tomaten-zucchini-gratin\/thumbs\/thumbs_l_img_20070410_174300.jpg\"\n\t\t\t\t\twidth=\"110\"\n\t\t\t\t\theight=\"82\"\n\t\t\t\t\tstyle=\"max-width:100%;\"\n\t\t\t\t\/>\n\t\t\t<\/a>\n\t\t<\/div>\n\t\t\t\t\t\t\t<\/div> \n\t\t\t\n\t\t\t\t<div id=\"ngg-image-1\" class=\"ngg-gallery-thumbnail-box \n\t\t\t\t\t\t\t\t\t\t\t\" \n\t\t\t>\n\t\t\t\t\t\t<div class=\"ngg-gallery-thumbnail\">\n\t\t\t<a href=\"https:\/\/christianstrasse.de\/8nhd0g15eq\/wp-content\/gallery\/tomaten-zucchini-gratin\/l_img_20070410_175600.jpg\"\n\t\t\t\ttitle=\"\"\n\t\t\t\tdata-src=\"https:\/\/christianstrasse.de\/8nhd0g15eq\/wp-content\/gallery\/tomaten-zucchini-gratin\/l_img_20070410_175600.jpg\"\n\t\t\t\tdata-thumbnail=\"https:\/\/christianstrasse.de\/8nhd0g15eq\/wp-content\/gallery\/tomaten-zucchini-gratin\/thumbs\/thumbs_l_img_20070410_175600.jpg\"\n\t\t\t\tdata-image-id=\"20\"\n\t\t\t\tdata-title=\"Mischung aus Schaf- und H\u00fcttenk\u00e4se dar\u00fcber, mit Oliven\u00f6l betr\u00e4ufeln\"\n\t\t\t\tdata-description=\"\"\n\t\t\t\tdata-image-slug=\"mischung-aus-schaf-und-huttenkase-daruber-mit-olivenol-betraufeln\"\n\t\t\t\tclass='use_imagebrowser_effect' data-imagebrowser-url='https:\/\/christianstrasse.de\/8nhd0g15eq\/index.php\/nggallery\/image\/%STUB%?page_id=76'>\n\t\t\t\t<img\n\t\t\t\t\ttitle=\"Mischung aus Schaf- und H\u00fcttenk\u00e4se dar\u00fcber, mit Oliven\u00f6l betr\u00e4ufeln\"\n\t\t\t\t\talt=\"Mischung aus Schaf- und H\u00fcttenk\u00e4se dar\u00fcber, mit Oliven\u00f6l betr\u00e4ufeln\"\n\t\t\t\t\tsrc=\"https:\/\/christianstrasse.de\/8nhd0g15eq\/wp-content\/gallery\/tomaten-zucchini-gratin\/thumbs\/thumbs_l_img_20070410_175600.jpg\"\n\t\t\t\t\twidth=\"110\"\n\t\t\t\t\theight=\"82\"\n\t\t\t\t\tstyle=\"max-width:100%;\"\n\t\t\t\t\/>\n\t\t\t<\/a>\n\t\t<\/div>\n\t\t\t\t\t\t\t<\/div> \n\t\t\t\n\t\t\t\t<div id=\"ngg-image-2\" class=\"ngg-gallery-thumbnail-box \n\t\t\t\t\t\t\t\t\t\t\t\" \n\t\t\t>\n\t\t\t\t\t\t<div class=\"ngg-gallery-thumbnail\">\n\t\t\t<a href=\"https:\/\/christianstrasse.de\/8nhd0g15eq\/wp-content\/gallery\/tomaten-zucchini-gratin\/L_IMG_20080708_184500_1024.jpg\"\n\t\t\t\ttitle=\"\"\n\t\t\t\tdata-src=\"https:\/\/christianstrasse.de\/8nhd0g15eq\/wp-content\/gallery\/tomaten-zucchini-gratin\/L_IMG_20080708_184500_1024.jpg\"\n\t\t\t\tdata-thumbnail=\"https:\/\/christianstrasse.de\/8nhd0g15eq\/wp-content\/gallery\/tomaten-zucchini-gratin\/thumbs\/thumbs_L_IMG_20080708_184500_1024.jpg\"\n\t\t\t\tdata-image-id=\"144\"\n\t\t\t\tdata-title=\"nach 45 min bei 180\u00b0C mit Baguette geniessen.\"\n\t\t\t\tdata-description=\"\"\n\t\t\t\tdata-image-slug=\"nach-45-min-bei-180%c2%b0c-mit-baguette-geniessen\"\n\t\t\t\tclass='use_imagebrowser_effect' data-imagebrowser-url='https:\/\/christianstrasse.de\/8nhd0g15eq\/index.php\/nggallery\/image\/%STUB%?page_id=76'>\n\t\t\t\t<img\n\t\t\t\t\ttitle=\"nach 45 min bei 180\u00b0C mit Baguette geniessen.\"\n\t\t\t\t\talt=\"nach 45 min bei 180\u00b0C mit Baguette geniessen.\"\n\t\t\t\t\tsrc=\"https:\/\/christianstrasse.de\/8nhd0g15eq\/wp-content\/gallery\/tomaten-zucchini-gratin\/thumbs\/thumbs_L_IMG_20080708_184500_1024.jpg\"\n\t\t\t\t\twidth=\"110\"\n\t\t\t\t\theight=\"82\"\n\t\t\t\t\tstyle=\"max-width:100%;\"\n\t\t\t\t\/>\n\t\t\t<\/a>\n\t\t<\/div>\n\t\t\t\t\t\t\t<\/div> \n\t\t\t\n\t\n\t<br style=\"clear: both\" \/>\n\n\t\n\t\t<!-- Pagination -->\n\t\t<div class='ngg-clear'><\/div>\t<\/div>\n\n<div class=\"hrecipe custom\">\n<h2 class=\"fn\">Rezept: Tomaten-Zucchini-Gratin<\/h2>\n<p class=\"summary\"><strong>Kurzbeschreibung<\/strong>: <em>Ein leichtes Sommergeicht<\/em><\/p>\n<div class=\"ingredients\">\n<h4 class=\"ingredients\">Zutaten<\/h4>\n<ul class=\"ingredients\">\n<li class=\"ingredient\">6 &#8211; 8 Tomaten<\/li>\n<li class=\"ingredient\">2 mittelgrosse Zucchini<\/li>\n<li class=\"ingredient\">150 g Schafk\u00e4se<\/li>\n<li class=\"ingredient\">150 g H\u00fcttenk\u00e4se<\/li>\n<li class=\"ingredient\">Oliven\u00f6l<\/li>\n<li class=\"ingredient\">Thymian<\/li>\n<li class=\"ingredient\">Pfeffer<\/li>\n<li class=\"ingredient\">Salz<\/li>\n<\/ul>\n<\/div>\n<div class=\"instructions\">\n<h4 class=\"instructions\">Zubereitung<\/h4>\n<ol class=\"instructions\">\n<li>Die Tomaten \u00fcberbr\u00fchen, abziehen und in 1 cm dicke Scheiben schneiden, den Stielansatz entfernen.<\/li>\n<li>Zucchini waschen und in etwas d\u00fcnnere Scheiben schneiden, leicht salzen und mit Thymian w\u00fcrzen<\/li>\n<li>Backofen auf 180\u00b0C vorheizen.<\/li>\n<li>Eine Gratinform mit etwas Oliven\u00f6l auspinseln<\/li>\n<li>Abwechselnd Tomaten- und Zucchinischeiben in die leicht schr\u00e4g gestellte Form einschichten, so dass die Scheiben fast senkrecht stehen<\/li>\n<li>Das Ganze kr\u00e4ftig salzen und pfeffern<\/li>\n<li>Den Schafk\u00e4se und den H\u00fcttenk\u00e4se mit einer Gabel vermengen und gleichm\u00e4ssig \u00fcber das Gem\u00fcse verteilen<\/li>\n<li>Mit einem kr\u00e4ftigen Schuss Oliven\u00f6l begiessen.<\/li>\n<li>45 min im oberen Teil des Ofens backen<\/li>\n<li>dazu Ciabatta<\/li>\n<\/ol>\n<\/div>\n<p>Zubereitungszeit: <span class=\"preptime\">30 Min<\/span><\/p>\n<p>Garzeit: <span class=\"cooktime\">45 Min<br \/>\n<\/span><\/p>\n<p class=\"yield\"><span class=\"hrlabel\">Anzahl Portionen: <\/span><span class=\"hritem\">3<\/span><\/p>\n<\/div>\n<p>Quelle: [<a title=\"Kochb\u00fccher\" href=\"http:\/\/christianstrasse.de\/8nhd0g15eq\/?page_id=180\">01<\/a>], S. 384<\/p>\n<p><a title=\"Fleischlos\" href=\"http:\/\/christianstrasse.de\/8nhd0g15eq\/?page_id=203\">zur\u00fcck<\/a><\/p>\n","protected":false},"excerpt":{"rendered":"<p>Rezept: Tomaten-Zucchini-Gratin Kurzbeschreibung: Ein leichtes Sommergeicht Zutaten 6 &#8211; 8 Tomaten 2 mittelgrosse Zucchini 150 g Schafk\u00e4se 150 g H\u00fcttenk\u00e4se Oliven\u00f6l Thymian Pfeffer Salz Zubereitung Die Tomaten \u00fcberbr\u00fchen, abziehen und in 1 cm dicke Scheiben schneiden, den Stielansatz entfernen. Zucchini waschen und in etwas d\u00fcnnere Scheiben schneiden, leicht salzen und mit Thymian w\u00fcrzen Backofen auf [&hellip;]<\/p>\n","protected":false},"author":606,"featured_media":0,"parent":203,"menu_order":0,"comment_status":"open","ping_status":"open","template":"","meta":{"ngg_post_thumbnail":0,"footnotes":""},"class_list":["post-76","page","type-page","status-publish","hentry"],"_links":{"self":[{"href":"https:\/\/christianstrasse.de\/8nhd0g15eq\/index.php?rest_route=\/wp\/v2\/pages\/76","targetHints":{"allow":["GET"]}}],"collection":[{"href":"https:\/\/christianstrasse.de\/8nhd0g15eq\/index.php?rest_route=\/wp\/v2\/pages"}],"about":[{"href":"https:\/\/christianstrasse.de\/8nhd0g15eq\/index.php?rest_route=\/wp\/v2\/types\/page"}],"author":[{"embeddable":true,"href":"https:\/\/christianstrasse.de\/8nhd0g15eq\/index.php?rest_route=\/wp\/v2\/users\/606"}],"replies":[{"embeddable":true,"href":"https:\/\/christianstrasse.de\/8nhd0g15eq\/index.php?rest_route=%2Fwp%2Fv2%2Fcomments&post=76"}],"version-history":[{"count":0,"href":"https:\/\/christianstrasse.de\/8nhd0g15eq\/index.php?rest_route=\/wp\/v2\/pages\/76\/revisions"}],"up":[{"embeddable":true,"href":"https:\/\/christianstrasse.de\/8nhd0g15eq\/index.php?rest_route=\/wp\/v2\/pages\/203"}],"wp:attachment":[{"href":"https:\/\/christianstrasse.de\/8nhd0g15eq\/index.php?rest_route=%2Fwp%2Fv2%2Fmedia&parent=76"}],"curies":[{"name":"wp","href":"https:\/\/api.w.org\/{rel}","templated":true}]}}