{"id":753,"date":"2011-11-01T12:32:42","date_gmt":"2011-11-01T10:32:42","guid":{"rendered":"http:\/\/christianstrasse.de\/8nhd0g15eq\/?page_id=753"},"modified":"2012-10-14T15:39:59","modified_gmt":"2012-10-14T14:39:59","slug":"gratin-adrienne","status":"publish","type":"page","link":"https:\/\/christianstrasse.de\/8nhd0g15eq\/?page_id=753","title":{"rendered":"Gratin Adrienne (R)"},"content":{"rendered":"<p>Ich lege diese Gratin unter Beilagen ab, auch wenn es ohne Zweifel gleichwohl als Hauptgericht serviert werden kann.<\/p>\n<p>Ich kann es mir jedenfalls gut zu beispielsweise einem Kotelett vorstellen.<\/p>\n<p>Das Rezept stammt von Wolfram Siebeck, der alledings die Sahnemischung noch mit 2 untergemischten Eigelb zum Stocken bringt, worauf ich wegen meiner Cholesterinwerte lieber verzichte, um nicht meinen Herzschlag vorzeitig zum Stocken zu bringen.<\/p>\n<p>&nbsp;<\/p>\n<p style=\"text-align: left;\"><!-- default-view.php -->\n<div\n\tclass=\"ngg-galleryoverview default-view \n\t\t\"\n\tid=\"ngg-gallery-c2219242671ff3487237da6147f9c45c-1\">\n\n\t\t<!-- Thumbnails -->\n\t\t\t\t<div id=\"ngg-image-0\" class=\"ngg-gallery-thumbnail-box \n\t\t\t\t\t\t\t\t\t\t\t\" \n\t\t\t>\n\t\t\t\t\t\t<div class=\"ngg-gallery-thumbnail\">\n\t\t\t<a href=\"https:\/\/christianstrasse.de\/8nhd0g15eq\/wp-content\/gallery\/gratin-adrienne\/img_3252.jpg\"\n\t\t\t\ttitle=\"\"\n\t\t\t\tdata-src=\"https:\/\/christianstrasse.de\/8nhd0g15eq\/wp-content\/gallery\/gratin-adrienne\/img_3252.jpg\"\n\t\t\t\tdata-thumbnail=\"https:\/\/christianstrasse.de\/8nhd0g15eq\/wp-content\/gallery\/gratin-adrienne\/thumbs\/thumbs_img_3252.jpg\"\n\t\t\t\tdata-image-id=\"225\"\n\t\t\t\tdata-title=\"img_3252\"\n\t\t\t\tdata-description=\"\"\n\t\t\t\tdata-image-slug=\"img_3252\"\n\t\t\t\tclass='use_imagebrowser_effect' data-imagebrowser-url='https:\/\/christianstrasse.de\/8nhd0g15eq\/index.php\/nggallery\/image\/%STUB%?page_id=753'>\n\t\t\t\t<img\n\t\t\t\t\ttitle=\"img_3252\"\n\t\t\t\t\talt=\"img_3252\"\n\t\t\t\t\tsrc=\"https:\/\/christianstrasse.de\/8nhd0g15eq\/wp-content\/gallery\/gratin-adrienne\/thumbs\/thumbs_img_3252.jpg\"\n\t\t\t\t\twidth=\"110\"\n\t\t\t\t\theight=\"82\"\n\t\t\t\t\tstyle=\"max-width:100%;\"\n\t\t\t\t\/>\n\t\t\t<\/a>\n\t\t<\/div>\n\t\t\t\t\t\t\t<\/div> \n\t\t\t\n\t\t\t\t<div id=\"ngg-image-1\" class=\"ngg-gallery-thumbnail-box \n\t\t\t\t\t\t\t\t\t\t\t\" \n\t\t\t>\n\t\t\t\t\t\t<div class=\"ngg-gallery-thumbnail\">\n\t\t\t<a href=\"https:\/\/christianstrasse.de\/8nhd0g15eq\/wp-content\/gallery\/gratin-adrienne\/img_3260.jpg\"\n\t\t\t\ttitle=\"\"\n\t\t\t\tdata-src=\"https:\/\/christianstrasse.de\/8nhd0g15eq\/wp-content\/gallery\/gratin-adrienne\/img_3260.jpg\"\n\t\t\t\tdata-thumbnail=\"https:\/\/christianstrasse.de\/8nhd0g15eq\/wp-content\/gallery\/gratin-adrienne\/thumbs\/thumbs_img_3260.jpg\"\n\t\t\t\tdata-image-id=\"228\"\n\t\t\t\tdata-title=\"img_3260\"\n\t\t\t\tdata-description=\"\"\n\t\t\t\tdata-image-slug=\"img_3260\"\n\t\t\t\tclass='use_imagebrowser_effect' data-imagebrowser-url='https:\/\/christianstrasse.de\/8nhd0g15eq\/index.php\/nggallery\/image\/%STUB%?page_id=753'>\n\t\t\t\t<img\n\t\t\t\t\ttitle=\"img_3260\"\n\t\t\t\t\talt=\"img_3260\"\n\t\t\t\t\tsrc=\"https:\/\/christianstrasse.de\/8nhd0g15eq\/wp-content\/gallery\/gratin-adrienne\/thumbs\/thumbs_img_3260.jpg\"\n\t\t\t\t\twidth=\"110\"\n\t\t\t\t\theight=\"82\"\n\t\t\t\t\tstyle=\"max-width:100%;\"\n\t\t\t\t\/>\n\t\t\t<\/a>\n\t\t<\/div>\n\t\t\t\t\t\t\t<\/div> \n\t\t\t\n\t\t\t\t<div id=\"ngg-image-2\" class=\"ngg-gallery-thumbnail-box \n\t\t\t\t\t\t\t\t\t\t\t\" \n\t\t\t>\n\t\t\t\t\t\t<div class=\"ngg-gallery-thumbnail\">\n\t\t\t<a href=\"https:\/\/christianstrasse.de\/8nhd0g15eq\/wp-content\/gallery\/gratin-adrienne\/img_3259.jpg\"\n\t\t\t\ttitle=\"\"\n\t\t\t\tdata-src=\"https:\/\/christianstrasse.de\/8nhd0g15eq\/wp-content\/gallery\/gratin-adrienne\/img_3259.jpg\"\n\t\t\t\tdata-thumbnail=\"https:\/\/christianstrasse.de\/8nhd0g15eq\/wp-content\/gallery\/gratin-adrienne\/thumbs\/thumbs_img_3259.jpg\"\n\t\t\t\tdata-image-id=\"227\"\n\t\t\t\tdata-title=\"img_3259\"\n\t\t\t\tdata-description=\"\"\n\t\t\t\tdata-image-slug=\"img_3259\"\n\t\t\t\tclass='use_imagebrowser_effect' data-imagebrowser-url='https:\/\/christianstrasse.de\/8nhd0g15eq\/index.php\/nggallery\/image\/%STUB%?page_id=753'>\n\t\t\t\t<img\n\t\t\t\t\ttitle=\"img_3259\"\n\t\t\t\t\talt=\"img_3259\"\n\t\t\t\t\tsrc=\"https:\/\/christianstrasse.de\/8nhd0g15eq\/wp-content\/gallery\/gratin-adrienne\/thumbs\/thumbs_img_3259.jpg\"\n\t\t\t\t\twidth=\"110\"\n\t\t\t\t\theight=\"82\"\n\t\t\t\t\tstyle=\"max-width:100%;\"\n\t\t\t\t\/>\n\t\t\t<\/a>\n\t\t<\/div>\n\t\t\t\t\t\t\t<\/div> \n\t\t\t\n\t\t\t\t<div id=\"ngg-image-3\" class=\"ngg-gallery-thumbnail-box \n\t\t\t\t\t\t\t\t\t\t\t\" \n\t\t\t>\n\t\t\t\t\t\t<div class=\"ngg-gallery-thumbnail\">\n\t\t\t<a href=\"https:\/\/christianstrasse.de\/8nhd0g15eq\/wp-content\/gallery\/gratin-adrienne\/img_3263.jpg\"\n\t\t\t\ttitle=\"\"\n\t\t\t\tdata-src=\"https:\/\/christianstrasse.de\/8nhd0g15eq\/wp-content\/gallery\/gratin-adrienne\/img_3263.jpg\"\n\t\t\t\tdata-thumbnail=\"https:\/\/christianstrasse.de\/8nhd0g15eq\/wp-content\/gallery\/gratin-adrienne\/thumbs\/thumbs_img_3263.jpg\"\n\t\t\t\tdata-image-id=\"231\"\n\t\t\t\tdata-title=\"img_3263\"\n\t\t\t\tdata-description=\"\"\n\t\t\t\tdata-image-slug=\"img_3263\"\n\t\t\t\tclass='use_imagebrowser_effect' data-imagebrowser-url='https:\/\/christianstrasse.de\/8nhd0g15eq\/index.php\/nggallery\/image\/%STUB%?page_id=753'>\n\t\t\t\t<img\n\t\t\t\t\ttitle=\"img_3263\"\n\t\t\t\t\talt=\"img_3263\"\n\t\t\t\t\tsrc=\"https:\/\/christianstrasse.de\/8nhd0g15eq\/wp-content\/gallery\/gratin-adrienne\/thumbs\/thumbs_img_3263.jpg\"\n\t\t\t\t\twidth=\"110\"\n\t\t\t\t\theight=\"82\"\n\t\t\t\t\tstyle=\"max-width:100%;\"\n\t\t\t\t\/>\n\t\t\t<\/a>\n\t\t<\/div>\n\t\t\t\t\t\t\t<\/div> \n\t\t\t\n\t\t\t\t<div id=\"ngg-image-4\" class=\"ngg-gallery-thumbnail-box \n\t\t\t\t\t\t\t\t\t\t\t\" \n\t\t\t>\n\t\t\t\t\t\t<div class=\"ngg-gallery-thumbnail\">\n\t\t\t<a href=\"https:\/\/christianstrasse.de\/8nhd0g15eq\/wp-content\/gallery\/gratin-adrienne\/img_3258.jpg\"\n\t\t\t\ttitle=\"\"\n\t\t\t\tdata-src=\"https:\/\/christianstrasse.de\/8nhd0g15eq\/wp-content\/gallery\/gratin-adrienne\/img_3258.jpg\"\n\t\t\t\tdata-thumbnail=\"https:\/\/christianstrasse.de\/8nhd0g15eq\/wp-content\/gallery\/gratin-adrienne\/thumbs\/thumbs_img_3258.jpg\"\n\t\t\t\tdata-image-id=\"226\"\n\t\t\t\tdata-title=\"img_3258\"\n\t\t\t\tdata-description=\"\"\n\t\t\t\tdata-image-slug=\"img_3258\"\n\t\t\t\tclass='use_imagebrowser_effect' data-imagebrowser-url='https:\/\/christianstrasse.de\/8nhd0g15eq\/index.php\/nggallery\/image\/%STUB%?page_id=753'>\n\t\t\t\t<img\n\t\t\t\t\ttitle=\"img_3258\"\n\t\t\t\t\talt=\"img_3258\"\n\t\t\t\t\tsrc=\"https:\/\/christianstrasse.de\/8nhd0g15eq\/wp-content\/gallery\/gratin-adrienne\/thumbs\/thumbs_img_3258.jpg\"\n\t\t\t\t\twidth=\"110\"\n\t\t\t\t\theight=\"82\"\n\t\t\t\t\tstyle=\"max-width:100%;\"\n\t\t\t\t\/>\n\t\t\t<\/a>\n\t\t<\/div>\n\t\t\t\t\t\t\t<\/div> \n\t\t\t\n\t\t\t\t<div id=\"ngg-image-5\" class=\"ngg-gallery-thumbnail-box \n\t\t\t\t\t\t\t\t\t\t\t\" \n\t\t\t>\n\t\t\t\t\t\t<div class=\"ngg-gallery-thumbnail\">\n\t\t\t<a href=\"https:\/\/christianstrasse.de\/8nhd0g15eq\/wp-content\/gallery\/gratin-adrienne\/img_3261.jpg\"\n\t\t\t\ttitle=\"\"\n\t\t\t\tdata-src=\"https:\/\/christianstrasse.de\/8nhd0g15eq\/wp-content\/gallery\/gratin-adrienne\/img_3261.jpg\"\n\t\t\t\tdata-thumbnail=\"https:\/\/christianstrasse.de\/8nhd0g15eq\/wp-content\/gallery\/gratin-adrienne\/thumbs\/thumbs_img_3261.jpg\"\n\t\t\t\tdata-image-id=\"229\"\n\t\t\t\tdata-title=\"img_3261\"\n\t\t\t\tdata-description=\"\"\n\t\t\t\tdata-image-slug=\"img_3261\"\n\t\t\t\tclass='use_imagebrowser_effect' data-imagebrowser-url='https:\/\/christianstrasse.de\/8nhd0g15eq\/index.php\/nggallery\/image\/%STUB%?page_id=753'>\n\t\t\t\t<img\n\t\t\t\t\ttitle=\"img_3261\"\n\t\t\t\t\talt=\"img_3261\"\n\t\t\t\t\tsrc=\"https:\/\/christianstrasse.de\/8nhd0g15eq\/wp-content\/gallery\/gratin-adrienne\/thumbs\/thumbs_img_3261.jpg\"\n\t\t\t\t\twidth=\"110\"\n\t\t\t\t\theight=\"82\"\n\t\t\t\t\tstyle=\"max-width:100%;\"\n\t\t\t\t\/>\n\t\t\t<\/a>\n\t\t<\/div>\n\t\t\t\t\t\t\t<\/div> \n\t\t\t\n\t\t\t\t<div id=\"ngg-image-6\" class=\"ngg-gallery-thumbnail-box \n\t\t\t\t\t\t\t\t\t\t\t\" \n\t\t\t>\n\t\t\t\t\t\t<div class=\"ngg-gallery-thumbnail\">\n\t\t\t<a href=\"https:\/\/christianstrasse.de\/8nhd0g15eq\/wp-content\/gallery\/gratin-adrienne\/img_3262.jpg\"\n\t\t\t\ttitle=\"\"\n\t\t\t\tdata-src=\"https:\/\/christianstrasse.de\/8nhd0g15eq\/wp-content\/gallery\/gratin-adrienne\/img_3262.jpg\"\n\t\t\t\tdata-thumbnail=\"https:\/\/christianstrasse.de\/8nhd0g15eq\/wp-content\/gallery\/gratin-adrienne\/thumbs\/thumbs_img_3262.jpg\"\n\t\t\t\tdata-image-id=\"230\"\n\t\t\t\tdata-title=\"img_3262\"\n\t\t\t\tdata-description=\"\"\n\t\t\t\tdata-image-slug=\"img_3262\"\n\t\t\t\tclass='use_imagebrowser_effect' data-imagebrowser-url='https:\/\/christianstrasse.de\/8nhd0g15eq\/index.php\/nggallery\/image\/%STUB%?page_id=753'>\n\t\t\t\t<img\n\t\t\t\t\ttitle=\"img_3262\"\n\t\t\t\t\talt=\"img_3262\"\n\t\t\t\t\tsrc=\"https:\/\/christianstrasse.de\/8nhd0g15eq\/wp-content\/gallery\/gratin-adrienne\/thumbs\/thumbs_img_3262.jpg\"\n\t\t\t\t\twidth=\"110\"\n\t\t\t\t\theight=\"82\"\n\t\t\t\t\tstyle=\"max-width:100%;\"\n\t\t\t\t\/>\n\t\t\t<\/a>\n\t\t<\/div>\n\t\t\t\t\t\t\t<\/div> \n\t\t\t\n\t\t\t\t<div id=\"ngg-image-7\" class=\"ngg-gallery-thumbnail-box \n\t\t\t\t\t\t\t\t\t\t\t\" \n\t\t\t>\n\t\t\t\t\t\t<div class=\"ngg-gallery-thumbnail\">\n\t\t\t<a href=\"https:\/\/christianstrasse.de\/8nhd0g15eq\/wp-content\/gallery\/gratin-adrienne\/img_3264.jpg\"\n\t\t\t\ttitle=\"\"\n\t\t\t\tdata-src=\"https:\/\/christianstrasse.de\/8nhd0g15eq\/wp-content\/gallery\/gratin-adrienne\/img_3264.jpg\"\n\t\t\t\tdata-thumbnail=\"https:\/\/christianstrasse.de\/8nhd0g15eq\/wp-content\/gallery\/gratin-adrienne\/thumbs\/thumbs_img_3264.jpg\"\n\t\t\t\tdata-image-id=\"232\"\n\t\t\t\tdata-title=\"img_3264\"\n\t\t\t\tdata-description=\"\"\n\t\t\t\tdata-image-slug=\"img_3264\"\n\t\t\t\tclass='use_imagebrowser_effect' data-imagebrowser-url='https:\/\/christianstrasse.de\/8nhd0g15eq\/index.php\/nggallery\/image\/%STUB%?page_id=753'>\n\t\t\t\t<img\n\t\t\t\t\ttitle=\"img_3264\"\n\t\t\t\t\talt=\"img_3264\"\n\t\t\t\t\tsrc=\"https:\/\/christianstrasse.de\/8nhd0g15eq\/wp-content\/gallery\/gratin-adrienne\/thumbs\/thumbs_img_3264.jpg\"\n\t\t\t\t\twidth=\"110\"\n\t\t\t\t\theight=\"82\"\n\t\t\t\t\tstyle=\"max-width:100%;\"\n\t\t\t\t\/>\n\t\t\t<\/a>\n\t\t<\/div>\n\t\t\t\t\t\t\t<\/div> \n\t\t\t\n\t\t\t\t<div id=\"ngg-image-8\" class=\"ngg-gallery-thumbnail-box \n\t\t\t\t\t\t\t\t\t\t\t\" \n\t\t\t>\n\t\t\t\t\t\t<div class=\"ngg-gallery-thumbnail\">\n\t\t\t<a href=\"https:\/\/christianstrasse.de\/8nhd0g15eq\/wp-content\/gallery\/gratin-adrienne\/img_3265.jpg\"\n\t\t\t\ttitle=\"\"\n\t\t\t\tdata-src=\"https:\/\/christianstrasse.de\/8nhd0g15eq\/wp-content\/gallery\/gratin-adrienne\/img_3265.jpg\"\n\t\t\t\tdata-thumbnail=\"https:\/\/christianstrasse.de\/8nhd0g15eq\/wp-content\/gallery\/gratin-adrienne\/thumbs\/thumbs_img_3265.jpg\"\n\t\t\t\tdata-image-id=\"233\"\n\t\t\t\tdata-title=\"img_3265\"\n\t\t\t\tdata-description=\"\"\n\t\t\t\tdata-image-slug=\"img_3265\"\n\t\t\t\tclass='use_imagebrowser_effect' data-imagebrowser-url='https:\/\/christianstrasse.de\/8nhd0g15eq\/index.php\/nggallery\/image\/%STUB%?page_id=753'>\n\t\t\t\t<img\n\t\t\t\t\ttitle=\"img_3265\"\n\t\t\t\t\talt=\"img_3265\"\n\t\t\t\t\tsrc=\"https:\/\/christianstrasse.de\/8nhd0g15eq\/wp-content\/gallery\/gratin-adrienne\/thumbs\/thumbs_img_3265.jpg\"\n\t\t\t\t\twidth=\"110\"\n\t\t\t\t\theight=\"82\"\n\t\t\t\t\tstyle=\"max-width:100%;\"\n\t\t\t\t\/>\n\t\t\t<\/a>\n\t\t<\/div>\n\t\t\t\t\t\t\t<\/div> \n\t\t\t\n\t\t\t\t<div id=\"ngg-image-9\" class=\"ngg-gallery-thumbnail-box \n\t\t\t\t\t\t\t\t\t\t\t\" \n\t\t\t>\n\t\t\t\t\t\t<div class=\"ngg-gallery-thumbnail\">\n\t\t\t<a href=\"https:\/\/christianstrasse.de\/8nhd0g15eq\/wp-content\/gallery\/gratin-adrienne\/img_3266.jpg\"\n\t\t\t\ttitle=\"\"\n\t\t\t\tdata-src=\"https:\/\/christianstrasse.de\/8nhd0g15eq\/wp-content\/gallery\/gratin-adrienne\/img_3266.jpg\"\n\t\t\t\tdata-thumbnail=\"https:\/\/christianstrasse.de\/8nhd0g15eq\/wp-content\/gallery\/gratin-adrienne\/thumbs\/thumbs_img_3266.jpg\"\n\t\t\t\tdata-image-id=\"234\"\n\t\t\t\tdata-title=\"img_3266\"\n\t\t\t\tdata-description=\"\"\n\t\t\t\tdata-image-slug=\"img_3266\"\n\t\t\t\tclass='use_imagebrowser_effect' data-imagebrowser-url='https:\/\/christianstrasse.de\/8nhd0g15eq\/index.php\/nggallery\/image\/%STUB%?page_id=753'>\n\t\t\t\t<img\n\t\t\t\t\ttitle=\"img_3266\"\n\t\t\t\t\talt=\"img_3266\"\n\t\t\t\t\tsrc=\"https:\/\/christianstrasse.de\/8nhd0g15eq\/wp-content\/gallery\/gratin-adrienne\/thumbs\/thumbs_img_3266.jpg\"\n\t\t\t\t\twidth=\"110\"\n\t\t\t\t\theight=\"82\"\n\t\t\t\t\tstyle=\"max-width:100%;\"\n\t\t\t\t\/>\n\t\t\t<\/a>\n\t\t<\/div>\n\t\t\t\t\t\t\t<\/div> \n\t\t\t\n\t\t\t\t<div id=\"ngg-image-10\" class=\"ngg-gallery-thumbnail-box \n\t\t\t\t\t\t\t\t\t\t\t\" \n\t\t\t>\n\t\t\t\t\t\t<div class=\"ngg-gallery-thumbnail\">\n\t\t\t<a href=\"https:\/\/christianstrasse.de\/8nhd0g15eq\/wp-content\/gallery\/gratin-adrienne\/img_3268.jpg\"\n\t\t\t\ttitle=\"\"\n\t\t\t\tdata-src=\"https:\/\/christianstrasse.de\/8nhd0g15eq\/wp-content\/gallery\/gratin-adrienne\/img_3268.jpg\"\n\t\t\t\tdata-thumbnail=\"https:\/\/christianstrasse.de\/8nhd0g15eq\/wp-content\/gallery\/gratin-adrienne\/thumbs\/thumbs_img_3268.jpg\"\n\t\t\t\tdata-image-id=\"235\"\n\t\t\t\tdata-title=\"img_3268\"\n\t\t\t\tdata-description=\"\"\n\t\t\t\tdata-image-slug=\"img_3268\"\n\t\t\t\tclass='use_imagebrowser_effect' data-imagebrowser-url='https:\/\/christianstrasse.de\/8nhd0g15eq\/index.php\/nggallery\/image\/%STUB%?page_id=753'>\n\t\t\t\t<img\n\t\t\t\t\ttitle=\"img_3268\"\n\t\t\t\t\talt=\"img_3268\"\n\t\t\t\t\tsrc=\"https:\/\/christianstrasse.de\/8nhd0g15eq\/wp-content\/gallery\/gratin-adrienne\/thumbs\/thumbs_img_3268.jpg\"\n\t\t\t\t\twidth=\"110\"\n\t\t\t\t\theight=\"82\"\n\t\t\t\t\tstyle=\"max-width:100%;\"\n\t\t\t\t\/>\n\t\t\t<\/a>\n\t\t<\/div>\n\t\t\t\t\t\t\t<\/div> \n\t\t\t\n\t\n\t<br style=\"clear: both\" \/>\n\n\t\n\t\t<!-- Pagination -->\n\t\t<div class='ngg-clear'><\/div>\t<\/div>\n<\/p>\n<p>&nbsp;<\/p>\n<div class=\"hrecipe custom\">\n<h2 class=\"fn\">Rezept: Gratin Adrienne<\/h2>\n<div class=\"ingredients\">\n<h4 class=\"ingredients\">Zutaten<\/h4>\n<ul class=\"ingredients\">\n<li class=\"ingredient\">1 grosse Fenchelknolle<\/li>\n<li class=\"ingredient\">1 kleiner Blumenkohl<\/li>\n<li class=\"ingredient\">1 Zitrone (Saft)<\/li>\n<li class=\"ingredient\">200 g durchwachsener R\u00e4ucherspeck<\/li>\n<li class=\"ingredient\">75 g frisch geriebener Parmesan<\/li>\n<li class=\"ingredient\">100 g Schlagsahne<\/li>\n<li class=\"ingredient\">150 g Creme fraiche<\/li>\n<li class=\"ingredient\">ca. 100 ml Milch<\/li>\n<li class=\"ingredient\">Muskat<\/li>\n<li class=\"ingredient\">Pfeffer, Salz<\/li>\n<\/ul>\n<\/div>\n<div class=\"instructions\">\n<h4 class=\"instructions\">Zubereitung<\/h4>\n<ol class=\"instructions\">\n<li>Fenchelknolle putzen, l\u00e4ngs halbieren<\/li>\n<li>Str\u00fcnke herausschneiden<\/li>\n<li>1 l kr\u00e4ftig gesalzenes Wasser mit dem Saft einer halben Zitrone zum Kochen bringen<\/li>\n<li>Fenchelh\u00e4lften darin ca 20 min bei geringer Hitze kochen<\/li>\n<li>Inzwischen Blumenkohl in kleine R\u00f6schen zerteilen und gr\u00fcndlich abbrausen<\/li>\n<li>Fenchelh\u00e4lften aus dem Kochwasser nehmen und den Blumenkohl darin 15 min vorkochen<\/li>\n<li>W\u00e4hrenddessen den Speck in gabel- und mundgerechte Scheiben schneiden und den Parmesan reiben<\/li>\n<li>Backofen auf 200 \u00b0C vorheizen<\/li>\n<li>Fenchel in mundgerechte St\u00fccke schneiden und in einer Gratinform auslegen<\/li>\n<li>Dar\u00fcber die Speckscheiben verteilen, so dass der Fenchel gut bedeckt ist<\/li>\n<li>Den Parmesan gleichm\u00e4ssig dar\u00fcber streuen und die Blumenkohlr\u00f6schen verteilen<\/li>\n<li>Reichlich Pfeffer im M\u00f6rser grob zerstossen und auf des Gratin streuen<\/li>\n<li>Sahne, Creme fraiche, Milch und den restlichen Zitronensaft miteinander verquirlen<\/li>\n<li>Mit Muskat und Salz w\u00fcrzen<\/li>\n<li>Die Sahnemischung \u00fcber das Gratin giessen. Die Blumenkohlr\u00f6schen sollen dabei h\u00f6chstens zur H\u00e4lfte bedeckt sein<\/li>\n<li>In den Backofen schieben und ca. 40 min fertig garen<\/li>\n<\/ol>\n<\/div>\n<\/div>\n<p>&nbsp;<\/p>\n<p>Zubereitungszeit 1:30 Std.<\/p>\n<p>Garzeit 0:40 Std.<\/p>\n<p>Anzahl Portionen: 2 als Hauptgericht, 4 als Beilage<\/p>\n<p>Quelle: [<a title=\"Kochb\u00fccher\" href=\"http:\/\/christianstrasse.de\/8nhd0g15eq\/?page_id=180\">01<\/a>], S. 370<\/p>\n<p><a title=\"Beilagen\" href=\"http:\/\/christianstrasse.de\/8nhd0g15eq\/?page_id=666\">zur\u00fcck<\/a><\/p>\n","protected":false},"excerpt":{"rendered":"<p>Ich lege diese Gratin unter Beilagen ab, auch wenn es ohne Zweifel gleichwohl als Hauptgericht serviert werden kann. Ich kann es mir jedenfalls gut zu beispielsweise einem Kotelett vorstellen. Das Rezept stammt von Wolfram Siebeck, der alledings die Sahnemischung noch mit 2 untergemischten Eigelb zum Stocken bringt, worauf ich wegen meiner Cholesterinwerte lieber verzichte, um [&hellip;]<\/p>\n","protected":false},"author":606,"featured_media":0,"parent":666,"menu_order":0,"comment_status":"open","ping_status":"closed","template":"","meta":{"ngg_post_thumbnail":0,"footnotes":""},"class_list":["post-753","page","type-page","status-publish","hentry"],"_links":{"self":[{"href":"https:\/\/christianstrasse.de\/8nhd0g15eq\/index.php?rest_route=\/wp\/v2\/pages\/753","targetHints":{"allow":["GET"]}}],"collection":[{"href":"https:\/\/christianstrasse.de\/8nhd0g15eq\/index.php?rest_route=\/wp\/v2\/pages"}],"about":[{"href":"https:\/\/christianstrasse.de\/8nhd0g15eq\/index.php?rest_route=\/wp\/v2\/types\/page"}],"author":[{"embeddable":true,"href":"https:\/\/christianstrasse.de\/8nhd0g15eq\/index.php?rest_route=\/wp\/v2\/users\/606"}],"replies":[{"embeddable":true,"href":"https:\/\/christianstrasse.de\/8nhd0g15eq\/index.php?rest_route=%2Fwp%2Fv2%2Fcomments&post=753"}],"version-history":[{"count":0,"href":"https:\/\/christianstrasse.de\/8nhd0g15eq\/index.php?rest_route=\/wp\/v2\/pages\/753\/revisions"}],"up":[{"embeddable":true,"href":"https:\/\/christianstrasse.de\/8nhd0g15eq\/index.php?rest_route=\/wp\/v2\/pages\/666"}],"wp:attachment":[{"href":"https:\/\/christianstrasse.de\/8nhd0g15eq\/index.php?rest_route=%2Fwp%2Fv2%2Fmedia&parent=753"}],"curies":[{"name":"wp","href":"https:\/\/api.w.org\/{rel}","templated":true}]}}