{"id":72,"date":"2011-09-07T13:36:21","date_gmt":"2011-09-07T11:36:21","guid":{"rendered":"http:\/\/christianstrasse.de\/8nhd0g15eq\/?page_id=72"},"modified":"2011-10-11T14:37:41","modified_gmt":"2011-10-11T12:37:41","slug":"minestrone","status":"publish","type":"page","link":"https:\/\/christianstrasse.de\/8nhd0g15eq\/?page_id=72","title":{"rendered":"Minestrone (R)"},"content":{"rendered":"<!-- default-view.php -->\n<div\n\tclass=\"ngg-galleryoverview default-view \n\t\t\"\n\tid=\"ngg-gallery-6c79cd5db2fa576f097b2551b66c77e8-1\">\n\n\t\t<!-- Thumbnails -->\n\t\t\t\t<div id=\"ngg-image-0\" class=\"ngg-gallery-thumbnail-box \n\t\t\t\t\t\t\t\t\t\t\t\" \n\t\t\t>\n\t\t\t\t\t\t<div class=\"ngg-gallery-thumbnail\">\n\t\t\t<a href=\"https:\/\/christianstrasse.de\/8nhd0g15eq\/wp-content\/gallery\/minestrone\/l_img_20070303_171700.jpg\"\n\t\t\t\ttitle=\"Die Zutaten\"\n\t\t\t\tdata-src=\"https:\/\/christianstrasse.de\/8nhd0g15eq\/wp-content\/gallery\/minestrone\/l_img_20070303_171700.jpg\"\n\t\t\t\tdata-thumbnail=\"https:\/\/christianstrasse.de\/8nhd0g15eq\/wp-content\/gallery\/minestrone\/thumbs\/thumbs_l_img_20070303_171700.jpg\"\n\t\t\t\tdata-image-id=\"12\"\n\t\t\t\tdata-title=\"l_img_20070303_171700\"\n\t\t\t\tdata-description=\"Die Zutaten\"\n\t\t\t\tdata-image-slug=\"l_img_20070303_171700\"\n\t\t\t\tclass='use_imagebrowser_effect' data-imagebrowser-url='https:\/\/christianstrasse.de\/8nhd0g15eq\/index.php\/nggallery\/image\/%STUB%?page_id=72'>\n\t\t\t\t<img\n\t\t\t\t\ttitle=\"l_img_20070303_171700\"\n\t\t\t\t\talt=\"l_img_20070303_171700\"\n\t\t\t\t\tsrc=\"https:\/\/christianstrasse.de\/8nhd0g15eq\/wp-content\/gallery\/minestrone\/thumbs\/thumbs_l_img_20070303_171700.jpg\"\n\t\t\t\t\twidth=\"110\"\n\t\t\t\t\theight=\"82\"\n\t\t\t\t\tstyle=\"max-width:100%;\"\n\t\t\t\t\/>\n\t\t\t<\/a>\n\t\t<\/div>\n\t\t\t\t\t\t\t<\/div> \n\t\t\t\n\t\t\t\t<div id=\"ngg-image-1\" class=\"ngg-gallery-thumbnail-box \n\t\t\t\t\t\t\t\t\t\t\t\" \n\t\t\t>\n\t\t\t\t\t\t<div class=\"ngg-gallery-thumbnail\">\n\t\t\t<a href=\"https:\/\/christianstrasse.de\/8nhd0g15eq\/wp-content\/gallery\/minestrone\/l_img_20070303_180000.jpg\"\n\t\t\t\ttitle=\"Im Topf\"\n\t\t\t\tdata-src=\"https:\/\/christianstrasse.de\/8nhd0g15eq\/wp-content\/gallery\/minestrone\/l_img_20070303_180000.jpg\"\n\t\t\t\tdata-thumbnail=\"https:\/\/christianstrasse.de\/8nhd0g15eq\/wp-content\/gallery\/minestrone\/thumbs\/thumbs_l_img_20070303_180000.jpg\"\n\t\t\t\tdata-image-id=\"13\"\n\t\t\t\tdata-title=\"l_img_20070303_180000\"\n\t\t\t\tdata-description=\"Im Topf\"\n\t\t\t\tdata-image-slug=\"l_img_20070303_180000\"\n\t\t\t\tclass='use_imagebrowser_effect' data-imagebrowser-url='https:\/\/christianstrasse.de\/8nhd0g15eq\/index.php\/nggallery\/image\/%STUB%?page_id=72'>\n\t\t\t\t<img\n\t\t\t\t\ttitle=\"l_img_20070303_180000\"\n\t\t\t\t\talt=\"l_img_20070303_180000\"\n\t\t\t\t\tsrc=\"https:\/\/christianstrasse.de\/8nhd0g15eq\/wp-content\/gallery\/minestrone\/thumbs\/thumbs_l_img_20070303_180000.jpg\"\n\t\t\t\t\twidth=\"110\"\n\t\t\t\t\theight=\"82\"\n\t\t\t\t\tstyle=\"max-width:100%;\"\n\t\t\t\t\/>\n\t\t\t<\/a>\n\t\t<\/div>\n\t\t\t\t\t\t\t<\/div> \n\t\t\t\n\t\t\t\t<div id=\"ngg-image-2\" class=\"ngg-gallery-thumbnail-box \n\t\t\t\t\t\t\t\t\t\t\t\" \n\t\t\t>\n\t\t\t\t\t\t<div class=\"ngg-gallery-thumbnail\">\n\t\t\t<a href=\"https:\/\/christianstrasse.de\/8nhd0g15eq\/wp-content\/gallery\/minestrone\/l_img_20070303_185900.jpg\"\n\t\t\t\ttitle=\"Serviert\"\n\t\t\t\tdata-src=\"https:\/\/christianstrasse.de\/8nhd0g15eq\/wp-content\/gallery\/minestrone\/l_img_20070303_185900.jpg\"\n\t\t\t\tdata-thumbnail=\"https:\/\/christianstrasse.de\/8nhd0g15eq\/wp-content\/gallery\/minestrone\/thumbs\/thumbs_l_img_20070303_185900.jpg\"\n\t\t\t\tdata-image-id=\"14\"\n\t\t\t\tdata-title=\"l_img_20070303_185900\"\n\t\t\t\tdata-description=\"Serviert\"\n\t\t\t\tdata-image-slug=\"l_img_20070303_185900\"\n\t\t\t\tclass='use_imagebrowser_effect' data-imagebrowser-url='https:\/\/christianstrasse.de\/8nhd0g15eq\/index.php\/nggallery\/image\/%STUB%?page_id=72'>\n\t\t\t\t<img\n\t\t\t\t\ttitle=\"l_img_20070303_185900\"\n\t\t\t\t\talt=\"l_img_20070303_185900\"\n\t\t\t\t\tsrc=\"https:\/\/christianstrasse.de\/8nhd0g15eq\/wp-content\/gallery\/minestrone\/thumbs\/thumbs_l_img_20070303_185900.jpg\"\n\t\t\t\t\twidth=\"110\"\n\t\t\t\t\theight=\"82\"\n\t\t\t\t\tstyle=\"max-width:100%;\"\n\t\t\t\t\/>\n\t\t\t<\/a>\n\t\t<\/div>\n\t\t\t\t\t\t\t<\/div> \n\t\t\t\n\t\n\t<br style=\"clear: both\" \/>\n\n\t\n\t\t<!-- Pagination -->\n\t\t<div class='ngg-clear'><\/div>\t<\/div>\n\n<div class=\"hrecipe custom\">\n<h2 class=\"fn\">Rezept: Minestrone<\/h2>\n<p class=\"summary\"><strong>Kurzbeschreibung<\/strong>: <em>Gem\u00fcsesuppe<\/em><\/p>\n<div class=\"ingredients\">\n<h4 class=\"ingredients\">Zutaten<\/h4>\n<ul class=\"ingredients\">\n<li class=\"ingredient\">200 g getrocknete Borlotti-Bohnen<\/li>\n<li class=\"ingredient\">1 Zwiebel<\/li>\n<li class=\"ingredient\">2 Karotten<\/li>\n<li class=\"ingredient\">2 kleine Stangen Porree<\/li>\n<li class=\"ingredient\">2 Stengel Bleichsellerie<\/li>\n<li class=\"ingredient\">2 kleine Zucchini<\/li>\n<li class=\"ingredient\">2 Tomaten<\/li>\n<li class=\"ingredient\">4 kleine Kartoffeln<\/li>\n<li class=\"ingredient\">150 g Suppennudeln<\/li>\n<li class=\"ingredient\">frisch geriebener Parmesan<\/li>\n<li class=\"ingredient\">60 ml Oliven\u00f6l<\/li>\n<li class=\"ingredient\">Pfeffer, Salz<\/li>\n<li class=\"ingredient\"><a title=\"Pesto verde, Pesto rosso\" href=\"http:\/\/christianstrasse.de\/8nhd0g15eq\/?page_id=568\">Pesto verde<\/a><\/li>\n<\/ul>\n<\/div>\n<div class=\"instructions\">\n<h4 class=\"instructions\">Zubereitung<\/h4>\n<ol class=\"instructions\">\n<li>Bohnen \u00fcber Nacht einweichen<\/li>\n<li>2 l Wasser in einem grossen Topf zum Kochen bringen, salzen.<\/li>\n<li>Die Bohnen hineingeben und 15 min vorkochen<\/li>\n<li>Inzwischen das Gem\u00fcse putzen<\/li>\n<li>Porree und Sellerie in 2 cm lange St\u00fccke schneiden<\/li>\n<li>Zwiebel, Karotten, Zucchini und Kartoffeln auf dem Gem\u00fcsehobel in 0,5 cm dicke Scheiben direkt in den Topf schneiden<\/li>\n<li>Oliven\u00f6l dazu, kurz umr\u00fchren<\/li>\n<li>30 min bei minimaler Hitze zugedeckt kochen<\/li>\n<li>Inzwischen die Tomaten \u00fcberbr\u00fchen und h\u00e4uten, grob zerteilen und die Stielans\u00e4tze entfernen und nach 30 min in die Suppe geben.<\/li>\n<li>15 min weiterk\u00f6cheln.<\/li>\n<li>Wenn die Minestrone nicht gleich vollst\u00e4ndig verzehrt werden soll, werden soviele Nudeln , wie man f\u00fcr eine Mahlzeit braucht, getrennt zubereitet und serviert<\/li>\n<li>ansonsten gibt man alle Nudeln dazu und kocht sie bissfest.<\/li>\n<li>Vor dem Servieren r\u00fchrt man nach Belieben Pesto in eine Kelle Suppe und gibt diese in den Topf zur\u00fcck.<\/li>\n<li>Die Minestrone im Teller mit Parmesan bestreuen<\/li>\n<\/ol>\n<\/div>\n<p>Zuberetungszeit: <span class=\"preptime\">30 Min<\/span><\/p>\n<p>Garzeit: <span class=\"cooktime\">50 &#8211; 60 Min<br \/>\n<\/span><\/p>\n<p class=\"yield\"><span class=\"hrlabel\">Anzahl Portionen: <\/span><span class=\"hritem\">6<\/span><\/p>\n<p class=\"yield\">Quelle:[<a title=\"Kochb\u00fccher\" href=\"http:\/\/christianstrasse.de\/8nhd0g15eq\/?page_id=180\">02<\/a>], S. 26<\/p>\n<\/div>\n<p><a title=\"Die Kochseite\" href=\"http:\/\/christianstrasse.de\/8nhd0g15eq\/?page_id=42\"><br \/>\n<\/a><\/p>\n<p><a title=\"Die Kochseite\" href=\"http:\/\/christianstrasse.de\/8nhd0g15eq\/?page_id=42\"><br \/>\n<\/a><\/p>\n<p><a title=\"Die Kochseite\" href=\"http:\/\/christianstrasse.de\/8nhd0g15eq\/?page_id=42\"><br \/>\n<\/a><\/p>\n<p><a title=\"Fleischlos\" href=\"http:\/\/christianstrasse.de\/8nhd0g15eq\/?page_id=203\">zur\u00fcck<\/a><\/p>\n","protected":false},"excerpt":{"rendered":"<p>Rezept: Minestrone Kurzbeschreibung: Gem\u00fcsesuppe Zutaten 200 g getrocknete Borlotti-Bohnen 1 Zwiebel 2 Karotten 2 kleine Stangen Porree 2 Stengel Bleichsellerie 2 kleine Zucchini 2 Tomaten 4 kleine Kartoffeln 150 g Suppennudeln frisch geriebener Parmesan 60 ml Oliven\u00f6l Pfeffer, Salz Pesto verde Zubereitung Bohnen \u00fcber Nacht einweichen 2 l Wasser in einem grossen Topf zum Kochen [&hellip;]<\/p>\n","protected":false},"author":606,"featured_media":0,"parent":203,"menu_order":0,"comment_status":"open","ping_status":"open","template":"","meta":{"ngg_post_thumbnail":0,"footnotes":""},"class_list":["post-72","page","type-page","status-publish","hentry"],"_links":{"self":[{"href":"https:\/\/christianstrasse.de\/8nhd0g15eq\/index.php?rest_route=\/wp\/v2\/pages\/72","targetHints":{"allow":["GET"]}}],"collection":[{"href":"https:\/\/christianstrasse.de\/8nhd0g15eq\/index.php?rest_route=\/wp\/v2\/pages"}],"about":[{"href":"https:\/\/christianstrasse.de\/8nhd0g15eq\/index.php?rest_route=\/wp\/v2\/types\/page"}],"author":[{"embeddable":true,"href":"https:\/\/christianstrasse.de\/8nhd0g15eq\/index.php?rest_route=\/wp\/v2\/users\/606"}],"replies":[{"embeddable":true,"href":"https:\/\/christianstrasse.de\/8nhd0g15eq\/index.php?rest_route=%2Fwp%2Fv2%2Fcomments&post=72"}],"version-history":[{"count":0,"href":"https:\/\/christianstrasse.de\/8nhd0g15eq\/index.php?rest_route=\/wp\/v2\/pages\/72\/revisions"}],"up":[{"embeddable":true,"href":"https:\/\/christianstrasse.de\/8nhd0g15eq\/index.php?rest_route=\/wp\/v2\/pages\/203"}],"wp:attachment":[{"href":"https:\/\/christianstrasse.de\/8nhd0g15eq\/index.php?rest_route=%2Fwp%2Fv2%2Fmedia&parent=72"}],"curies":[{"name":"wp","href":"https:\/\/api.w.org\/{rel}","templated":true}]}}