{"id":668,"date":"2011-10-25T14:24:07","date_gmt":"2011-10-25T12:24:07","guid":{"rendered":"http:\/\/christianstrasse.de\/8nhd0g15eq\/?page_id=668"},"modified":"2014-08-31T18:01:46","modified_gmt":"2014-08-31T17:01:46","slug":"bratkartoffeln","status":"publish","type":"page","link":"https:\/\/christianstrasse.de\/8nhd0g15eq\/?page_id=668","title":{"rendered":"Bratkartoffeln mit zwei Extensionen (R)"},"content":{"rendered":"<p>F\u00fcr Bratkartoffeln ben\u00f6tigt man vor allem Zweierlei: Geduld und hinreichend grosse Pfannen.<\/p>\n<p>Versucht man, die Kartoffeln in kurzer Zeit knusprig zu braten, gelingt dies vielleicht in der Friteuse oder einem Koch, der diese Beilage t\u00e4glich routiniert zaubert. Das allerdings ist bei mir nicht der Fall.<\/p>\n<p style=\"text-align: center;\">\u00a0<a href=\"http:\/\/christianstrasse.de\/8nhd0g15eq\/wp-content\/uploads\/IMG_3482.jpg\"><img loading=\"lazy\" decoding=\"async\" class=\" wp-image-935 aligncenter\" title=\"IMG_3482\" src=\"http:\/\/christianstrasse.de\/8nhd0g15eq\/wp-content\/uploads\/IMG_3482.jpg\" alt=\"\" width=\"655\" height=\"437\" \/><\/a><\/p>\n<p><strong>Bratkartoffeln: Standard Edition<\/strong><\/p>\n<p>Pro Person werden 150 g (Forstarbeiter mindestens 250 g) festkochende Kartoffeln je nach Jahreszeit als Pell- (Fr\u00fchkartoffeln mit zarter Schale) im Sommer oder Salzkartoffeln (Kartoffeln aus der Lagerung im Winter) gekocht, bis sie fast gar sind.<\/p>\n<p>Man l\u00e4sst die (ggf. gepellten) Kartoffeln zugedeckt abk\u00fchlen und schneidet sie danach in ca. 0,8 bis maximal 1 cm dicke Scheiben.<\/p>\n<p>Je nach Gr\u00f6sse der Pfanne(n), die auch beschichtet sein darf, da die Brattemperatur in einem moderaten Bereich gehalten wird, zerl\u00e4sst man 1-2 EL Butterschmalz und legt die Kartoffelscheiben so in die Pfanne, dass alle einen innigen Kontakt zum Pfannenboden haben. Je nach Mut und Erfahrung kann man die Hitze erh\u00f6hen, jedoch nicht zu stark.<\/p>\n<p>So oder so werden die Kartoffelscheiben dazu neigen, am Pfannenboden festzubraten. Hierbei kommt nun die Geduld ins Spiel:<\/p>\n<p>So, wie sie von allein festkleben, so l\u00f6sen sie sich auch wieder ab, wenn die gebratene Schicht an der Kartoffelunterseite getrocknet und mechanisch hinreichend fest ist. Dies ist nach 5-8 min der Fall. Nun gen\u00fcgt ein leichtes Unterhebeln mit einer sehr d\u00fcnnen Palette, um die Scheiben eine nach der anderen abzul\u00f6sen und ein erstes Mal zu wenden.<\/p>\n<p>Haben die Kartoffelscheiben mehr Fett aufgenommen als erwartet, gibt man etwas nach, so dass weiterhin eine gleichm\u00e4ssige W\u00e4rme\u00fcbertragung gew\u00e4hrleistet ist. Das Procedere wiederholt sich und nach weiteren 6-8 min kann man die Kartoffelscheiben unbesch\u00e4digt vom Pfannenboden l\u00f6sen. Sie sind nun von beiden Seiten leicht gebr\u00e4unt und k\u00f6nnen jetez fertig gebraten werden. Ab diesem Zeitpunkt kann man den Br\u00e4unungsverlauf hervorragend \u00fcber die Temperatur steuern und man hat damit auch den Zeitpunkt der Fertigstellung in der Hand. Bei kleiner Hitze kann es noch 15 min dauern, bei gr\u00f6sserer vielleicht nur 3-5 min. Auf jeden Fall lassen sich die Bratkartoffeln ohne viel M\u00fche &#8222;auf den Punkt&#8220; fertig stellen.<\/p>\n<p>Erst dann werden sie gesalzen und etwas gepfeffert.<\/p>\n<p style=\"text-align: center;\">\u00a0<a href=\"http:\/\/christianstrasse.de\/8nhd0g15eq\/wp-content\/uploads\/IMG_1583.jpg\"><img loading=\"lazy\" decoding=\"async\" class=\"aligncenter  wp-image-941\" title=\"IMG_1583\" src=\"http:\/\/christianstrasse.de\/8nhd0g15eq\/wp-content\/uploads\/IMG_1583.jpg\" alt=\"\" width=\"655\" height=\"437\" \/><\/a><\/p>\n<p><strong>Extensionpack I: Speck und Zwiebeln<\/strong><\/p>\n<p>Falls die Bratkartoffeln mit Speck und\/oder Zwiebeln verfeinert werden, schneidet man pro Person 50 g durchwachsenen, luftgetrockneten Speck (nicht diesen w\u00e4ssrigen Bacon) in W\u00fcrfel von 0,5-1 cm\u00a0 Kantenl\u00e4nge, 1\/2 Zwiebel wird grob gew\u00fcrfelt. In einer zweiten Pfanne br\u00e4t man zun\u00e4chst den Speck in etwas Butterschmalz aus, gibt die Zwiebelst\u00fccke dazu und br\u00e4t beides bei mittlerer Temperatur goldbraun. Speck und Zwiebeln k\u00f6nnen vom Herd genommen werden, falls die Kartoffeln noch nicht so weit sind.<\/p>\n<p>Wenn letztere dann wunschgem\u00e4ss geraten sind, gibt man Speck und Zwiebeln dazu erhitzt noch einmal Alles unter mehrmaligem Wenden und seviert dann.<\/p>\n<p>&nbsp;<\/p>\n<p><strong>Extensionpack II: Bauernfr\u00fchst\u00fcck<\/strong><\/p>\n<p>Pro Person werden nach R\u00fccksprache mit dem Hausarzt 1-3 Eier aufgeschlagen, mit Salz, Pfeffer und Paprika gew\u00fcrzt und \u00fcber die Bratkartoffeln mit Speck und Zwiebeln gegossen. Die stockende Mischung wird immer wieder z\u00fcgig vom Pfannenboden gel\u00f6st, bis alles Ei geronnen ist. Jetzt kann man noch zur Verbesserung der Br\u00e4unung etwas Fett zugeben und br\u00e4t unter gelegentlichem Wenden weiter, bis das Ei aussen goldgelb ist.<\/p>\n<p>Alles zusammen wird gemeinsam mit 2 Gew\u00fcrzgurken auf einem vorgew\u00e4rmten Teller angerichtet.<\/p>\n<p>&nbsp;<\/p>\n<p><a title=\"Beilagen\" href=\"http:\/\/christianstrasse.de\/8nhd0g15eq\/?page_id=666\">zur\u00fcck<\/a><\/p>\n","protected":false},"excerpt":{"rendered":"<p>F\u00fcr Bratkartoffeln ben\u00f6tigt man vor allem Zweierlei: Geduld und hinreichend grosse Pfannen. Versucht man, die Kartoffeln in kurzer Zeit knusprig zu braten, gelingt dies vielleicht in der Friteuse oder einem Koch, der diese Beilage t\u00e4glich routiniert zaubert. Das allerdings ist bei mir nicht der Fall. \u00a0 Bratkartoffeln: Standard Edition Pro Person werden 150 g (Forstarbeiter [&hellip;]<\/p>\n","protected":false},"author":606,"featured_media":0,"parent":666,"menu_order":0,"comment_status":"open","ping_status":"closed","template":"","meta":{"ngg_post_thumbnail":0,"footnotes":""},"class_list":["post-668","page","type-page","status-publish","hentry"],"_links":{"self":[{"href":"https:\/\/christianstrasse.de\/8nhd0g15eq\/index.php?rest_route=\/wp\/v2\/pages\/668","targetHints":{"allow":["GET"]}}],"collection":[{"href":"https:\/\/christianstrasse.de\/8nhd0g15eq\/index.php?rest_route=\/wp\/v2\/pages"}],"about":[{"href":"https:\/\/christianstrasse.de\/8nhd0g15eq\/index.php?rest_route=\/wp\/v2\/types\/page"}],"author":[{"embeddable":true,"href":"https:\/\/christianstrasse.de\/8nhd0g15eq\/index.php?rest_route=\/wp\/v2\/users\/606"}],"replies":[{"embeddable":true,"href":"https:\/\/christianstrasse.de\/8nhd0g15eq\/index.php?rest_route=%2Fwp%2Fv2%2Fcomments&post=668"}],"version-history":[{"count":0,"href":"https:\/\/christianstrasse.de\/8nhd0g15eq\/index.php?rest_route=\/wp\/v2\/pages\/668\/revisions"}],"up":[{"embeddable":true,"href":"https:\/\/christianstrasse.de\/8nhd0g15eq\/index.php?rest_route=\/wp\/v2\/pages\/666"}],"wp:attachment":[{"href":"https:\/\/christianstrasse.de\/8nhd0g15eq\/index.php?rest_route=%2Fwp%2Fv2%2Fmedia&parent=668"}],"curies":[{"name":"wp","href":"https:\/\/api.w.org\/{rel}","templated":true}]}}