{"id":666,"date":"2011-10-25T13:24:50","date_gmt":"2011-10-25T11:24:50","guid":{"rendered":"http:\/\/christianstrasse.de\/8nhd0g15eq\/?page_id=666"},"modified":"2018-10-04T16:45:13","modified_gmt":"2018-10-04T15:45:13","slug":"beilagen","status":"publish","type":"page","link":"https:\/\/christianstrasse.de\/8nhd0g15eq\/?page_id=666","title":{"rendered":"Beilagen"},"content":{"rendered":"<p>Hier fasse ich allerlei Gem\u00fcse, P\u00fcrees, Gratins und sonstige Beilagen von leckeren Gerichten zuammen.<\/p>\n<p><a title=\"Gratin Adrienne\" href=\"http:\/\/christianstrasse.de\/8nhd0g15eq\/?page_id=753\">Gratin Adrienne (R)<\/a><\/p>\n<p><a title=\"Bratkartoffeln mit zwei Extensionen (R)\" href=\"http:\/\/christianstrasse.de\/8nhd0g15eq\/?page_id=668\">Bratkartoffeln<\/a> mit 2 Extensionen (R)<\/p>\n<p><a title=\"Gr\u00fcne Bohnen mit Anchovis und Knoblauch (R)\" href=\"http:\/\/christianstrasse.de\/8nhd0g15eq\/?page_id=1320\">gr\u00fcne Bohnen mit Anchovis und Knoblauch<\/a> (R)<\/p>\n<p><a title=\"Kartoffelp\u00fcree \u00fcberbacken (R)\" href=\"http:\/\/christianstrasse.de\/8nhd0g15eq\/?page_id=771\">Kartoffelp\u00fcree<\/a> \u00fcberbacken (R)<\/p>\n<p>Peperonata<\/p>\n<p><a title=\"Rotkohl (R)\" href=\"http:\/\/christianstrasse.de\/8nhd0g15eq\/?page_id=915\">Rotkohl<\/a> (R)<\/p>\n<p><a title=\"Speck-Kartoffelsalat\" href=\"http:\/\/christianstrasse.de\/8nhd0g15eq\/?page_id=1293\">Speck-Kartoffelsalat<\/a> (R)<\/p>\n<p><a title=\"Flan a&#96;la bourguignonne, Lauchfladen\" href=\"http:\/\/christianstrasse.de\/8nhd0g15eq\/?page_id=1351\">Flan a`la bourguignonne, Lauchfladen<\/a> (R)<\/p>\n<p><a title=\"K\u00fcmmelkartoffeln aus dem Ofen (R)\" href=\"http:\/\/christianstrasse.de\/8nhd0g15eq\/?page_id=1360\">K\u00fcmmelkartoffeln aus dem Ofen<\/a> (R)<\/p>\n<p><a title=\"Eingelegter Knoblauch (R)\" href=\"http:\/\/christianstrasse.de\/8nhd0g15eq\/?page_id=1748\">Eingelegter Knoblauch<\/a> (R)<\/p>\n<p><a href=\"http:\/\/christianstrasse.de\/8nhd0g15eq\/?page_id=2449\">Chutney aus gr\u00fcnen Tomaten<\/a> (R)<\/p>\n<p>&nbsp;<\/p>\n<p><a title=\"Die Kochseite\" href=\"http:\/\/christianstrasse.de\/8nhd0g15eq\/?page_id=42\">zur\u00fcck<\/a><\/p>\n","protected":false},"excerpt":{"rendered":"<p>Hier fasse ich allerlei Gem\u00fcse, P\u00fcrees, Gratins und sonstige Beilagen von leckeren Gerichten zuammen. Gratin Adrienne (R) Bratkartoffeln mit 2 Extensionen (R) gr\u00fcne Bohnen mit Anchovis und Knoblauch (R) Kartoffelp\u00fcree \u00fcberbacken (R) Peperonata Rotkohl (R) Speck-Kartoffelsalat (R) Flan a`la bourguignonne, Lauchfladen (R) K\u00fcmmelkartoffeln aus dem Ofen (R) Eingelegter Knoblauch (R) Chutney aus gr\u00fcnen Tomaten (R) [&hellip;]<\/p>\n","protected":false},"author":606,"featured_media":0,"parent":42,"menu_order":0,"comment_status":"open","ping_status":"closed","template":"","meta":{"ngg_post_thumbnail":0,"footnotes":""},"class_list":["post-666","page","type-page","status-publish","hentry"],"_links":{"self":[{"href":"https:\/\/christianstrasse.de\/8nhd0g15eq\/index.php?rest_route=\/wp\/v2\/pages\/666","targetHints":{"allow":["GET"]}}],"collection":[{"href":"https:\/\/christianstrasse.de\/8nhd0g15eq\/index.php?rest_route=\/wp\/v2\/pages"}],"about":[{"href":"https:\/\/christianstrasse.de\/8nhd0g15eq\/index.php?rest_route=\/wp\/v2\/types\/page"}],"author":[{"embeddable":true,"href":"https:\/\/christianstrasse.de\/8nhd0g15eq\/index.php?rest_route=\/wp\/v2\/users\/606"}],"replies":[{"embeddable":true,"href":"https:\/\/christianstrasse.de\/8nhd0g15eq\/index.php?rest_route=%2Fwp%2Fv2%2Fcomments&post=666"}],"version-history":[{"count":3,"href":"https:\/\/christianstrasse.de\/8nhd0g15eq\/index.php?rest_route=\/wp\/v2\/pages\/666\/revisions"}],"predecessor-version":[{"id":2459,"href":"https:\/\/christianstrasse.de\/8nhd0g15eq\/index.php?rest_route=\/wp\/v2\/pages\/666\/revisions\/2459"}],"up":[{"embeddable":true,"href":"https:\/\/christianstrasse.de\/8nhd0g15eq\/index.php?rest_route=\/wp\/v2\/pages\/42"}],"wp:attachment":[{"href":"https:\/\/christianstrasse.de\/8nhd0g15eq\/index.php?rest_route=%2Fwp%2Fv2%2Fmedia&parent=666"}],"curies":[{"name":"wp","href":"https:\/\/api.w.org\/{rel}","templated":true}]}}