{"id":603,"date":"2011-10-17T17:34:09","date_gmt":"2011-10-17T15:34:09","guid":{"rendered":"http:\/\/christianstrasse.de\/8nhd0g15eq\/?page_id=603"},"modified":"2011-10-23T12:30:10","modified_gmt":"2011-10-23T10:30:10","slug":"rostzwiebeln","status":"publish","type":"page","link":"https:\/\/christianstrasse.de\/8nhd0g15eq\/?page_id=603","title":{"rendered":"R\u00f6stzwiebeln (R)"},"content":{"rendered":"<p style=\"text-align: left;\"><a href=\"http:\/\/christianstrasse.de\/8nhd0g15eq\/wp-content\/uploads\/IMG_3010.jpg\"><img loading=\"lazy\" decoding=\"async\" class=\"aligncenter size-full wp-image-604\" title=\"IMG_3010\" src=\"http:\/\/christianstrasse.de\/8nhd0g15eq\/wp-content\/uploads\/IMG_3010.jpg\" alt=\"\" width=\"655\" height=\"437\" srcset=\"https:\/\/christianstrasse.de\/8nhd0g15eq\/wp-content\/uploads\/IMG_3010.jpg 1024w, https:\/\/christianstrasse.de\/8nhd0g15eq\/wp-content\/uploads\/IMG_3010-300x200.jpg 300w\" sizes=\"auto, (max-width: 655px) 100vw, 655px\" \/><\/a><\/p>\n<p style=\"text-align: left;\">R\u00f6stzwiebeln sind eine unverzichtbare Zutat f\u00fcr Hotdogs und eigentlich die einzige Komponente, die man selbst herstellen kann.<\/p>\n<p style=\"text-align: left;\">Da wir in diesem Fall ausnahmsweise rote Zwiebeln genommen haben, werden die R\u00f6stzwiebeln dunkler als gew\u00f6hnlich.<\/p>\n<div class=\"hrecipe custom\">\n<h2 class=\"fn\">Rezept: R\u00f6stzwiebeln<\/h2>\n<p class=\"summary\"><strong>Kurzbeschreibung<\/strong>: <em>stellen Sie Ihre Bauchspeicheldr\u00fcse vor vollendete Tatsachen<\/em><\/p>\n<div class=\"ingredients\">\n<h4 class=\"ingredients\">Zutaten<\/h4>\n<ul class=\"ingredients\">\n<li class=\"ingredient\">1 gro\u00dfe Zwiebel<\/li>\n<li class=\"ingredient\">125 ml hocherhitzbares \u00d6l (Raps, Erdnuss etc.)<\/li>\n<li class=\"ingredient\">1 1\/2 EL Mehl<\/li>\n<li class=\"ingredient\">Salz<\/li>\n<\/ul>\n<\/div>\n<div class=\"instructions\">\n<h4 class=\"instructions\">Zubereitung<\/h4>\n<ol class=\"instructions\">\n<li>Die Zwiebel in gleichm\u00e4ssige nicht zu kleine St\u00fccke schneiden, mit dem Mehl best\u00e4uben und gut vermengen<\/li>\n<li>Das \u00d6l in einer grossen Pfanne erhitzen<\/li>\n<li>Die Zwiebelst\u00fccke ins heisse \u00d6l geben und unter regelm\u00e4ssigem Umr\u00fchren ca. 5 Min. bis zur gew\u00fcnschten Br\u00e4une r\u00f6sten<\/li>\n<li>Zwiebeln in einem Sieb vom \u00d6l trennen und auf K\u00fcchenpapier trocknen.<\/li>\n<li>Salzen und servieren<\/li>\n<\/ol>\n<\/div>\n<p>Zubereitungszeit: <span class=\"preptime\">10 Min<br \/>\n<\/span><\/p>\n<p class=\"yield\"><span class=\"hrlabel\">Portionen: <\/span><span class=\"hritem\">2<\/span><\/p>\n<\/div>\n<p style=\"text-align: left;\"><a title=\"Junkfood\" href=\"http:\/\/christianstrasse.de\/8nhd0g15eq\/?page_id=447\">zur\u00fcck<\/a><\/p>\n","protected":false},"excerpt":{"rendered":"<p>R\u00f6stzwiebeln sind eine unverzichtbare Zutat f\u00fcr Hotdogs und eigentlich die einzige Komponente, die man selbst herstellen kann. Da wir in diesem Fall ausnahmsweise rote Zwiebeln genommen haben, werden die R\u00f6stzwiebeln dunkler als gew\u00f6hnlich. Rezept: R\u00f6stzwiebeln Kurzbeschreibung: stellen Sie Ihre Bauchspeicheldr\u00fcse vor vollendete Tatsachen Zutaten 1 gro\u00dfe Zwiebel 125 ml hocherhitzbares \u00d6l (Raps, Erdnuss etc.) 1 [&hellip;]<\/p>\n","protected":false},"author":606,"featured_media":0,"parent":447,"menu_order":0,"comment_status":"open","ping_status":"closed","template":"","meta":{"ngg_post_thumbnail":0,"footnotes":""},"class_list":["post-603","page","type-page","status-publish","hentry"],"_links":{"self":[{"href":"https:\/\/christianstrasse.de\/8nhd0g15eq\/index.php?rest_route=\/wp\/v2\/pages\/603","targetHints":{"allow":["GET"]}}],"collection":[{"href":"https:\/\/christianstrasse.de\/8nhd0g15eq\/index.php?rest_route=\/wp\/v2\/pages"}],"about":[{"href":"https:\/\/christianstrasse.de\/8nhd0g15eq\/index.php?rest_route=\/wp\/v2\/types\/page"}],"author":[{"embeddable":true,"href":"https:\/\/christianstrasse.de\/8nhd0g15eq\/index.php?rest_route=\/wp\/v2\/users\/606"}],"replies":[{"embeddable":true,"href":"https:\/\/christianstrasse.de\/8nhd0g15eq\/index.php?rest_route=%2Fwp%2Fv2%2Fcomments&post=603"}],"version-history":[{"count":0,"href":"https:\/\/christianstrasse.de\/8nhd0g15eq\/index.php?rest_route=\/wp\/v2\/pages\/603\/revisions"}],"up":[{"embeddable":true,"href":"https:\/\/christianstrasse.de\/8nhd0g15eq\/index.php?rest_route=\/wp\/v2\/pages\/447"}],"wp:attachment":[{"href":"https:\/\/christianstrasse.de\/8nhd0g15eq\/index.php?rest_route=%2Fwp%2Fv2%2Fmedia&parent=603"}],"curies":[{"name":"wp","href":"https:\/\/api.w.org\/{rel}","templated":true}]}}