{"id":54,"date":"2011-09-06T11:12:17","date_gmt":"2011-09-06T09:12:17","guid":{"rendered":"http:\/\/christianstrasse.de\/8nhd0g15eq\/?page_id=54"},"modified":"2012-10-01T14:00:53","modified_gmt":"2012-10-01T13:00:53","slug":"boeuf-bourguignon","status":"publish","type":"page","link":"https:\/\/christianstrasse.de\/8nhd0g15eq\/?page_id=54","title":{"rendered":"Boeuf bourguignon I (R)"},"content":{"rendered":"<!-- default-view.php -->\n<div\n\tclass=\"ngg-galleryoverview default-view \n\t\t\"\n\tid=\"ngg-gallery-050677072790c8636912b10cb9988da9-1\">\n\n\t\t<!-- Thumbnails -->\n\t\t\t\t<div id=\"ngg-image-0\" class=\"ngg-gallery-thumbnail-box \n\t\t\t\t\t\t\t\t\t\t\t\" \n\t\t\t>\n\t\t\t\t\t\t<div class=\"ngg-gallery-thumbnail\">\n\t\t\t<a href=\"https:\/\/christianstrasse.de\/8nhd0g15eq\/wp-content\/gallery\/boeuf-bourguignon\/l_img_20071021_144800_1024.jpg\"\n\t\t\t\ttitle=\"\"\n\t\t\t\tdata-src=\"https:\/\/christianstrasse.de\/8nhd0g15eq\/wp-content\/gallery\/boeuf-bourguignon\/l_img_20071021_144800_1024.jpg\"\n\t\t\t\tdata-thumbnail=\"https:\/\/christianstrasse.de\/8nhd0g15eq\/wp-content\/gallery\/boeuf-bourguignon\/thumbs\/thumbs_l_img_20071021_144800_1024.jpg\"\n\t\t\t\tdata-image-id=\"181\"\n\t\t\t\tdata-title=\"Die Zutaten\"\n\t\t\t\tdata-description=\"\"\n\t\t\t\tdata-image-slug=\"die-zutaten\"\n\t\t\t\tclass='use_imagebrowser_effect' data-imagebrowser-url='https:\/\/christianstrasse.de\/8nhd0g15eq\/index.php\/nggallery\/image\/%STUB%?page_id=54'>\n\t\t\t\t<img\n\t\t\t\t\ttitle=\"Die Zutaten\"\n\t\t\t\t\talt=\"Die Zutaten\"\n\t\t\t\t\tsrc=\"https:\/\/christianstrasse.de\/8nhd0g15eq\/wp-content\/gallery\/boeuf-bourguignon\/thumbs\/thumbs_l_img_20071021_144800_1024.jpg\"\n\t\t\t\t\twidth=\"110\"\n\t\t\t\t\theight=\"82\"\n\t\t\t\t\tstyle=\"max-width:100%;\"\n\t\t\t\t\/>\n\t\t\t<\/a>\n\t\t<\/div>\n\t\t\t\t\t\t\t<\/div> \n\t\t\t\n\t\t\t\t<div id=\"ngg-image-1\" class=\"ngg-gallery-thumbnail-box \n\t\t\t\t\t\t\t\t\t\t\t\" \n\t\t\t>\n\t\t\t\t\t\t<div class=\"ngg-gallery-thumbnail\">\n\t\t\t<a href=\"https:\/\/christianstrasse.de\/8nhd0g15eq\/wp-content\/gallery\/boeuf-bourguignon\/l_img_20071021_150601.jpg\"\n\t\t\t\ttitle=\"\"\n\t\t\t\tdata-src=\"https:\/\/christianstrasse.de\/8nhd0g15eq\/wp-content\/gallery\/boeuf-bourguignon\/l_img_20071021_150601.jpg\"\n\t\t\t\tdata-thumbnail=\"https:\/\/christianstrasse.de\/8nhd0g15eq\/wp-content\/gallery\/boeuf-bourguignon\/thumbs\/thumbs_l_img_20071021_150601.jpg\"\n\t\t\t\tdata-image-id=\"22\"\n\t\t\t\tdata-title=\"Erste H\u00e4lfte eingeschichtet\"\n\t\t\t\tdata-description=\"\"\n\t\t\t\tdata-image-slug=\"erste-halfte-eingeschichtet\"\n\t\t\t\tclass='use_imagebrowser_effect' data-imagebrowser-url='https:\/\/christianstrasse.de\/8nhd0g15eq\/index.php\/nggallery\/image\/%STUB%?page_id=54'>\n\t\t\t\t<img\n\t\t\t\t\ttitle=\"Erste H\u00e4lfte eingeschichtet\"\n\t\t\t\t\talt=\"Erste H\u00e4lfte eingeschichtet\"\n\t\t\t\t\tsrc=\"https:\/\/christianstrasse.de\/8nhd0g15eq\/wp-content\/gallery\/boeuf-bourguignon\/thumbs\/thumbs_l_img_20071021_150601.jpg\"\n\t\t\t\t\twidth=\"110\"\n\t\t\t\t\theight=\"82\"\n\t\t\t\t\tstyle=\"max-width:100%;\"\n\t\t\t\t\/>\n\t\t\t<\/a>\n\t\t<\/div>\n\t\t\t\t\t\t\t<\/div> \n\t\t\t\n\t\t\t\t<div id=\"ngg-image-2\" class=\"ngg-gallery-thumbnail-box \n\t\t\t\t\t\t\t\t\t\t\t\" \n\t\t\t>\n\t\t\t\t\t\t<div class=\"ngg-gallery-thumbnail\">\n\t\t\t<a href=\"https:\/\/christianstrasse.de\/8nhd0g15eq\/wp-content\/gallery\/boeuf-bourguignon\/l_img_20071021_150600_1024.jpg\"\n\t\t\t\ttitle=\"\"\n\t\t\t\tdata-src=\"https:\/\/christianstrasse.de\/8nhd0g15eq\/wp-content\/gallery\/boeuf-bourguignon\/l_img_20071021_150600_1024.jpg\"\n\t\t\t\tdata-thumbnail=\"https:\/\/christianstrasse.de\/8nhd0g15eq\/wp-content\/gallery\/boeuf-bourguignon\/thumbs\/thumbs_l_img_20071021_150600_1024.jpg\"\n\t\t\t\tdata-image-id=\"183\"\n\t\t\t\tdata-title=\"Die zweite H\u00e4lfte liegt bereit\"\n\t\t\t\tdata-description=\"\"\n\t\t\t\tdata-image-slug=\"die-zweite-halfte-liegt-bereit\"\n\t\t\t\tclass='use_imagebrowser_effect' data-imagebrowser-url='https:\/\/christianstrasse.de\/8nhd0g15eq\/index.php\/nggallery\/image\/%STUB%?page_id=54'>\n\t\t\t\t<img\n\t\t\t\t\ttitle=\"Die zweite H\u00e4lfte liegt bereit\"\n\t\t\t\t\talt=\"Die zweite H\u00e4lfte liegt bereit\"\n\t\t\t\t\tsrc=\"https:\/\/christianstrasse.de\/8nhd0g15eq\/wp-content\/gallery\/boeuf-bourguignon\/thumbs\/thumbs_l_img_20071021_150600_1024.jpg\"\n\t\t\t\t\twidth=\"110\"\n\t\t\t\t\theight=\"82\"\n\t\t\t\t\tstyle=\"max-width:100%;\"\n\t\t\t\t\/>\n\t\t\t<\/a>\n\t\t<\/div>\n\t\t\t\t\t\t\t<\/div> \n\t\t\t\n\t\t\t\t<div id=\"ngg-image-3\" class=\"ngg-gallery-thumbnail-box \n\t\t\t\t\t\t\t\t\t\t\t\" \n\t\t\t>\n\t\t\t\t\t\t<div class=\"ngg-gallery-thumbnail\">\n\t\t\t<a href=\"https:\/\/christianstrasse.de\/8nhd0g15eq\/wp-content\/gallery\/boeuf-bourguignon\/l_img_20071021_150900.jpg\"\n\t\t\t\ttitle=\"\"\n\t\t\t\tdata-src=\"https:\/\/christianstrasse.de\/8nhd0g15eq\/wp-content\/gallery\/boeuf-bourguignon\/l_img_20071021_150900.jpg\"\n\t\t\t\tdata-thumbnail=\"https:\/\/christianstrasse.de\/8nhd0g15eq\/wp-content\/gallery\/boeuf-bourguignon\/thumbs\/thumbs_l_img_20071021_150900.jpg\"\n\t\t\t\tdata-image-id=\"23\"\n\t\t\t\tdata-title=\"Noch eine Lage Karotten und Zwiebeln\"\n\t\t\t\tdata-description=\"\"\n\t\t\t\tdata-image-slug=\"noch-eine-lage-karotten-und-zwiebeln\"\n\t\t\t\tclass='use_imagebrowser_effect' data-imagebrowser-url='https:\/\/christianstrasse.de\/8nhd0g15eq\/index.php\/nggallery\/image\/%STUB%?page_id=54'>\n\t\t\t\t<img\n\t\t\t\t\ttitle=\"Noch eine Lage Karotten und Zwiebeln\"\n\t\t\t\t\talt=\"Noch eine Lage Karotten und Zwiebeln\"\n\t\t\t\t\tsrc=\"https:\/\/christianstrasse.de\/8nhd0g15eq\/wp-content\/gallery\/boeuf-bourguignon\/thumbs\/thumbs_l_img_20071021_150900.jpg\"\n\t\t\t\t\twidth=\"110\"\n\t\t\t\t\theight=\"82\"\n\t\t\t\t\tstyle=\"max-width:100%;\"\n\t\t\t\t\/>\n\t\t\t<\/a>\n\t\t<\/div>\n\t\t\t\t\t\t\t<\/div> \n\t\t\t\n\t\t\t\t<div id=\"ngg-image-4\" class=\"ngg-gallery-thumbnail-box \n\t\t\t\t\t\t\t\t\t\t\t\" \n\t\t\t>\n\t\t\t\t\t\t<div class=\"ngg-gallery-thumbnail\">\n\t\t\t<a href=\"https:\/\/christianstrasse.de\/8nhd0g15eq\/wp-content\/gallery\/boeuf-bourguignon\/l_img_20071021_151700_1024.jpg\"\n\t\t\t\ttitle=\"\"\n\t\t\t\tdata-src=\"https:\/\/christianstrasse.de\/8nhd0g15eq\/wp-content\/gallery\/boeuf-bourguignon\/l_img_20071021_151700_1024.jpg\"\n\t\t\t\tdata-thumbnail=\"https:\/\/christianstrasse.de\/8nhd0g15eq\/wp-content\/gallery\/boeuf-bourguignon\/thumbs\/thumbs_l_img_20071021_151700_1024.jpg\"\n\t\t\t\tdata-image-id=\"186\"\n\t\t\t\tdata-title=\"Fleisch und Pilze dazu\"\n\t\t\t\tdata-description=\"\"\n\t\t\t\tdata-image-slug=\"fleisch-und-pilze-dazu\"\n\t\t\t\tclass='use_imagebrowser_effect' data-imagebrowser-url='https:\/\/christianstrasse.de\/8nhd0g15eq\/index.php\/nggallery\/image\/%STUB%?page_id=54'>\n\t\t\t\t<img\n\t\t\t\t\ttitle=\"Fleisch und Pilze dazu\"\n\t\t\t\t\talt=\"Fleisch und Pilze dazu\"\n\t\t\t\t\tsrc=\"https:\/\/christianstrasse.de\/8nhd0g15eq\/wp-content\/gallery\/boeuf-bourguignon\/thumbs\/thumbs_l_img_20071021_151700_1024.jpg\"\n\t\t\t\t\twidth=\"110\"\n\t\t\t\t\theight=\"82\"\n\t\t\t\t\tstyle=\"max-width:100%;\"\n\t\t\t\t\/>\n\t\t\t<\/a>\n\t\t<\/div>\n\t\t\t\t\t\t\t<\/div> \n\t\t\t\n\t\t\t\t<div id=\"ngg-image-5\" class=\"ngg-gallery-thumbnail-box \n\t\t\t\t\t\t\t\t\t\t\t\" \n\t\t\t>\n\t\t\t\t\t\t<div class=\"ngg-gallery-thumbnail\">\n\t\t\t<a href=\"https:\/\/christianstrasse.de\/8nhd0g15eq\/wp-content\/gallery\/boeuf-bourguignon\/l_img_20071021_152500.jpg\"\n\t\t\t\ttitle=\"\"\n\t\t\t\tdata-src=\"https:\/\/christianstrasse.de\/8nhd0g15eq\/wp-content\/gallery\/boeuf-bourguignon\/l_img_20071021_152500.jpg\"\n\t\t\t\tdata-thumbnail=\"https:\/\/christianstrasse.de\/8nhd0g15eq\/wp-content\/gallery\/boeuf-bourguignon\/thumbs\/thumbs_l_img_20071021_152500.jpg\"\n\t\t\t\tdata-image-id=\"24\"\n\t\t\t\tdata-title=\"Viele Pilze\"\n\t\t\t\tdata-description=\"\"\n\t\t\t\tdata-image-slug=\"viele-pilze\"\n\t\t\t\tclass='use_imagebrowser_effect' data-imagebrowser-url='https:\/\/christianstrasse.de\/8nhd0g15eq\/index.php\/nggallery\/image\/%STUB%?page_id=54'>\n\t\t\t\t<img\n\t\t\t\t\ttitle=\"Viele Pilze\"\n\t\t\t\t\talt=\"Viele Pilze\"\n\t\t\t\t\tsrc=\"https:\/\/christianstrasse.de\/8nhd0g15eq\/wp-content\/gallery\/boeuf-bourguignon\/thumbs\/thumbs_l_img_20071021_152500.jpg\"\n\t\t\t\t\twidth=\"110\"\n\t\t\t\t\theight=\"82\"\n\t\t\t\t\tstyle=\"max-width:100%;\"\n\t\t\t\t\/>\n\t\t\t<\/a>\n\t\t<\/div>\n\t\t\t\t\t\t\t<\/div> \n\t\t\t\n\t\t\t\t<div id=\"ngg-image-6\" class=\"ngg-gallery-thumbnail-box \n\t\t\t\t\t\t\t\t\t\t\t\" \n\t\t\t>\n\t\t\t\t\t\t<div class=\"ngg-gallery-thumbnail\">\n\t\t\t<a href=\"https:\/\/christianstrasse.de\/8nhd0g15eq\/wp-content\/gallery\/boeuf-bourguignon\/l_img_20071021_152900.jpg\"\n\t\t\t\ttitle=\"\"\n\t\t\t\tdata-src=\"https:\/\/christianstrasse.de\/8nhd0g15eq\/wp-content\/gallery\/boeuf-bourguignon\/l_img_20071021_152900.jpg\"\n\t\t\t\tdata-thumbnail=\"https:\/\/christianstrasse.de\/8nhd0g15eq\/wp-content\/gallery\/boeuf-bourguignon\/thumbs\/thumbs_l_img_20071021_152900.jpg\"\n\t\t\t\tdata-image-id=\"25\"\n\t\t\t\tdata-title=\"Mit Speck bedeckt und Rotwein angegossen\"\n\t\t\t\tdata-description=\"\"\n\t\t\t\tdata-image-slug=\"mit-speck-bedeckt-und-rotwein-angegossen\"\n\t\t\t\tclass='use_imagebrowser_effect' data-imagebrowser-url='https:\/\/christianstrasse.de\/8nhd0g15eq\/index.php\/nggallery\/image\/%STUB%?page_id=54'>\n\t\t\t\t<img\n\t\t\t\t\ttitle=\"Mit Speck bedeckt und Rotwein angegossen\"\n\t\t\t\t\talt=\"Mit Speck bedeckt und Rotwein angegossen\"\n\t\t\t\t\tsrc=\"https:\/\/christianstrasse.de\/8nhd0g15eq\/wp-content\/gallery\/boeuf-bourguignon\/thumbs\/thumbs_l_img_20071021_152900.jpg\"\n\t\t\t\t\twidth=\"110\"\n\t\t\t\t\theight=\"82\"\n\t\t\t\t\tstyle=\"max-width:100%;\"\n\t\t\t\t\/>\n\t\t\t<\/a>\n\t\t<\/div>\n\t\t\t\t\t\t\t<\/div> \n\t\t\t\n\t\t\t\t<div id=\"ngg-image-7\" class=\"ngg-gallery-thumbnail-box \n\t\t\t\t\t\t\t\t\t\t\t\" \n\t\t\t>\n\t\t\t\t\t\t<div class=\"ngg-gallery-thumbnail\">\n\t\t\t<a href=\"https:\/\/christianstrasse.de\/8nhd0g15eq\/wp-content\/gallery\/boeuf-bourguignon\/l_img_20071021_200800_1024.jpg\"\n\t\t\t\ttitle=\"\"\n\t\t\t\tdata-src=\"https:\/\/christianstrasse.de\/8nhd0g15eq\/wp-content\/gallery\/boeuf-bourguignon\/l_img_20071021_200800_1024.jpg\"\n\t\t\t\tdata-thumbnail=\"https:\/\/christianstrasse.de\/8nhd0g15eq\/wp-content\/gallery\/boeuf-bourguignon\/thumbs\/thumbs_l_img_20071021_200800_1024.jpg\"\n\t\t\t\tdata-image-id=\"189\"\n\t\t\t\tdata-title=\"4 1\/2 Stunden sp\u00e4ter\"\n\t\t\t\tdata-description=\"\"\n\t\t\t\tdata-image-slug=\"4-12-stunden-spater\"\n\t\t\t\tclass='use_imagebrowser_effect' data-imagebrowser-url='https:\/\/christianstrasse.de\/8nhd0g15eq\/index.php\/nggallery\/image\/%STUB%?page_id=54'>\n\t\t\t\t<img\n\t\t\t\t\ttitle=\"4 1\/2 Stunden sp\u00e4ter\"\n\t\t\t\t\talt=\"4 1\/2 Stunden sp\u00e4ter\"\n\t\t\t\t\tsrc=\"https:\/\/christianstrasse.de\/8nhd0g15eq\/wp-content\/gallery\/boeuf-bourguignon\/thumbs\/thumbs_l_img_20071021_200800_1024.jpg\"\n\t\t\t\t\twidth=\"110\"\n\t\t\t\t\theight=\"82\"\n\t\t\t\t\tstyle=\"max-width:100%;\"\n\t\t\t\t\/>\n\t\t\t<\/a>\n\t\t<\/div>\n\t\t\t\t\t\t\t<\/div> \n\t\t\t\n\t\n\t<br style=\"clear: both\" \/>\n\n\t\n\t\t<!-- Pagination -->\n\t\t<div class='ngg-clear'><\/div>\t<\/div>\n\n<p>Diese Variante zeichnet sich dadurch aus, dass alle Bestandteile \u00fcbereiander geschichtet werden und ohne anzubraten w\u00e4hrend des Kochens langsam von den Aromen des Weins durchdrungen werden. Durch den gek\u00fchlten Deckel entweicht nur wenig vom Alkohol<\/p>\n<div class=\"hrecipe custom\">\n<h2 class=\"fn\">Rezept<\/h2>\n<p class=\"summary\"><strong>Kurzbeschreibung<\/strong>: <em>Rindfleischtopf<\/em><\/p>\n<div class=\"ingredients\">\n<h4 class=\"ingredients\">Zutaten<\/h4>\n<ul class=\"ingredients\">\n<li class=\"ingredient\">1,5 kg Rinderschmorbraten aus der Keule<\/li>\n<li class=\"ingredient\">200 g durchwachsener R\u00e4ucherspeck in Scheiben<\/li>\n<li class=\"ingredient\">750 g Karotten<\/li>\n<li class=\"ingredient\">500 g Zwiebeln<\/li>\n<li class=\"ingredient\">500 g Champignons<\/li>\n<li class=\"ingredient\">Knoblauch<\/li>\n<li class=\"ingredient\">1 &#8211; 1 1\/2 Flaschen Burgunder<\/li>\n<li class=\"ingredient\">Salz; Pfeffer<\/li>\n<\/ul>\n<\/div>\n<div class=\"instructions\">\n<h4 class=\"instructions\">Zubereitung<\/h4>\n<ol class=\"instructions\">\n<li>Die Karotten sch\u00e4len und in d\u00fcnne Scheiben hobeln<\/li>\n<li>Champignons trocken abreiben, putzen und bl\u00e4ttrig schneiden<\/li>\n<li>Zwiebeln sch\u00e4len und w\u00fcrfeln<\/li>\n<li>Nach Geschmack (aber mindestens 2 Zehen) Knoblauch sch\u00e4len und hacken<\/li>\n<li>Rindfleisch parallel zur Faser in fingerdicke Scheiben schneiden.<\/li>\n<li>In einen grossen Schmortopf einschichten:<\/li>\n<li>Jeweils die H\u00e4lfte vom Speck,der Karotten, der Zwiebeln, der Rindfleischscheiben und des Knoblauchs<\/li>\n<li>Salzen und pfeffern<\/li>\n<li>Nun den Rest vom Speck, der Karotten, der Zwiebeln, der Rindfleischscheiben und des Knoblauchs einschichten<\/li>\n<li>Wieder salzen und pfeffern<\/li>\n<li>Die Champignons darauf verteilen, alles mit dem restlichen Speck abdecken und den Rotwein angiessen<\/li>\n<li>Den Topf mit einem gut sitzenden Deckel verschliessen. Bei kleinster Hitze 4-5 Std garen.<\/li>\n<li>Dazu Baguette<\/li>\n<\/ol>\n<\/div>\n<p>Zubereitungszeit: 5-6 Std., davon 1 Std. Vorbereitung und 4-5 Std. Garzeit<\/p>\n<p class=\"yield\"><span class=\"hrlabel\">Portionen: <\/span><span class=\"hritem\">8<\/span><\/p>\n<\/div>\n<p>Quelle [<a title=\"Kochb\u00fccher\" href=\"http:\/\/christianstrasse.de\/8nhd0g15eq\/?page_id=180\">03<\/a>], S. 94<\/p>\n<p>Anmerkung: Das Boeuf bourguignon dieser Machart gelingt am besten, wenn man einen Schmortopf mit einem vertieften Deckel wie den <a href=\"http:\/\/www.lecreuset.de\" target=\"_blank\">Le Creuset<\/a> Doufeu verwendet. In die Vertiefung werden Eisw\u00fcrfel gelegt, so dass Alkohol und Wasser nach dem Prinzip der R\u00fcckflussk\u00fchlung vollst\u00e4ndig kondensieren. Daher ist dieses Gericht wegen des Alkoholgehalts f\u00fcr Kinder ungeeignet.<\/p>\n<p>Es gibt jedoch etwa soviele Rezepte f\u00fcr ein Boeuf bourguignon, wie es D\u00f6rfer in Burgund gibt. Die Konstanten sind nur Rindfleich, Speck, Zwieblen und Rotwein. Das Fleisch wird h\u00e4ufig uber Nacht im Burgunder mariniert, angebraten und dann erst nach Zugabe der Marinade geschmort. Gegen Ende werden glasierte Perlzwiebeln dazugegeben (s.\u00a0<a title=\"Boeuf bourguignon II (R)\" href=\"http:\/\/christianstrasse.de\/8nhd0g15eq\/?page_id=1436\">Boeuf bourguignon II<\/a>) . Es ist wie so oft eine Frage des eigenen Geschmacks.<\/p>\n<p><a title=\"Fleisch\" href=\"http:\/\/christianstrasse.de\/8nhd0g15eq\/?page_id=199\">zur\u00fcck<\/a><\/p>\n","protected":false},"excerpt":{"rendered":"<p>Diese Variante zeichnet sich dadurch aus, dass alle Bestandteile \u00fcbereiander geschichtet werden und ohne anzubraten w\u00e4hrend des Kochens langsam von den Aromen des Weins durchdrungen werden. Durch den gek\u00fchlten Deckel entweicht nur wenig vom Alkohol Rezept Kurzbeschreibung: Rindfleischtopf Zutaten 1,5 kg Rinderschmorbraten aus der Keule 200 g durchwachsener R\u00e4ucherspeck in Scheiben 750 g Karotten 500 [&hellip;]<\/p>\n","protected":false},"author":606,"featured_media":0,"parent":199,"menu_order":0,"comment_status":"open","ping_status":"open","template":"","meta":{"ngg_post_thumbnail":0,"footnotes":""},"class_list":["post-54","page","type-page","status-publish","hentry"],"_links":{"self":[{"href":"https:\/\/christianstrasse.de\/8nhd0g15eq\/index.php?rest_route=\/wp\/v2\/pages\/54","targetHints":{"allow":["GET"]}}],"collection":[{"href":"https:\/\/christianstrasse.de\/8nhd0g15eq\/index.php?rest_route=\/wp\/v2\/pages"}],"about":[{"href":"https:\/\/christianstrasse.de\/8nhd0g15eq\/index.php?rest_route=\/wp\/v2\/types\/page"}],"author":[{"embeddable":true,"href":"https:\/\/christianstrasse.de\/8nhd0g15eq\/index.php?rest_route=\/wp\/v2\/users\/606"}],"replies":[{"embeddable":true,"href":"https:\/\/christianstrasse.de\/8nhd0g15eq\/index.php?rest_route=%2Fwp%2Fv2%2Fcomments&post=54"}],"version-history":[{"count":0,"href":"https:\/\/christianstrasse.de\/8nhd0g15eq\/index.php?rest_route=\/wp\/v2\/pages\/54\/revisions"}],"up":[{"embeddable":true,"href":"https:\/\/christianstrasse.de\/8nhd0g15eq\/index.php?rest_route=\/wp\/v2\/pages\/199"}],"wp:attachment":[{"href":"https:\/\/christianstrasse.de\/8nhd0g15eq\/index.php?rest_route=%2Fwp%2Fv2%2Fmedia&parent=54"}],"curies":[{"name":"wp","href":"https:\/\/api.w.org\/{rel}","templated":true}]}}