{"id":440,"date":"2011-09-26T15:36:19","date_gmt":"2011-09-26T13:36:19","guid":{"rendered":"http:\/\/christianstrasse.de\/8nhd0g15eq\/?page_id=440"},"modified":"2015-09-28T17:34:34","modified_gmt":"2015-09-28T16:34:34","slug":"geflugel-2","status":"publish","type":"page","link":"https:\/\/christianstrasse.de\/8nhd0g15eq\/?page_id=440","title":{"rendered":"Gefl\u00fcgel"},"content":{"rendered":"<p style=\"text-align: left;\"><a href=\"http:\/\/christianstrasse.de\/8nhd0g15eq\/wp-content\/uploads\/Birds.jpg\"><img loading=\"lazy\" decoding=\"async\" class=\"aligncenter size-full wp-image-441\" title=\"Birds\" src=\"http:\/\/christianstrasse.de\/8nhd0g15eq\/wp-content\/uploads\/Birds.jpg\" alt=\"\" width=\"655\" height=\"437\" \/><\/a><\/p>\n<p style=\"text-align: left;\"><a title=\"Ingwerente\" href=\"http:\/\/christianstrasse.de\/8nhd0g15eq\/?page_id=70\">Ingwerente (R),<\/a> birmesisch<\/p>\n<p style=\"text-align: left;\"><a title=\"Pollo alla diavola, Chili-\u00d6l\" href=\"http:\/\/christianstrasse.de\/8nhd0g15eq\/?page_id=856\">Pollo alla diavola, feat. Chili-\u00d6l (R)<\/a><\/p>\n<p style=\"text-align: left;\"><a title=\"Entenbrust mit Datteln\" href=\"http:\/\/christianstrasse.de\/8nhd0g15eq\/?page_id=888\">Entenbrust mit Datteln (R)<\/a><\/p>\n<p style=\"text-align: left;\"><a title=\"H\u00e4hnchen mit Oliven (R)\" href=\"http:\/\/christianstrasse.de\/8nhd0g15eq\/?page_id=1301\">H\u00e4hnchen mit Oliven (R)<\/a><\/p>\n<p><a title=\"Coq a&#96;la comtoise (R)\" href=\"http:\/\/christianstrasse.de\/8nhd0g15eq\/?page_id=1367\">Coq a`la comtoise (R)<\/a><\/p>\n<p style=\"text-align: left;\"><a title=\"100 Tomaten Huhn\" href=\"http:\/\/christianstrasse.de\/8nhd0g15eq\/?page_id=1769\">100 Tomaten Huhn (R)<\/a><\/p>\n<p style=\"text-align: left;\"><a title=\"Knoblauchhuhn (R)\" href=\"http:\/\/christianstrasse.de\/8nhd0g15eq\/?page_id=2166\">Knoblauchhuhn (R)<\/a><\/p>\n<p style=\"text-align: left;\">\n<p style=\"text-align: left;\"><a title=\"Die Kochseite\" href=\"http:\/\/christianstrasse.de\/8nhd0g15eq\/?page_id=42\">zur\u00fcck<\/a><\/p>\n","protected":false},"excerpt":{"rendered":"<p>Ingwerente (R), birmesisch Pollo alla diavola, feat. Chili-\u00d6l (R) Entenbrust mit Datteln (R) H\u00e4hnchen mit Oliven (R) Coq a`la comtoise (R) 100 Tomaten Huhn (R) Knoblauchhuhn (R) zur\u00fcck<\/p>\n","protected":false},"author":606,"featured_media":0,"parent":42,"menu_order":0,"comment_status":"open","ping_status":"closed","template":"","meta":{"ngg_post_thumbnail":0,"footnotes":""},"class_list":["post-440","page","type-page","status-publish","hentry"],"_links":{"self":[{"href":"https:\/\/christianstrasse.de\/8nhd0g15eq\/index.php?rest_route=\/wp\/v2\/pages\/440","targetHints":{"allow":["GET"]}}],"collection":[{"href":"https:\/\/christianstrasse.de\/8nhd0g15eq\/index.php?rest_route=\/wp\/v2\/pages"}],"about":[{"href":"https:\/\/christianstrasse.de\/8nhd0g15eq\/index.php?rest_route=\/wp\/v2\/types\/page"}],"author":[{"embeddable":true,"href":"https:\/\/christianstrasse.de\/8nhd0g15eq\/index.php?rest_route=\/wp\/v2\/users\/606"}],"replies":[{"embeddable":true,"href":"https:\/\/christianstrasse.de\/8nhd0g15eq\/index.php?rest_route=%2Fwp%2Fv2%2Fcomments&post=440"}],"version-history":[{"count":0,"href":"https:\/\/christianstrasse.de\/8nhd0g15eq\/index.php?rest_route=\/wp\/v2\/pages\/440\/revisions"}],"up":[{"embeddable":true,"href":"https:\/\/christianstrasse.de\/8nhd0g15eq\/index.php?rest_route=\/wp\/v2\/pages\/42"}],"wp:attachment":[{"href":"https:\/\/christianstrasse.de\/8nhd0g15eq\/index.php?rest_route=%2Fwp%2Fv2%2Fmedia&parent=440"}],"curies":[{"name":"wp","href":"https:\/\/api.w.org\/{rel}","templated":true}]}}