{"id":424,"date":"2011-09-25T18:09:54","date_gmt":"2011-09-25T16:09:54","guid":{"rendered":"http:\/\/christianstrasse.de\/8nhd0g15eq\/?page_id=424"},"modified":"2016-02-29T11:45:49","modified_gmt":"2016-02-29T10:45:49","slug":"flora-und-fauna","status":"publish","type":"page","link":"https:\/\/christianstrasse.de\/8nhd0g15eq\/?page_id=424","title":{"rendered":"Flora und Fauna"},"content":{"rendered":"<p style=\"text-align: center;\"><a href=\"http:\/\/christianstrasse.de\/8nhd0g15eq\/wp-content\/uploads\/flora.jpg\"><img loading=\"lazy\" decoding=\"async\" class=\"aligncenter size-full wp-image-426\" title=\"flora\" src=\"http:\/\/christianstrasse.de\/8nhd0g15eq\/wp-content\/uploads\/flora.jpg\" alt=\"\" width=\"645\" height=\"430\" srcset=\"https:\/\/christianstrasse.de\/8nhd0g15eq\/wp-content\/uploads\/flora.jpg 1024w, https:\/\/christianstrasse.de\/8nhd0g15eq\/wp-content\/uploads\/flora-300x200.jpg 300w\" sizes=\"auto, (max-width: 645px) 100vw, 645px\" \/><\/a><\/p>\n<p style=\"text-align: left;\"><a title=\"Die Clivie bl\u00fcht (Januar 2013)\" href=\"http:\/\/christianstrasse.de\/8nhd0g15eq\/?page_id=1568\">Die Clivie bl\u00fcht 01.2013<\/a><\/p>\n<p style=\"text-align: left;\"><a href=\"http:\/\/christianstrasse.de\/8nhd0g15eq\/?page_id=2258\">Die Clivie bl\u00fcht 02.2016<\/a><\/p>\n<p style=\"text-align: left;\"><a title=\"Holgers Seiten\" href=\"http:\/\/christianstrasse.de\/8nhd0g15eq\/?page_id=30\">zur\u00fcck<\/a><\/p>\n","protected":false},"excerpt":{"rendered":"<p>Die Clivie bl\u00fcht 01.2013 Die Clivie bl\u00fcht 02.2016 zur\u00fcck<\/p>\n","protected":false},"author":606,"featured_media":0,"parent":30,"menu_order":0,"comment_status":"open","ping_status":"closed","template":"","meta":{"ngg_post_thumbnail":0,"footnotes":""},"class_list":["post-424","page","type-page","status-publish","hentry"],"_links":{"self":[{"href":"https:\/\/christianstrasse.de\/8nhd0g15eq\/index.php?rest_route=\/wp\/v2\/pages\/424","targetHints":{"allow":["GET"]}}],"collection":[{"href":"https:\/\/christianstrasse.de\/8nhd0g15eq\/index.php?rest_route=\/wp\/v2\/pages"}],"about":[{"href":"https:\/\/christianstrasse.de\/8nhd0g15eq\/index.php?rest_route=\/wp\/v2\/types\/page"}],"author":[{"embeddable":true,"href":"https:\/\/christianstrasse.de\/8nhd0g15eq\/index.php?rest_route=\/wp\/v2\/users\/606"}],"replies":[{"embeddable":true,"href":"https:\/\/christianstrasse.de\/8nhd0g15eq\/index.php?rest_route=%2Fwp%2Fv2%2Fcomments&post=424"}],"version-history":[{"count":0,"href":"https:\/\/christianstrasse.de\/8nhd0g15eq\/index.php?rest_route=\/wp\/v2\/pages\/424\/revisions"}],"up":[{"embeddable":true,"href":"https:\/\/christianstrasse.de\/8nhd0g15eq\/index.php?rest_route=\/wp\/v2\/pages\/30"}],"wp:attachment":[{"href":"https:\/\/christianstrasse.de\/8nhd0g15eq\/index.php?rest_route=%2Fwp%2Fv2%2Fmedia&parent=424"}],"curies":[{"name":"wp","href":"https:\/\/api.w.org\/{rel}","templated":true}]}}