{"id":352,"date":"2011-09-22T14:42:08","date_gmt":"2011-09-22T12:42:08","guid":{"rendered":"http:\/\/christianstrasse.de\/8nhd0g15eq\/?page_id=352"},"modified":"2012-01-03T16:31:00","modified_gmt":"2012-01-03T15:31:00","slug":"chicago-2011","status":"publish","type":"page","link":"https:\/\/christianstrasse.de\/8nhd0g15eq\/?page_id=352","title":{"rendered":"Chicago"},"content":{"rendered":"<p style=\"text-align: center;\"><a href=\"http:\/\/christianstrasse.de\/8nhd0g15eq\/wp-content\/uploads\/Panorama_Chicago2-1-von-1.jpg\"><img loading=\"lazy\" decoding=\"async\" class=\"aligncenter  wp-image-1184\" title=\"Skyline mit Hancock Tower\" src=\"http:\/\/christianstrasse.de\/8nhd0g15eq\/wp-content\/uploads\/Panorama_Chicago2-1-von-1.jpg\" alt=\"\" width=\"635\" height=\"215\" \/><\/a><\/p>\n<p style=\"text-align: justify;\"><a title=\"Reisen\" href=\"http:\/\/christianstrasse.de\/8nhd0g15eq\/?page_id=114\"><!-- default-view.php -->\n<div\n\tclass=\"ngg-galleryoverview default-view \n\t\t\"\n\tid=\"ngg-gallery-bd82cecb1772782881db7b90ef238629-1\">\n\n\t\t<!-- Thumbnails -->\n\t\t\t\t<div id=\"ngg-image-0\" class=\"ngg-gallery-thumbnail-box \n\t\t\t\t\t\t\t\t\t\t\t\" \n\t\t\t>\n\t\t\t\t\t\t<div class=\"ngg-gallery-thumbnail\">\n\t\t\t<a href=\"https:\/\/christianstrasse.de\/8nhd0g15eq\/wp-content\/gallery\/chcago2011\/img_5518.jpg\"\n\t\t\t\ttitle=\"\"\n\t\t\t\tdata-src=\"https:\/\/christianstrasse.de\/8nhd0g15eq\/wp-content\/gallery\/chcago2011\/img_5518.jpg\"\n\t\t\t\tdata-thumbnail=\"https:\/\/christianstrasse.de\/8nhd0g15eq\/wp-content\/gallery\/chcago2011\/thumbs\/thumbs_img_5518.jpg\"\n\t\t\t\tdata-image-id=\"150\"\n\t\t\t\tdata-title=\"Marilyn\"\n\t\t\t\tdata-description=\"\"\n\t\t\t\tdata-image-slug=\"marilyn\"\n\t\t\t\tclass='use_imagebrowser_effect' data-imagebrowser-url='https:\/\/christianstrasse.de\/8nhd0g15eq\/index.php\/nggallery\/image\/%STUB%?page_id=352'>\n\t\t\t\t<img\n\t\t\t\t\ttitle=\"Marilyn\"\n\t\t\t\t\talt=\"Marilyn\"\n\t\t\t\t\tsrc=\"https:\/\/christianstrasse.de\/8nhd0g15eq\/wp-content\/gallery\/chcago2011\/thumbs\/thumbs_img_5518.jpg\"\n\t\t\t\t\twidth=\"110\"\n\t\t\t\t\theight=\"82\"\n\t\t\t\t\tstyle=\"max-width:100%;\"\n\t\t\t\t\/>\n\t\t\t<\/a>\n\t\t<\/div>\n\t\t\t\t\t\t\t<\/div> \n\t\t\t\n\t\t\t\t<div id=\"ngg-image-1\" class=\"ngg-gallery-thumbnail-box \n\t\t\t\t\t\t\t\t\t\t\t\" \n\t\t\t>\n\t\t\t\t\t\t<div class=\"ngg-gallery-thumbnail\">\n\t\t\t<a href=\"https:\/\/christianstrasse.de\/8nhd0g15eq\/wp-content\/gallery\/chcago2011\/img_5532.jpg\"\n\t\t\t\ttitle=\"\"\n\t\t\t\tdata-src=\"https:\/\/christianstrasse.de\/8nhd0g15eq\/wp-content\/gallery\/chcago2011\/img_5532.jpg\"\n\t\t\t\tdata-thumbnail=\"https:\/\/christianstrasse.de\/8nhd0g15eq\/wp-content\/gallery\/chcago2011\/thumbs\/thumbs_img_5532.jpg\"\n\t\t\t\tdata-image-id=\"151\"\n\t\t\t\tdata-title=\"Carbon and Carbide Building\"\n\t\t\t\tdata-description=\"\"\n\t\t\t\tdata-image-slug=\"carbon-and-carbide-building\"\n\t\t\t\tclass='use_imagebrowser_effect' data-imagebrowser-url='https:\/\/christianstrasse.de\/8nhd0g15eq\/index.php\/nggallery\/image\/%STUB%?page_id=352'>\n\t\t\t\t<img\n\t\t\t\t\ttitle=\"Carbon and Carbide Building\"\n\t\t\t\t\talt=\"Carbon and Carbide Building\"\n\t\t\t\t\tsrc=\"https:\/\/christianstrasse.de\/8nhd0g15eq\/wp-content\/gallery\/chcago2011\/thumbs\/thumbs_img_5532.jpg\"\n\t\t\t\t\twidth=\"110\"\n\t\t\t\t\theight=\"82\"\n\t\t\t\t\tstyle=\"max-width:100%;\"\n\t\t\t\t\/>\n\t\t\t<\/a>\n\t\t<\/div>\n\t\t\t\t\t\t\t<\/div> \n\t\t\t\n\t\t\t\t<div id=\"ngg-image-2\" class=\"ngg-gallery-thumbnail-box \n\t\t\t\t\t\t\t\t\t\t\t\" \n\t\t\t>\n\t\t\t\t\t\t<div class=\"ngg-gallery-thumbnail\">\n\t\t\t<a href=\"https:\/\/christianstrasse.de\/8nhd0g15eq\/wp-content\/gallery\/chcago2011\/img_5571.jpg\"\n\t\t\t\ttitle=\"\"\n\t\t\t\tdata-src=\"https:\/\/christianstrasse.de\/8nhd0g15eq\/wp-content\/gallery\/chcago2011\/img_5571.jpg\"\n\t\t\t\tdata-thumbnail=\"https:\/\/christianstrasse.de\/8nhd0g15eq\/wp-content\/gallery\/chcago2011\/thumbs\/thumbs_img_5571.jpg\"\n\t\t\t\tdata-image-id=\"152\"\n\t\t\t\tdata-title=\"img_5571\"\n\t\t\t\tdata-description=\"\"\n\t\t\t\tdata-image-slug=\"img_5571\"\n\t\t\t\tclass='use_imagebrowser_effect' data-imagebrowser-url='https:\/\/christianstrasse.de\/8nhd0g15eq\/index.php\/nggallery\/image\/%STUB%?page_id=352'>\n\t\t\t\t<img\n\t\t\t\t\ttitle=\"img_5571\"\n\t\t\t\t\talt=\"img_5571\"\n\t\t\t\t\tsrc=\"https:\/\/christianstrasse.de\/8nhd0g15eq\/wp-content\/gallery\/chcago2011\/thumbs\/thumbs_img_5571.jpg\"\n\t\t\t\t\twidth=\"110\"\n\t\t\t\t\theight=\"82\"\n\t\t\t\t\tstyle=\"max-width:100%;\"\n\t\t\t\t\/>\n\t\t\t<\/a>\n\t\t<\/div>\n\t\t\t\t\t\t\t<\/div> \n\t\t\t\n\t\t\t\t<div id=\"ngg-image-3\" class=\"ngg-gallery-thumbnail-box \n\t\t\t\t\t\t\t\t\t\t\t\" \n\t\t\t>\n\t\t\t\t\t\t<div class=\"ngg-gallery-thumbnail\">\n\t\t\t<a href=\"https:\/\/christianstrasse.de\/8nhd0g15eq\/wp-content\/gallery\/chcago2011\/img_5576.jpg\"\n\t\t\t\ttitle=\"\"\n\t\t\t\tdata-src=\"https:\/\/christianstrasse.de\/8nhd0g15eq\/wp-content\/gallery\/chcago2011\/img_5576.jpg\"\n\t\t\t\tdata-thumbnail=\"https:\/\/christianstrasse.de\/8nhd0g15eq\/wp-content\/gallery\/chcago2011\/thumbs\/thumbs_img_5576.jpg\"\n\t\t\t\tdata-image-id=\"153\"\n\t\t\t\tdata-title=\"Millenium-Park\"\n\t\t\t\tdata-description=\"\"\n\t\t\t\tdata-image-slug=\"millenium-park\"\n\t\t\t\tclass='use_imagebrowser_effect' data-imagebrowser-url='https:\/\/christianstrasse.de\/8nhd0g15eq\/index.php\/nggallery\/image\/%STUB%?page_id=352'>\n\t\t\t\t<img\n\t\t\t\t\ttitle=\"Millenium-Park\"\n\t\t\t\t\talt=\"Millenium-Park\"\n\t\t\t\t\tsrc=\"https:\/\/christianstrasse.de\/8nhd0g15eq\/wp-content\/gallery\/chcago2011\/thumbs\/thumbs_img_5576.jpg\"\n\t\t\t\t\twidth=\"110\"\n\t\t\t\t\theight=\"82\"\n\t\t\t\t\tstyle=\"max-width:100%;\"\n\t\t\t\t\/>\n\t\t\t<\/a>\n\t\t<\/div>\n\t\t\t\t\t\t\t<\/div> \n\t\t\t\n\t\t\t\t<div id=\"ngg-image-4\" class=\"ngg-gallery-thumbnail-box \n\t\t\t\t\t\t\t\t\t\t\t\" \n\t\t\t>\n\t\t\t\t\t\t<div class=\"ngg-gallery-thumbnail\">\n\t\t\t<a href=\"https:\/\/christianstrasse.de\/8nhd0g15eq\/wp-content\/gallery\/chcago2011\/img_5581.jpg\"\n\t\t\t\ttitle=\"\"\n\t\t\t\tdata-src=\"https:\/\/christianstrasse.de\/8nhd0g15eq\/wp-content\/gallery\/chcago2011\/img_5581.jpg\"\n\t\t\t\tdata-thumbnail=\"https:\/\/christianstrasse.de\/8nhd0g15eq\/wp-content\/gallery\/chcago2011\/thumbs\/thumbs_img_5581.jpg\"\n\t\t\t\tdata-image-id=\"154\"\n\t\t\t\tdata-title=\"L-Train Station\"\n\t\t\t\tdata-description=\"\"\n\t\t\t\tdata-image-slug=\"l-train-station\"\n\t\t\t\tclass='use_imagebrowser_effect' data-imagebrowser-url='https:\/\/christianstrasse.de\/8nhd0g15eq\/index.php\/nggallery\/image\/%STUB%?page_id=352'>\n\t\t\t\t<img\n\t\t\t\t\ttitle=\"L-Train Station\"\n\t\t\t\t\talt=\"L-Train Station\"\n\t\t\t\t\tsrc=\"https:\/\/christianstrasse.de\/8nhd0g15eq\/wp-content\/gallery\/chcago2011\/thumbs\/thumbs_img_5581.jpg\"\n\t\t\t\t\twidth=\"110\"\n\t\t\t\t\theight=\"82\"\n\t\t\t\t\tstyle=\"max-width:100%;\"\n\t\t\t\t\/>\n\t\t\t<\/a>\n\t\t<\/div>\n\t\t\t\t\t\t\t<\/div> \n\t\t\t\n\t\t\t\t<div id=\"ngg-image-5\" class=\"ngg-gallery-thumbnail-box \n\t\t\t\t\t\t\t\t\t\t\t\" \n\t\t\t>\n\t\t\t\t\t\t<div class=\"ngg-gallery-thumbnail\">\n\t\t\t<a href=\"https:\/\/christianstrasse.de\/8nhd0g15eq\/wp-content\/gallery\/chcago2011\/img_5590.jpg\"\n\t\t\t\ttitle=\"\"\n\t\t\t\tdata-src=\"https:\/\/christianstrasse.de\/8nhd0g15eq\/wp-content\/gallery\/chcago2011\/img_5590.jpg\"\n\t\t\t\tdata-thumbnail=\"https:\/\/christianstrasse.de\/8nhd0g15eq\/wp-content\/gallery\/chcago2011\/thumbs\/thumbs_img_5590.jpg\"\n\t\t\t\tdata-image-id=\"155\"\n\t\t\t\tdata-title=\"L-Train\"\n\t\t\t\tdata-description=\"\"\n\t\t\t\tdata-image-slug=\"l-train\"\n\t\t\t\tclass='use_imagebrowser_effect' data-imagebrowser-url='https:\/\/christianstrasse.de\/8nhd0g15eq\/index.php\/nggallery\/image\/%STUB%?page_id=352'>\n\t\t\t\t<img\n\t\t\t\t\ttitle=\"L-Train\"\n\t\t\t\t\talt=\"L-Train\"\n\t\t\t\t\tsrc=\"https:\/\/christianstrasse.de\/8nhd0g15eq\/wp-content\/gallery\/chcago2011\/thumbs\/thumbs_img_5590.jpg\"\n\t\t\t\t\twidth=\"110\"\n\t\t\t\t\theight=\"82\"\n\t\t\t\t\tstyle=\"max-width:100%;\"\n\t\t\t\t\/>\n\t\t\t<\/a>\n\t\t<\/div>\n\t\t\t\t\t\t\t<\/div> \n\t\t\t\n\t\t\t\t<div id=\"ngg-image-6\" class=\"ngg-gallery-thumbnail-box \n\t\t\t\t\t\t\t\t\t\t\t\" \n\t\t\t>\n\t\t\t\t\t\t<div class=\"ngg-gallery-thumbnail\">\n\t\t\t<a href=\"https:\/\/christianstrasse.de\/8nhd0g15eq\/wp-content\/gallery\/chcago2011\/img_5597.jpg\"\n\t\t\t\ttitle=\"\"\n\t\t\t\tdata-src=\"https:\/\/christianstrasse.de\/8nhd0g15eq\/wp-content\/gallery\/chcago2011\/img_5597.jpg\"\n\t\t\t\tdata-thumbnail=\"https:\/\/christianstrasse.de\/8nhd0g15eq\/wp-content\/gallery\/chcago2011\/thumbs\/thumbs_img_5597.jpg\"\n\t\t\t\tdata-image-id=\"156\"\n\t\t\t\tdata-title=\"Uhr\"\n\t\t\t\tdata-description=\"\"\n\t\t\t\tdata-image-slug=\"uhr\"\n\t\t\t\tclass='use_imagebrowser_effect' data-imagebrowser-url='https:\/\/christianstrasse.de\/8nhd0g15eq\/index.php\/nggallery\/image\/%STUB%?page_id=352'>\n\t\t\t\t<img\n\t\t\t\t\ttitle=\"Uhr\"\n\t\t\t\t\talt=\"Uhr\"\n\t\t\t\t\tsrc=\"https:\/\/christianstrasse.de\/8nhd0g15eq\/wp-content\/gallery\/chcago2011\/thumbs\/thumbs_img_5597.jpg\"\n\t\t\t\t\twidth=\"110\"\n\t\t\t\t\theight=\"82\"\n\t\t\t\t\tstyle=\"max-width:100%;\"\n\t\t\t\t\/>\n\t\t\t<\/a>\n\t\t<\/div>\n\t\t\t\t\t\t\t<\/div> \n\t\t\t\n\t\t\t\t<div id=\"ngg-image-7\" class=\"ngg-gallery-thumbnail-box \n\t\t\t\t\t\t\t\t\t\t\t\" \n\t\t\t>\n\t\t\t\t\t\t<div class=\"ngg-gallery-thumbnail\">\n\t\t\t<a href=\"https:\/\/christianstrasse.de\/8nhd0g15eq\/wp-content\/gallery\/chcago2011\/img_5613.jpg\"\n\t\t\t\ttitle=\"\"\n\t\t\t\tdata-src=\"https:\/\/christianstrasse.de\/8nhd0g15eq\/wp-content\/gallery\/chcago2011\/img_5613.jpg\"\n\t\t\t\tdata-thumbnail=\"https:\/\/christianstrasse.de\/8nhd0g15eq\/wp-content\/gallery\/chcago2011\/thumbs\/thumbs_img_5613.jpg\"\n\t\t\t\tdata-image-id=\"157\"\n\t\t\t\tdata-title=\"Am Chicago River Walk\"\n\t\t\t\tdata-description=\"\"\n\t\t\t\tdata-image-slug=\"am-chicago-river-walk\"\n\t\t\t\tclass='use_imagebrowser_effect' data-imagebrowser-url='https:\/\/christianstrasse.de\/8nhd0g15eq\/index.php\/nggallery\/image\/%STUB%?page_id=352'>\n\t\t\t\t<img\n\t\t\t\t\ttitle=\"Am Chicago River Walk\"\n\t\t\t\t\talt=\"Am Chicago River Walk\"\n\t\t\t\t\tsrc=\"https:\/\/christianstrasse.de\/8nhd0g15eq\/wp-content\/gallery\/chcago2011\/thumbs\/thumbs_img_5613.jpg\"\n\t\t\t\t\twidth=\"110\"\n\t\t\t\t\theight=\"82\"\n\t\t\t\t\tstyle=\"max-width:100%;\"\n\t\t\t\t\/>\n\t\t\t<\/a>\n\t\t<\/div>\n\t\t\t\t\t\t\t<\/div> \n\t\t\t\n\t\t\t\t<div id=\"ngg-image-8\" class=\"ngg-gallery-thumbnail-box \n\t\t\t\t\t\t\t\t\t\t\t\" \n\t\t\t>\n\t\t\t\t\t\t<div class=\"ngg-gallery-thumbnail\">\n\t\t\t<a href=\"https:\/\/christianstrasse.de\/8nhd0g15eq\/wp-content\/gallery\/chcago2011\/img_5620.jpg\"\n\t\t\t\ttitle=\"\"\n\t\t\t\tdata-src=\"https:\/\/christianstrasse.de\/8nhd0g15eq\/wp-content\/gallery\/chcago2011\/img_5620.jpg\"\n\t\t\t\tdata-thumbnail=\"https:\/\/christianstrasse.de\/8nhd0g15eq\/wp-content\/gallery\/chcago2011\/thumbs\/thumbs_img_5620.jpg\"\n\t\t\t\tdata-image-id=\"158\"\n\t\t\t\tdata-title=\"img_5620\"\n\t\t\t\tdata-description=\"\"\n\t\t\t\tdata-image-slug=\"img_5620\"\n\t\t\t\tclass='use_imagebrowser_effect' data-imagebrowser-url='https:\/\/christianstrasse.de\/8nhd0g15eq\/index.php\/nggallery\/image\/%STUB%?page_id=352'>\n\t\t\t\t<img\n\t\t\t\t\ttitle=\"img_5620\"\n\t\t\t\t\talt=\"img_5620\"\n\t\t\t\t\tsrc=\"https:\/\/christianstrasse.de\/8nhd0g15eq\/wp-content\/gallery\/chcago2011\/thumbs\/thumbs_img_5620.jpg\"\n\t\t\t\t\twidth=\"110\"\n\t\t\t\t\theight=\"82\"\n\t\t\t\t\tstyle=\"max-width:100%;\"\n\t\t\t\t\/>\n\t\t\t<\/a>\n\t\t<\/div>\n\t\t\t\t\t\t\t<\/div> \n\t\t\t\n\t\t\t\t<div id=\"ngg-image-9\" class=\"ngg-gallery-thumbnail-box \n\t\t\t\t\t\t\t\t\t\t\t\" \n\t\t\t>\n\t\t\t\t\t\t<div class=\"ngg-gallery-thumbnail\">\n\t\t\t<a href=\"https:\/\/christianstrasse.de\/8nhd0g15eq\/wp-content\/gallery\/chcago2011\/img_5654.jpg\"\n\t\t\t\ttitle=\"\"\n\t\t\t\tdata-src=\"https:\/\/christianstrasse.de\/8nhd0g15eq\/wp-content\/gallery\/chcago2011\/img_5654.jpg\"\n\t\t\t\tdata-thumbnail=\"https:\/\/christianstrasse.de\/8nhd0g15eq\/wp-content\/gallery\/chcago2011\/thumbs\/thumbs_img_5654.jpg\"\n\t\t\t\tdata-image-id=\"159\"\n\t\t\t\tdata-title=\"Blick vom Navy Pier\"\n\t\t\t\tdata-description=\"\"\n\t\t\t\tdata-image-slug=\"blick-vom-navy-pier\"\n\t\t\t\tclass='use_imagebrowser_effect' data-imagebrowser-url='https:\/\/christianstrasse.de\/8nhd0g15eq\/index.php\/nggallery\/image\/%STUB%?page_id=352'>\n\t\t\t\t<img\n\t\t\t\t\ttitle=\"Blick vom Navy Pier\"\n\t\t\t\t\talt=\"Blick vom Navy Pier\"\n\t\t\t\t\tsrc=\"https:\/\/christianstrasse.de\/8nhd0g15eq\/wp-content\/gallery\/chcago2011\/thumbs\/thumbs_img_5654.jpg\"\n\t\t\t\t\twidth=\"110\"\n\t\t\t\t\theight=\"82\"\n\t\t\t\t\tstyle=\"max-width:100%;\"\n\t\t\t\t\/>\n\t\t\t<\/a>\n\t\t<\/div>\n\t\t\t\t\t\t\t<\/div> \n\t\t\t\n\t\n\t<br style=\"clear: both\" \/>\n\n\t\n\t\t<!-- Pagination -->\n\t\t<div class='ngg-clear'><\/div>\t<\/div>\n<\/a><\/p>\n<p style=\"text-align: justify;\">Ein halber Tag frei in Chicago &#8211; nicht das erste Mal, dass zwischen Kongressende und R\u00fcckflug ein paar Stunden Zeit bleiben. Je nach Jahreszeit &#8211; der Winter in Chicago ist kalt und windig &#8211; bietet sich ein Besuch im Art Institute (wundersch\u00f6n: die europ\u00e4ischen Expressionisten) an oder ein l\u00e4ngerer Spaziergang durch die Innenstadt mit ihren Hochh\u00e4usern aus verschiedenen Epochen.<br \/>\nWer nicht laufen mag und\/oder mehr wissen will, kann sich auch f\u00fcr eine F\u00fchrung per Boot entscheiden (sollen sehr gut sein, sind aber vermutlich auch eher was f\u00fcr w\u00e4rmere Tage).<br \/>\nAnsonsten: der Millenium-Park ist sch\u00f6n, allerhand moderne Architektur hat sich dort ausgetobt, wie z.B. Frank Gehry. Ein Abstecher an den Strand bietet einen sch\u00f6nen Blick auf die Skyline links vom Chicago-River inklusive des Hancock-Buildings, in dessen oberstem Stockwerk man bei m\u00e4ssiger, aber teurer K\u00fcche die Aussicht genie\u00dfen kann, sofern es nicht zu neblig oder wolkig ist.<\/p>\n<p><a title=\"Unterwegs\" href=\"http:\/\/christianstrasse.de\/8nhd0g15eq\/?page_id=1132\">zur\u00fcck\u00a0<\/a><\/p>\n","protected":false},"excerpt":{"rendered":"<p>Ein halber Tag frei in Chicago &#8211; nicht das erste Mal, dass zwischen Kongressende und R\u00fcckflug ein paar Stunden Zeit bleiben. Je nach Jahreszeit &#8211; der Winter in Chicago ist kalt und windig &#8211; bietet sich ein Besuch im Art Institute (wundersch\u00f6n: die europ\u00e4ischen Expressionisten) an oder ein l\u00e4ngerer Spaziergang durch die Innenstadt mit ihren [&hellip;]<\/p>\n","protected":false},"author":609,"featured_media":0,"parent":1132,"menu_order":0,"comment_status":"open","ping_status":"open","template":"","meta":{"ngg_post_thumbnail":0,"footnotes":""},"class_list":["post-352","page","type-page","status-publish","hentry"],"_links":{"self":[{"href":"https:\/\/christianstrasse.de\/8nhd0g15eq\/index.php?rest_route=\/wp\/v2\/pages\/352","targetHints":{"allow":["GET"]}}],"collection":[{"href":"https:\/\/christianstrasse.de\/8nhd0g15eq\/index.php?rest_route=\/wp\/v2\/pages"}],"about":[{"href":"https:\/\/christianstrasse.de\/8nhd0g15eq\/index.php?rest_route=\/wp\/v2\/types\/page"}],"author":[{"embeddable":true,"href":"https:\/\/christianstrasse.de\/8nhd0g15eq\/index.php?rest_route=\/wp\/v2\/users\/609"}],"replies":[{"embeddable":true,"href":"https:\/\/christianstrasse.de\/8nhd0g15eq\/index.php?rest_route=%2Fwp%2Fv2%2Fcomments&post=352"}],"version-history":[{"count":0,"href":"https:\/\/christianstrasse.de\/8nhd0g15eq\/index.php?rest_route=\/wp\/v2\/pages\/352\/revisions"}],"up":[{"embeddable":true,"href":"https:\/\/christianstrasse.de\/8nhd0g15eq\/index.php?rest_route=\/wp\/v2\/pages\/1132"}],"wp:attachment":[{"href":"https:\/\/christianstrasse.de\/8nhd0g15eq\/index.php?rest_route=%2Fwp%2Fv2%2Fmedia&parent=352"}],"curies":[{"name":"wp","href":"https:\/\/api.w.org\/{rel}","templated":true}]}}