{"id":32,"date":"2011-09-05T17:54:18","date_gmt":"2011-09-05T15:54:18","guid":{"rendered":"http:\/\/christianstrasse.de\/8nhd0g15eq\/?page_id=32"},"modified":"2016-01-10T16:43:05","modified_gmt":"2016-01-10T15:43:05","slug":"events","status":"publish","type":"page","link":"https:\/\/christianstrasse.de\/8nhd0g15eq\/?page_id=32","title":{"rendered":"Events"},"content":{"rendered":"<p>Bilder von gemeinsamen Essen<\/p>\n<p>Das Gr\u00fcnkohlkommitee<\/p>\n<!-- default-view.php -->\n<div\n\tclass=\"ngg-galleryoverview default-view \n\t\t\"\n\tid=\"ngg-gallery-c6d9156e663afe87d6d43d074cdfec91-1\">\n\n\t\t<!-- Thumbnails -->\n\t\t\t\t<div id=\"ngg-image-0\" class=\"ngg-gallery-thumbnail-box \n\t\t\t\t\t\t\t\t\t\t\t\" \n\t\t\t>\n\t\t\t\t\t\t<div class=\"ngg-gallery-thumbnail\">\n\t\t\t<a href=\"https:\/\/christianstrasse.de\/8nhd0g15eq\/wp-content\/gallery\/das-gruenkohlkommitee\/pic00220130119.jpg\"\n\t\t\t\ttitle=\"\"\n\t\t\t\tdata-src=\"https:\/\/christianstrasse.de\/8nhd0g15eq\/wp-content\/gallery\/das-gruenkohlkommitee\/pic00220130119.jpg\"\n\t\t\t\tdata-thumbnail=\"https:\/\/christianstrasse.de\/8nhd0g15eq\/wp-content\/gallery\/das-gruenkohlkommitee\/thumbs\/thumbs_pic00220130119.jpg\"\n\t\t\t\tdata-image-id=\"1216\"\n\t\t\t\tdata-title=\"pic00220130119\"\n\t\t\t\tdata-description=\"\"\n\t\t\t\tdata-image-slug=\"pic00220130119\"\n\t\t\t\tclass='use_imagebrowser_effect' data-imagebrowser-url='https:\/\/christianstrasse.de\/8nhd0g15eq\/index.php\/nggallery\/image\/%STUB%?page_id=32'>\n\t\t\t\t<img\n\t\t\t\t\ttitle=\"pic00220130119\"\n\t\t\t\t\talt=\"pic00220130119\"\n\t\t\t\t\tsrc=\"https:\/\/christianstrasse.de\/8nhd0g15eq\/wp-content\/gallery\/das-gruenkohlkommitee\/thumbs\/thumbs_pic00220130119.jpg\"\n\t\t\t\t\twidth=\"110\"\n\t\t\t\t\theight=\"82\"\n\t\t\t\t\tstyle=\"max-width:100%;\"\n\t\t\t\t\/>\n\t\t\t<\/a>\n\t\t<\/div>\n\t\t\t\t\t\t\t<\/div> \n\t\t\t\n\t\t\t\t<div id=\"ngg-image-1\" class=\"ngg-gallery-thumbnail-box \n\t\t\t\t\t\t\t\t\t\t\t\" \n\t\t\t>\n\t\t\t\t\t\t<div class=\"ngg-gallery-thumbnail\">\n\t\t\t<a href=\"https:\/\/christianstrasse.de\/8nhd0g15eq\/wp-content\/gallery\/das-gruenkohlkommitee\/pic00320151208.jpg\"\n\t\t\t\ttitle=\"\"\n\t\t\t\tdata-src=\"https:\/\/christianstrasse.de\/8nhd0g15eq\/wp-content\/gallery\/das-gruenkohlkommitee\/pic00320151208.jpg\"\n\t\t\t\tdata-thumbnail=\"https:\/\/christianstrasse.de\/8nhd0g15eq\/wp-content\/gallery\/das-gruenkohlkommitee\/thumbs\/thumbs_pic00320151208.jpg\"\n\t\t\t\tdata-image-id=\"1212\"\n\t\t\t\tdata-title=\"pic00320151208\"\n\t\t\t\tdata-description=\"\"\n\t\t\t\tdata-image-slug=\"pic00320151208\"\n\t\t\t\tclass='use_imagebrowser_effect' data-imagebrowser-url='https:\/\/christianstrasse.de\/8nhd0g15eq\/index.php\/nggallery\/image\/%STUB%?page_id=32'>\n\t\t\t\t<img\n\t\t\t\t\ttitle=\"pic00320151208\"\n\t\t\t\t\talt=\"pic00320151208\"\n\t\t\t\t\tsrc=\"https:\/\/christianstrasse.de\/8nhd0g15eq\/wp-content\/gallery\/das-gruenkohlkommitee\/thumbs\/thumbs_pic00320151208.jpg\"\n\t\t\t\t\twidth=\"110\"\n\t\t\t\t\theight=\"82\"\n\t\t\t\t\tstyle=\"max-width:100%;\"\n\t\t\t\t\/>\n\t\t\t<\/a>\n\t\t<\/div>\n\t\t\t\t\t\t\t<\/div> \n\t\t\t\n\t\t\t\t<div id=\"ngg-image-2\" class=\"ngg-gallery-thumbnail-box \n\t\t\t\t\t\t\t\t\t\t\t\" \n\t\t\t>\n\t\t\t\t\t\t<div class=\"ngg-gallery-thumbnail\">\n\t\t\t<a href=\"https:\/\/christianstrasse.de\/8nhd0g15eq\/wp-content\/gallery\/das-gruenkohlkommitee\/pic00120130119.jpg\"\n\t\t\t\ttitle=\"\"\n\t\t\t\tdata-src=\"https:\/\/christianstrasse.de\/8nhd0g15eq\/wp-content\/gallery\/das-gruenkohlkommitee\/pic00120130119.jpg\"\n\t\t\t\tdata-thumbnail=\"https:\/\/christianstrasse.de\/8nhd0g15eq\/wp-content\/gallery\/das-gruenkohlkommitee\/thumbs\/thumbs_pic00120130119.jpg\"\n\t\t\t\tdata-image-id=\"1215\"\n\t\t\t\tdata-title=\"pic00120130119\"\n\t\t\t\tdata-description=\"\"\n\t\t\t\tdata-image-slug=\"pic00120130119\"\n\t\t\t\tclass='use_imagebrowser_effect' data-imagebrowser-url='https:\/\/christianstrasse.de\/8nhd0g15eq\/index.php\/nggallery\/image\/%STUB%?page_id=32'>\n\t\t\t\t<img\n\t\t\t\t\ttitle=\"pic00120130119\"\n\t\t\t\t\talt=\"pic00120130119\"\n\t\t\t\t\tsrc=\"https:\/\/christianstrasse.de\/8nhd0g15eq\/wp-content\/gallery\/das-gruenkohlkommitee\/thumbs\/thumbs_pic00120130119.jpg\"\n\t\t\t\t\twidth=\"110\"\n\t\t\t\t\theight=\"82\"\n\t\t\t\t\tstyle=\"max-width:100%;\"\n\t\t\t\t\/>\n\t\t\t<\/a>\n\t\t<\/div>\n\t\t\t\t\t\t\t<\/div> \n\t\t\t\n\t\t\t\t<div id=\"ngg-image-3\" class=\"ngg-gallery-thumbnail-box \n\t\t\t\t\t\t\t\t\t\t\t\" \n\t\t\t>\n\t\t\t\t\t\t<div class=\"ngg-gallery-thumbnail\">\n\t\t\t<a href=\"https:\/\/christianstrasse.de\/8nhd0g15eq\/wp-content\/gallery\/das-gruenkohlkommitee\/pic00220151208.jpg\"\n\t\t\t\ttitle=\"\"\n\t\t\t\tdata-src=\"https:\/\/christianstrasse.de\/8nhd0g15eq\/wp-content\/gallery\/das-gruenkohlkommitee\/pic00220151208.jpg\"\n\t\t\t\tdata-thumbnail=\"https:\/\/christianstrasse.de\/8nhd0g15eq\/wp-content\/gallery\/das-gruenkohlkommitee\/thumbs\/thumbs_pic00220151208.jpg\"\n\t\t\t\tdata-image-id=\"1214\"\n\t\t\t\tdata-title=\"pic00220151208\"\n\t\t\t\tdata-description=\"\"\n\t\t\t\tdata-image-slug=\"pic00220151208\"\n\t\t\t\tclass='use_imagebrowser_effect' data-imagebrowser-url='https:\/\/christianstrasse.de\/8nhd0g15eq\/index.php\/nggallery\/image\/%STUB%?page_id=32'>\n\t\t\t\t<img\n\t\t\t\t\ttitle=\"pic00220151208\"\n\t\t\t\t\talt=\"pic00220151208\"\n\t\t\t\t\tsrc=\"https:\/\/christianstrasse.de\/8nhd0g15eq\/wp-content\/gallery\/das-gruenkohlkommitee\/thumbs\/thumbs_pic00220151208.jpg\"\n\t\t\t\t\twidth=\"110\"\n\t\t\t\t\theight=\"82\"\n\t\t\t\t\tstyle=\"max-width:100%;\"\n\t\t\t\t\/>\n\t\t\t<\/a>\n\t\t<\/div>\n\t\t\t\t\t\t\t<\/div> \n\t\t\t\n\t\t\t\t<div id=\"ngg-image-4\" class=\"ngg-gallery-thumbnail-box \n\t\t\t\t\t\t\t\t\t\t\t\" \n\t\t\t>\n\t\t\t\t\t\t<div class=\"ngg-gallery-thumbnail\">\n\t\t\t<a href=\"https:\/\/christianstrasse.de\/8nhd0g15eq\/wp-content\/gallery\/das-gruenkohlkommitee\/pic00120151208.jpg\"\n\t\t\t\ttitle=\"\"\n\t\t\t\tdata-src=\"https:\/\/christianstrasse.de\/8nhd0g15eq\/wp-content\/gallery\/das-gruenkohlkommitee\/pic00120151208.jpg\"\n\t\t\t\tdata-thumbnail=\"https:\/\/christianstrasse.de\/8nhd0g15eq\/wp-content\/gallery\/das-gruenkohlkommitee\/thumbs\/thumbs_pic00120151208.jpg\"\n\t\t\t\tdata-image-id=\"1213\"\n\t\t\t\tdata-title=\"pic00120151208\"\n\t\t\t\tdata-description=\"\"\n\t\t\t\tdata-image-slug=\"pic00120151208\"\n\t\t\t\tclass='use_imagebrowser_effect' data-imagebrowser-url='https:\/\/christianstrasse.de\/8nhd0g15eq\/index.php\/nggallery\/image\/%STUB%?page_id=32'>\n\t\t\t\t<img\n\t\t\t\t\ttitle=\"pic00120151208\"\n\t\t\t\t\talt=\"pic00120151208\"\n\t\t\t\t\tsrc=\"https:\/\/christianstrasse.de\/8nhd0g15eq\/wp-content\/gallery\/das-gruenkohlkommitee\/thumbs\/thumbs_pic00120151208.jpg\"\n\t\t\t\t\twidth=\"110\"\n\t\t\t\t\theight=\"82\"\n\t\t\t\t\tstyle=\"max-width:100%;\"\n\t\t\t\t\/>\n\t\t\t<\/a>\n\t\t<\/div>\n\t\t\t\t\t\t\t<\/div> \n\t\t\t\n\t\n\t<br style=\"clear: both\" \/>\n\n\t\n\t\t<!-- Pagination -->\n\t\t<div class='ngg-clear'><\/div>\t<\/div>\n\n<p>K\u00f6nig Michael I. und sein Gefolge<\/p>\n<p>Diese eifrigen Barttr\u00e4ger engagieren sich redlich im Vertilgen unglaublicher Mengen von Gr\u00fcnkohl, Kassler, Kochwurst, Schweinebacke sowie karamellisierten Kartoffeln. Auch das eine oder andere Bier und ein guter Aquavit werden nicht verschm\u00e4ht.<\/p>\n<p><a title=\"Pflaumenschwein\" href=\"http:\/\/christianstrasse.de\/8nhd0g15eq\/?page_id=90\"><br \/>\n<\/a><\/p>\n<p><a title=\"Pflaumenschwein\" href=\"http:\/\/christianstrasse.de\/8nhd0g15eq\/?page_id=90\">Pflaumenschwein<\/a> am 23.07.2011<\/p>\n<p><a title=\"Flan, boeuf et poires\" href=\"http:\/\/christianstrasse.de\/8nhd0g15eq\/?page_id=1462\">Flan, Boeuf et Poires<\/a> am 29.09.2012<\/p>\n<p><a title=\"Gr\u00fcnkohlessen 2013 bei Michael und Cordula\" href=\"http:\/\/christianstrasse.de\/8nhd0g15eq\/?page_id=1558\">Gr\u00fcnkohlessen bei Michael und Cordula<\/a> am 19.01.2013<\/p>\n<p><a title=\"Dinner in the Garden\" href=\"http:\/\/christianstrasse.de\/8nhd0g15eq\/?page_id=1843\">Dinner in the Garden<\/a> am 02.08.2014<\/p>\n<p><a href=\"http:\/\/christianstrasse.de\/8nhd0g15eq\/?page_id=2068\">Gruenkohl 2014 bei Michael und Cordula<\/a> am 06.12.2014<\/p>\n<p><a title=\"Abends im Garten 01. August 2015\" href=\"http:\/\/christianstrasse.de\/8nhd0g15eq\/?page_id=2158\">Abends im Garten<\/a> am 01.08.2015<\/p>\n<p><a href=\"http:\/\/christianstrasse.de\/8nhd0g15eq\/?page_id=2208\">Gr\u00fcnkohlessen bei Michael und Cordula am 5.12.2015<\/a><\/p>\n<p><a href=\"http:\/\/christianstrasse.de\/8nhd0g15eq\/\">zur\u00fcck<\/a><\/p>\n","protected":false},"excerpt":{"rendered":"<p>Bilder von gemeinsamen Essen Das Gr\u00fcnkohlkommitee K\u00f6nig Michael I. und sein Gefolge Diese eifrigen Barttr\u00e4ger engagieren sich redlich im Vertilgen unglaublicher Mengen von Gr\u00fcnkohl, Kassler, Kochwurst, Schweinebacke sowie karamellisierten Kartoffeln. Auch das eine oder andere Bier und ein guter Aquavit werden nicht verschm\u00e4ht. Pflaumenschwein am 23.07.2011 Flan, Boeuf et Poires am 29.09.2012 Gr\u00fcnkohlessen bei Michael [&hellip;]<\/p>\n","protected":false},"author":606,"featured_media":0,"parent":0,"menu_order":0,"comment_status":"open","ping_status":"open","template":"","meta":{"ngg_post_thumbnail":0,"footnotes":""},"class_list":["post-32","page","type-page","status-publish","hentry"],"_links":{"self":[{"href":"https:\/\/christianstrasse.de\/8nhd0g15eq\/index.php?rest_route=\/wp\/v2\/pages\/32","targetHints":{"allow":["GET"]}}],"collection":[{"href":"https:\/\/christianstrasse.de\/8nhd0g15eq\/index.php?rest_route=\/wp\/v2\/pages"}],"about":[{"href":"https:\/\/christianstrasse.de\/8nhd0g15eq\/index.php?rest_route=\/wp\/v2\/types\/page"}],"author":[{"embeddable":true,"href":"https:\/\/christianstrasse.de\/8nhd0g15eq\/index.php?rest_route=\/wp\/v2\/users\/606"}],"replies":[{"embeddable":true,"href":"https:\/\/christianstrasse.de\/8nhd0g15eq\/index.php?rest_route=%2Fwp%2Fv2%2Fcomments&post=32"}],"version-history":[{"count":0,"href":"https:\/\/christianstrasse.de\/8nhd0g15eq\/index.php?rest_route=\/wp\/v2\/pages\/32\/revisions"}],"wp:attachment":[{"href":"https:\/\/christianstrasse.de\/8nhd0g15eq\/index.php?rest_route=%2Fwp%2Fv2%2Fmedia&parent=32"}],"curies":[{"name":"wp","href":"https:\/\/api.w.org\/{rel}","templated":true}]}}