{"id":30,"date":"2011-09-05T17:52:01","date_gmt":"2011-09-05T15:52:01","guid":{"rendered":"http:\/\/christianstrasse.de\/8nhd0g15eq\/?page_id=30"},"modified":"2012-11-24T11:54:19","modified_gmt":"2012-11-24T10:54:19","slug":"holgers-seiten","status":"publish","type":"page","link":"https:\/\/christianstrasse.de\/8nhd0g15eq\/?page_id=30","title":{"rendered":"Holgers Seiten"},"content":{"rendered":"<p>&nbsp;<\/p>\n<p style=\"text-align: center;\"><a href=\"http:\/\/christianstrasse.de\/8nhd0g15eq\/wp-content\/uploads\/Holger_HH2010_04_600_400.jpg\"><img loading=\"lazy\" decoding=\"async\" class=\"size-full wp-image-39 aligncenter\" title=\"Holger_HH2010_04_600_400\" src=\"http:\/\/christianstrasse.de\/8nhd0g15eq\/wp-content\/uploads\/Holger_HH2010_04_600_400.jpg\" alt=\"In unserer Kueche\" width=\"648\" height=\"432\" srcset=\"https:\/\/christianstrasse.de\/8nhd0g15eq\/wp-content\/uploads\/Holger_HH2010_04_600_400.jpg 600w, https:\/\/christianstrasse.de\/8nhd0g15eq\/wp-content\/uploads\/Holger_HH2010_04_600_400-300x200.jpg 300w\" sizes=\"auto, (max-width: 648px) 100vw, 648px\" \/><\/a><\/p>\n<p>&nbsp;<\/p>\n<p style=\"text-align: justify;\">Ich bin Holger, Jahrgang 1956, als Diplombiologe seinerzeit chancenlos, arbeite ich seit mehr als 15 Jahren als Softwareentwickler. Lebe in Hamburg, bin verheiratet und wir haben einen Hund.<\/p>\n<p style=\"text-align: justify;\">Ich fotografiere gern.<\/p>\n<p style=\"text-align: justify;\">Ehedem Silberfotografie, heute digital. Ich schreibe Silberfotografie (Dank an Jim Rakete f\u00fcr den Begriff) um dieser Abwertung als &#8222;Analog&#8220; &#8211; Fototgrafie etwas entgegen zu setzen, die mit dem Begriff des &#8222;Analog&#8220; &#8211; K\u00e4se auf den Industrie-Pizzen einen Tiefpunkt gefunden hat.<\/p>\n<p style=\"text-align: justify;\">Negativentwicklung mit Kombizange f\u00fcr die Kleinbildpatrone, Tenetal, Ultrafix, endw\u00e4ssern und abledern im Badezimmer. Abz\u00fcge mit der &#8222;Liese&#8220; belichten, Abwedeln mit einer Pappe und nicht mit Photoshop; Bilder machen mithilfe der Chemie und ganz ohne Rechnerunterst\u00fctzung.<\/p>\n<p style=\"text-align: justify;\">Das war einmal.<\/p>\n<p style=\"text-align: justify;\">Ist gleichwohl interessant, weil du mit einer gebrauchten Mittelformatkamera f\u00fcr EUR 500 ,&#8211; eine Aufl\u00f6sung erzielst, die du sonst nur mit den digitalen Spitzenmodellen erreichen kannst. Dazu musst du allerdings ein guter Fotograf sein. Einer, der schnell seine Motive erfasst, 2 Aufnahmen macht auf seinen Roll- oder Kleinbildfilm &#8211; und etwas Ansehnliches nach Hause bringt.<\/p>\n<p style=\"text-align: justify;\">Ich vermag das nicht.<\/p>\n<p style=\"text-align: justify;\">Erst mit der Erfindung des Autofokus konnte ich hinreichend scharfe Fotos machen, was bei mir zuvor wegen schlecht angepasster Brillengl\u00e4ser reine Gl\u00fccksache war. Und mit der M\u00f6glichkeit der Reihenaufnahme bei der DSLR konnte ich endlich soviele Fotos machen, dass wenigstens das Eine oder Andere als halbwegs gelungen zu bezeichen ist.<\/p>\n<p style=\"text-align: justify;\">Solche Bilder werde ich hier einstellen, dies auch als Ansporn, besser und selbstkritischer zu werden.<\/p>\n<p>&nbsp;<\/p>\n<p>Es dreht sich haupts\u00e4chlich um&#8217;s <a title=\"Die Kochseite\" href=\"http:\/\/christianstrasse.de\/8nhd0g15eq\/?page_id=42\">Kochen,<\/a><\/p>\n<p>um <a title=\"Flora und Fauna\" href=\"http:\/\/christianstrasse.de\/8nhd0g15eq\/?page_id=424\">Flora und Fauna<\/a><\/p>\n<p>aber auch um Versuche zur <a title=\"Astronomie\" href=\"http:\/\/christianstrasse.de\/8nhd0g15eq\/?page_id=292\">Astrofotografie<\/a><\/p>\n<p>und vielleicht auch um <a title=\"Politik\" href=\"http:\/\/christianstrasse.de\/8nhd0g15eq\/?page_id=287\">Politik<\/a>&#8230;..<\/p>\n<p>&nbsp;<\/p>\n<p>&nbsp;<\/p>\n<p>\u00dcber die j\u00fcngsten Aktualisierungen der Seiten gibt die <a title=\"Sitemap\" href=\"http:\/\/christianstrasse.de\/8nhd0g15eq\/?page_id=541\">Sitemap<\/a> Aufschluss<\/p>\n<p>&nbsp;<\/p>\n<p><a title=\"test\" href=\"http:\/\/christianstrasse.de\/8nhd0g15eq\/?page_id=518\">\u00a0<\/a><\/p>\n<p>&nbsp;<\/p>\n","protected":false},"excerpt":{"rendered":"<p>&nbsp; &nbsp; Ich bin Holger, Jahrgang 1956, als Diplombiologe seinerzeit chancenlos, arbeite ich seit mehr als 15 Jahren als Softwareentwickler. Lebe in Hamburg, bin verheiratet und wir haben einen Hund. Ich fotografiere gern. Ehedem Silberfotografie, heute digital. Ich schreibe Silberfotografie (Dank an Jim Rakete f\u00fcr den Begriff) um dieser Abwertung als &#8222;Analog&#8220; &#8211; Fototgrafie etwas [&hellip;]<\/p>\n","protected":false},"author":606,"featured_media":0,"parent":0,"menu_order":0,"comment_status":"open","ping_status":"open","template":"","meta":{"ngg_post_thumbnail":0,"footnotes":""},"class_list":["post-30","page","type-page","status-publish","hentry"],"_links":{"self":[{"href":"https:\/\/christianstrasse.de\/8nhd0g15eq\/index.php?rest_route=\/wp\/v2\/pages\/30","targetHints":{"allow":["GET"]}}],"collection":[{"href":"https:\/\/christianstrasse.de\/8nhd0g15eq\/index.php?rest_route=\/wp\/v2\/pages"}],"about":[{"href":"https:\/\/christianstrasse.de\/8nhd0g15eq\/index.php?rest_route=\/wp\/v2\/types\/page"}],"author":[{"embeddable":true,"href":"https:\/\/christianstrasse.de\/8nhd0g15eq\/index.php?rest_route=\/wp\/v2\/users\/606"}],"replies":[{"embeddable":true,"href":"https:\/\/christianstrasse.de\/8nhd0g15eq\/index.php?rest_route=%2Fwp%2Fv2%2Fcomments&post=30"}],"version-history":[{"count":0,"href":"https:\/\/christianstrasse.de\/8nhd0g15eq\/index.php?rest_route=\/wp\/v2\/pages\/30\/revisions"}],"wp:attachment":[{"href":"https:\/\/christianstrasse.de\/8nhd0g15eq\/index.php?rest_route=%2Fwp%2Fv2%2Fmedia&parent=30"}],"curies":[{"name":"wp","href":"https:\/\/api.w.org\/{rel}","templated":true}]}}