{"id":2634,"date":"2025-10-08T15:26:14","date_gmt":"2025-10-08T14:26:14","guid":{"rendered":"https:\/\/christianstrasse.de\/8nhd0g15eq\/?page_id=2634"},"modified":"2025-10-08T15:29:08","modified_gmt":"2025-10-08T14:29:08","slug":"one-pot-pasta","status":"publish","type":"page","link":"https:\/\/christianstrasse.de\/8nhd0g15eq\/?page_id=2634","title":{"rendered":"One Pot Pasta"},"content":{"rendered":"<div class=\"hrecipe custom\">\n<div class=\"ingredients\">\n<h4>&nbsp;<\/h4>\n<p><strong>Kurzbeschreibung<\/strong>: <em>Ein leckeres Nudelgericht mit wenig Aufwand.&nbsp;Dies Rezept ist eine Variante des von Zora Klipp im NDR vorgestellten <a href=\"https:\/\/www.ndr.de\/ratgeber\/kochen\/rezepte\/One-Pot-Pasta-mit-Chorizo,pasta276.html\">Rezepts<\/a><\/em><\/p>\n<h4 class=\"ingredients\">Zutaten<\/h4>\n<ul class=\"ingredients\">\n<li class=\"ingredient\">2 Chorizos<\/li>\n<li>200 g Nudeln (z.B. Fettucine)<\/li>\n<li class=\"ingredient\">Basilikum<\/li>\n<li class=\"ingredient\">1 Knoblauchzehe<\/li>\n<li class=\"ingredient\">Kalamata-Oliven (1\/2 Glas)<\/li>\n<li class=\"ingredient\">Kapern nach Geschmack&nbsp;<\/li>\n<li class=\"ingredient\">Knoblauch<\/li>\n<li class=\"ingredient\">1 Dose Tomatenfruchtfleisch (400 g)<\/li>\n<li class=\"ingredient\"><span class=\"amountbox\"><span class=\"amount\" data-orig=\"2\">Oliven\u00f6l<\/span><\/span><\/li>\n<li class=\"ingredient\">Salz, Pfeffer, Chiliflocken<\/li>\n<li class=\"ingredient\"><span class=\"amountbox\"><span class=\"amount\" data-orig=\"100\">100<\/span> <span class=\"unit\">g <\/span><\/span><span class=\"label\">geriebener Parmesan<\/span><\/li>\n<li>&nbsp;<\/li>\n<\/ul>\n<\/div>\n<div class=\"instructions\">\n<h4 class=\"instructions\">Zubereitung<\/h4>\n<ol class=\"instructions\">\n<li>Chorizo von der Haut befreien, in kleine St\u00fccke schneiden&nbsp;<\/li>\n<li>Knoblauch hacken, Basilikum putzen<\/li>\n<li>Etwas Oliven\u00f6l auf den Boden des Topfes geben, darauf die Chorizo<\/li>\n<li>Nudeln und alle weiteren Zutaten in den Topf geben<\/li>\n<li>Tomatenfruchtfleisch und ca. 200 mL Wasser dazu geben<\/li>\n<li>Vorsichtig vermengen<\/li>\n<li>Deckel drauf und los gehts<\/li>\n<li>Regelm\u00e4\u00dfig umr\u00fchren, um ein Ankleben der Nudeln zu verhindern<\/li>\n<\/ol>\n<\/div>\n<p>Zubereitungszeit: ca. 45 min, davon ca. 20 min Kochzeit<\/p>\n<p><span class=\"hrlabel\">Portionen: 2<\/span><\/p>\n<\/div>\n<p>&nbsp;<\/p>\n","protected":false},"excerpt":{"rendered":"<p>&nbsp; Kurzbeschreibung: Ein leckeres Nudelgericht mit wenig Aufwand.&nbsp;Dies Rezept ist eine Variante des von Zora Klipp im NDR vorgestellten Rezepts Zutaten 2 Chorizos 200 g Nudeln (z.B. Fettucine) Basilikum 1 Knoblauchzehe Kalamata-Oliven (1\/2 Glas) Kapern nach Geschmack&nbsp; Knoblauch 1 Dose Tomatenfruchtfleisch (400 g) Oliven\u00f6l Salz, Pfeffer, Chiliflocken 100 g geriebener Parmesan &nbsp; Zubereitung Chorizo von [&hellip;]<\/p>\n","protected":false},"author":606,"featured_media":0,"parent":199,"menu_order":0,"comment_status":"closed","ping_status":"closed","template":"","meta":{"ngg_post_thumbnail":0,"footnotes":""},"class_list":["post-2634","page","type-page","status-publish","hentry"],"_links":{"self":[{"href":"https:\/\/christianstrasse.de\/8nhd0g15eq\/index.php?rest_route=\/wp\/v2\/pages\/2634","targetHints":{"allow":["GET"]}}],"collection":[{"href":"https:\/\/christianstrasse.de\/8nhd0g15eq\/index.php?rest_route=\/wp\/v2\/pages"}],"about":[{"href":"https:\/\/christianstrasse.de\/8nhd0g15eq\/index.php?rest_route=\/wp\/v2\/types\/page"}],"author":[{"embeddable":true,"href":"https:\/\/christianstrasse.de\/8nhd0g15eq\/index.php?rest_route=\/wp\/v2\/users\/606"}],"replies":[{"embeddable":true,"href":"https:\/\/christianstrasse.de\/8nhd0g15eq\/index.php?rest_route=%2Fwp%2Fv2%2Fcomments&post=2634"}],"version-history":[{"count":5,"href":"https:\/\/christianstrasse.de\/8nhd0g15eq\/index.php?rest_route=\/wp\/v2\/pages\/2634\/revisions"}],"predecessor-version":[{"id":2639,"href":"https:\/\/christianstrasse.de\/8nhd0g15eq\/index.php?rest_route=\/wp\/v2\/pages\/2634\/revisions\/2639"}],"up":[{"embeddable":true,"href":"https:\/\/christianstrasse.de\/8nhd0g15eq\/index.php?rest_route=\/wp\/v2\/pages\/199"}],"wp:attachment":[{"href":"https:\/\/christianstrasse.de\/8nhd0g15eq\/index.php?rest_route=%2Fwp%2Fv2%2Fmedia&parent=2634"}],"curies":[{"name":"wp","href":"https:\/\/api.w.org\/{rel}","templated":true}]}}