{"id":2602,"date":"2024-03-31T10:41:05","date_gmt":"2024-03-31T09:41:05","guid":{"rendered":"https:\/\/christianstrasse.de\/8nhd0g15eq\/?page_id=2602"},"modified":"2024-03-31T10:42:42","modified_gmt":"2024-03-31T09:42:42","slug":"dutch-baby","status":"publish","type":"page","link":"https:\/\/christianstrasse.de\/8nhd0g15eq\/?page_id=2602","title":{"rendered":"Dutch Baby"},"content":{"rendered":"<div class='hrecipe custom'>\n<h2 class='fn'>Rezept: Dutch Baby<\/h2>\n<p class='summary'><strong>Kurzbeschreibung:<\/strong><em> Pfannkuchen f\u00fcr bequeme K\u00f6che<\/em><\/p>\n<div class='ingredients'>\n<h4 class='ingredients'>Zutaten<\/h4>\n<ul class='ingredients'>\n<li class='ingredient'>120 mL Milch<\/li>\n<li class='ingredient'>2 Eier<\/li>\n<li class='ingredient'>60 g Mehl 450<\/li>\n<li class='ingredient'>Salz<\/li>\n<li class='ingredient'>1\/2 TL Backpulver<\/li>\n<li class='ingredient'>f\u00fcr die herzhafte Variante 2 EL ger. Parmesan in den Teig<\/li>\n<li class='ingredient'>f\u00fcr die s\u00fc\u00dfe Variante 1 TL Zucker in den Teig<\/li>\n<li class='ingredient'>3 EL Butter zum Ausbacken<\/li>\n<\/ul>\n<\/div>\n<div class='instructions'>\n<h4 class='instructions'>Zubereitung<\/h4>\n<ol class='instructions'>\n<li>eine feuerfeste Pfanne in den Backofen stellen; auf 220 \u00b0C vorheizen<\/li>\n<li>die Zutaten mit dem Handmixer gr\u00fcndlich zu einem glatten Teig verquirlen<\/li>\n<li>den Teig 10 min ruhen lassen<\/li>\n<li>Die Buter in der heissen fForm zerlassen<\/li>\n<li>den Teig in die Pfanne geben<\/li>\n<li>15-20 min backen bis das dutch Baby goldgelb ist <\/li>\n<li>Anschlie\u00dfend z.B. mit frischen Beeren f\u00fcr die s\u00fc\u00dfe Variante oder mit gebratenen Pilzen f\u00fcr die herzhafte belegen und die H\u00e4lften aufeinanderlkappen<\/li>\n<\/ol>\n<\/div>\n<\/div>\n<p>Zubereitungszeit: 30 min<br \/>\nPortionen: 2<\/p>\n","protected":false},"excerpt":{"rendered":"<p>Rezept: Dutch Baby Kurzbeschreibung: Pfannkuchen f\u00fcr bequeme K\u00f6che Zutaten 120 mL Milch 2 Eier 60 g Mehl 450 Salz 1\/2 TL Backpulver f\u00fcr die herzhafte Variante 2 EL ger. Parmesan in den Teig f\u00fcr die s\u00fc\u00dfe Variante 1 TL Zucker in den Teig 3 EL Butter zum Ausbacken Zubereitung eine feuerfeste Pfanne in den Backofen [&hellip;]<\/p>\n","protected":false},"author":606,"featured_media":0,"parent":203,"menu_order":0,"comment_status":"closed","ping_status":"closed","template":"","meta":{"ngg_post_thumbnail":0,"footnotes":""},"class_list":["post-2602","page","type-page","status-publish","hentry"],"_links":{"self":[{"href":"https:\/\/christianstrasse.de\/8nhd0g15eq\/index.php?rest_route=\/wp\/v2\/pages\/2602","targetHints":{"allow":["GET"]}}],"collection":[{"href":"https:\/\/christianstrasse.de\/8nhd0g15eq\/index.php?rest_route=\/wp\/v2\/pages"}],"about":[{"href":"https:\/\/christianstrasse.de\/8nhd0g15eq\/index.php?rest_route=\/wp\/v2\/types\/page"}],"author":[{"embeddable":true,"href":"https:\/\/christianstrasse.de\/8nhd0g15eq\/index.php?rest_route=\/wp\/v2\/users\/606"}],"replies":[{"embeddable":true,"href":"https:\/\/christianstrasse.de\/8nhd0g15eq\/index.php?rest_route=%2Fwp%2Fv2%2Fcomments&post=2602"}],"version-history":[{"count":3,"href":"https:\/\/christianstrasse.de\/8nhd0g15eq\/index.php?rest_route=\/wp\/v2\/pages\/2602\/revisions"}],"predecessor-version":[{"id":2606,"href":"https:\/\/christianstrasse.de\/8nhd0g15eq\/index.php?rest_route=\/wp\/v2\/pages\/2602\/revisions\/2606"}],"up":[{"embeddable":true,"href":"https:\/\/christianstrasse.de\/8nhd0g15eq\/index.php?rest_route=\/wp\/v2\/pages\/203"}],"wp:attachment":[{"href":"https:\/\/christianstrasse.de\/8nhd0g15eq\/index.php?rest_route=%2Fwp%2Fv2%2Fmedia&parent=2602"}],"curies":[{"name":"wp","href":"https:\/\/api.w.org\/{rel}","templated":true}]}}