{"id":2468,"date":"2019-07-01T09:45:28","date_gmt":"2019-07-01T08:45:28","guid":{"rendered":"http:\/\/christianstrasse.de\/8nhd0g15eq\/?page_id=2468"},"modified":"2019-07-01T09:45:28","modified_gmt":"2019-07-01T08:45:28","slug":"auberginen-tarte-tatin","status":"publish","type":"page","link":"https:\/\/christianstrasse.de\/8nhd0g15eq\/?page_id=2468","title":{"rendered":"Auberginen-Tarte Tatin"},"content":{"rendered":"<div class=\"hrecipe custom\">\n<p>&nbsp;<\/p>\n<p class=\"summary\"><strong><!-- default-view.php -->\n<div\n\tclass=\"ngg-galleryoverview default-view \n\t\t\"\n\tid=\"ngg-gallery-b6f6b139f75c62cd66c2860b3d9c7913-1\">\n\n\t\t<!-- Thumbnails -->\n\t\t\t\t<div id=\"ngg-image-0\" class=\"ngg-gallery-thumbnail-box \n\t\t\t\t\t\t\t\t\t\t\t\" \n\t\t\t>\n\t\t\t\t\t\t<div class=\"ngg-gallery-thumbnail\">\n\t\t\t<a href=\"https:\/\/christianstrasse.de\/8nhd0g15eq\/wp-content\/gallery\/auberginen-tarte\/30-05-19dscf1679.jpg\"\n\t\t\t\ttitle=\"\"\n\t\t\t\tdata-src=\"https:\/\/christianstrasse.de\/8nhd0g15eq\/wp-content\/gallery\/auberginen-tarte\/30-05-19dscf1679.jpg\"\n\t\t\t\tdata-thumbnail=\"https:\/\/christianstrasse.de\/8nhd0g15eq\/wp-content\/gallery\/auberginen-tarte\/thumbs\/thumbs_30-05-19dscf1679.jpg\"\n\t\t\t\tdata-image-id=\"1254\"\n\t\t\t\tdata-title=\"30-05-19dscf1679\"\n\t\t\t\tdata-description=\"\"\n\t\t\t\tdata-image-slug=\"30-05-19dscf1679\"\n\t\t\t\tclass='use_imagebrowser_effect' data-imagebrowser-url='https:\/\/christianstrasse.de\/8nhd0g15eq\/index.php\/nggallery\/image\/%STUB%?page_id=2468'>\n\t\t\t\t<img\n\t\t\t\t\ttitle=\"30-05-19dscf1679\"\n\t\t\t\t\talt=\"30-05-19dscf1679\"\n\t\t\t\t\tsrc=\"https:\/\/christianstrasse.de\/8nhd0g15eq\/wp-content\/gallery\/auberginen-tarte\/thumbs\/thumbs_30-05-19dscf1679.jpg\"\n\t\t\t\t\twidth=\"110\"\n\t\t\t\t\theight=\"82\"\n\t\t\t\t\tstyle=\"max-width:100%;\"\n\t\t\t\t\/>\n\t\t\t<\/a>\n\t\t<\/div>\n\t\t\t\t\t\t\t<\/div> \n\t\t\t\n\t\t\t\t<div id=\"ngg-image-1\" class=\"ngg-gallery-thumbnail-box \n\t\t\t\t\t\t\t\t\t\t\t\" \n\t\t\t>\n\t\t\t\t\t\t<div class=\"ngg-gallery-thumbnail\">\n\t\t\t<a href=\"https:\/\/christianstrasse.de\/8nhd0g15eq\/wp-content\/gallery\/auberginen-tarte\/30-05-19dscf1676.jpg\"\n\t\t\t\ttitle=\"\"\n\t\t\t\tdata-src=\"https:\/\/christianstrasse.de\/8nhd0g15eq\/wp-content\/gallery\/auberginen-tarte\/30-05-19dscf1676.jpg\"\n\t\t\t\tdata-thumbnail=\"https:\/\/christianstrasse.de\/8nhd0g15eq\/wp-content\/gallery\/auberginen-tarte\/thumbs\/thumbs_30-05-19dscf1676.jpg\"\n\t\t\t\tdata-image-id=\"1255\"\n\t\t\t\tdata-title=\"30-05-19dscf1676\"\n\t\t\t\tdata-description=\"\"\n\t\t\t\tdata-image-slug=\"30-05-19dscf1676-2\"\n\t\t\t\tclass='use_imagebrowser_effect' data-imagebrowser-url='https:\/\/christianstrasse.de\/8nhd0g15eq\/index.php\/nggallery\/image\/%STUB%?page_id=2468'>\n\t\t\t\t<img\n\t\t\t\t\ttitle=\"30-05-19dscf1676\"\n\t\t\t\t\talt=\"30-05-19dscf1676\"\n\t\t\t\t\tsrc=\"https:\/\/christianstrasse.de\/8nhd0g15eq\/wp-content\/gallery\/auberginen-tarte\/thumbs\/thumbs_30-05-19dscf1676.jpg\"\n\t\t\t\t\twidth=\"110\"\n\t\t\t\t\theight=\"82\"\n\t\t\t\t\tstyle=\"max-width:100%;\"\n\t\t\t\t\/>\n\t\t\t<\/a>\n\t\t<\/div>\n\t\t\t\t\t\t\t<\/div> \n\t\t\t\n\t\t\t\t<div id=\"ngg-image-2\" class=\"ngg-gallery-thumbnail-box \n\t\t\t\t\t\t\t\t\t\t\t\" \n\t\t\t>\n\t\t\t\t\t\t<div class=\"ngg-gallery-thumbnail\">\n\t\t\t<a href=\"https:\/\/christianstrasse.de\/8nhd0g15eq\/wp-content\/gallery\/auberginen-tarte\/30-05-19dscf1678.jpg\"\n\t\t\t\ttitle=\"\"\n\t\t\t\tdata-src=\"https:\/\/christianstrasse.de\/8nhd0g15eq\/wp-content\/gallery\/auberginen-tarte\/30-05-19dscf1678.jpg\"\n\t\t\t\tdata-thumbnail=\"https:\/\/christianstrasse.de\/8nhd0g15eq\/wp-content\/gallery\/auberginen-tarte\/thumbs\/thumbs_30-05-19dscf1678.jpg\"\n\t\t\t\tdata-image-id=\"1256\"\n\t\t\t\tdata-title=\"30-05-19dscf1678\"\n\t\t\t\tdata-description=\"\"\n\t\t\t\tdata-image-slug=\"30-05-19dscf1678-2\"\n\t\t\t\tclass='use_imagebrowser_effect' data-imagebrowser-url='https:\/\/christianstrasse.de\/8nhd0g15eq\/index.php\/nggallery\/image\/%STUB%?page_id=2468'>\n\t\t\t\t<img\n\t\t\t\t\ttitle=\"30-05-19dscf1678\"\n\t\t\t\t\talt=\"30-05-19dscf1678\"\n\t\t\t\t\tsrc=\"https:\/\/christianstrasse.de\/8nhd0g15eq\/wp-content\/gallery\/auberginen-tarte\/thumbs\/thumbs_30-05-19dscf1678.jpg\"\n\t\t\t\t\twidth=\"110\"\n\t\t\t\t\theight=\"82\"\n\t\t\t\t\tstyle=\"max-width:100%;\"\n\t\t\t\t\/>\n\t\t\t<\/a>\n\t\t<\/div>\n\t\t\t\t\t\t\t<\/div> \n\t\t\t\n\t\t\t\t<div id=\"ngg-image-3\" class=\"ngg-gallery-thumbnail-box \n\t\t\t\t\t\t\t\t\t\t\t\" \n\t\t\t>\n\t\t\t\t\t\t<div class=\"ngg-gallery-thumbnail\">\n\t\t\t<a href=\"https:\/\/christianstrasse.de\/8nhd0g15eq\/wp-content\/gallery\/auberginen-tarte\/30-05-19dscf1680.jpg\"\n\t\t\t\ttitle=\"\"\n\t\t\t\tdata-src=\"https:\/\/christianstrasse.de\/8nhd0g15eq\/wp-content\/gallery\/auberginen-tarte\/30-05-19dscf1680.jpg\"\n\t\t\t\tdata-thumbnail=\"https:\/\/christianstrasse.de\/8nhd0g15eq\/wp-content\/gallery\/auberginen-tarte\/thumbs\/thumbs_30-05-19dscf1680.jpg\"\n\t\t\t\tdata-image-id=\"1257\"\n\t\t\t\tdata-title=\"30-05-19dscf1680\"\n\t\t\t\tdata-description=\"\"\n\t\t\t\tdata-image-slug=\"30-05-19dscf1680-2\"\n\t\t\t\tclass='use_imagebrowser_effect' data-imagebrowser-url='https:\/\/christianstrasse.de\/8nhd0g15eq\/index.php\/nggallery\/image\/%STUB%?page_id=2468'>\n\t\t\t\t<img\n\t\t\t\t\ttitle=\"30-05-19dscf1680\"\n\t\t\t\t\talt=\"30-05-19dscf1680\"\n\t\t\t\t\tsrc=\"https:\/\/christianstrasse.de\/8nhd0g15eq\/wp-content\/gallery\/auberginen-tarte\/thumbs\/thumbs_30-05-19dscf1680.jpg\"\n\t\t\t\t\twidth=\"110\"\n\t\t\t\t\theight=\"82\"\n\t\t\t\t\tstyle=\"max-width:100%;\"\n\t\t\t\t\/>\n\t\t\t<\/a>\n\t\t<\/div>\n\t\t\t\t\t\t\t<\/div> \n\t\t\t\n\t\t\t\t<div id=\"ngg-image-4\" class=\"ngg-gallery-thumbnail-box \n\t\t\t\t\t\t\t\t\t\t\t\" \n\t\t\t>\n\t\t\t\t\t\t<div class=\"ngg-gallery-thumbnail\">\n\t\t\t<a href=\"https:\/\/christianstrasse.de\/8nhd0g15eq\/wp-content\/gallery\/auberginen-tarte\/30-05-19dscf1682.jpg\"\n\t\t\t\ttitle=\"\"\n\t\t\t\tdata-src=\"https:\/\/christianstrasse.de\/8nhd0g15eq\/wp-content\/gallery\/auberginen-tarte\/30-05-19dscf1682.jpg\"\n\t\t\t\tdata-thumbnail=\"https:\/\/christianstrasse.de\/8nhd0g15eq\/wp-content\/gallery\/auberginen-tarte\/thumbs\/thumbs_30-05-19dscf1682.jpg\"\n\t\t\t\tdata-image-id=\"1258\"\n\t\t\t\tdata-title=\"30-05-19dscf1682\"\n\t\t\t\tdata-description=\"\"\n\t\t\t\tdata-image-slug=\"30-05-19dscf1682-2\"\n\t\t\t\tclass='use_imagebrowser_effect' data-imagebrowser-url='https:\/\/christianstrasse.de\/8nhd0g15eq\/index.php\/nggallery\/image\/%STUB%?page_id=2468'>\n\t\t\t\t<img\n\t\t\t\t\ttitle=\"30-05-19dscf1682\"\n\t\t\t\t\talt=\"30-05-19dscf1682\"\n\t\t\t\t\tsrc=\"https:\/\/christianstrasse.de\/8nhd0g15eq\/wp-content\/gallery\/auberginen-tarte\/thumbs\/thumbs_30-05-19dscf1682.jpg\"\n\t\t\t\t\twidth=\"110\"\n\t\t\t\t\theight=\"82\"\n\t\t\t\t\tstyle=\"max-width:100%;\"\n\t\t\t\t\/>\n\t\t\t<\/a>\n\t\t<\/div>\n\t\t\t\t\t\t\t<\/div> \n\t\t\t\n\t\n\t<br style=\"clear: both\" \/>\n\n\t\n\t\t<!-- Pagination -->\n\t\t<div class='ngg-clear'><\/div>\t<\/div>\n<\/strong><\/p>\n<p class=\"summary\"><strong>Kurzbeschreibung:<\/strong><i> unsere Variante eines\u00a0Rezepts vom Tim M\u00e4lzer, das im NDR-Fernsehen vorgestellt wurde<\/i><\/p>\n<div class=\"ingredients\">\n<h4 class=\"ingredients\">Zutaten<\/h4>\n<ul class=\"ingredients\">\n<li class=\"ingredient\">2 Auberginen<\/li>\n<li class=\"ingredient\">Salz<\/li>\n<li class=\"ingredient\">Oliven\u00f6l<\/li>\n<li class=\"ingredient\">10 Kirschtomaten<\/li>\n<li class=\"ingredient\">Pfeffer<\/li>\n<li class=\"ingredient\">4 EL Weissweinessig<\/li>\n<li>Thymian<\/li>\n<li class=\"ingredient\">Zucker<\/li>\n<li class=\"ingredient\">1 Rolle Bl\u00e4tterteig aus dem K\u00fchlregal (mit Butter, am besten die &#8222;runde Sorte&#8220;)<\/li>\n<li class=\"ingredient\">100 g Schafk\u00e4se<\/li>\n<\/ul>\n<\/div>\n<div class=\"instructions\">\n<h4 class=\"instructions\">Zubereitung<\/h4>\n<ol class=\"instructions\">\n<li>Backofen auf 200 Grad vorheizen<\/li>\n<li>Auberginen putzen, halbieren, und die H\u00e4lften in 4-6 Segmente schneiden<\/li>\n<li>Mit \u00d6l einreiben<\/li>\n<li>Auberginenspalten auf ein mit Backpapier belegtes Blech geben und im Ofen garen, bis sie Farbe annehmen<\/li>\n<li>Die Tomaten halbieren, in Oliven\u00f6l kurz anbraten, dann mit Thymian, Salz, Pfeffer, Zucker und dem Essig w\u00fcrzen<\/li>\n<li>Tomaten kurz einkochen lassen<\/li>\n<li>Eine ofenfeste Pfanne mit Backpapier auslegen<\/li>\n<li>Auberginen darauf verteilen, die Tomaten dar\u00fcber geben<\/li>\n<li>Den Bl\u00e4tterteig ausrollen, auf Auberginen und Tomaten legen, und mehrmals einstechen<\/li>\n<li>Auf dem Rost im unteren Ofendrittel 20-30 Minuten backen, bis der Bl\u00e4tterteig gebr\u00e4unt ist<\/li>\n<li>Die Tarte auf eine Platte st\u00fcrzen (am besten zu zweit) und den Schafk\u00e4se dar\u00fcber kr\u00fcmeln<\/li>\n<\/ol>\n<\/div>\n<\/div>\n<p>Zubereitungszeit: ca. 1 Stunde<\/p>\n<p>&nbsp;<\/p>\n<p>&nbsp;<\/p>\n","protected":false},"excerpt":{"rendered":"<p>&nbsp; Kurzbeschreibung: unsere Variante eines\u00a0Rezepts vom Tim M\u00e4lzer, das im NDR-Fernsehen vorgestellt wurde Zutaten 2 Auberginen Salz Oliven\u00f6l 10 Kirschtomaten Pfeffer 4 EL Weissweinessig Thymian Zucker 1 Rolle Bl\u00e4tterteig aus dem K\u00fchlregal (mit Butter, am besten die &#8222;runde Sorte&#8220;) 100 g Schafk\u00e4se Zubereitung Backofen auf 200 Grad vorheizen Auberginen putzen, halbieren, und die H\u00e4lften in [&hellip;]<\/p>\n","protected":false},"author":609,"featured_media":0,"parent":203,"menu_order":0,"comment_status":"closed","ping_status":"closed","template":"","meta":{"ngg_post_thumbnail":0,"footnotes":""},"class_list":["post-2468","page","type-page","status-publish","hentry"],"_links":{"self":[{"href":"https:\/\/christianstrasse.de\/8nhd0g15eq\/index.php?rest_route=\/wp\/v2\/pages\/2468","targetHints":{"allow":["GET"]}}],"collection":[{"href":"https:\/\/christianstrasse.de\/8nhd0g15eq\/index.php?rest_route=\/wp\/v2\/pages"}],"about":[{"href":"https:\/\/christianstrasse.de\/8nhd0g15eq\/index.php?rest_route=\/wp\/v2\/types\/page"}],"author":[{"embeddable":true,"href":"https:\/\/christianstrasse.de\/8nhd0g15eq\/index.php?rest_route=\/wp\/v2\/users\/609"}],"replies":[{"embeddable":true,"href":"https:\/\/christianstrasse.de\/8nhd0g15eq\/index.php?rest_route=%2Fwp%2Fv2%2Fcomments&post=2468"}],"version-history":[{"count":8,"href":"https:\/\/christianstrasse.de\/8nhd0g15eq\/index.php?rest_route=\/wp\/v2\/pages\/2468\/revisions"}],"predecessor-version":[{"id":2476,"href":"https:\/\/christianstrasse.de\/8nhd0g15eq\/index.php?rest_route=\/wp\/v2\/pages\/2468\/revisions\/2476"}],"up":[{"embeddable":true,"href":"https:\/\/christianstrasse.de\/8nhd0g15eq\/index.php?rest_route=\/wp\/v2\/pages\/203"}],"wp:attachment":[{"href":"https:\/\/christianstrasse.de\/8nhd0g15eq\/index.php?rest_route=%2Fwp%2Fv2%2Fmedia&parent=2468"}],"curies":[{"name":"wp","href":"https:\/\/api.w.org\/{rel}","templated":true}]}}