{"id":2420,"date":"2018-08-06T11:20:21","date_gmt":"2018-08-06T10:20:21","guid":{"rendered":"http:\/\/christianstrasse.de\/8nhd0g15eq\/?page_id=2420"},"modified":"2018-08-07T13:57:00","modified_gmt":"2018-08-07T12:57:00","slug":"beef-brisket-bei-niedertemperatur-gegart-r","status":"publish","type":"page","link":"https:\/\/christianstrasse.de\/8nhd0g15eq\/?page_id=2420","title":{"rendered":"Beef Brisket bei Niedertemperatur gegart (R)"},"content":{"rendered":"<p>Der versierte Griller legt sich ein mittleres Krematorium zum Preis eines Kleinwagens zu. Wir sind meist zu zweit und der bescheidene S\u00e4ulengrill bleibt fast immer kalt.<\/p>\n<p>Nun fand ich bei den <a href=\"http:\/\/www.genusshandwerker.de\">Genusshandwerkern<\/a>\u00a0ein Rezept, wie man eine Rinderbrust von 1,4 kg mit einem Rub mariniert und bei Niedertemperatur 9-10 Std. im Backofen gart. Anschlie\u00dfend wird das Fleisch unter dem Grill gebr\u00e4unt und als Pulled beef mit einem Coleslaw aus Wei\u00dfkohl und Karotten sowie einem Baguette serviert. F\u00fcr 8 Personen habe ich die Mengen entsprechend erh\u00f6ht. Die Bratzeit bleibt in etwa gleich, da die Rinderbrust dann l\u00e4nger und breiter ist, aber etwa dieselbe H\u00f6he beh\u00e4lt.<\/p>\n<!-- default-view.php -->\n<div\n\tclass=\"ngg-galleryoverview default-view \n\t\t\"\n\tid=\"ngg-gallery-9d74cb90f0c2fb77a6c321f653f9f27a-1\">\n\n\t\t<!-- Thumbnails -->\n\t\t\t\t<div id=\"ngg-image-0\" class=\"ngg-gallery-thumbnail-box \n\t\t\t\t\t\t\t\t\t\t\t\" \n\t\t\t>\n\t\t\t\t\t\t<div class=\"ngg-gallery-thumbnail\">\n\t\t\t<a href=\"https:\/\/christianstrasse.de\/8nhd0g15eq\/wp-content\/gallery\/beef-brisket\/img_4142.jpg\"\n\t\t\t\ttitle=\"Die Zutaten f\u00fcr den Rub\"\n\t\t\t\tdata-src=\"https:\/\/christianstrasse.de\/8nhd0g15eq\/wp-content\/gallery\/beef-brisket\/img_4142.jpg\"\n\t\t\t\tdata-thumbnail=\"https:\/\/christianstrasse.de\/8nhd0g15eq\/wp-content\/gallery\/beef-brisket\/thumbs\/thumbs_img_4142.jpg\"\n\t\t\t\tdata-image-id=\"1245\"\n\t\t\t\tdata-title=\"img_4142\"\n\t\t\t\tdata-description=\"Die Zutaten f\u00fcr den Rub\"\n\t\t\t\tdata-image-slug=\"img_4142\"\n\t\t\t\tclass='use_imagebrowser_effect' data-imagebrowser-url='https:\/\/christianstrasse.de\/8nhd0g15eq\/index.php\/nggallery\/image\/%STUB%?page_id=2420'>\n\t\t\t\t<img\n\t\t\t\t\ttitle=\"img_4142\"\n\t\t\t\t\talt=\"img_4142\"\n\t\t\t\t\tsrc=\"https:\/\/christianstrasse.de\/8nhd0g15eq\/wp-content\/gallery\/beef-brisket\/thumbs\/thumbs_img_4142.jpg\"\n\t\t\t\t\twidth=\"110\"\n\t\t\t\t\theight=\"82\"\n\t\t\t\t\tstyle=\"max-width:100%;\"\n\t\t\t\t\/>\n\t\t\t<\/a>\n\t\t<\/div>\n\t\t\t\t\t\t\t<\/div> \n\t\t\t\n\t\t\t\t<div id=\"ngg-image-1\" class=\"ngg-gallery-thumbnail-box \n\t\t\t\t\t\t\t\t\t\t\t\" \n\t\t\t>\n\t\t\t\t\t\t<div class=\"ngg-gallery-thumbnail\">\n\t\t\t<a href=\"https:\/\/christianstrasse.de\/8nhd0g15eq\/wp-content\/gallery\/beef-brisket\/img_4143.jpg\"\n\t\t\t\ttitle=\"Vorbereitung\"\n\t\t\t\tdata-src=\"https:\/\/christianstrasse.de\/8nhd0g15eq\/wp-content\/gallery\/beef-brisket\/img_4143.jpg\"\n\t\t\t\tdata-thumbnail=\"https:\/\/christianstrasse.de\/8nhd0g15eq\/wp-content\/gallery\/beef-brisket\/thumbs\/thumbs_img_4143.jpg\"\n\t\t\t\tdata-image-id=\"1246\"\n\t\t\t\tdata-title=\"img_4143\"\n\t\t\t\tdata-description=\"Vorbereitung\"\n\t\t\t\tdata-image-slug=\"img_4143\"\n\t\t\t\tclass='use_imagebrowser_effect' data-imagebrowser-url='https:\/\/christianstrasse.de\/8nhd0g15eq\/index.php\/nggallery\/image\/%STUB%?page_id=2420'>\n\t\t\t\t<img\n\t\t\t\t\ttitle=\"img_4143\"\n\t\t\t\t\talt=\"img_4143\"\n\t\t\t\t\tsrc=\"https:\/\/christianstrasse.de\/8nhd0g15eq\/wp-content\/gallery\/beef-brisket\/thumbs\/thumbs_img_4143.jpg\"\n\t\t\t\t\twidth=\"110\"\n\t\t\t\t\theight=\"82\"\n\t\t\t\t\tstyle=\"max-width:100%;\"\n\t\t\t\t\/>\n\t\t\t<\/a>\n\t\t<\/div>\n\t\t\t\t\t\t\t<\/div> \n\t\t\t\n\t\t\t\t<div id=\"ngg-image-2\" class=\"ngg-gallery-thumbnail-box \n\t\t\t\t\t\t\t\t\t\t\t\" \n\t\t\t>\n\t\t\t\t\t\t<div class=\"ngg-gallery-thumbnail\">\n\t\t\t<a href=\"https:\/\/christianstrasse.de\/8nhd0g15eq\/wp-content\/gallery\/beef-brisket\/img_4147.jpg\"\n\t\t\t\ttitle=\"Der Rub nach dem P\u00fcrieren\"\n\t\t\t\tdata-src=\"https:\/\/christianstrasse.de\/8nhd0g15eq\/wp-content\/gallery\/beef-brisket\/img_4147.jpg\"\n\t\t\t\tdata-thumbnail=\"https:\/\/christianstrasse.de\/8nhd0g15eq\/wp-content\/gallery\/beef-brisket\/thumbs\/thumbs_img_4147.jpg\"\n\t\t\t\tdata-image-id=\"1247\"\n\t\t\t\tdata-title=\"img_4147\"\n\t\t\t\tdata-description=\"Der Rub nach dem P\u00fcrieren\"\n\t\t\t\tdata-image-slug=\"img_4147\"\n\t\t\t\tclass='use_imagebrowser_effect' data-imagebrowser-url='https:\/\/christianstrasse.de\/8nhd0g15eq\/index.php\/nggallery\/image\/%STUB%?page_id=2420'>\n\t\t\t\t<img\n\t\t\t\t\ttitle=\"img_4147\"\n\t\t\t\t\talt=\"img_4147\"\n\t\t\t\t\tsrc=\"https:\/\/christianstrasse.de\/8nhd0g15eq\/wp-content\/gallery\/beef-brisket\/thumbs\/thumbs_img_4147.jpg\"\n\t\t\t\t\twidth=\"110\"\n\t\t\t\t\theight=\"82\"\n\t\t\t\t\tstyle=\"max-width:100%;\"\n\t\t\t\t\/>\n\t\t\t<\/a>\n\t\t<\/div>\n\t\t\t\t\t\t\t<\/div> \n\t\t\t\n\t\t\t\t<div id=\"ngg-image-3\" class=\"ngg-gallery-thumbnail-box \n\t\t\t\t\t\t\t\t\t\t\t\" \n\t\t\t>\n\t\t\t\t\t\t<div class=\"ngg-gallery-thumbnail\">\n\t\t\t<a href=\"https:\/\/christianstrasse.de\/8nhd0g15eq\/wp-content\/gallery\/beef-brisket\/img_4149.jpg\"\n\t\t\t\ttitle=\"Das Beef\"\n\t\t\t\tdata-src=\"https:\/\/christianstrasse.de\/8nhd0g15eq\/wp-content\/gallery\/beef-brisket\/img_4149.jpg\"\n\t\t\t\tdata-thumbnail=\"https:\/\/christianstrasse.de\/8nhd0g15eq\/wp-content\/gallery\/beef-brisket\/thumbs\/thumbs_img_4149.jpg\"\n\t\t\t\tdata-image-id=\"1248\"\n\t\t\t\tdata-title=\"img_4149\"\n\t\t\t\tdata-description=\"Das Beef\"\n\t\t\t\tdata-image-slug=\"img_4149\"\n\t\t\t\tclass='use_imagebrowser_effect' data-imagebrowser-url='https:\/\/christianstrasse.de\/8nhd0g15eq\/index.php\/nggallery\/image\/%STUB%?page_id=2420'>\n\t\t\t\t<img\n\t\t\t\t\ttitle=\"img_4149\"\n\t\t\t\t\talt=\"img_4149\"\n\t\t\t\t\tsrc=\"https:\/\/christianstrasse.de\/8nhd0g15eq\/wp-content\/gallery\/beef-brisket\/thumbs\/thumbs_img_4149.jpg\"\n\t\t\t\t\twidth=\"110\"\n\t\t\t\t\theight=\"82\"\n\t\t\t\t\tstyle=\"max-width:100%;\"\n\t\t\t\t\/>\n\t\t\t<\/a>\n\t\t<\/div>\n\t\t\t\t\t\t\t<\/div> \n\t\t\t\n\t\t\t\t<div id=\"ngg-image-4\" class=\"ngg-gallery-thumbnail-box \n\t\t\t\t\t\t\t\t\t\t\t\" \n\t\t\t>\n\t\t\t\t\t\t<div class=\"ngg-gallery-thumbnail\">\n\t\t\t<a href=\"https:\/\/christianstrasse.de\/8nhd0g15eq\/wp-content\/gallery\/beef-brisket\/img_4150.jpg\"\n\t\t\t\ttitle=\"Pariert\"\n\t\t\t\tdata-src=\"https:\/\/christianstrasse.de\/8nhd0g15eq\/wp-content\/gallery\/beef-brisket\/img_4150.jpg\"\n\t\t\t\tdata-thumbnail=\"https:\/\/christianstrasse.de\/8nhd0g15eq\/wp-content\/gallery\/beef-brisket\/thumbs\/thumbs_img_4150.jpg\"\n\t\t\t\tdata-image-id=\"1249\"\n\t\t\t\tdata-title=\"img_4150\"\n\t\t\t\tdata-description=\"Pariert\"\n\t\t\t\tdata-image-slug=\"img_4150\"\n\t\t\t\tclass='use_imagebrowser_effect' data-imagebrowser-url='https:\/\/christianstrasse.de\/8nhd0g15eq\/index.php\/nggallery\/image\/%STUB%?page_id=2420'>\n\t\t\t\t<img\n\t\t\t\t\ttitle=\"img_4150\"\n\t\t\t\t\talt=\"img_4150\"\n\t\t\t\t\tsrc=\"https:\/\/christianstrasse.de\/8nhd0g15eq\/wp-content\/gallery\/beef-brisket\/thumbs\/thumbs_img_4150.jpg\"\n\t\t\t\t\twidth=\"110\"\n\t\t\t\t\theight=\"82\"\n\t\t\t\t\tstyle=\"max-width:100%;\"\n\t\t\t\t\/>\n\t\t\t<\/a>\n\t\t<\/div>\n\t\t\t\t\t\t\t<\/div> \n\t\t\t\n\t\t\t\t<div id=\"ngg-image-5\" class=\"ngg-gallery-thumbnail-box \n\t\t\t\t\t\t\t\t\t\t\t\" \n\t\t\t>\n\t\t\t\t\t\t<div class=\"ngg-gallery-thumbnail\">\n\t\t\t<a href=\"https:\/\/christianstrasse.de\/8nhd0g15eq\/wp-content\/gallery\/beef-brisket\/img_4152.jpg\"\n\t\t\t\ttitle=\"Nach 2 Tagen mit dem Rub\"\n\t\t\t\tdata-src=\"https:\/\/christianstrasse.de\/8nhd0g15eq\/wp-content\/gallery\/beef-brisket\/img_4152.jpg\"\n\t\t\t\tdata-thumbnail=\"https:\/\/christianstrasse.de\/8nhd0g15eq\/wp-content\/gallery\/beef-brisket\/thumbs\/thumbs_img_4152.jpg\"\n\t\t\t\tdata-image-id=\"1250\"\n\t\t\t\tdata-title=\"img_4152\"\n\t\t\t\tdata-description=\"Nach 2 Tagen mit dem Rub\"\n\t\t\t\tdata-image-slug=\"img_4152\"\n\t\t\t\tclass='use_imagebrowser_effect' data-imagebrowser-url='https:\/\/christianstrasse.de\/8nhd0g15eq\/index.php\/nggallery\/image\/%STUB%?page_id=2420'>\n\t\t\t\t<img\n\t\t\t\t\ttitle=\"img_4152\"\n\t\t\t\t\talt=\"img_4152\"\n\t\t\t\t\tsrc=\"https:\/\/christianstrasse.de\/8nhd0g15eq\/wp-content\/gallery\/beef-brisket\/thumbs\/thumbs_img_4152.jpg\"\n\t\t\t\t\twidth=\"110\"\n\t\t\t\t\theight=\"82\"\n\t\t\t\t\tstyle=\"max-width:100%;\"\n\t\t\t\t\/>\n\t\t\t<\/a>\n\t\t<\/div>\n\t\t\t\t\t\t\t<\/div> \n\t\t\t\n\t\t\t\t<div id=\"ngg-image-6\" class=\"ngg-gallery-thumbnail-box \n\t\t\t\t\t\t\t\t\t\t\t\" \n\t\t\t>\n\t\t\t\t\t\t<div class=\"ngg-gallery-thumbnail\">\n\t\t\t<a href=\"https:\/\/christianstrasse.de\/8nhd0g15eq\/wp-content\/gallery\/beef-brisket\/img_4156.jpg\"\n\t\t\t\ttitle=\"Wenden und mit BBQ-Sauce einpinseln\"\n\t\t\t\tdata-src=\"https:\/\/christianstrasse.de\/8nhd0g15eq\/wp-content\/gallery\/beef-brisket\/img_4156.jpg\"\n\t\t\t\tdata-thumbnail=\"https:\/\/christianstrasse.de\/8nhd0g15eq\/wp-content\/gallery\/beef-brisket\/thumbs\/thumbs_img_4156.jpg\"\n\t\t\t\tdata-image-id=\"1251\"\n\t\t\t\tdata-title=\"img_4156\"\n\t\t\t\tdata-description=\"Wenden und mit BBQ-Sauce einpinseln\"\n\t\t\t\tdata-image-slug=\"img_4156\"\n\t\t\t\tclass='use_imagebrowser_effect' data-imagebrowser-url='https:\/\/christianstrasse.de\/8nhd0g15eq\/index.php\/nggallery\/image\/%STUB%?page_id=2420'>\n\t\t\t\t<img\n\t\t\t\t\ttitle=\"img_4156\"\n\t\t\t\t\talt=\"img_4156\"\n\t\t\t\t\tsrc=\"https:\/\/christianstrasse.de\/8nhd0g15eq\/wp-content\/gallery\/beef-brisket\/thumbs\/thumbs_img_4156.jpg\"\n\t\t\t\t\twidth=\"110\"\n\t\t\t\t\theight=\"82\"\n\t\t\t\t\tstyle=\"max-width:100%;\"\n\t\t\t\t\/>\n\t\t\t<\/a>\n\t\t<\/div>\n\t\t\t\t\t\t\t<\/div> \n\t\t\t\n\t\t\t\t<div id=\"ngg-image-7\" class=\"ngg-gallery-thumbnail-box \n\t\t\t\t\t\t\t\t\t\t\t\" \n\t\t\t>\n\t\t\t\t\t\t<div class=\"ngg-gallery-thumbnail\">\n\t\t\t<a href=\"https:\/\/christianstrasse.de\/8nhd0g15eq\/wp-content\/gallery\/beef-brisket\/img_4161.jpg\"\n\t\t\t\ttitle=\"Nach 3 Stunden\"\n\t\t\t\tdata-src=\"https:\/\/christianstrasse.de\/8nhd0g15eq\/wp-content\/gallery\/beef-brisket\/img_4161.jpg\"\n\t\t\t\tdata-thumbnail=\"https:\/\/christianstrasse.de\/8nhd0g15eq\/wp-content\/gallery\/beef-brisket\/thumbs\/thumbs_img_4161.jpg\"\n\t\t\t\tdata-image-id=\"1252\"\n\t\t\t\tdata-title=\"img_4161\"\n\t\t\t\tdata-description=\"Nach 3 Stunden\"\n\t\t\t\tdata-image-slug=\"img_4161\"\n\t\t\t\tclass='use_imagebrowser_effect' data-imagebrowser-url='https:\/\/christianstrasse.de\/8nhd0g15eq\/index.php\/nggallery\/image\/%STUB%?page_id=2420'>\n\t\t\t\t<img\n\t\t\t\t\ttitle=\"img_4161\"\n\t\t\t\t\talt=\"img_4161\"\n\t\t\t\t\tsrc=\"https:\/\/christianstrasse.de\/8nhd0g15eq\/wp-content\/gallery\/beef-brisket\/thumbs\/thumbs_img_4161.jpg\"\n\t\t\t\t\twidth=\"110\"\n\t\t\t\t\theight=\"82\"\n\t\t\t\t\tstyle=\"max-width:100%;\"\n\t\t\t\t\/>\n\t\t\t<\/a>\n\t\t<\/div>\n\t\t\t\t\t\t\t<\/div> \n\t\t\t\n\t\t\t\t<div id=\"ngg-image-8\" class=\"ngg-gallery-thumbnail-box \n\t\t\t\t\t\t\t\t\t\t\t\" \n\t\t\t>\n\t\t\t\t\t\t<div class=\"ngg-gallery-thumbnail\">\n\t\t\t<a href=\"https:\/\/christianstrasse.de\/8nhd0g15eq\/wp-content\/gallery\/beef-brisket\/img_4199x.jpg\"\n\t\t\t\ttitle=\"Servieren nach 10 Stunden\"\n\t\t\t\tdata-src=\"https:\/\/christianstrasse.de\/8nhd0g15eq\/wp-content\/gallery\/beef-brisket\/img_4199x.jpg\"\n\t\t\t\tdata-thumbnail=\"https:\/\/christianstrasse.de\/8nhd0g15eq\/wp-content\/gallery\/beef-brisket\/thumbs\/thumbs_img_4199x.jpg\"\n\t\t\t\tdata-image-id=\"1253\"\n\t\t\t\tdata-title=\"img_4199x\"\n\t\t\t\tdata-description=\"Servieren nach 10 Stunden\"\n\t\t\t\tdata-image-slug=\"img_4199x\"\n\t\t\t\tclass='use_imagebrowser_effect' data-imagebrowser-url='https:\/\/christianstrasse.de\/8nhd0g15eq\/index.php\/nggallery\/image\/%STUB%?page_id=2420'>\n\t\t\t\t<img\n\t\t\t\t\ttitle=\"img_4199x\"\n\t\t\t\t\talt=\"img_4199x\"\n\t\t\t\t\tsrc=\"https:\/\/christianstrasse.de\/8nhd0g15eq\/wp-content\/gallery\/beef-brisket\/thumbs\/thumbs_img_4199x.jpg\"\n\t\t\t\t\twidth=\"110\"\n\t\t\t\t\theight=\"82\"\n\t\t\t\t\tstyle=\"max-width:100%;\"\n\t\t\t\t\/>\n\t\t\t<\/a>\n\t\t<\/div>\n\t\t\t\t\t\t\t<\/div> \n\t\t\t\n\t\n\t<br style=\"clear: both\" \/>\n\n\t\n\t\t<!-- Pagination -->\n\t\t<div class='ngg-clear'><\/div>\t<\/div>\n\n<div class=\"hrecipe custom\">\n<h2 class=\"fn\">Rezept: Beef Brisket aus dem Backofen<\/h2>\n<p class=\"summary\"><strong>Kurzbeschreibung:<\/strong><em> Dem Smoker ein Schnippchen geschlagen <\/em><\/p>\n<div class=\"ingredients\">\n<h4 class=\"ingredients\">Zutaten:<\/h4>\n<ul>\n<li class=\"ingredient\">1 Rinderbrust a&#8216; 2,5 kg<\/li>\n<\/ul>\n<h4 class=\"ingredients\">Rub:<\/h4>\n<ul class=\"ingredients\">\n<li class=\"ingredient\">6 gro\u00dfe Knoblauchzehen<\/li>\n<li class=\"ingredient\">3 EL schwarze Pfefferk\u00f6rner<\/li>\n<li class=\"ingredient\">8 EL ger\u00e4ucherter Paprika<\/li>\n<li class=\"ingredient\">2 EL getrockneter Oregano<\/li>\n<li class=\"ingredient\">4 EL gehackter frischer Rosmarin<\/li>\n<li class=\"ingredient\">150mL Oliven\u00f6l<\/li>\n<li class=\"ingredient\">Salz und BBQ-Sauce zum Garen<\/li>\n<\/ul>\n<h4 class=\"ingredients\">Coleslaw:<\/h4>\n<ul class=\"ingredients\">\n<li class=\"ingredient\">1 gro\u00dfe Karotte<\/li>\n<li class=\"ingredient\">500g Wei\u00dfkohl<\/li>\n<li class=\"ingredient\">1 TL Zucker<\/li>\n<li class=\"ingredient\">100g saure Sahne<\/li>\n<li class=\"ingredient\">3-4 EL Wei\u00dfweinessig<\/li>\n<li class=\"ingredient\">Salz<\/li>\n<li class=\"ingredient\">schwarzer Pfeffer<\/li>\n<li class=\"ingredient\">dazu Baguette oder Ciabatta<\/li>\n<\/ul>\n<\/div>\n<div class=\"instructions\">\n<h4 class=\"instructions\">Zubereitung<\/h4>\n<ol class=\"instructions\">\n<li>F\u00fcr den Rub die Knoblauchzehen hacken. Knoblauch, Pfeffer, Paprikapulver, Oregano und Rosmarin mit dem Oliven\u00f6l im Mixer zu einer Gew\u00fcrzpaste verr\u00fchren und anschlie\u00dfend mit dem P\u00fcrierstab weiter homogenisieren.<br \/>\nDie Rinderbrust mit dem Rub von allen Seiten einreiben, in einen Frischhaltebeutel stecken und mindestens 24 (besser 48) Stunden im K\u00fchlschrank ruhen lassen, gelegentlich herausnehmen und den Rub durch den Beutel einmassieren.<\/li>\n<li>Das Fleisch 2 1\/2 Std. vor dem Braten (also gleich nach dem Aufstehen) aus dem K\u00fchlschrank nehmen und Zimmertemperatur annehmen lassen.<\/li>\n<li>Den Ofen auf 90\u00b0C vorheizen. Das Fleich salzen und in einen Br\u00e4ter mit hohem Rand oder ein tiefes Backblech legen, so dass es abgedeckt werden kann ohne den Deckel zu ber\u00fchren.<br \/>\nHat man diese M\u00f6glichkeit nicht, kann man eine Flache Sch\u00fcssel mit Wasser auf einen anderen Rost im Ofen stellen, um einem Austrocknen vorzubeugen. Die Empfehlung im urspr\u00fcnglichen Rezept, den Braten in Alufolie zu wickeln, ist wegen des Salzes auf dem Fleisch nicht die beste.<\/li>\n<li>Den Braten so 9-10 Std. garen lassen. St\u00fcndlich wenden und mit BBQ-Sauce einpinseln.<\/li>\n<li>F\u00fcr den Coleslaw die Karotte in St\u00fccke schneiden. Den Wei\u00dfkohl halbieren, den Strunk herausschneiden und die H\u00e4lften in grobe St\u00fccke schneiden. Die Karotten und den Kohl portionenweise in Blitzhacker oder in der K\u00fcchenmaschine hacken. Mit Zucker, Salz, Sauerrahm, Wei\u00dfweinessig und etwas Pfeffer mischen. Am besten 2\u20133 Stunden durchziehen lassen.<\/li>\n<li>Den Backofen auf 220 Grad Grillfunktion oder Oberhitze schalten. Abdeckung und ggf. Wasserschale entfernen und die fertige Rinderbrust 30 Minuten Farbe nehmen lassen. Anschlie\u00dfend mit einer Gabel zerzupfen und mit dem Coleslaw servieren.<\/li>\n<\/ol>\n<\/div>\n<\/div>\n<p>Zubereitungszeit: Rub 20min; Marinieren 24-48 Std; Garen 9-10 Std<\/p>\n<p>Portionen: 4<\/p>\n<p>Quelle: modifiziert nach <a href=\"https:\/\/www.genusshandwerker.de\/Beef-Brisket-aus-dem-Ofen.html\">Ela R\u00fcther<\/a><\/p>\n","protected":false},"excerpt":{"rendered":"<p>Der versierte Griller legt sich ein mittleres Krematorium zum Preis eines Kleinwagens zu. Wir sind meist zu zweit und der bescheidene S\u00e4ulengrill bleibt fast immer kalt. Nun fand ich bei den Genusshandwerkern\u00a0ein Rezept, wie man eine Rinderbrust von 1,4 kg mit einem Rub mariniert und bei Niedertemperatur 9-10 Std. im Backofen gart. Anschlie\u00dfend wird das [&hellip;]<\/p>\n","protected":false},"author":606,"featured_media":0,"parent":199,"menu_order":0,"comment_status":"closed","ping_status":"closed","template":"","meta":{"ngg_post_thumbnail":0,"footnotes":""},"class_list":["post-2420","page","type-page","status-publish","hentry"],"_links":{"self":[{"href":"https:\/\/christianstrasse.de\/8nhd0g15eq\/index.php?rest_route=\/wp\/v2\/pages\/2420","targetHints":{"allow":["GET"]}}],"collection":[{"href":"https:\/\/christianstrasse.de\/8nhd0g15eq\/index.php?rest_route=\/wp\/v2\/pages"}],"about":[{"href":"https:\/\/christianstrasse.de\/8nhd0g15eq\/index.php?rest_route=\/wp\/v2\/types\/page"}],"author":[{"embeddable":true,"href":"https:\/\/christianstrasse.de\/8nhd0g15eq\/index.php?rest_route=\/wp\/v2\/users\/606"}],"replies":[{"embeddable":true,"href":"https:\/\/christianstrasse.de\/8nhd0g15eq\/index.php?rest_route=%2Fwp%2Fv2%2Fcomments&post=2420"}],"version-history":[{"count":18,"href":"https:\/\/christianstrasse.de\/8nhd0g15eq\/index.php?rest_route=\/wp\/v2\/pages\/2420\/revisions"}],"predecessor-version":[{"id":2447,"href":"https:\/\/christianstrasse.de\/8nhd0g15eq\/index.php?rest_route=\/wp\/v2\/pages\/2420\/revisions\/2447"}],"up":[{"embeddable":true,"href":"https:\/\/christianstrasse.de\/8nhd0g15eq\/index.php?rest_route=\/wp\/v2\/pages\/199"}],"wp:attachment":[{"href":"https:\/\/christianstrasse.de\/8nhd0g15eq\/index.php?rest_route=%2Fwp%2Fv2%2Fmedia&parent=2420"}],"curies":[{"name":"wp","href":"https:\/\/api.w.org\/{rel}","templated":true}]}}