{"id":2321,"date":"2017-03-05T13:10:23","date_gmt":"2017-03-05T12:10:23","guid":{"rendered":"http:\/\/christianstrasse.de\/8nhd0g15eq\/?page_id=2321"},"modified":"2017-03-05T13:27:18","modified_gmt":"2017-03-05T12:27:18","slug":"schweinefilets-in-senfsosse","status":"publish","type":"page","link":"https:\/\/christianstrasse.de\/8nhd0g15eq\/?page_id=2321","title":{"rendered":"Schweinefilets in Senfsauce"},"content":{"rendered":"<h2 class=\"fn\">Rezept: Schweinefilets in Senfsauce<\/h2>\n<p class=\"summary\"><strong>Kurzbeschreibung<\/strong>: immer wieder lecker, und viel zu sp\u00e4t auf die Website aufgenommen. Die Saucenmenge muss f\u00fcr zwei Personen nicht halbiert werden, sie wird in der Regel alle.<em><br \/>\n<\/em><\/p>\n<div class=\"ingredients\">\n<h4 class=\"ingredients\"><\/h4>\n<h4 class=\"ingredients\"><!-- default-view.php -->\n<div\n\tclass=\"ngg-galleryoverview default-view \n\t\t\"\n\tid=\"ngg-gallery-d4136a7e26b7c7cd022592b29fb0e165-1\">\n\n\t\t<!-- Thumbnails -->\n\t\t\t\t<div id=\"ngg-image-0\" class=\"ngg-gallery-thumbnail-box \n\t\t\t\t\t\t\t\t\t\t\t\" \n\t\t\t>\n\t\t\t\t\t\t<div class=\"ngg-gallery-thumbnail\">\n\t\t\t<a href=\"https:\/\/christianstrasse.de\/8nhd0g15eq\/wp-content\/gallery\/schweinefilet-in-senfsosse\/04-mc3a4rz-2017dscf0019.jpg\"\n\t\t\t\ttitle=\"\"\n\t\t\t\tdata-src=\"https:\/\/christianstrasse.de\/8nhd0g15eq\/wp-content\/gallery\/schweinefilet-in-senfsosse\/04-mc3a4rz-2017dscf0019.jpg\"\n\t\t\t\tdata-thumbnail=\"https:\/\/christianstrasse.de\/8nhd0g15eq\/wp-content\/gallery\/schweinefilet-in-senfsosse\/thumbs\/thumbs_04-mc3a4rz-2017dscf0019.jpg\"\n\t\t\t\tdata-image-id=\"1233\"\n\t\t\t\tdata-title=\"04-mc3a4rz-2017dscf0019\"\n\t\t\t\tdata-description=\"\"\n\t\t\t\tdata-image-slug=\"04-mc3a4rz-2017dscf0019\"\n\t\t\t\tclass='use_imagebrowser_effect' data-imagebrowser-url='https:\/\/christianstrasse.de\/8nhd0g15eq\/index.php\/nggallery\/image\/%STUB%?page_id=2321'>\n\t\t\t\t<img\n\t\t\t\t\ttitle=\"04-mc3a4rz-2017dscf0019\"\n\t\t\t\t\talt=\"04-mc3a4rz-2017dscf0019\"\n\t\t\t\t\tsrc=\"https:\/\/christianstrasse.de\/8nhd0g15eq\/wp-content\/gallery\/schweinefilet-in-senfsosse\/thumbs\/thumbs_04-mc3a4rz-2017dscf0019.jpg\"\n\t\t\t\t\twidth=\"110\"\n\t\t\t\t\theight=\"82\"\n\t\t\t\t\tstyle=\"max-width:100%;\"\n\t\t\t\t\/>\n\t\t\t<\/a>\n\t\t<\/div>\n\t\t\t\t\t\t\t<\/div> \n\t\t\t\n\t\t\t\t<div id=\"ngg-image-1\" class=\"ngg-gallery-thumbnail-box \n\t\t\t\t\t\t\t\t\t\t\t\" \n\t\t\t>\n\t\t\t\t\t\t<div class=\"ngg-gallery-thumbnail\">\n\t\t\t<a href=\"https:\/\/christianstrasse.de\/8nhd0g15eq\/wp-content\/gallery\/schweinefilet-in-senfsosse\/04-mc3a4rz-2017dscf0020.jpg\"\n\t\t\t\ttitle=\"\"\n\t\t\t\tdata-src=\"https:\/\/christianstrasse.de\/8nhd0g15eq\/wp-content\/gallery\/schweinefilet-in-senfsosse\/04-mc3a4rz-2017dscf0020.jpg\"\n\t\t\t\tdata-thumbnail=\"https:\/\/christianstrasse.de\/8nhd0g15eq\/wp-content\/gallery\/schweinefilet-in-senfsosse\/thumbs\/thumbs_04-mc3a4rz-2017dscf0020.jpg\"\n\t\t\t\tdata-image-id=\"1234\"\n\t\t\t\tdata-title=\"04-mc3a4rz-2017dscf0020\"\n\t\t\t\tdata-description=\"\"\n\t\t\t\tdata-image-slug=\"04-mc3a4rz-2017dscf0020\"\n\t\t\t\tclass='use_imagebrowser_effect' data-imagebrowser-url='https:\/\/christianstrasse.de\/8nhd0g15eq\/index.php\/nggallery\/image\/%STUB%?page_id=2321'>\n\t\t\t\t<img\n\t\t\t\t\ttitle=\"04-mc3a4rz-2017dscf0020\"\n\t\t\t\t\talt=\"04-mc3a4rz-2017dscf0020\"\n\t\t\t\t\tsrc=\"https:\/\/christianstrasse.de\/8nhd0g15eq\/wp-content\/gallery\/schweinefilet-in-senfsosse\/thumbs\/thumbs_04-mc3a4rz-2017dscf0020.jpg\"\n\t\t\t\t\twidth=\"110\"\n\t\t\t\t\theight=\"82\"\n\t\t\t\t\tstyle=\"max-width:100%;\"\n\t\t\t\t\/>\n\t\t\t<\/a>\n\t\t<\/div>\n\t\t\t\t\t\t\t<\/div> \n\t\t\t\n\t\t\t\t<div id=\"ngg-image-2\" class=\"ngg-gallery-thumbnail-box \n\t\t\t\t\t\t\t\t\t\t\t\" \n\t\t\t>\n\t\t\t\t\t\t<div class=\"ngg-gallery-thumbnail\">\n\t\t\t<a href=\"https:\/\/christianstrasse.de\/8nhd0g15eq\/wp-content\/gallery\/schweinefilet-in-senfsosse\/04-mc3a4rz-2017dscf0021.jpg\"\n\t\t\t\ttitle=\"\"\n\t\t\t\tdata-src=\"https:\/\/christianstrasse.de\/8nhd0g15eq\/wp-content\/gallery\/schweinefilet-in-senfsosse\/04-mc3a4rz-2017dscf0021.jpg\"\n\t\t\t\tdata-thumbnail=\"https:\/\/christianstrasse.de\/8nhd0g15eq\/wp-content\/gallery\/schweinefilet-in-senfsosse\/thumbs\/thumbs_04-mc3a4rz-2017dscf0021.jpg\"\n\t\t\t\tdata-image-id=\"1235\"\n\t\t\t\tdata-title=\"04-mc3a4rz-2017dscf0021\"\n\t\t\t\tdata-description=\"\"\n\t\t\t\tdata-image-slug=\"04-mc3a4rz-2017dscf0021\"\n\t\t\t\tclass='use_imagebrowser_effect' data-imagebrowser-url='https:\/\/christianstrasse.de\/8nhd0g15eq\/index.php\/nggallery\/image\/%STUB%?page_id=2321'>\n\t\t\t\t<img\n\t\t\t\t\ttitle=\"04-mc3a4rz-2017dscf0021\"\n\t\t\t\t\talt=\"04-mc3a4rz-2017dscf0021\"\n\t\t\t\t\tsrc=\"https:\/\/christianstrasse.de\/8nhd0g15eq\/wp-content\/gallery\/schweinefilet-in-senfsosse\/thumbs\/thumbs_04-mc3a4rz-2017dscf0021.jpg\"\n\t\t\t\t\twidth=\"110\"\n\t\t\t\t\theight=\"82\"\n\t\t\t\t\tstyle=\"max-width:100%;\"\n\t\t\t\t\/>\n\t\t\t<\/a>\n\t\t<\/div>\n\t\t\t\t\t\t\t<\/div> \n\t\t\t\n\t\t\t\t<div id=\"ngg-image-3\" class=\"ngg-gallery-thumbnail-box \n\t\t\t\t\t\t\t\t\t\t\t\" \n\t\t\t>\n\t\t\t\t\t\t<div class=\"ngg-gallery-thumbnail\">\n\t\t\t<a href=\"https:\/\/christianstrasse.de\/8nhd0g15eq\/wp-content\/gallery\/schweinefilet-in-senfsosse\/04-mc3a4rz-2017dscf0022.jpg\"\n\t\t\t\ttitle=\"\"\n\t\t\t\tdata-src=\"https:\/\/christianstrasse.de\/8nhd0g15eq\/wp-content\/gallery\/schweinefilet-in-senfsosse\/04-mc3a4rz-2017dscf0022.jpg\"\n\t\t\t\tdata-thumbnail=\"https:\/\/christianstrasse.de\/8nhd0g15eq\/wp-content\/gallery\/schweinefilet-in-senfsosse\/thumbs\/thumbs_04-mc3a4rz-2017dscf0022.jpg\"\n\t\t\t\tdata-image-id=\"1236\"\n\t\t\t\tdata-title=\"04-mc3a4rz-2017dscf0022\"\n\t\t\t\tdata-description=\"\"\n\t\t\t\tdata-image-slug=\"04-mc3a4rz-2017dscf0022\"\n\t\t\t\tclass='use_imagebrowser_effect' data-imagebrowser-url='https:\/\/christianstrasse.de\/8nhd0g15eq\/index.php\/nggallery\/image\/%STUB%?page_id=2321'>\n\t\t\t\t<img\n\t\t\t\t\ttitle=\"04-mc3a4rz-2017dscf0022\"\n\t\t\t\t\talt=\"04-mc3a4rz-2017dscf0022\"\n\t\t\t\t\tsrc=\"https:\/\/christianstrasse.de\/8nhd0g15eq\/wp-content\/gallery\/schweinefilet-in-senfsosse\/thumbs\/thumbs_04-mc3a4rz-2017dscf0022.jpg\"\n\t\t\t\t\twidth=\"110\"\n\t\t\t\t\theight=\"82\"\n\t\t\t\t\tstyle=\"max-width:100%;\"\n\t\t\t\t\/>\n\t\t\t<\/a>\n\t\t<\/div>\n\t\t\t\t\t\t\t<\/div> \n\t\t\t\n\t\n\t<br style=\"clear: both\" \/>\n\n\t\n\t\t<!-- Pagination -->\n\t\t<div class='ngg-clear'><\/div>\t<\/div>\n<\/h4>\n<h4 class=\"ingredients\">Zutaten<\/h4>\n<ul class=\"ingredients\">\n<li class=\"ingredient\">200\u00a0g\u00a0Schweinefilet pro Person<\/li>\n<li class=\"ingredient\">4-5 Cornichons<\/li>\n<li class=\"ingredient\">2\u00a0Schalotten<\/li>\n<li class=\"ingredient\">250 g Sahne<\/li>\n<li class=\"ingredient\">1 Essl\u00f6ffel Weinessig<\/li>\n<li class=\"ingredient\">2 Essl\u00f6ffel Senf<\/li>\n<li class=\"ingredient\">Zum Braten: Butter, neutrales \u00d6l<\/li>\n<\/ul>\n<\/div>\n<div class=\"instructions\">\n<h4 class=\"instructions\">Zubereitung<\/h4>\n<ol class=\"instructions\">\n<li>Schalotten und Cornichons in kleine (wirklich kleine!) W\u00fcrfel schneiden und bereit stellen<\/li>\n<li>Fleisch braten (von jeder Seite bis zu 4 Minuten, abh\u00e4ngig von der Dicke)<\/li>\n<li>Parallel Senf, Essig, Sahne und Cornichons vermischen<\/li>\n<li>Fleisch warmstellen<\/li>\n<li>Schalotten in der Pfanne glasig and\u00fcnsten<\/li>\n<li>Senfsauce dazugeben\u00a0und\u00a0etwa 4 Minuten k\u00f6cheln lassen<\/li>\n<li>Fleisch mit Sauce anrichten, dazu passt ein \u00fcberbackenes Kartoffelp\u00fcree<\/li>\n<\/ol>\n<\/div>\n<p>Kochzeit:\u00a045 Minuten<span class=\"cooktime\"><br \/>\n<\/span><\/p>\n<p class=\"yield\"><span class=\"hrlabel\">Portionen: mindestens 2<\/span><\/p>\n<p class=\"yield\">Quelle [<a title=\"Kochb\u00fccher\" href=\"http:\/\/christianstrasse.de\/8nhd0g15eq\/?page_id=180\">03<\/a>]<\/p>\n","protected":false},"excerpt":{"rendered":"<p>Rezept: Schweinefilets in Senfsauce Kurzbeschreibung: immer wieder lecker, und viel zu sp\u00e4t auf die Website aufgenommen. Die Saucenmenge muss f\u00fcr zwei Personen nicht halbiert werden, sie wird in der Regel alle. Zutaten 200\u00a0g\u00a0Schweinefilet pro Person 4-5 Cornichons 2\u00a0Schalotten 250 g Sahne 1 Essl\u00f6ffel Weinessig 2 Essl\u00f6ffel Senf Zum Braten: Butter, neutrales \u00d6l Zubereitung Schalotten und [&hellip;]<\/p>\n","protected":false},"author":609,"featured_media":0,"parent":199,"menu_order":0,"comment_status":"closed","ping_status":"closed","template":"","meta":{"ngg_post_thumbnail":0,"footnotes":""},"class_list":["post-2321","page","type-page","status-publish","hentry"],"_links":{"self":[{"href":"https:\/\/christianstrasse.de\/8nhd0g15eq\/index.php?rest_route=\/wp\/v2\/pages\/2321","targetHints":{"allow":["GET"]}}],"collection":[{"href":"https:\/\/christianstrasse.de\/8nhd0g15eq\/index.php?rest_route=\/wp\/v2\/pages"}],"about":[{"href":"https:\/\/christianstrasse.de\/8nhd0g15eq\/index.php?rest_route=\/wp\/v2\/types\/page"}],"author":[{"embeddable":true,"href":"https:\/\/christianstrasse.de\/8nhd0g15eq\/index.php?rest_route=\/wp\/v2\/users\/609"}],"replies":[{"embeddable":true,"href":"https:\/\/christianstrasse.de\/8nhd0g15eq\/index.php?rest_route=%2Fwp%2Fv2%2Fcomments&post=2321"}],"version-history":[{"count":0,"href":"https:\/\/christianstrasse.de\/8nhd0g15eq\/index.php?rest_route=\/wp\/v2\/pages\/2321\/revisions"}],"up":[{"embeddable":true,"href":"https:\/\/christianstrasse.de\/8nhd0g15eq\/index.php?rest_route=\/wp\/v2\/pages\/199"}],"wp:attachment":[{"href":"https:\/\/christianstrasse.de\/8nhd0g15eq\/index.php?rest_route=%2Fwp%2Fv2%2Fmedia&parent=2321"}],"curies":[{"name":"wp","href":"https:\/\/api.w.org\/{rel}","templated":true}]}}