{"id":2287,"date":"2016-03-14T17:52:39","date_gmt":"2016-03-14T16:52:39","guid":{"rendered":"http:\/\/christianstrasse.de\/8nhd0g15eq\/?page_id=2287"},"modified":"2016-03-14T18:02:25","modified_gmt":"2016-03-14T17:02:25","slug":"tapenade","status":"publish","type":"page","link":"https:\/\/christianstrasse.de\/8nhd0g15eq\/?page_id=2287","title":{"rendered":"Tapenade"},"content":{"rendered":"<p>Diese schnelle Oliven-Thunfisch-Anchovis Paste kann man wunderbar auf ein em Brot mit Frischk\u00e4se verstreichen oder einen Klecks auf das Fr\u00fchst\u00fccksei geben.<\/p>\n<div class=\"hrecipe custom\">\n<h2 class=\"fn\">Rezept: Tapenade<\/h2>\n<p class=\"summary\"><strong>Kurzbeschreibung:<\/strong><em> Pikante Paste als Brotaufstrich<\/em><\/p>\n<div class=\"ingredients\">\n<h4 class=\"ingredients\">Zutaten<\/h4>\n<ul class=\"ingredients\">\n<li class=\"ingredient\">1 Dose entsteinte schwarze Oliven 85g ATG<\/li>\n<li class=\"ingredient\">1 Glas Anchovis in \u00d6l 75g ATG<\/li>\n<li class=\"ingredient\">1 kl. Dose Thunfisch in \u00d6l 60g ATG<\/li>\n<li class=\"ingredient\">1 Glas Kapern surfines 60g ATG<\/li>\n<li class=\"ingredient\">1 TL scharfer Senf<\/li>\n<li class=\"ingredient\">60 mL Oliven\u00f6l<\/li>\n<li class=\"ingredient\">Pfeffer<\/li>\n<\/ul>\n<\/div>\n<div class=\"instructions\">\n<h4 class=\"instructions\">Zubereitung<\/h4>\n<ol class=\"instructions\">\n<li>Oliven, Anchovis, Thunfisch abtropfen lassen<\/li>\n<li>Zusammen im Mixer mit dem \u00d6l und dem Senf fein hacken<\/li>\n<li>mit Pfeffer w\u00fcrzen. Vorsicht mit Salzen.<\/li>\n<li>Kapern abgiessen, zu den anderen Zutaten geben und im Mixer hacken, bis die gew\u00fcnschte Textur erreicht ist<\/li>\n<li>24 Std. im K\u00fchlschrank ruhen lassen<\/li>\n<\/ol>\n<\/div>\n<\/div>\n<p>Zubereitungszeit: 10 Min<br \/>\nQuelle: [<a href=\"http:\/\/christianstrasse.de\/8nhd0g15eq\/?page_id=180\">03<\/a>], S. 118<\/p>\n<p>&nbsp;<\/p>\n<p><a href=\"http:\/\/christianstrasse.de\/8nhd0g15eq\/?page_id=205\">zur\u00fcck<\/a><\/p>\n","protected":false},"excerpt":{"rendered":"<p>Diese schnelle Oliven-Thunfisch-Anchovis Paste kann man wunderbar auf ein em Brot mit Frischk\u00e4se verstreichen oder einen Klecks auf das Fr\u00fchst\u00fccksei geben. Rezept: Tapenade Kurzbeschreibung: Pikante Paste als Brotaufstrich Zutaten 1 Dose entsteinte schwarze Oliven 85g ATG 1 Glas Anchovis in \u00d6l 75g ATG 1 kl. Dose Thunfisch in \u00d6l 60g ATG 1 Glas Kapern surfines [&hellip;]<\/p>\n","protected":false},"author":606,"featured_media":0,"parent":205,"menu_order":0,"comment_status":"closed","ping_status":"closed","template":"","meta":{"ngg_post_thumbnail":0,"footnotes":""},"class_list":["post-2287","page","type-page","status-publish","hentry"],"_links":{"self":[{"href":"https:\/\/christianstrasse.de\/8nhd0g15eq\/index.php?rest_route=\/wp\/v2\/pages\/2287","targetHints":{"allow":["GET"]}}],"collection":[{"href":"https:\/\/christianstrasse.de\/8nhd0g15eq\/index.php?rest_route=\/wp\/v2\/pages"}],"about":[{"href":"https:\/\/christianstrasse.de\/8nhd0g15eq\/index.php?rest_route=\/wp\/v2\/types\/page"}],"author":[{"embeddable":true,"href":"https:\/\/christianstrasse.de\/8nhd0g15eq\/index.php?rest_route=\/wp\/v2\/users\/606"}],"replies":[{"embeddable":true,"href":"https:\/\/christianstrasse.de\/8nhd0g15eq\/index.php?rest_route=%2Fwp%2Fv2%2Fcomments&post=2287"}],"version-history":[{"count":0,"href":"https:\/\/christianstrasse.de\/8nhd0g15eq\/index.php?rest_route=\/wp\/v2\/pages\/2287\/revisions"}],"up":[{"embeddable":true,"href":"https:\/\/christianstrasse.de\/8nhd0g15eq\/index.php?rest_route=\/wp\/v2\/pages\/205"}],"wp:attachment":[{"href":"https:\/\/christianstrasse.de\/8nhd0g15eq\/index.php?rest_route=%2Fwp%2Fv2%2Fmedia&parent=2287"}],"curies":[{"name":"wp","href":"https:\/\/api.w.org\/{rel}","templated":true}]}}