{"id":2176,"date":"2015-12-10T14:59:09","date_gmt":"2015-12-10T13:59:09","guid":{"rendered":"http:\/\/christianstrasse.de\/8nhd0g15eq\/?page_id=2176"},"modified":"2020-12-01T18:03:52","modified_gmt":"2020-12-01T17:03:52","slug":"panettone-r","status":"publish","type":"page","link":"https:\/\/christianstrasse.de\/8nhd0g15eq\/?page_id=2176","title":{"rendered":"Panettone (R)"},"content":{"rendered":"<p>Seit ich mich auch f\u00fcr das Backen interessiere, versuche ich Brittas weihnachtlicher Stollenb\u00e4ckerei nachzueifern.<\/p>\n<h2>1. Versuch: Lactobacillus<\/h2>\n<p>Ich las nun von einem Super-Panettone, den man mit Hilfe des Weizensauerteigs &#8222;Robert&#8220; herstellen kann. Also habe ich so einen Robert angesetzt, ger\u00fchrt und gef\u00fcttert, bis er zum Einsatz kommen sollte.\u00a0 Er wirkte auch ganz vital, vergr\u00f6\u00dferte sein Volumen und hatte einen angenehm s\u00e4uerlichen Geruch. Nur den Panettone lie\u00df er nicht aufgehen, so dass ich ihn nach 20 Std. Wartezeit, ohne dass sich irgend etwas getan h\u00e4tte, entsorgen musste. Dieses Resultat ist wohl meiner mangelnden Erfahrung geschuldet.<\/p>\n<h2>2. Versuch: Saccharomyces<b><br \/>\n<\/b><\/h2>\n<p>Also suchte ich mir ein Rezept im Netz, das meinen Vorstellungen von Teigzusammensetzung und zugesetzten Fr\u00fcchten nahe kam, jedoch Hefe als Triebmittel verwendet. Hier konnte ich dann auf Brittas Erfahrungsschatz und ihre helfenden H\u00e4nde zur\u00fcckgreifen, was sicherlich zum sp\u00e4teren Gelingen des Panettone beigetragen hat. Je nach Triebkraft der Hefe k\u00f6nnen wesentlich l\u00e4ngere Gehzeiten erforderlich werden<\/p>\n<div class=\"hrecipe custom\">\n<p class=\"fn\">\u00a0<!-- default-view.php -->\n<div\n\tclass=\"ngg-galleryoverview default-view \n\t\t\"\n\tid=\"ngg-gallery-e68200fec58c7c692e74706e5f0dd713-1\">\n\n\t\t<!-- Thumbnails -->\n\t\t\t\t<div id=\"ngg-image-0\" class=\"ngg-gallery-thumbnail-box \n\t\t\t\t\t\t\t\t\t\t\t\" \n\t\t\t>\n\t\t\t\t\t\t<div class=\"ngg-gallery-thumbnail\">\n\t\t\t<a href=\"https:\/\/christianstrasse.de\/8nhd0g15eq\/wp-content\/gallery\/panettone\/panettone_01.jpg\"\n\t\t\t\ttitle=\"\"\n\t\t\t\tdata-src=\"https:\/\/christianstrasse.de\/8nhd0g15eq\/wp-content\/gallery\/panettone\/panettone_01.jpg\"\n\t\t\t\tdata-thumbnail=\"https:\/\/christianstrasse.de\/8nhd0g15eq\/wp-content\/gallery\/panettone\/thumbs\/thumbs_panettone_01.jpg\"\n\t\t\t\tdata-image-id=\"1159\"\n\t\t\t\tdata-title=\"panettone_01\"\n\t\t\t\tdata-description=\"\"\n\t\t\t\tdata-image-slug=\"panettone_01\"\n\t\t\t\tclass='use_imagebrowser_effect' data-imagebrowser-url='https:\/\/christianstrasse.de\/8nhd0g15eq\/index.php\/nggallery\/image\/%STUB%?page_id=2176'>\n\t\t\t\t<img\n\t\t\t\t\ttitle=\"panettone_01\"\n\t\t\t\t\talt=\"panettone_01\"\n\t\t\t\t\tsrc=\"https:\/\/christianstrasse.de\/8nhd0g15eq\/wp-content\/gallery\/panettone\/thumbs\/thumbs_panettone_01.jpg\"\n\t\t\t\t\twidth=\"110\"\n\t\t\t\t\theight=\"82\"\n\t\t\t\t\tstyle=\"max-width:100%;\"\n\t\t\t\t\/>\n\t\t\t<\/a>\n\t\t<\/div>\n\t\t\t\t\t\t\t<\/div> \n\t\t\t\n\t\t\t\t<div id=\"ngg-image-1\" class=\"ngg-gallery-thumbnail-box \n\t\t\t\t\t\t\t\t\t\t\t\" \n\t\t\t>\n\t\t\t\t\t\t<div class=\"ngg-gallery-thumbnail\">\n\t\t\t<a href=\"https:\/\/christianstrasse.de\/8nhd0g15eq\/wp-content\/gallery\/panettone\/panettone_02.jpg\"\n\t\t\t\ttitle=\"\"\n\t\t\t\tdata-src=\"https:\/\/christianstrasse.de\/8nhd0g15eq\/wp-content\/gallery\/panettone\/panettone_02.jpg\"\n\t\t\t\tdata-thumbnail=\"https:\/\/christianstrasse.de\/8nhd0g15eq\/wp-content\/gallery\/panettone\/thumbs\/thumbs_panettone_02.jpg\"\n\t\t\t\tdata-image-id=\"1157\"\n\t\t\t\tdata-title=\"panettone_02\"\n\t\t\t\tdata-description=\"\"\n\t\t\t\tdata-image-slug=\"panettone_02\"\n\t\t\t\tclass='use_imagebrowser_effect' data-imagebrowser-url='https:\/\/christianstrasse.de\/8nhd0g15eq\/index.php\/nggallery\/image\/%STUB%?page_id=2176'>\n\t\t\t\t<img\n\t\t\t\t\ttitle=\"panettone_02\"\n\t\t\t\t\talt=\"panettone_02\"\n\t\t\t\t\tsrc=\"https:\/\/christianstrasse.de\/8nhd0g15eq\/wp-content\/gallery\/panettone\/thumbs\/thumbs_panettone_02.jpg\"\n\t\t\t\t\twidth=\"110\"\n\t\t\t\t\theight=\"82\"\n\t\t\t\t\tstyle=\"max-width:100%;\"\n\t\t\t\t\/>\n\t\t\t<\/a>\n\t\t<\/div>\n\t\t\t\t\t\t\t<\/div> \n\t\t\t\n\t\t\t\t<div id=\"ngg-image-2\" class=\"ngg-gallery-thumbnail-box \n\t\t\t\t\t\t\t\t\t\t\t\" \n\t\t\t>\n\t\t\t\t\t\t<div class=\"ngg-gallery-thumbnail\">\n\t\t\t<a href=\"https:\/\/christianstrasse.de\/8nhd0g15eq\/wp-content\/gallery\/panettone\/panettone_03.jpg\"\n\t\t\t\ttitle=\"\"\n\t\t\t\tdata-src=\"https:\/\/christianstrasse.de\/8nhd0g15eq\/wp-content\/gallery\/panettone\/panettone_03.jpg\"\n\t\t\t\tdata-thumbnail=\"https:\/\/christianstrasse.de\/8nhd0g15eq\/wp-content\/gallery\/panettone\/thumbs\/thumbs_panettone_03.jpg\"\n\t\t\t\tdata-image-id=\"1158\"\n\t\t\t\tdata-title=\"panettone_03\"\n\t\t\t\tdata-description=\"\"\n\t\t\t\tdata-image-slug=\"panettone_03\"\n\t\t\t\tclass='use_imagebrowser_effect' data-imagebrowser-url='https:\/\/christianstrasse.de\/8nhd0g15eq\/index.php\/nggallery\/image\/%STUB%?page_id=2176'>\n\t\t\t\t<img\n\t\t\t\t\ttitle=\"panettone_03\"\n\t\t\t\t\talt=\"panettone_03\"\n\t\t\t\t\tsrc=\"https:\/\/christianstrasse.de\/8nhd0g15eq\/wp-content\/gallery\/panettone\/thumbs\/thumbs_panettone_03.jpg\"\n\t\t\t\t\twidth=\"110\"\n\t\t\t\t\theight=\"82\"\n\t\t\t\t\tstyle=\"max-width:100%;\"\n\t\t\t\t\/>\n\t\t\t<\/a>\n\t\t<\/div>\n\t\t\t\t\t\t\t<\/div> \n\t\t\t\n\t\n\t<br style=\"clear: both\" \/>\n\n\t\n\t\t<!-- Pagination -->\n\t\t<div class='ngg-clear'><\/div>\t<\/div>\n<\/p>\n<h2 class=\"fn\">Rezept: Panettone<\/h2>\n<p class=\"summary\"><strong>Kurzbeschreibung:<\/strong><em> Die italienische Antwort auf Dresdner Stollen<\/em><\/p>\n<div class=\"ingredients\">\n<h4 class=\"ingredients\">Zutaten<\/h4>\n<p>Vorteig:<\/p>\n<ul class=\"ingredients\">\n<li class=\"ingredient\">1 W\u00fcrfel frische Hefe<\/li>\n<li class=\"ingredient\">1 TL Zucker<\/li>\n<li class=\"ingredient\">1 TL Mehl<\/li>\n<li class=\"ingredient\">70 mL lauwarme Milch<\/li>\n<\/ul>\n<p>Hefeteig:<\/p>\n<ul class=\"ingredients\">\n<li class=\"ingredient\">450 g Mehl 405<\/li>\n<li class=\"ingredient\">75 g Zucker<\/li>\n<li class=\"ingredient\">1 geh. TL Vanillezucker<\/li>\n<li class=\"ingredient\">ca. 100 mL lauwarme Milch<\/li>\n<li class=\"ingredient\">1 unbehandelte Zitrone; abgeriebene Schale<\/li>\n<li class=\"ingredient\">2 Eier<\/li>\n<li class=\"ingredient\">2 Eigelb<\/li>\n<li class=\"ingredient\">130 g weiche Butter<\/li>\n<li class=\"ingredient\">1 gro\u00dfe Prise Salz<\/li>\n<li class=\"ingredient\">ca. 200g Mehl zum Einarbeiten<\/li>\n<\/ul>\n<p>Fr\u00fcchte:<\/p>\n<ul class=\"ingredients\">\n<li class=\"ingredient\">125 g grob gehackte blanchierte Mandeln<\/li>\n<li class=\"ingredient\">125 g Rosinen<\/li>\n<li class=\"ingredient\">100 g Zitronat<\/li>\n<li class=\"ingredient\">100 g Orangeat<\/li>\n<li class=\"ingredient\">1 EL Mehl<\/li>\n<\/ul>\n<p>Ger\u00e4te und Backhilfen:<\/p>\n<ul class=\"ingredients\">\n<li class=\"ingredient\">Panettone-Form 18cm Durchmesser, 10 cm hoher Rand<\/li>\n<li class=\"ingredient\">ca. 60 x 38 cm Backpapier<\/li>\n<li class=\"ingredient\">Silikonmatte zum Durchkneten des Teigs<\/li>\n<li class=\"ingredient\">Teigspachtel, und -schaber aus Kunststoff<\/li>\n<\/ul>\n<\/div>\n<div class=\"instructions\">\n<h4 class=\"instructions\">Zubereitung<\/h4>\n<ol class=\"instructions\">\n<li style=\"list-style-type: none;\">Vorbereitung:<br \/>\nWenn m\u00f6glich den Backofen mit Ober-\/Unterhitze auf etwa 30\u00b0- 35\u00b0C bringen<br \/>\nAlle Zutaten und Beh\u00e4lter (Steingut oder Porzellan) darin handwarm temperieren.<\/li>\n<\/ol>\n<ol class=\"instructions\">\n<li>Vorteig:<br \/>\nDie Hefe in eine kleine Sch\u00fcssel (500 mL) zerbr\u00f6seln, die lauwarme Milch und den Zucker einr\u00fchren und mit dem Mehl bestreuen; den Vorteig ca. 15 min im warmen Ofen gehen lassen.<\/li>\n<li>Inzwischen Mehl, Zucker und Vanillezucker in einer R\u00fchrsch\u00fcssel vermischen. Die Zitrone heiss absp\u00fclen und trockenreiben. Die Schale \u00fcber dem Mehl abreiben. In die Mitte des Mehls eine Vertiefung dr\u00fccken.Den g\u00e4renden Vorteig in die Mulde geben, Eier+Eigelbe, Butter, Milch und Salz hinzuf\u00fcgen. Mit dem Handr\u00fchrer zu einem geschmeidigen Teig verkneten bis er beginnt, sich vom Sch\u00fcsselrand zu l\u00f6sen.Die Silikonmatte gut bemehlen, den Teig aus der Sch\u00fcssel nehmen und auf der Matte durchwalken.Dabei immer wieder mit Mehl bestreuen und solange walken, bis ein gut knetbarer weicher Teig entstanden ist.<\/li>\n<li>Gehen lassen I:<br \/>\nDen Teig in die Sch\u00fcssel zur\u00fccklegen, mit einem Tuch zudecken und im lauwarmen Ofen zum ersten Mal gehen lassen, bis der Teig etwa doppelte Gr\u00f6\u00dfe hat (ca. 1 Std.).<\/li>\n<li>Inzwischen Zitronat und Orangeat in eine kleine Sch\u00fcssel geben und mit einem EL Mehl mischen, damit die W\u00fcrfelchen nicht aneinander kleben. Rosinen absp\u00fclen und auf K\u00fcchenpapier trocknen. Mandeln hacken. Gut 60 cm Backpapier abschneiden, der L\u00e4nge nach so falten, dass ein ca. 20 cm hoher, doppelter Bogen entsteht. Diesen in die Panettonefom stellen und so den Rand der Form deutlich erh\u00f6hen. Die Enden des Backpapiers vorerst mit B\u00fcroklammern fixieren. Ist die Form antihaftbeschichtet, braucht kein Backpapier auf den Boden gelegt zu werden.<\/li>\n<li>Den gegangenen Teig auf die bemehlte Silikonmatte legen und nochmals mindestens 5 min kr\u00e4ftig durchkneten. Dabei solange weiteres Mehl einarbeiten, bis der Teig nicht mehr klebt und eine elastische Konsistenz aufweist. Eine mit dem Finger eingedr\u00fcckte Delle sollte in kurzer Zeit wieder verschwinden.<\/li>\n<li>Gehen lassen II:<br \/>\nDen Teig in die Sch\u00fcssel zur\u00fccklegen und zum zweiten Mal gehen lassen, bis sich das Volumen wieder verdoppelt hat (ca. 1 Std.)<\/li>\n<li>Anschlie\u00dfend den Teig zum letzten Mal kr\u00e4ftig kneten und zu einem Fladen flachdr\u00fccken. 3 Mal mit je 1\/3 der Mandel\/Fr\u00fcchte Mischung bestreuen und diese sorgf\u00e4ltig im Teig verkneten.<br \/>\nDen Boden der Panettoneform buttern, vom Backpapierring die untere B\u00fcroklammer entfernen und ihn in die Form stellen.<br \/>\nDen Teig zu einer Kugel formen und in die Form legen. Gleichm\u00e4\u00dfig andr\u00fccken. 2. B\u00fcroklammer enfernen.<\/li>\n<li>Gehen lassen III:<br \/>\nZum dritten Mal im warmen Ofen gehen lassen, bis der Teig \u00fcber den urspr\u00fcnglichen Rand der Form zu steigen beginnt (ca. 20 Min.). Die Form nun abgedeckt z.B. auf der Heizung abstellen und den Ofen auf 190\u00b0C O\/U vorheizen.<\/li>\n<li>Ca. 30 g Butter schmelzen, den gegangenen Teig mit einem spitzen Messer kreuzweise einschneiden und mit etwas Butter bepinseln. 10 min bei 190\u00b0C backen.<br \/>\nNochmals mit Butter bepinseln und die Form mit einer Haube aus Alufolie zudecken. Weitere 10 min bei 190\u00b0C backen.<\/li>\n<li>Die Temperatur auf 175\u00b0C reduzieren und den Kuchen erneut mit Butter einpinseln. Mit der Aluhaube nun ca. 40 min weiter backen.<br \/>\nMit einem Holzspie\u00df feststellen. wann der Panettone gar ist.<\/li>\n<li>Panettone in der Form auf ein Kuchenrost stellen, die Oberfl\u00e4che nochmals mit Butter einpinseln und ausk\u00fchlen lassen.<br \/>\nIn Alufolie einwickeln und einige Tage bis zum Verzehr ruhen lassen.<\/li>\n<\/ol>\n<\/div>\n<\/div>\n<p>Zubereitungszeit: 1 Std.<\/p>\n<p>Gehen lassen: ca. 3,5 Std.<\/p>\n<p>Backen: 1 Std<\/p>\n<p>Quelle: <a href=\"http:\/\/www.mamas-rezepte.de\/rezept_Panettone-10-1633.html\">http:\/\/www.mamas-rezepte.de\/rezept_Panettone-10-1633.html<\/a> (modifiziert)<\/p>\n<p><a href=\"http:\/\/christianstrasse.de\/8nhd0g15eq\/?page_id=1290\">zur\u00fcck<\/a><\/p>\n","protected":false},"excerpt":{"rendered":"<p>Seit ich mich auch f\u00fcr das Backen interessiere, versuche ich Brittas weihnachtlicher Stollenb\u00e4ckerei nachzueifern. 1. Versuch: Lactobacillus Ich las nun von einem Super-Panettone, den man mit Hilfe des Weizensauerteigs &#8222;Robert&#8220; herstellen kann. Also habe ich so einen Robert angesetzt, ger\u00fchrt und gef\u00fcttert, bis er zum Einsatz kommen sollte.\u00a0 Er wirkte auch ganz vital, vergr\u00f6\u00dferte sein [&hellip;]<\/p>\n","protected":false},"author":606,"featured_media":0,"parent":1290,"menu_order":0,"comment_status":"closed","ping_status":"closed","template":"","meta":{"ngg_post_thumbnail":0,"footnotes":""},"class_list":["post-2176","page","type-page","status-publish","hentry"],"_links":{"self":[{"href":"https:\/\/christianstrasse.de\/8nhd0g15eq\/index.php?rest_route=\/wp\/v2\/pages\/2176","targetHints":{"allow":["GET"]}}],"collection":[{"href":"https:\/\/christianstrasse.de\/8nhd0g15eq\/index.php?rest_route=\/wp\/v2\/pages"}],"about":[{"href":"https:\/\/christianstrasse.de\/8nhd0g15eq\/index.php?rest_route=\/wp\/v2\/types\/page"}],"author":[{"embeddable":true,"href":"https:\/\/christianstrasse.de\/8nhd0g15eq\/index.php?rest_route=\/wp\/v2\/users\/606"}],"replies":[{"embeddable":true,"href":"https:\/\/christianstrasse.de\/8nhd0g15eq\/index.php?rest_route=%2Fwp%2Fv2%2Fcomments&post=2176"}],"version-history":[{"count":4,"href":"https:\/\/christianstrasse.de\/8nhd0g15eq\/index.php?rest_route=\/wp\/v2\/pages\/2176\/revisions"}],"predecessor-version":[{"id":2514,"href":"https:\/\/christianstrasse.de\/8nhd0g15eq\/index.php?rest_route=\/wp\/v2\/pages\/2176\/revisions\/2514"}],"up":[{"embeddable":true,"href":"https:\/\/christianstrasse.de\/8nhd0g15eq\/index.php?rest_route=\/wp\/v2\/pages\/1290"}],"wp:attachment":[{"href":"https:\/\/christianstrasse.de\/8nhd0g15eq\/index.php?rest_route=%2Fwp%2Fv2%2Fmedia&parent=2176"}],"curies":[{"name":"wp","href":"https:\/\/api.w.org\/{rel}","templated":true}]}}