{"id":2166,"date":"2015-09-28T17:30:24","date_gmt":"2015-09-28T16:30:24","guid":{"rendered":"http:\/\/christianstrasse.de\/8nhd0g15eq\/?page_id=2166"},"modified":"2015-09-28T17:33:10","modified_gmt":"2015-09-28T16:33:10","slug":"knoblauchhuhn-r","status":"publish","type":"page","link":"https:\/\/christianstrasse.de\/8nhd0g15eq\/?page_id=2166","title":{"rendered":"Knoblauchhuhn (R)"},"content":{"rendered":"<p>Erneut ein einfaches Rezept von Wolfram Siebeck, das ein ganz k\u00f6stliches Ergebnis hervorbringt. Die Qualit\u00e4t des Knoblauchs ist entscheidend f\u00fcr das Gelingen, weshalb man das Gericht nur zubereiten sollte, solange frischer Knoblauch mit ausreichend gro\u00dfen Zehen zur Verf\u00fcgung steht. Von den Qualit\u00e4ten, die w\u00e4hrend des Winters verkauft werden, kann man nur abraten, da auch das Entfernen des gr\u00fcnen Sprosses das k\u00f6stliche Aroma frischer Ware nicht zur\u00fcckbringt.<\/p>\n<p>Knoblauch, Wein und Oliven\u00f6l bilden eine herrliche Sauce, die nach einem Baguette oder Chiabatta verlangt.<\/p>\n<p>&nbsp;<\/p>\n<!-- default-view.php -->\n<div\n\tclass=\"ngg-galleryoverview default-view \n\t\t\"\n\tid=\"ngg-gallery-099148603fed2bc80517443b9993ae27-1\">\n\n\t\t<!-- Thumbnails -->\n\t\t\t\t<div id=\"ngg-image-0\" class=\"ngg-gallery-thumbnail-box \n\t\t\t\t\t\t\t\t\t\t\t\" \n\t\t\t>\n\t\t\t\t\t\t<div class=\"ngg-gallery-thumbnail\">\n\t\t\t<a href=\"https:\/\/christianstrasse.de\/8nhd0g15eq\/wp-content\/gallery\/knoblauchhuhn\/pic00420130713.jpg\"\n\t\t\t\ttitle=\"\"\n\t\t\t\tdata-src=\"https:\/\/christianstrasse.de\/8nhd0g15eq\/wp-content\/gallery\/knoblauchhuhn\/pic00420130713.jpg\"\n\t\t\t\tdata-thumbnail=\"https:\/\/christianstrasse.de\/8nhd0g15eq\/wp-content\/gallery\/knoblauchhuhn\/thumbs\/thumbs_pic00420130713.jpg\"\n\t\t\t\tdata-image-id=\"1155\"\n\t\t\t\tdata-title=\"pic00420130713\"\n\t\t\t\tdata-description=\"\"\n\t\t\t\tdata-image-slug=\"pic00420130713\"\n\t\t\t\tclass='use_imagebrowser_effect' data-imagebrowser-url='https:\/\/christianstrasse.de\/8nhd0g15eq\/index.php\/nggallery\/image\/%STUB%?page_id=2166'>\n\t\t\t\t<img\n\t\t\t\t\ttitle=\"pic00420130713\"\n\t\t\t\t\talt=\"pic00420130713\"\n\t\t\t\t\tsrc=\"https:\/\/christianstrasse.de\/8nhd0g15eq\/wp-content\/gallery\/knoblauchhuhn\/thumbs\/thumbs_pic00420130713.jpg\"\n\t\t\t\t\twidth=\"110\"\n\t\t\t\t\theight=\"82\"\n\t\t\t\t\tstyle=\"max-width:100%;\"\n\t\t\t\t\/>\n\t\t\t<\/a>\n\t\t<\/div>\n\t\t\t\t\t\t\t<\/div> \n\t\t\t\n\t\t\t\t<div id=\"ngg-image-1\" class=\"ngg-gallery-thumbnail-box \n\t\t\t\t\t\t\t\t\t\t\t\" \n\t\t\t>\n\t\t\t\t\t\t<div class=\"ngg-gallery-thumbnail\">\n\t\t\t<a href=\"https:\/\/christianstrasse.de\/8nhd0g15eq\/wp-content\/gallery\/knoblauchhuhn\/pic00620130713.jpg\"\n\t\t\t\ttitle=\"\"\n\t\t\t\tdata-src=\"https:\/\/christianstrasse.de\/8nhd0g15eq\/wp-content\/gallery\/knoblauchhuhn\/pic00620130713.jpg\"\n\t\t\t\tdata-thumbnail=\"https:\/\/christianstrasse.de\/8nhd0g15eq\/wp-content\/gallery\/knoblauchhuhn\/thumbs\/thumbs_pic00620130713.jpg\"\n\t\t\t\tdata-image-id=\"1152\"\n\t\t\t\tdata-title=\"pic00620130713\"\n\t\t\t\tdata-description=\"\"\n\t\t\t\tdata-image-slug=\"pic00620130713\"\n\t\t\t\tclass='use_imagebrowser_effect' data-imagebrowser-url='https:\/\/christianstrasse.de\/8nhd0g15eq\/index.php\/nggallery\/image\/%STUB%?page_id=2166'>\n\t\t\t\t<img\n\t\t\t\t\ttitle=\"pic00620130713\"\n\t\t\t\t\talt=\"pic00620130713\"\n\t\t\t\t\tsrc=\"https:\/\/christianstrasse.de\/8nhd0g15eq\/wp-content\/gallery\/knoblauchhuhn\/thumbs\/thumbs_pic00620130713.jpg\"\n\t\t\t\t\twidth=\"110\"\n\t\t\t\t\theight=\"82\"\n\t\t\t\t\tstyle=\"max-width:100%;\"\n\t\t\t\t\/>\n\t\t\t<\/a>\n\t\t<\/div>\n\t\t\t\t\t\t\t<\/div> \n\t\t\t\n\t\t\t\t<div id=\"ngg-image-2\" class=\"ngg-gallery-thumbnail-box \n\t\t\t\t\t\t\t\t\t\t\t\" \n\t\t\t>\n\t\t\t\t\t\t<div class=\"ngg-gallery-thumbnail\">\n\t\t\t<a href=\"https:\/\/christianstrasse.de\/8nhd0g15eq\/wp-content\/gallery\/knoblauchhuhn\/pic00820130713.jpg\"\n\t\t\t\ttitle=\"\"\n\t\t\t\tdata-src=\"https:\/\/christianstrasse.de\/8nhd0g15eq\/wp-content\/gallery\/knoblauchhuhn\/pic00820130713.jpg\"\n\t\t\t\tdata-thumbnail=\"https:\/\/christianstrasse.de\/8nhd0g15eq\/wp-content\/gallery\/knoblauchhuhn\/thumbs\/thumbs_pic00820130713.jpg\"\n\t\t\t\tdata-image-id=\"1154\"\n\t\t\t\tdata-title=\"pic00820130713\"\n\t\t\t\tdata-description=\"\"\n\t\t\t\tdata-image-slug=\"pic00820130713\"\n\t\t\t\tclass='use_imagebrowser_effect' data-imagebrowser-url='https:\/\/christianstrasse.de\/8nhd0g15eq\/index.php\/nggallery\/image\/%STUB%?page_id=2166'>\n\t\t\t\t<img\n\t\t\t\t\ttitle=\"pic00820130713\"\n\t\t\t\t\talt=\"pic00820130713\"\n\t\t\t\t\tsrc=\"https:\/\/christianstrasse.de\/8nhd0g15eq\/wp-content\/gallery\/knoblauchhuhn\/thumbs\/thumbs_pic00820130713.jpg\"\n\t\t\t\t\twidth=\"110\"\n\t\t\t\t\theight=\"82\"\n\t\t\t\t\tstyle=\"max-width:100%;\"\n\t\t\t\t\/>\n\t\t\t<\/a>\n\t\t<\/div>\n\t\t\t\t\t\t\t<\/div> \n\t\t\t\n\t\n\t<br style=\"clear: both\" \/>\n\n\t\n\t\t<!-- Pagination -->\n\t\t<div class='ngg-clear'><\/div>\t<\/div>\n\n<div class=\"hrecipe custom\">\n<h2 class=\"fn\">Rezept: Knoblauchhuhn<\/h2>\n<p class=\"summary\"><strong>Kurzbeschreibung:<\/strong><em> Sp\u00e4tsommerliches geschmortes Huhn<\/em><\/p>\n<div class=\"ingredients\">\n<h4 class=\"ingredients\">Zutaten<\/h4>\n<ul class=\"ingredients\">\n<li class=\"ingredient\">1 Huhn, das zu Lebzeiten frei umherlaufen konnte ca. 1.200 g<\/li>\n<li class=\"ingredient\">3 Knollen frischer Knoblauch<\/li>\n<li class=\"ingredient\">4 EL Oliven\u00f6l<\/li>\n<li class=\"ingredient\">1 Bouquet garni<\/li>\n<li class=\"ingredient\">1 EL gem\u00f6rster Pfeffer<\/li>\n<li class=\"ingredient\">Salz<\/li>\n<li class=\"ingredient\">125 &#8211; 200 ml trockener Wei\u00dfwein<\/li>\n<\/ul>\n<\/div>\n<div class=\"instructions\">\n<h4 class=\"instructions\">Zubereitung<\/h4>\n<ol class=\"instructions\">\n<li>Knoblauch sch\u00e4len<\/li>\n<li>Backofen auf 120\u00b0C O\/U vorheizen<\/li>\n<li>Das Huhn innen und aussen kalt abbrausen und gr\u00fcndlich trocken tupfen<\/li>\n<li>Innen mit 2 TL Salz einreiben und das Bouquet garni in das Huhn legen<\/li>\n<li>Fl\u00fcgel mit K\u00fcchengarn am Rumpf fixieren und Keulen an den Enden zusammenbinden<\/li>\n<li>Den Vogel aussen mit Salz einreiben<\/li>\n<li>Oliven\u00f6l in einem schweren Bratentopf mit Deckel vorsichtig erhitzen<\/li>\n<li>Das Huhn im Topf bei moderater Hitze ca. 15 min von allen Seiten anbraten, so dass es Farbe annimmt<\/li>\n<li>Die Hitze reduzieren, den Knoblauch um den Vogel verteilen, gro\u00dfz\u00fcgig pfeffern und mit 125 ml Wei\u00dfwein abl\u00f6schen<\/li>\n<li>Zugedeckt in den Backofen stellen und ca. 60 &#8211; 90 min schmoren. Alle 15 min um 90\u00b0 drehen<\/li>\n<\/ol>\n<\/div>\n<\/div>\n<ul>\n<li>Am Tisch tranchieren und servieren<\/li>\n<li>Dazu 250 g gebutterte Pahlerbsen und Baguette<\/li>\n<\/ul>\n<p>Portionen: 4<\/p>\n<p>Vorbereitungszeit: 30 Min<br \/>\nZubereitungszeit: 60 &#8211; 90 Min<\/p>\n<p>Quelle: [<a title=\"Kochb\u00fccher\" href=\"http:\/\/christianstrasse.de\/8nhd0g15eq\/?page_id=180\">01<\/a>], S. 252<\/p>\n<p>&nbsp;<\/p>\n<p><a title=\"Gefl\u00fcgel\" href=\"http:\/\/christianstrasse.de\/8nhd0g15eq\/?page_id=440\">Zur\u00fcck<\/a><\/p>\n","protected":false},"excerpt":{"rendered":"<p>Erneut ein einfaches Rezept von Wolfram Siebeck, das ein ganz k\u00f6stliches Ergebnis hervorbringt. Die Qualit\u00e4t des Knoblauchs ist entscheidend f\u00fcr das Gelingen, weshalb man das Gericht nur zubereiten sollte, solange frischer Knoblauch mit ausreichend gro\u00dfen Zehen zur Verf\u00fcgung steht. Von den Qualit\u00e4ten, die w\u00e4hrend des Winters verkauft werden, kann man nur abraten, da auch das [&hellip;]<\/p>\n","protected":false},"author":606,"featured_media":0,"parent":440,"menu_order":0,"comment_status":"open","ping_status":"closed","template":"","meta":{"ngg_post_thumbnail":0,"footnotes":""},"class_list":["post-2166","page","type-page","status-publish","hentry"],"_links":{"self":[{"href":"https:\/\/christianstrasse.de\/8nhd0g15eq\/index.php?rest_route=\/wp\/v2\/pages\/2166","targetHints":{"allow":["GET"]}}],"collection":[{"href":"https:\/\/christianstrasse.de\/8nhd0g15eq\/index.php?rest_route=\/wp\/v2\/pages"}],"about":[{"href":"https:\/\/christianstrasse.de\/8nhd0g15eq\/index.php?rest_route=\/wp\/v2\/types\/page"}],"author":[{"embeddable":true,"href":"https:\/\/christianstrasse.de\/8nhd0g15eq\/index.php?rest_route=\/wp\/v2\/users\/606"}],"replies":[{"embeddable":true,"href":"https:\/\/christianstrasse.de\/8nhd0g15eq\/index.php?rest_route=%2Fwp%2Fv2%2Fcomments&post=2166"}],"version-history":[{"count":0,"href":"https:\/\/christianstrasse.de\/8nhd0g15eq\/index.php?rest_route=\/wp\/v2\/pages\/2166\/revisions"}],"up":[{"embeddable":true,"href":"https:\/\/christianstrasse.de\/8nhd0g15eq\/index.php?rest_route=\/wp\/v2\/pages\/440"}],"wp:attachment":[{"href":"https:\/\/christianstrasse.de\/8nhd0g15eq\/index.php?rest_route=%2Fwp%2Fv2%2Fmedia&parent=2166"}],"curies":[{"name":"wp","href":"https:\/\/api.w.org\/{rel}","templated":true}]}}