{"id":2102,"date":"2015-01-28T18:47:02","date_gmt":"2015-01-28T17:47:02","guid":{"rendered":"http:\/\/christianstrasse.de\/8nhd0g15eq\/?page_id=2102"},"modified":"2015-01-30T15:24:14","modified_gmt":"2015-01-30T14:24:14","slug":"steckruebeneintopf-hamburger-national","status":"publish","type":"page","link":"https:\/\/christianstrasse.de\/8nhd0g15eq\/?page_id=2102","title":{"rendered":"Steckr\u00fcbeneintopf (Hamburger National)"},"content":{"rendered":"<div class=\"hrecipe custom\">\n<p class=\"fn\">W\u00e4hrend meiner Kindheit kochte meine Mutter in den Wintermonaten gerne einmal &#8222;R\u00fcben mit Schweinefleisch&#8220;. Es war jeweils eine Riesenmenge zusammengekochter R\u00fcben-, Karotten- und Kartoffesst\u00fccke mit Schweinebauch und glibbrigem Speck. Und diese Fast-Pampe wurde dann 3-4 Tage lang zum Mittag serviert. Hervorzuheben ist noch, dass es immer br\u00fchhei\u00df war, was auch schon mal dem Gaumen zusetzte.<\/p>\n<p class=\"fn\">Wenn wir das a\u00dfen, sprach meine Mutter von der &#8222;schlechten Zeit&#8220;, den Jahren zwischen 1945 und 1950, w\u00e4rend derer sie und ihre Familie einiges durchmachen musste. Und damals gab es eben viele R\u00fcben zu Essen. Dies sollte uns Kinder vielleicht Bescheidenheit lehren.<\/p>\n<p class=\"fn\">Mit Schweinebauch w\u00fcrde ich diesen Eintopf wohl nicht zubereiten, mit Kassler und Kochw\u00fcrsten ist er jedoch eine einfache Delikatesse. Und es wird immer eine Menge, derer man nur Herr werden kann, indem man einen Gro\u00dfteil portioniert und einfriert.<\/p>\n<p class=\"fn\">\n<p class=\"fn\"><!-- default-view.php -->\n<div\n\tclass=\"ngg-galleryoverview default-view \n\t\t\"\n\tid=\"ngg-gallery-cd454e45aafc2622896a6f108abe22e1-1\">\n\n\t\t<!-- Thumbnails -->\n\t\t\t\t<div id=\"ngg-image-0\" class=\"ngg-gallery-thumbnail-box \n\t\t\t\t\t\t\t\t\t\t\t\" \n\t\t\t>\n\t\t\t\t\t\t<div class=\"ngg-gallery-thumbnail\">\n\t\t\t<a href=\"https:\/\/christianstrasse.de\/8nhd0g15eq\/wp-content\/gallery\/rueben\/dscf1196.jpg\"\n\t\t\t\ttitle=\"\"\n\t\t\t\tdata-src=\"https:\/\/christianstrasse.de\/8nhd0g15eq\/wp-content\/gallery\/rueben\/dscf1196.jpg\"\n\t\t\t\tdata-thumbnail=\"https:\/\/christianstrasse.de\/8nhd0g15eq\/wp-content\/gallery\/rueben\/thumbs\/thumbs_dscf1196.jpg\"\n\t\t\t\tdata-image-id=\"1039\"\n\t\t\t\tdata-title=\"dscf1196\"\n\t\t\t\tdata-description=\"\"\n\t\t\t\tdata-image-slug=\"dscf1196\"\n\t\t\t\tclass='use_imagebrowser_effect' data-imagebrowser-url='https:\/\/christianstrasse.de\/8nhd0g15eq\/index.php\/nggallery\/image\/%STUB%?page_id=2102'>\n\t\t\t\t<img\n\t\t\t\t\ttitle=\"dscf1196\"\n\t\t\t\t\talt=\"dscf1196\"\n\t\t\t\t\tsrc=\"https:\/\/christianstrasse.de\/8nhd0g15eq\/wp-content\/gallery\/rueben\/thumbs\/thumbs_dscf1196.jpg\"\n\t\t\t\t\twidth=\"110\"\n\t\t\t\t\theight=\"82\"\n\t\t\t\t\tstyle=\"max-width:100%;\"\n\t\t\t\t\/>\n\t\t\t<\/a>\n\t\t<\/div>\n\t\t\t\t\t\t\t<\/div> \n\t\t\t\n\t\t\t\t<div id=\"ngg-image-1\" class=\"ngg-gallery-thumbnail-box \n\t\t\t\t\t\t\t\t\t\t\t\" \n\t\t\t>\n\t\t\t\t\t\t<div class=\"ngg-gallery-thumbnail\">\n\t\t\t<a href=\"https:\/\/christianstrasse.de\/8nhd0g15eq\/wp-content\/gallery\/rueben\/dscf1200.jpg\"\n\t\t\t\ttitle=\"\"\n\t\t\t\tdata-src=\"https:\/\/christianstrasse.de\/8nhd0g15eq\/wp-content\/gallery\/rueben\/dscf1200.jpg\"\n\t\t\t\tdata-thumbnail=\"https:\/\/christianstrasse.de\/8nhd0g15eq\/wp-content\/gallery\/rueben\/thumbs\/thumbs_dscf1200.jpg\"\n\t\t\t\tdata-image-id=\"1040\"\n\t\t\t\tdata-title=\"dscf1200\"\n\t\t\t\tdata-description=\"\"\n\t\t\t\tdata-image-slug=\"dscf1200\"\n\t\t\t\tclass='use_imagebrowser_effect' data-imagebrowser-url='https:\/\/christianstrasse.de\/8nhd0g15eq\/index.php\/nggallery\/image\/%STUB%?page_id=2102'>\n\t\t\t\t<img\n\t\t\t\t\ttitle=\"dscf1200\"\n\t\t\t\t\talt=\"dscf1200\"\n\t\t\t\t\tsrc=\"https:\/\/christianstrasse.de\/8nhd0g15eq\/wp-content\/gallery\/rueben\/thumbs\/thumbs_dscf1200.jpg\"\n\t\t\t\t\twidth=\"110\"\n\t\t\t\t\theight=\"82\"\n\t\t\t\t\tstyle=\"max-width:100%;\"\n\t\t\t\t\/>\n\t\t\t<\/a>\n\t\t<\/div>\n\t\t\t\t\t\t\t<\/div> \n\t\t\t\n\t\t\t\t<div id=\"ngg-image-2\" class=\"ngg-gallery-thumbnail-box \n\t\t\t\t\t\t\t\t\t\t\t\" \n\t\t\t>\n\t\t\t\t\t\t<div class=\"ngg-gallery-thumbnail\">\n\t\t\t<a href=\"https:\/\/christianstrasse.de\/8nhd0g15eq\/wp-content\/gallery\/rueben\/dscf1201.jpg\"\n\t\t\t\ttitle=\"\"\n\t\t\t\tdata-src=\"https:\/\/christianstrasse.de\/8nhd0g15eq\/wp-content\/gallery\/rueben\/dscf1201.jpg\"\n\t\t\t\tdata-thumbnail=\"https:\/\/christianstrasse.de\/8nhd0g15eq\/wp-content\/gallery\/rueben\/thumbs\/thumbs_dscf1201.jpg\"\n\t\t\t\tdata-image-id=\"1041\"\n\t\t\t\tdata-title=\"dscf1201\"\n\t\t\t\tdata-description=\"\"\n\t\t\t\tdata-image-slug=\"dscf1201\"\n\t\t\t\tclass='use_imagebrowser_effect' data-imagebrowser-url='https:\/\/christianstrasse.de\/8nhd0g15eq\/index.php\/nggallery\/image\/%STUB%?page_id=2102'>\n\t\t\t\t<img\n\t\t\t\t\ttitle=\"dscf1201\"\n\t\t\t\t\talt=\"dscf1201\"\n\t\t\t\t\tsrc=\"https:\/\/christianstrasse.de\/8nhd0g15eq\/wp-content\/gallery\/rueben\/thumbs\/thumbs_dscf1201.jpg\"\n\t\t\t\t\twidth=\"110\"\n\t\t\t\t\theight=\"82\"\n\t\t\t\t\tstyle=\"max-width:100%;\"\n\t\t\t\t\/>\n\t\t\t<\/a>\n\t\t<\/div>\n\t\t\t\t\t\t\t<\/div> \n\t\t\t\n\t\t\t\t<div id=\"ngg-image-3\" class=\"ngg-gallery-thumbnail-box \n\t\t\t\t\t\t\t\t\t\t\t\" \n\t\t\t>\n\t\t\t\t\t\t<div class=\"ngg-gallery-thumbnail\">\n\t\t\t<a href=\"https:\/\/christianstrasse.de\/8nhd0g15eq\/wp-content\/gallery\/rueben\/dscf1205.jpg\"\n\t\t\t\ttitle=\"\"\n\t\t\t\tdata-src=\"https:\/\/christianstrasse.de\/8nhd0g15eq\/wp-content\/gallery\/rueben\/dscf1205.jpg\"\n\t\t\t\tdata-thumbnail=\"https:\/\/christianstrasse.de\/8nhd0g15eq\/wp-content\/gallery\/rueben\/thumbs\/thumbs_dscf1205.jpg\"\n\t\t\t\tdata-image-id=\"1042\"\n\t\t\t\tdata-title=\"dscf1205\"\n\t\t\t\tdata-description=\"\"\n\t\t\t\tdata-image-slug=\"dscf1205\"\n\t\t\t\tclass='use_imagebrowser_effect' data-imagebrowser-url='https:\/\/christianstrasse.de\/8nhd0g15eq\/index.php\/nggallery\/image\/%STUB%?page_id=2102'>\n\t\t\t\t<img\n\t\t\t\t\ttitle=\"dscf1205\"\n\t\t\t\t\talt=\"dscf1205\"\n\t\t\t\t\tsrc=\"https:\/\/christianstrasse.de\/8nhd0g15eq\/wp-content\/gallery\/rueben\/thumbs\/thumbs_dscf1205.jpg\"\n\t\t\t\t\twidth=\"110\"\n\t\t\t\t\theight=\"82\"\n\t\t\t\t\tstyle=\"max-width:100%;\"\n\t\t\t\t\/>\n\t\t\t<\/a>\n\t\t<\/div>\n\t\t\t\t\t\t\t<\/div> \n\t\t\t\n\t\t\t\t<div id=\"ngg-image-4\" class=\"ngg-gallery-thumbnail-box \n\t\t\t\t\t\t\t\t\t\t\t\" \n\t\t\t>\n\t\t\t\t\t\t<div class=\"ngg-gallery-thumbnail\">\n\t\t\t<a href=\"https:\/\/christianstrasse.de\/8nhd0g15eq\/wp-content\/gallery\/rueben\/dscf1208.jpg\"\n\t\t\t\ttitle=\"\"\n\t\t\t\tdata-src=\"https:\/\/christianstrasse.de\/8nhd0g15eq\/wp-content\/gallery\/rueben\/dscf1208.jpg\"\n\t\t\t\tdata-thumbnail=\"https:\/\/christianstrasse.de\/8nhd0g15eq\/wp-content\/gallery\/rueben\/thumbs\/thumbs_dscf1208.jpg\"\n\t\t\t\tdata-image-id=\"1043\"\n\t\t\t\tdata-title=\"dscf1208\"\n\t\t\t\tdata-description=\"\"\n\t\t\t\tdata-image-slug=\"dscf1208\"\n\t\t\t\tclass='use_imagebrowser_effect' data-imagebrowser-url='https:\/\/christianstrasse.de\/8nhd0g15eq\/index.php\/nggallery\/image\/%STUB%?page_id=2102'>\n\t\t\t\t<img\n\t\t\t\t\ttitle=\"dscf1208\"\n\t\t\t\t\talt=\"dscf1208\"\n\t\t\t\t\tsrc=\"https:\/\/christianstrasse.de\/8nhd0g15eq\/wp-content\/gallery\/rueben\/thumbs\/thumbs_dscf1208.jpg\"\n\t\t\t\t\twidth=\"110\"\n\t\t\t\t\theight=\"82\"\n\t\t\t\t\tstyle=\"max-width:100%;\"\n\t\t\t\t\/>\n\t\t\t<\/a>\n\t\t<\/div>\n\t\t\t\t\t\t\t<\/div> \n\t\t\t\n\t\n\t<br style=\"clear: both\" \/>\n\n\t\n\t\t<!-- Pagination -->\n\t\t<div class='ngg-clear'><\/div>\t<\/div>\n<\/p>\n<h2 class=\"fn\">Rezept: Steckr\u00fcbeneintopf<\/h2>\n<p class=\"summary\"><strong>Kurzbeschreibung:<\/strong><em> Ein Wintergericht aus Uromas Zeit<\/em><\/p>\n<div class=\"ingredients\">\n<h4 class=\"ingredients\">Zutaten<\/h4>\n<ul class=\"ingredients\">\n<li class=\"ingredient\">1 kg Steckr\u00fcbe<\/li>\n<li class=\"ingredient\">1 kg Kartoffeln<\/li>\n<li class=\"ingredient\">1 kg Karotten<\/li>\n<li class=\"ingredient\">2 mittelgro\u00dfe Zwiebeln<\/li>\n<li class=\"ingredient\">1 kg Kassler ohne Knochen<\/li>\n<li class=\"ingredient\">12 Kohlw\u00fcrste<\/li>\n<li class=\"ingredient\">150 g fetter Speck<\/li>\n<li class=\"ingredient\">2,5 l Gem\u00fcsebr\u00fche<\/li>\n<li class=\"ingredient\">2 Lorbeerbl\u00e4tter<\/li>\n<li class=\"ingredient\">je 8 K\u00f6rner Piment, schwarzer Pfeffer, zerdr\u00fcckte Wacholderbeeren und 8 Nelken<\/li>\n<li class=\"ingredient\">Salz<\/li>\n<li class=\"ingredient\">Pfeffer<\/li>\n<\/ul>\n<\/div>\n<div class=\"instructions\">\n<h4 class=\"instructions\">Zubereitung<\/h4>\n<ol class=\"instructions\">\n<li>Gem\u00fcsebr\u00fche bereitstellen<\/li>\n<li>Kassler ausbeinen, den Knochen in der Gem\u00fcsebr\u00fche bei kleiner Hitze 30 Minuten k\u00f6cheln lassen<\/li>\n<li>Den Speck fein w\u00fcrfeln und in einem gro\u00dfen (mindestens 6 l) Topf bei geringer Hitze auslassen<\/li>\n<li>Zwiebeln pellen und fein w\u00fcrfeln<\/li>\n<li>Zwiebeln zum Speck geben und bei mittlerer Hitze anschwitzen<\/li>\n<li>Kassler in W\u00fcrfel von 2 cm Kantenl\u00e4nge schneiden<\/li>\n<li>Das Gem\u00fcse sch\u00e4len und wie das Kassler in W\u00fcrfel schneiden<\/li>\n<li>Ist das Fleisch nur mild gep\u00f6kelt, gibt man es zu den Zwiebeln und br\u00e4t es 3 Minuten unter gelegentlichem R\u00fchren an<\/li>\n<li>Ist das Kassler kr\u00e4ftig gep\u00f6kelt, gibt man es gleich zusammen mit den Gem\u00fcsew\u00fcrfeln zu den Zwiebeln und seiht die Br\u00fche durch ein Sieb dazu.<\/li>\n<li>Lorbeer und die \u00fcbrigen Gew\u00fcrze in ein Gew\u00fcrzs\u00e4ckchen oder einen Teefilter geben und in die Gem\u00fcsebr\u00fche h\u00e4ngen<\/li>\n<li>Aufkochen Lassen und 20-25 Minuten bei kleiner Hitze simmern lassen<\/li>\n<li>Nach 15 Minuten die Kohlw\u00fcrste zugeben<\/li>\n<\/ol>\n<\/div>\n<\/div>\n<p>&nbsp;<\/p>\n<p>Portionen: 12<\/p>\n<p>Zubereitungszeit: 60 Minuten<\/p>\n","protected":false},"excerpt":{"rendered":"<p>W\u00e4hrend meiner Kindheit kochte meine Mutter in den Wintermonaten gerne einmal &#8222;R\u00fcben mit Schweinefleisch&#8220;. Es war jeweils eine Riesenmenge zusammengekochter R\u00fcben-, Karotten- und Kartoffesst\u00fccke mit Schweinebauch und glibbrigem Speck. Und diese Fast-Pampe wurde dann 3-4 Tage lang zum Mittag serviert. Hervorzuheben ist noch, dass es immer br\u00fchhei\u00df war, was auch schon mal dem Gaumen zusetzte. [&hellip;]<\/p>\n","protected":false},"author":606,"featured_media":0,"parent":199,"menu_order":0,"comment_status":"open","ping_status":"closed","template":"","meta":{"ngg_post_thumbnail":0,"footnotes":""},"class_list":["post-2102","page","type-page","status-publish","hentry"],"_links":{"self":[{"href":"https:\/\/christianstrasse.de\/8nhd0g15eq\/index.php?rest_route=\/wp\/v2\/pages\/2102","targetHints":{"allow":["GET"]}}],"collection":[{"href":"https:\/\/christianstrasse.de\/8nhd0g15eq\/index.php?rest_route=\/wp\/v2\/pages"}],"about":[{"href":"https:\/\/christianstrasse.de\/8nhd0g15eq\/index.php?rest_route=\/wp\/v2\/types\/page"}],"author":[{"embeddable":true,"href":"https:\/\/christianstrasse.de\/8nhd0g15eq\/index.php?rest_route=\/wp\/v2\/users\/606"}],"replies":[{"embeddable":true,"href":"https:\/\/christianstrasse.de\/8nhd0g15eq\/index.php?rest_route=%2Fwp%2Fv2%2Fcomments&post=2102"}],"version-history":[{"count":0,"href":"https:\/\/christianstrasse.de\/8nhd0g15eq\/index.php?rest_route=\/wp\/v2\/pages\/2102\/revisions"}],"up":[{"embeddable":true,"href":"https:\/\/christianstrasse.de\/8nhd0g15eq\/index.php?rest_route=\/wp\/v2\/pages\/199"}],"wp:attachment":[{"href":"https:\/\/christianstrasse.de\/8nhd0g15eq\/index.php?rest_route=%2Fwp%2Fv2%2Fmedia&parent=2102"}],"curies":[{"name":"wp","href":"https:\/\/api.w.org\/{rel}","templated":true}]}}