{"id":2072,"date":"2014-12-12T11:51:35","date_gmt":"2014-12-12T10:51:35","guid":{"rendered":"http:\/\/christianstrasse.de\/8nhd0g15eq\/?page_id=2072"},"modified":"2014-12-12T11:52:01","modified_gmt":"2014-12-12T10:52:01","slug":"2072-2","status":"publish","type":"page","link":"https:\/\/christianstrasse.de\/8nhd0g15eq\/?page_id=2072","title":{"rendered":"Die einseitige Sicht"},"content":{"rendered":"<p><a href=\"http:\/\/christianstrasse.de\/8nhd0g15eq\/wp-content\/uploads\/testbild.gif\"><img loading=\"lazy\" decoding=\"async\" class=\"alignnone size-full wp-image-807\" title=\"testbild\" src=\"http:\/\/christianstrasse.de\/8nhd0g15eq\/wp-content\/uploads\/testbild.gif\" alt=\"\" width=\"655\" height=\"501\" srcset=\"https:\/\/christianstrasse.de\/8nhd0g15eq\/wp-content\/uploads\/testbild.gif 1024w, https:\/\/christianstrasse.de\/8nhd0g15eq\/wp-content\/uploads\/testbild-300x229.gif 300w\" sizes=\"auto, (max-width: 655px) 100vw, 655px\" \/><\/a><\/p>\n<p>&nbsp;<\/p>\n<p>&nbsp;<\/p>\n<p>DIE EINSEITIGE SICHT<\/p>\n<p>Warum bloggen?<\/p>\n<p>Der Blog ist ein Mittel, sich auszudr\u00fccken und diese Gedanken unzensiert zu ver\u00f6ffentlichen. Der Blog dient nicht dazu, letzte Weisheiten geschliffen formuliert unter die Leute zu bringen. F\u00fcr diese Aufgabe gibt es wahrlich begnadetere Autoren als mich.<\/p>\n<p>Der Blog ist Einzahl, die Gesamtheit politisch kritischer Blogs ist:<\/p>\n<p>GEGEN\u00d6FFENTLICHKEIT<\/p>\n<p>Die so nett titulierten &#8222;Systemmedien&#8220; haben sich gleichgeschaltet, so wie das Reichsministerium f\u00fcr Volksaufkl\u00e4rung und Propaganda\u00a0seinerzeit die Medien gleichgeschaltet hat.<\/p>\n<p>Damals waren Zwang und Unterdr\u00fcckung die Methode, heute ist es das Geld, das die Medienkonzerne \u00fcber Jahre von einer &#8222;bunten Medienlandschaft&#8220; in ein Oligopol weniger Unternehmen transformiert hat. Sekundiert werden diese wenigen Konzerne von den \u00f6ffentlich rechtlichen Sendeanstalten, die vollst\u00e4ndig von den grossen politischen Parteien dominiert werden.<\/p>\n<p>Wer Friede Springer und Liz Mohn zur Freundin hat, braucht sich um ein positives Image in den Medien ebensowenig Sorgen zu machen, wie um deren Versuch der medialen Vernichtung des Gegners.<\/p>\n<p>Die kritische Distanz des Journalismus wurde zugunsten des &#8222;embedded journalism&#8220; aufgegeben, der allein den Zugang zu relevanten, sprich finanziell verwertbaren Informationen erm\u00f6glicht. Kerner und Seibert sind beredte Beispiele daf\u00fcr, dass willf\u00e4hrige Berichterstattung mit der N\u00e4he zu den M\u00e4chtigen belohnt wird.<\/p>\n<p>Das monolithische Meinungsbild der Systemmedien ist von innen heraus nicht zu, sagen wir einmal, reformieren. Wer nach Erkl\u00e4rungen f\u00fcr den politischen Lauf der Dinge sucht, st\u00f6sst immer wieder auf die harmonisierte Sicht der M\u00e4chtigen, die aus verbogenen Wahrheiten, L\u00fcgen und Verschweigen ein Weltbild projeziert, das ausschliesslich dazu dient, die wirtschaftlichen und politischen Prozesse reibungslos ablaufen lassen zu k\u00f6nnen.<\/p>\n<p>Wer mit dieser Meinungsmaschinerie konfrontiert ist, fragt sich bisweilen, ob er etwas Wichtiges nicht mitbekommen h\u00e4tte, weshalb die eigenen Ansichten so abwegig scheinen. Ob er der Geisterfahrer auf der Strasse der Meinungen ist? Diese Strasse der Meinungen wurde asphaltiert von Bild und der Bunten, vom Spiegel und Stern. Rechts und vor allem links neben der Fahrbahn wurden Sicht- und Schallschutzw\u00e4nde aufgestellt, so dass der Blick nur der Strasse gilt.<\/p>\n<p>Ausserhalb dieser Meinungsw\u00fcste beginnt sich jedoch etwas zu entwickeln, etwas, das die M\u00e4chtigen nicht kontrollieren k\u00f6nnen, da es dezentral organisiert ist, das Internet. Der Wille zur Kontrolle ist zweifellos vorhanden, die Bereitschaft eine solche Repression zu erdulden jedoch in weiten Kreisen nicht. Hinzu kommt, dass die heute M\u00e4chtigen die Entwicklung des Internets schlicht verschlafen oder arrogant ignoriert haben. So konnten sich tausende Blogs als Inseln entwickeln, auf denen man ungehindert Meinungen und Ideen austauschen kann. Ob es sich hierbei um politisch relevante Inhalte handelt oder Kochrezepte, ist nebens\u00e4chlich, es geht um die vom Mainstream unzensierte Verbreitung von Ideen.<\/p>\n<p>Und so, wie SPON sich vorbeh\u00e4lt, missliebige Ansichten aus seinen Foren zu l\u00f6schen bzw. das regelm\u00e4ssige Linken-, Gutmensch-, Minderleisterbashing zul\u00e4sst, so entscheide ich, das zu ver\u00f6ffentlichen, was mir als relevant erscheint.<\/p>\n<p>Als t\u00e4gliche Lekt\u00fcre empfehle ich unbedingt die <a href=\"http:\/\/www.nachdenkseiten.de\">Nachdenkseiten<\/a>. Hier bereiten Albrecht M\u00fcller, Wolfgang Lieb, Orlando Paschelt und Jens Berger wichtige Nachrichten und Meinungen in einer Weise auf, dass sich der Leser schnell und umfassend informieren kann. Die Lekt\u00fcre dieser Seite verhilft dem Leser in kurzer Zeit zu einer Anzahl von Links zu kritischen Seiten und Blogs, die in ihrer Gesamtheit Teil der Gegen\u00f6ffentlichkeit sind, womit ich ausdr\u00fccklich nicht die Verlinkungen zur FTD, dem Handelsblatt, Managermagazin, SPON und den \u00fcbrigen Vertretern des bundesrepublikanischen Qualit\u00e4tsjournalismus meine.<\/p>\n<p>&nbsp;<\/p>\n<p><a title=\"Politik\" href=\"http:\/\/christianstrasse.de\/8nhd0g15eq\/?page_id=287\">zur\u00fcck<\/a><\/p>\n","protected":false},"excerpt":{"rendered":"<p>&nbsp; &nbsp; DIE EINSEITIGE SICHT Warum bloggen? Der Blog ist ein Mittel, sich auszudr\u00fccken und diese Gedanken unzensiert zu ver\u00f6ffentlichen. Der Blog dient nicht dazu, letzte Weisheiten geschliffen formuliert unter die Leute zu bringen. F\u00fcr diese Aufgabe gibt es wahrlich begnadetere Autoren als mich. Der Blog ist Einzahl, die Gesamtheit politisch kritischer Blogs ist: GEGEN\u00d6FFENTLICHKEIT [&hellip;]<\/p>\n","protected":false},"author":606,"featured_media":0,"parent":287,"menu_order":0,"comment_status":"open","ping_status":"closed","template":"","meta":{"ngg_post_thumbnail":0,"footnotes":""},"class_list":["post-2072","page","type-page","status-publish","hentry"],"_links":{"self":[{"href":"https:\/\/christianstrasse.de\/8nhd0g15eq\/index.php?rest_route=\/wp\/v2\/pages\/2072","targetHints":{"allow":["GET"]}}],"collection":[{"href":"https:\/\/christianstrasse.de\/8nhd0g15eq\/index.php?rest_route=\/wp\/v2\/pages"}],"about":[{"href":"https:\/\/christianstrasse.de\/8nhd0g15eq\/index.php?rest_route=\/wp\/v2\/types\/page"}],"author":[{"embeddable":true,"href":"https:\/\/christianstrasse.de\/8nhd0g15eq\/index.php?rest_route=\/wp\/v2\/users\/606"}],"replies":[{"embeddable":true,"href":"https:\/\/christianstrasse.de\/8nhd0g15eq\/index.php?rest_route=%2Fwp%2Fv2%2Fcomments&post=2072"}],"version-history":[{"count":0,"href":"https:\/\/christianstrasse.de\/8nhd0g15eq\/index.php?rest_route=\/wp\/v2\/pages\/2072\/revisions"}],"up":[{"embeddable":true,"href":"https:\/\/christianstrasse.de\/8nhd0g15eq\/index.php?rest_route=\/wp\/v2\/pages\/287"}],"wp:attachment":[{"href":"https:\/\/christianstrasse.de\/8nhd0g15eq\/index.php?rest_route=%2Fwp%2Fv2%2Fmedia&parent=2072"}],"curies":[{"name":"wp","href":"https:\/\/api.w.org\/{rel}","templated":true}]}}