{"id":2055,"date":"2014-11-11T08:03:46","date_gmt":"2014-11-11T07:03:46","guid":{"rendered":"http:\/\/christianstrasse.de\/8nhd0g15eq\/?page_id=2055"},"modified":"2014-11-11T08:35:50","modified_gmt":"2014-11-11T07:35:50","slug":"geschmorte-ochsenbacken-r","status":"publish","type":"page","link":"https:\/\/christianstrasse.de\/8nhd0g15eq\/?page_id=2055","title":{"rendered":"Geschmorte Ochsenbacken (R)"},"content":{"rendered":"<p>Schon seit L\u00e4ngerem wollte ich einmal Rinderbacken zubereiten. Das Rezept klang interessant und so haben wir 2 Ochsenbacken und die \u00fcbrigen Zutaten eingekauft. Das Fleisch ist kaum abgehangen, da dies bei einem so kleinen St\u00fcck nicht geht. Will man nicht selbst zum Messer greifen, l\u00e4sst man die Backen vom Schlachter parieren. Ich mache das selbst und der kleine Luca freut sich \u00fcber die Fascien und Sehnen. Als heranwachsender Malinois &#8222;braucht er das&#8220;, wie er sagen w\u00fcrde, wenn er es denn k\u00f6nnte.<\/p>\n<p>Es bleibt einiges Bindegewebe in den Backen zur\u00fcck, denn man will das Fleisch nicht in St\u00fccke schneiden. Dies verquillt durch das lange Schmoren vollst\u00e4ndig. Dabei h\u00e4lt es die Muskelanteile saftig und aus diesem unterbewerteten Bratenst\u00fcck wird eine Delikatesse.<\/p>\n<!-- default-view.php -->\n<div\n\tclass=\"ngg-galleryoverview default-view \n\t\t\"\n\tid=\"ngg-gallery-7480b22cb63536c25cd285ad07c73791-1\">\n\n\t\t<!-- Thumbnails -->\n\t\t\t\t<div id=\"ngg-image-0\" class=\"ngg-gallery-thumbnail-box \n\t\t\t\t\t\t\t\t\t\t\t\" \n\t\t\t>\n\t\t\t\t\t\t<div class=\"ngg-gallery-thumbnail\">\n\t\t\t<a href=\"https:\/\/christianstrasse.de\/8nhd0g15eq\/wp-content\/gallery\/ochsenbacken\/img_0231.jpg\"\n\t\t\t\ttitle=\"\"\n\t\t\t\tdata-src=\"https:\/\/christianstrasse.de\/8nhd0g15eq\/wp-content\/gallery\/ochsenbacken\/img_0231.jpg\"\n\t\t\t\tdata-thumbnail=\"https:\/\/christianstrasse.de\/8nhd0g15eq\/wp-content\/gallery\/ochsenbacken\/thumbs\/thumbs_img_0231.jpg\"\n\t\t\t\tdata-image-id=\"956\"\n\t\t\t\tdata-title=\"img_0231\"\n\t\t\t\tdata-description=\"\"\n\t\t\t\tdata-image-slug=\"img_0231\"\n\t\t\t\tclass='use_imagebrowser_effect' data-imagebrowser-url='https:\/\/christianstrasse.de\/8nhd0g15eq\/index.php\/nggallery\/image\/%STUB%?page_id=2055'>\n\t\t\t\t<img\n\t\t\t\t\ttitle=\"img_0231\"\n\t\t\t\t\talt=\"img_0231\"\n\t\t\t\t\tsrc=\"https:\/\/christianstrasse.de\/8nhd0g15eq\/wp-content\/gallery\/ochsenbacken\/thumbs\/thumbs_img_0231.jpg\"\n\t\t\t\t\twidth=\"110\"\n\t\t\t\t\theight=\"81\"\n\t\t\t\t\tstyle=\"max-width:100%;\"\n\t\t\t\t\/>\n\t\t\t<\/a>\n\t\t<\/div>\n\t\t\t\t\t\t\t<\/div> \n\t\t\t\n\t\t\t\t<div id=\"ngg-image-1\" class=\"ngg-gallery-thumbnail-box \n\t\t\t\t\t\t\t\t\t\t\t\" \n\t\t\t>\n\t\t\t\t\t\t<div class=\"ngg-gallery-thumbnail\">\n\t\t\t<a href=\"https:\/\/christianstrasse.de\/8nhd0g15eq\/wp-content\/gallery\/ochsenbacken\/img_0232.jpg\"\n\t\t\t\ttitle=\"\"\n\t\t\t\tdata-src=\"https:\/\/christianstrasse.de\/8nhd0g15eq\/wp-content\/gallery\/ochsenbacken\/img_0232.jpg\"\n\t\t\t\tdata-thumbnail=\"https:\/\/christianstrasse.de\/8nhd0g15eq\/wp-content\/gallery\/ochsenbacken\/thumbs\/thumbs_img_0232.jpg\"\n\t\t\t\tdata-image-id=\"957\"\n\t\t\t\tdata-title=\"img_0232\"\n\t\t\t\tdata-description=\"\"\n\t\t\t\tdata-image-slug=\"img_0232\"\n\t\t\t\tclass='use_imagebrowser_effect' data-imagebrowser-url='https:\/\/christianstrasse.de\/8nhd0g15eq\/index.php\/nggallery\/image\/%STUB%?page_id=2055'>\n\t\t\t\t<img\n\t\t\t\t\ttitle=\"img_0232\"\n\t\t\t\t\talt=\"img_0232\"\n\t\t\t\t\tsrc=\"https:\/\/christianstrasse.de\/8nhd0g15eq\/wp-content\/gallery\/ochsenbacken\/thumbs\/thumbs_img_0232.jpg\"\n\t\t\t\t\twidth=\"110\"\n\t\t\t\t\theight=\"81\"\n\t\t\t\t\tstyle=\"max-width:100%;\"\n\t\t\t\t\/>\n\t\t\t<\/a>\n\t\t<\/div>\n\t\t\t\t\t\t\t<\/div> \n\t\t\t\n\t\n\t<br style=\"clear: both\" \/>\n\n\t\n\t\t<!-- Pagination -->\n\t\t<div class='ngg-clear'><\/div>\t<\/div>\n\n<p>&nbsp;<\/p>\n<div class=\"hrecipe custom\">\n<h2 class=\"fn\">Rezept: Ochsenbacken in Rotwein geschmort<\/h2>\n<p class=\"summary\"><strong>Kurzbeschreibung:<\/strong><em> ein fast vergessenes Rezept<\/em><\/p>\n<div class=\"ingredients\">\n<h4 class=\"ingredients\">Zutaten<\/h4>\n<ul class=\"ingredients\">\n<li class=\"ingredient\">2 Ochsenbacken<\/li>\n<li class=\"ingredient\">2 mittelgro\u00dfe Karotten<\/li>\n<li class=\"ingredient\">2 mittelgro\u00dfe rote Zwiebeln<\/li>\n<li class=\"ingredient\">2 Stangen Bleichsellerie<\/li>\n<li class=\"ingredient\">0,7l\u00a0 Rotwein<\/li>\n<li class=\"ingredient\">4 Knoblauchzehen<\/li>\n<li class=\"ingredient\">4 EL Oliven\u00f6l<\/li>\n<li class=\"ingredient\">4 Tomaten, evtl. etwas Tomatenmark<\/li>\n<li class=\"ingredient\">1 Lorbeerblatt<\/li>\n<li class=\"ingredient\">1 1\/2 TL Thymian<\/li>\n<li class=\"ingredient\">Salz<\/li>\n<li class=\"ingredient\">Pfeffer<\/li>\n<li class=\"ingredient\">1 Stange Zimt<\/li>\n<li class=\"ingredient\">3 Gew\u00fcrznelken<\/li>\n<li class=\"ingredient\">Orangenschale<\/li>\n<li class=\"ingredient\">Kartoffelp\u00fcree als Beilage<\/li>\n<\/ul>\n<\/div>\n<div class=\"instructions\">\n<h4 class=\"instructions\">Zubereitung<\/h4>\n<ol class=\"instructions\">\n<li>Ochsenbacken parieren, von Fett und Sehnen befreien, in eine Sch\u00fcssel legen, salzen und pfeffern<\/li>\n<li>Karotten sch\u00e4len, Zwiebeln und Sellerie putzen, alles in Scheiben schneiden<\/li>\n<li>Gem\u00fcse zum Fleisch geben, mit dem Rotwein bedecken<\/li>\n<li>Lorbeer, Thymian und 6 Pfefferk\u00f6rner in einem Gew\u00fcrzbeutel in die Marinade geben, 2 EL Oliven\u00f6l untermischen<\/li>\n<li>24 Std im K\u00fchlen marinieren, dabei mehrmals wenden.<\/li>\n<\/ol>\n<ol class=\"instructions\">\n<li>Am Folgetag den Backofen auf 160\u00b0C vorheizen<\/li>\n<li>Das Fleisch aus der Marinade nehmen und abtropfen lassen<\/li>\n<li>Die Marinade durch ein Sieb in eine Topf geben<\/li>\n<li>Das Gem\u00fcse ohne den Gew\u00fcrzbeutel im Sieb abtropfen lassen<\/li>\n<li>Die Tomaten vierteln, von Stielansatz und Samen befreit bereitstellen, den Knoblauch abziehen<\/li>\n<li>2 EL Oliven\u00f6l in einem gro\u00dfen gu\u00dfeisernen Topf erhitzen<\/li>\n<li>Die Backen hineingeben und bei mittlerer Hitze rundherum ca. 15 Min. anbraten<\/li>\n<li>Die Hitze erh\u00f6hen und das abgetropfte Gem\u00fcse mit braten bis es ganz leicht anbr\u00e4unt. Dabei h\u00e4ufig umr\u00fchren<\/li>\n<li>W\u00e4hrenddessen die Marinade erhitzen und in den Schmortopf geben.<\/li>\n<li>Tomatenst\u00fccke, Knoblauch, den Gew\u00fcrzbeutel, Zimt, Nelken und einen Streifen Orangenschale dazugeben. Je nach Tomatenqualit\u00e4t ggf. etwas Tomatenmark einr\u00fchren<\/li>\n<li>Alles zugedeckt 5-6 Std im Backofen schmoren. Gelegentlich den Fl\u00fcssigkeitsstand kontrollieren und bei Bedarf etwas kochendes Wasser zugeben<\/li>\n<li>Nach Ablauf der Garzeit Ofen auf 50\u00b0C herunterregeln, das Fleisch in eine Auflaufsch\u00fcssel geben und zugedeckt in den Ofen bei ge\u00f6ffeneter T\u00fcr zur\u00fcckstellen.<\/li>\n<li>Schmorsud und Gem\u00fcse durch ein Sieb in einen Topf abseihen, das Gem\u00fcse gut ausdr\u00fccken<\/li>\n<li>Bei gro\u00dfer Hitze um 1\/3 reduzieren, ggf. mit etwas St\u00e4rke binden<\/li>\n<li>Sauce vom Feuer nehmen, mit Salz und Pfeffer abschmecken und etwas frische Orangenschale zugeben, bei Bedarf mit etwas Essig oder Zitronensaft nachs\u00e4uern<\/li>\n<li>Die Sauce \u00fcber die Ochsenbacken gie\u00dfen und servieren.<\/li>\n<li>Dazu ged\u00fcnstete Karotten und Kartoffelp\u00fcree<\/li>\n<\/ol>\n<\/div>\n<\/div>\n<p>Zubereitungszeit: 45 Min Vorbereitung, 45 Min Kochen &amp; Sauce<br \/>\nGarzeit: 5-6 Std. + 24 Std. marinieren<br \/>\nPortionen: 4<\/p>\n<p>Quelle: [<a title=\"Kochb\u00fccher\" href=\"http:\/\/christianstrasse.de\/8nhd0g15eq\/?page_id=180\">08<\/a>], S. 58<a title=\"Beilagen\" href=\"http:\/\/christianstrasse.de\/8nhd0g15eq\/?page_id=666\"><br \/>\n<\/a><\/p>\n<p><a title=\"Fleisch\" href=\"http:\/\/christianstrasse.de\/8nhd0g15eq\/?page_id=199\">zur\u00fcck<\/a><\/p>\n","protected":false},"excerpt":{"rendered":"<p>Schon seit L\u00e4ngerem wollte ich einmal Rinderbacken zubereiten. Das Rezept klang interessant und so haben wir 2 Ochsenbacken und die \u00fcbrigen Zutaten eingekauft. Das Fleisch ist kaum abgehangen, da dies bei einem so kleinen St\u00fcck nicht geht. Will man nicht selbst zum Messer greifen, l\u00e4sst man die Backen vom Schlachter parieren. Ich mache das selbst [&hellip;]<\/p>\n","protected":false},"author":606,"featured_media":0,"parent":199,"menu_order":0,"comment_status":"open","ping_status":"closed","template":"","meta":{"ngg_post_thumbnail":0,"footnotes":""},"class_list":["post-2055","page","type-page","status-publish","hentry"],"_links":{"self":[{"href":"https:\/\/christianstrasse.de\/8nhd0g15eq\/index.php?rest_route=\/wp\/v2\/pages\/2055","targetHints":{"allow":["GET"]}}],"collection":[{"href":"https:\/\/christianstrasse.de\/8nhd0g15eq\/index.php?rest_route=\/wp\/v2\/pages"}],"about":[{"href":"https:\/\/christianstrasse.de\/8nhd0g15eq\/index.php?rest_route=\/wp\/v2\/types\/page"}],"author":[{"embeddable":true,"href":"https:\/\/christianstrasse.de\/8nhd0g15eq\/index.php?rest_route=\/wp\/v2\/users\/606"}],"replies":[{"embeddable":true,"href":"https:\/\/christianstrasse.de\/8nhd0g15eq\/index.php?rest_route=%2Fwp%2Fv2%2Fcomments&post=2055"}],"version-history":[{"count":0,"href":"https:\/\/christianstrasse.de\/8nhd0g15eq\/index.php?rest_route=\/wp\/v2\/pages\/2055\/revisions"}],"up":[{"embeddable":true,"href":"https:\/\/christianstrasse.de\/8nhd0g15eq\/index.php?rest_route=\/wp\/v2\/pages\/199"}],"wp:attachment":[{"href":"https:\/\/christianstrasse.de\/8nhd0g15eq\/index.php?rest_route=%2Fwp%2Fv2%2Fmedia&parent=2055"}],"curies":[{"name":"wp","href":"https:\/\/api.w.org\/{rel}","templated":true}]}}