{"id":205,"date":"2011-09-17T17:29:27","date_gmt":"2011-09-17T15:29:27","guid":{"rendered":"http:\/\/christianstrasse.de\/8nhd0g15eq\/?page_id=205"},"modified":"2016-03-14T18:00:01","modified_gmt":"2016-03-14T17:00:01","slug":"fisch","status":"publish","type":"page","link":"https:\/\/christianstrasse.de\/8nhd0g15eq\/?page_id=205","title":{"rendered":"Fisch"},"content":{"rendered":"<p style=\"text-align: left;\"><a href=\"http:\/\/christianstrasse.de\/8nhd0g15eq\/wp-content\/uploads\/Fisch.jpg\"><img loading=\"lazy\" decoding=\"async\" class=\"aligncenter size-full wp-image-444\" title=\"Fisch\" src=\"http:\/\/christianstrasse.de\/8nhd0g15eq\/wp-content\/uploads\/Fisch.jpg\" alt=\"\" width=\"655\" height=\"437\" \/><\/a><\/p>\n<p style=\"text-align: left;\">Es ist zu bef\u00fcrchten, dass die heute lebenden Generationen die letzten sein werden, die noch wild gefangenen Seefisch geniessen d\u00fcrfen. In Zukunft d\u00fcrfte die Aquakultur die wesentliche Quelle marinen, tierischen Proteins werden. Wir verarbeiten zwar vorwiegend Seelachs, den wir als Ersatz f\u00fcr die meisten gef\u00e4rdeten Fischarten vorziehen, doch vielleicht einmal pro Jahr gibt es frischen Thunfisch, der geschmacklich durch nichts zu ersetzen ist.<\/p>\n<p style=\"text-align: left;\"><a title=\"Tonno alla Siciliana (R)\" href=\"http:\/\/christianstrasse.de\/8nhd0g15eq\/?page_id=78\">Tonno Siciliana<\/a> (R)<\/p>\n<p style=\"text-align: left;\"><a title=\"Seelachs mit Salbei in Parmaschinken (R)\" href=\"http:\/\/christianstrasse.de\/8nhd0g15eq\/?page_id=897\">Seelachs mit Salbei in Parmaschinken<\/a> (R)<strong style=\"text-align: left;\"><br \/>\n<\/strong><\/p>\n<p><a href=\"http:\/\/christianstrasse.de\/8nhd0g15eq\/?page_id=1484\">Penne rigate mit Lachs-Porree-Sauce<\/a> (R)<\/p>\n<p><a href=\"http:\/\/christianstrasse.de\/8nhd0g15eq\/?page_id=1783\">Rotbarsch (oder Seelachs) provencalisch<\/a> (R)<\/p>\n<p><a href=\"http:\/\/christianstrasse.de\/8nhd0g15eq\/?page_id=2287\">Tapenade<\/a> (R)<\/p>\n<p>&nbsp;<\/p>\n<p><a href=\"http:\/\/christianstrasse.de\/8nhd0g15eq\/?page_id=42\">zur\u00fcck<\/a><\/p>\n<p>&nbsp;<\/p>\n","protected":false},"excerpt":{"rendered":"<p>Es ist zu bef\u00fcrchten, dass die heute lebenden Generationen die letzten sein werden, die noch wild gefangenen Seefisch geniessen d\u00fcrfen. In Zukunft d\u00fcrfte die Aquakultur die wesentliche Quelle marinen, tierischen Proteins werden. Wir verarbeiten zwar vorwiegend Seelachs, den wir als Ersatz f\u00fcr die meisten gef\u00e4rdeten Fischarten vorziehen, doch vielleicht einmal pro Jahr gibt es frischen [&hellip;]<\/p>\n","protected":false},"author":606,"featured_media":0,"parent":42,"menu_order":0,"comment_status":"open","ping_status":"open","template":"","meta":{"ngg_post_thumbnail":0,"footnotes":""},"class_list":["post-205","page","type-page","status-publish","hentry"],"_links":{"self":[{"href":"https:\/\/christianstrasse.de\/8nhd0g15eq\/index.php?rest_route=\/wp\/v2\/pages\/205","targetHints":{"allow":["GET"]}}],"collection":[{"href":"https:\/\/christianstrasse.de\/8nhd0g15eq\/index.php?rest_route=\/wp\/v2\/pages"}],"about":[{"href":"https:\/\/christianstrasse.de\/8nhd0g15eq\/index.php?rest_route=\/wp\/v2\/types\/page"}],"author":[{"embeddable":true,"href":"https:\/\/christianstrasse.de\/8nhd0g15eq\/index.php?rest_route=\/wp\/v2\/users\/606"}],"replies":[{"embeddable":true,"href":"https:\/\/christianstrasse.de\/8nhd0g15eq\/index.php?rest_route=%2Fwp%2Fv2%2Fcomments&post=205"}],"version-history":[{"count":0,"href":"https:\/\/christianstrasse.de\/8nhd0g15eq\/index.php?rest_route=\/wp\/v2\/pages\/205\/revisions"}],"up":[{"embeddable":true,"href":"https:\/\/christianstrasse.de\/8nhd0g15eq\/index.php?rest_route=\/wp\/v2\/pages\/42"}],"wp:attachment":[{"href":"https:\/\/christianstrasse.de\/8nhd0g15eq\/index.php?rest_route=%2Fwp%2Fv2%2Fmedia&parent=205"}],"curies":[{"name":"wp","href":"https:\/\/api.w.org\/{rel}","templated":true}]}}