{"id":1922,"date":"2014-08-24T09:04:04","date_gmt":"2014-08-24T08:04:04","guid":{"rendered":"http:\/\/christianstrasse.de\/8nhd0g15eq\/?page_id=1922"},"modified":"2014-08-24T10:15:29","modified_gmt":"2014-08-24T09:15:29","slug":"lammkeule-ausbeinen-und-braten-r","status":"publish","type":"page","link":"https:\/\/christianstrasse.de\/8nhd0g15eq\/?page_id=1922","title":{"rendered":"Lammkeule ausbeinen und braten (R)"},"content":{"rendered":"<p>Dieser Braten bedarf zwar einiger Vorbereitungen, das Ergebnis ist dann aber auch ansehnlich und sehr lecker. Ob man eine tiefgek\u00fchlte aus Neuseeland oder eine frische Keule aus Irland verarbeitet, ist eine Frage von Zeit, Lust und Portemonaie. Frische Keulen sind meist mit 1,6 &#8211; 1,8 kg etwas schwerer als die tiefgek\u00fchlte mit ~ 1,2 kg.<\/p>\n<p>Ausbeinen sollte die Keule auf jeden Fall, da sie dann erstens gleichm\u00e4\u00dfiger gart und man zweitens die Kr\u00e4uter in die Keule einarbeiten kann, bevor man sie mit K\u00fcchengarn wieder verschlie\u00dft.<\/p>\n<p>Den Schnitt f\u00fchrt man von der R\u00fcckseite der Keule (die Kniescheibe liegt auf der Arbeitsplatte). Die Muskeln werden parallel zum Knochen getrennt, so dass man ihn schlie\u00dflich mittig trifft. Dazu benutzt man mit ein scharfes, ein wirklich scharfes Ausbeinmesser. Nun sch\u00e4lt man mit dem Messer so nah wie m\u00f6glich am Knochen entlang, immer die Klinge parallel zum Knochen und legt den Femur vom H\u00fcftgelenk her frei. Wenn man am Kniegelenk angekommen ist, werden die zahlreichen Sehnen abgetrennt und der Knochen ist heraus.<\/p>\n<p>Luca, unser neuer Hund ist dankbar f\u00fcr den rohen Knochen und wenn doch noch etwas Fleisch daran ist, so ist er bereit, dies zu entsorgen, ohne es in Rechnung zu stellen.<\/p>\n<p>Nun kann man die Kr\u00e4uter, angefangen bei Pfeffer und Salz, dazu auch gehackten Rosmarin und Knoblauch mit etwas Oliven\u00f6l oder die Kr\u00e4uter f\u00fcr unser Rezept, gro\u00dfz\u00fcgig auf der Schnittfl\u00e4che verteilen. Zum Binden wird das Fleisch wieder in seine urspr\u00fcngliche Form gebracht und it K\u00fcchengarn stramm verschn\u00fcrt. Dabei gilt, je mehr, umso besser. Es darf sich w\u00e4hrend des Bratens nichts lockern.<\/p>\n<!-- default-view.php -->\n<div\n\tclass=\"ngg-galleryoverview default-view \n\t\t\"\n\tid=\"ngg-gallery-0f3416641e9a3392a80efee7895a4ef8-1\">\n\n\t\t<!-- Thumbnails -->\n\t\t\t\t<div id=\"ngg-image-0\" class=\"ngg-gallery-thumbnail-box \n\t\t\t\t\t\t\t\t\t\t\t\" \n\t\t\t>\n\t\t\t\t\t\t<div class=\"ngg-gallery-thumbnail\">\n\t\t\t<a href=\"https:\/\/christianstrasse.de\/8nhd0g15eq\/wp-content\/gallery\/lammkeule-auf-kartoffeln\/IMG_0197.jpg\"\n\t\t\t\ttitle=\"Die ausgebeinte, innen und aussen  mit Kr\u00e4utern bedeckte Keule eines irischen Lamms. Zur Begleitung Kartoffelscheiben und ein grobes Tomatenkonkassee.\"\n\t\t\t\tdata-src=\"https:\/\/christianstrasse.de\/8nhd0g15eq\/wp-content\/gallery\/lammkeule-auf-kartoffeln\/IMG_0197.jpg\"\n\t\t\t\tdata-thumbnail=\"https:\/\/christianstrasse.de\/8nhd0g15eq\/wp-content\/gallery\/lammkeule-auf-kartoffeln\/thumbs\/thumbs_IMG_0197.jpg\"\n\t\t\t\tdata-image-id=\"918\"\n\t\t\t\tdata-title=\"\"\n\t\t\t\tdata-description=\"Die ausgebeinte, innen und aussen  mit Kr\u00e4utern bedeckte Keule eines irischen Lamms. Zur Begleitung Kartoffelscheiben und ein grobes Tomatenkonkassee.\"\n\t\t\t\tdata-image-slug=\"\"\n\t\t\t\tclass='use_imagebrowser_effect' data-imagebrowser-url='https:\/\/christianstrasse.de\/8nhd0g15eq\/index.php\/nggallery\/image\/%STUB%?page_id=1922'>\n\t\t\t\t<img\n\t\t\t\t\ttitle=\"\"\n\t\t\t\t\talt=\"\"\n\t\t\t\t\tsrc=\"https:\/\/christianstrasse.de\/8nhd0g15eq\/wp-content\/gallery\/lammkeule-auf-kartoffeln\/thumbs\/thumbs_IMG_0197.jpg\"\n\t\t\t\t\twidth=\"110\"\n\t\t\t\t\theight=\"82\"\n\t\t\t\t\tstyle=\"max-width:100%;\"\n\t\t\t\t\/>\n\t\t\t<\/a>\n\t\t<\/div>\n\t\t\t\t\t\t\t<\/div> \n\t\t\t\n\t\t\t\t<div id=\"ngg-image-1\" class=\"ngg-gallery-thumbnail-box \n\t\t\t\t\t\t\t\t\t\t\t\" \n\t\t\t>\n\t\t\t\t\t\t<div class=\"ngg-gallery-thumbnail\">\n\t\t\t<a href=\"https:\/\/christianstrasse.de\/8nhd0g15eq\/wp-content\/gallery\/lammkeule-auf-kartoffeln\/IMG_0199.jpg\"\n\t\t\t\ttitle=\"Gebettet auf dem gut gew\u00fcrzten Gem\u00fcse geht es f\u00fcr 2 1\/2 Stunden ins Backrohr. Die eigentliche K\u00fcchenarbeit ist f\u00fcr heute geschafft.\"\n\t\t\t\tdata-src=\"https:\/\/christianstrasse.de\/8nhd0g15eq\/wp-content\/gallery\/lammkeule-auf-kartoffeln\/IMG_0199.jpg\"\n\t\t\t\tdata-thumbnail=\"https:\/\/christianstrasse.de\/8nhd0g15eq\/wp-content\/gallery\/lammkeule-auf-kartoffeln\/thumbs\/thumbs_IMG_0199.jpg\"\n\t\t\t\tdata-image-id=\"919\"\n\t\t\t\tdata-title=\"\"\n\t\t\t\tdata-description=\"Gebettet auf dem gut gew\u00fcrzten Gem\u00fcse geht es f\u00fcr 2 1\/2 Stunden ins Backrohr. Die eigentliche K\u00fcchenarbeit ist f\u00fcr heute geschafft.\"\n\t\t\t\tdata-image-slug=\"\"\n\t\t\t\tclass='use_imagebrowser_effect' data-imagebrowser-url='https:\/\/christianstrasse.de\/8nhd0g15eq\/index.php\/nggallery\/image\/%STUB%?page_id=1922'>\n\t\t\t\t<img\n\t\t\t\t\ttitle=\"\"\n\t\t\t\t\talt=\"\"\n\t\t\t\t\tsrc=\"https:\/\/christianstrasse.de\/8nhd0g15eq\/wp-content\/gallery\/lammkeule-auf-kartoffeln\/thumbs\/thumbs_IMG_0199.jpg\"\n\t\t\t\t\twidth=\"110\"\n\t\t\t\t\theight=\"82\"\n\t\t\t\t\tstyle=\"max-width:100%;\"\n\t\t\t\t\/>\n\t\t\t<\/a>\n\t\t<\/div>\n\t\t\t\t\t\t\t<\/div> \n\t\t\t\n\t\t\t\t<div id=\"ngg-image-2\" class=\"ngg-gallery-thumbnail-box \n\t\t\t\t\t\t\t\t\t\t\t\" \n\t\t\t>\n\t\t\t\t\t\t<div class=\"ngg-gallery-thumbnail\">\n\t\t\t<a href=\"https:\/\/christianstrasse.de\/8nhd0g15eq\/wp-content\/gallery\/lammkeule-auf-kartoffeln\/DSCF0925.jpg\"\n\t\t\t\ttitle=\"Luca hat HUNGER:\r\nIMMER!\"\n\t\t\t\tdata-src=\"https:\/\/christianstrasse.de\/8nhd0g15eq\/wp-content\/gallery\/lammkeule-auf-kartoffeln\/DSCF0925.jpg\"\n\t\t\t\tdata-thumbnail=\"https:\/\/christianstrasse.de\/8nhd0g15eq\/wp-content\/gallery\/lammkeule-auf-kartoffeln\/thumbs\/thumbs_DSCF0925.jpg\"\n\t\t\t\tdata-image-id=\"917\"\n\t\t\t\tdata-title=\"\"\n\t\t\t\tdata-description=\"Luca hat HUNGER:\r\nIMMER!\"\n\t\t\t\tdata-image-slug=\"\"\n\t\t\t\tclass='use_imagebrowser_effect' data-imagebrowser-url='https:\/\/christianstrasse.de\/8nhd0g15eq\/index.php\/nggallery\/image\/%STUB%?page_id=1922'>\n\t\t\t\t<img\n\t\t\t\t\ttitle=\"\"\n\t\t\t\t\talt=\"\"\n\t\t\t\t\tsrc=\"https:\/\/christianstrasse.de\/8nhd0g15eq\/wp-content\/gallery\/lammkeule-auf-kartoffeln\/thumbs\/thumbs_DSCF0925.jpg\"\n\t\t\t\t\twidth=\"110\"\n\t\t\t\t\theight=\"82\"\n\t\t\t\t\tstyle=\"max-width:100%;\"\n\t\t\t\t\/>\n\t\t\t<\/a>\n\t\t<\/div>\n\t\t\t\t\t\t\t<\/div> \n\t\t\t\n\t\n\t<br style=\"clear: both\" \/>\n\n\t\n\t\t<!-- Pagination -->\n\t\t<div class='ngg-clear'><\/div>\t<\/div>\n\n<div class=\"hrecipe custom\">\n<h2 class=\"fn\">Rezept: Lammbraten auf Kartoffeln und Tomaten<\/h2>\n<p class=\"summary\"><strong>Kurzbeschreibung<\/strong>: <em>Agnello alla pugliese<\/em><\/p>\n<div class=\"ingredients\">\n<h4 class=\"ingredients\">Zutaten<\/h4>\n<ul class=\"ingredients\">\n<li class=\"ingredient\">1,2 kg ausgebeinte Lammkeule<\/li>\n<li class=\"ingredient\">800 g Tomaten + ggf. etwas Tomatenmark<\/li>\n<li class=\"ingredient\">800 g festkochende Kartoffeln<\/li>\n<li class=\"ingredient\">1 gr. Bund glatte Petersilie<\/li>\n<li class=\"ingredient\">1 unbehandelte Zitrone (Schale und Saft)<\/li>\n<li class=\"ingredient\">60 g geriebener Parmesan<\/li>\n<li class=\"ingredient\">5 EL Semmelbr\u00f6sel<\/li>\n<li class=\"ingredient\">5 Knoblauchzehen<\/li>\n<li class=\"ingredient\">7 EL Oliven\u00f6l<\/li>\n<li class=\"ingredient\">Salz, Pfeffer<\/li>\n<\/ul>\n<\/div>\n<div class=\"instructions\">\n<h4 class=\"instructions\">Zubereitung<\/h4>\n<ol class=\"instructions\">\n<li>Petersilie und Knoblauch fein hacken und mit der abgeriebenen Zitronenschale vermengen.<\/li>\n<li>Die H\u00e4lfte des Zitronensafts und 3 EL Oliven\u00f6l dazu geben, so dass eine Paste entsteht.<\/li>\n<li>Die Innenseite der Lammkeule mit ca. 1\/4 der Kr\u00e4uterpaste bestreichen, pfeffern und die Keule mit K\u00fcchengarn fest verschn\u00fcren.<\/li>\n<li>Nach Belieben ein paar Stunden abgedeckt bei Raumtemperatur ziehen lassen.<\/li>\n<li>Die Keule mit dem \u00fcbrigen Zitronensaft abreiben, salzen, pfeffern und mit 2\/3 der Kr\u00e4uterpaste bestreichen.<\/li>\n<li>Die restliche Kr\u00e4uterpaste mit Semmelbr\u00f6seln und Parmesan vermengen und zur Seite stellen.<\/li>\n<li>Ofen auf 175 \u00b0C vorheizen.<\/li>\n<li>Tomaten \u00fcberbr\u00fchen, h\u00e4uten und achteln.<\/li>\n<li>Samen und fl\u00fcssige Bestandteile entfernen. Je nach Tomatenqualit\u00e4t den Geschmack ggf. mit 1-1,5 TL Tomatenmark intensivieren<\/li>\n<li>Einen gro\u00dfen Br\u00e4ter mit den restlichen 4 EL Oliven\u00fcl ausstreichen.<\/li>\n<li>Kartoffeln sch\u00e4len und mit dem Gem\u00fcsehobel in 5 mm dicke Scheiben direkt in den Br\u00e4ter hobeln und gleichm\u00e4\u00dfig verteilen.<\/li>\n<li>Die Tomatenst\u00fccke auf die Kartoffeln legen und alles kr\u00e4ftig salzen und pfeffern.<\/li>\n<li>Das Bratenst\u00fcck auf das Gem\u00fcsebett legen und den Br\u00e4ter f\u00fcr ca. 2 Std im Ofen garen.<\/li>\n<li>15 min vor Ablauf der Garzeit die restliche Kr\u00e4uter-K\u00e4se-Mischung \u00fcber den Braten streuen und die Temperatur auf 230 \u00b0C erh\u00f6hen.<\/li>\n<li>Den fertigen, knusprig \u00fcberbackenen Braten aus dem Br\u00e4ter nehmen und 10 min ruhen lassen. Danach das K\u00fcchengarn entfernen.<\/li>\n<li>Braten und Gem\u00fcse getrennt servieren.<\/li>\n<\/ol>\n<\/div>\n<p>Zubereitungszeit: <span class=\"preptime\">40 min<\/span><\/p>\n<p>Garzeit: 120 min<\/p>\n<p class=\"yield\"><span class=\"hrlabel\">Portionen: <\/span><span class=\"hritem\">6 + 1 Knochen f\u00fcr Luca<br \/>\n<\/span><\/p>\n<p class=\"yield\">Quelle: [<a title=\"Kochb\u00fccher\" href=\"http:\/\/christianstrasse.de\/8nhd0g15eq\/?page_id=180\">02<\/a>], S. 227 (modifiziert)<\/p>\n<p>zur\u00fcck mit der Browsernavigation<\/p>\n<\/div>\n","protected":false},"excerpt":{"rendered":"<p>Dieser Braten bedarf zwar einiger Vorbereitungen, das Ergebnis ist dann aber auch ansehnlich und sehr lecker. Ob man eine tiefgek\u00fchlte aus Neuseeland oder eine frische Keule aus Irland verarbeitet, ist eine Frage von Zeit, Lust und Portemonaie. Frische Keulen sind meist mit 1,6 &#8211; 1,8 kg etwas schwerer als die tiefgek\u00fchlte mit ~ 1,2 kg. [&hellip;]<\/p>\n","protected":false},"author":606,"featured_media":0,"parent":199,"menu_order":0,"comment_status":"open","ping_status":"closed","template":"","meta":{"ngg_post_thumbnail":0,"footnotes":""},"class_list":["post-1922","page","type-page","status-publish","hentry"],"_links":{"self":[{"href":"https:\/\/christianstrasse.de\/8nhd0g15eq\/index.php?rest_route=\/wp\/v2\/pages\/1922","targetHints":{"allow":["GET"]}}],"collection":[{"href":"https:\/\/christianstrasse.de\/8nhd0g15eq\/index.php?rest_route=\/wp\/v2\/pages"}],"about":[{"href":"https:\/\/christianstrasse.de\/8nhd0g15eq\/index.php?rest_route=\/wp\/v2\/types\/page"}],"author":[{"embeddable":true,"href":"https:\/\/christianstrasse.de\/8nhd0g15eq\/index.php?rest_route=\/wp\/v2\/users\/606"}],"replies":[{"embeddable":true,"href":"https:\/\/christianstrasse.de\/8nhd0g15eq\/index.php?rest_route=%2Fwp%2Fv2%2Fcomments&post=1922"}],"version-history":[{"count":0,"href":"https:\/\/christianstrasse.de\/8nhd0g15eq\/index.php?rest_route=\/wp\/v2\/pages\/1922\/revisions"}],"up":[{"embeddable":true,"href":"https:\/\/christianstrasse.de\/8nhd0g15eq\/index.php?rest_route=\/wp\/v2\/pages\/199"}],"wp:attachment":[{"href":"https:\/\/christianstrasse.de\/8nhd0g15eq\/index.php?rest_route=%2Fwp%2Fv2%2Fmedia&parent=1922"}],"curies":[{"name":"wp","href":"https:\/\/api.w.org\/{rel}","templated":true}]}}