{"id":180,"date":"2011-09-11T18:30:34","date_gmt":"2011-09-11T16:30:34","guid":{"rendered":"http:\/\/christianstrasse.de\/8nhd0g15eq\/?page_id=180"},"modified":"2015-12-30T17:10:39","modified_gmt":"2015-12-30T16:10:39","slug":"kochbucher","status":"publish","type":"page","link":"https:\/\/christianstrasse.de\/8nhd0g15eq\/?page_id=180","title":{"rendered":"Kochb\u00fccher"},"content":{"rendered":"<p>Wir verwenden unter anderem folgende Kochb\u00fccher:<\/p>\n<p>&nbsp;<\/p>\n<table border=\"1\" cellspacing=\"0\" cellpadding=\"0\">\n<tbody>\n<tr>\n<td valign=\"top\" width=\"20\">\n<p align=\"center\">No<\/p>\n<\/td>\n<td valign=\"top\" width=\"139\">\n<p align=\"center\">Autor<\/p>\n<\/td>\n<td valign=\"top\" width=\"228\">\n<p align=\"center\">Titel<\/p>\n<\/td>\n<td valign=\"top\" width=\"132\">\n<p align=\"center\">Erschienen<\/p>\n<\/td>\n<td valign=\"top\" width=\"108\">\n<p align=\"center\">ISBN 10<\/p>\n<\/td>\n<\/tr>\n<tr>\n<td valign=\"top\" width=\"20\">01<\/td>\n<td valign=\"top\" width=\"139\">Wolfram Siebeck<\/td>\n<td valign=\"top\" width=\"228\">Alle meine Rezepte<\/td>\n<td valign=\"top\" width=\"132\">Eurocultour Verlag 4. Auflage 2006<\/td>\n<td valign=\"top\" width=\"108\">3000121331<\/td>\n<\/tr>\n<tr>\n<td valign=\"top\" width=\"20\">02<\/td>\n<td valign=\"top\" width=\"139\">Reinhardt Hess Sabine S\u00e4lzer<\/td>\n<td valign=\"top\" width=\"228\">Die echte italienische K\u00fcche<\/td>\n<td valign=\"top\" width=\"132\">Gr\u00e4fe und Unzer\u00a0\u00a0 5. Auflage 2007<\/td>\n<td valign=\"top\" width=\"108\">3833807059<\/td>\n<\/tr>\n<tr>\n<td valign=\"top\" width=\"20\">03<\/td>\n<td valign=\"top\" width=\"139\">Susi Pirou\u00e9<\/td>\n<td valign=\"top\" width=\"228\">Die echte franz\u00f6sische K\u00fcche<\/td>\n<td valign=\"top\" width=\"132\">Gr\u00e4fe und Unzer\u00a0\u00a0 2. Auflage 2010<\/td>\n<td valign=\"top\" width=\"108\">3833820454<\/td>\n<\/tr>\n<tr>\n<td valign=\"top\" width=\"20\">04<\/td>\n<td valign=\"top\" width=\"139\">Miranda Alberti<\/td>\n<td valign=\"top\" width=\"228\">K\u00fcchen der Welt ITALIEN<\/td>\n<td valign=\"top\" width=\"132\">Gr\u00e4fe und Unzer 1997<\/td>\n<td valign=\"top\" width=\"108\">3774218706<\/td>\n<\/tr>\n<tr>\n<td valign=\"top\" width=\"20\">05<\/td>\n<td valign=\"top\" width=\"139\">Camellia Panjabi<\/td>\n<td valign=\"top\" width=\"228\">Currys Das Herz der indischen K\u00fcche<\/td>\n<td valign=\"top\" width=\"132\">Christian Verlag 1996<\/td>\n<td valign=\"top\" width=\"108\">3884722964<\/td>\n<\/tr>\n<tr>\n<td valign=\"top\" width=\"20\">06<\/td>\n<td valign=\"top\" width=\"139\">Mosaik Verlag Hrg.<\/td>\n<td valign=\"top\" width=\"228\">Asien kulinarisch<\/td>\n<td valign=\"top\" width=\"132\">Mosaik Verlag 1999<\/td>\n<td valign=\"top\" width=\"108\">3576113053<\/td>\n<\/tr>\n<tr>\n<td valign=\"top\" width=\"20\">07<\/td>\n<td valign=\"top\" width=\"139\">Alfons Schuhbeck<\/td>\n<td valign=\"top\" width=\"228\">Meine italienische Hausmannskost f\u00fcr Feinschmecker<\/td>\n<td valign=\"top\" width=\"132\">Verlag Zabert Sandmann 2004<\/td>\n<td valign=\"top\" width=\"108\">3898830969<\/td>\n<\/tr>\n<tr>\n<td valign=\"top\" width=\"20\">08<\/td>\n<td valign=\"top\" width=\"139\">David Rathgeber &amp; Elisa Vergne<\/td>\n<td valign=\"top\" width=\"228\">Le Creuset Das Kochbuch<\/td>\n<td valign=\"top\" width=\"132\">Walter H\u00e4decke Verlag 2006<\/td>\n<td valign=\"top\" width=\"108\">3775004661<\/td>\n<\/tr>\n<tr>\n<td valign=\"top\" width=\"20\">09<\/td>\n<td valign=\"top\" width=\"139\">Wolf Uecker<\/td>\n<td valign=\"top\" width=\"228\">Der grosse Uecker Die neue\u00a0 alte K\u00fcche<\/td>\n<td valign=\"top\" width=\"132\">Verlag Wolfgang H\u00f6lker 1997<\/td>\n<td valign=\"top\" width=\"108\">3881174869<\/td>\n<\/tr>\n<tr>\n<td valign=\"top\" width=\"20\">10<\/td>\n<td valign=\"top\" width=\"139\">Christian Teubner<\/td>\n<td valign=\"top\" width=\"228\">asiatisch kochen<\/td>\n<td valign=\"top\" width=\"132\">Teubner Edition<br \/>\n3. Auflage 1999<\/td>\n<td valign=\"top\" width=\"108\">377424118X<\/td>\n<\/tr>\n<tr>\n<td valign=\"top\" width=\"20\">11<\/td>\n<td valign=\"top\" width=\"139\">Auguste Escoffier<\/td>\n<td valign=\"top\" width=\"228\">Kochkunstf\u00fchrer<br \/>\nDeutsche \u00dcbersetzung und Bearbeitung von W. Bickel<\/td>\n<td valign=\"top\" width=\"132\">Fachbuchverlag Pfanneberg<br \/>\n15. Dt. Auflage 1998<\/td>\n<td valign=\"top\" width=\"108\">3805703840<\/td>\n<\/tr>\n<tr>\n<td valign=\"top\" width=\"20\">12<\/td>\n<td valign=\"top\" width=\"139\">Yotam Ottolenghi &amp;<br \/>\nSami Tamimi<\/td>\n<td valign=\"top\" width=\"228\">Ottolenghi Das Kochbuch<\/td>\n<td valign=\"top\" width=\"132\">Dorling Kindersley<br \/>\nVerlag 2012<\/td>\n<td valign=\"top\" width=\"108\">3831021082<\/td>\n<\/tr>\n<tr>\n<td valign=\"top\" width=\"20\">13<\/td>\n<td valign=\"top\" width=\"139\">Yotam Ottolenghi<\/td>\n<td valign=\"top\" width=\"228\">Vegetarische K\u00f6stlichkeiten<\/td>\n<td valign=\"top\" width=\"132\">Dorling Kindersley<br \/>\nVerlag 2014<\/td>\n<td valign=\"top\" width=\"108\">3831026913<\/td>\n<\/tr>\n<\/tbody>\n<\/table>\n<p><a title=\"Die Kochseite\" href=\"http:\/\/christianstrasse.de\/8nhd0g15eq\/?page_id=42\"><br \/>\n<\/a><\/p>\n<p><a title=\"Die Kochseite\" href=\"http:\/\/christianstrasse.de\/8nhd0g15eq\/?page_id=42\">zur\u00fcck<\/a><\/p>\n<p>&nbsp;<\/p>\n","protected":false},"excerpt":{"rendered":"<p>Wir verwenden unter anderem folgende Kochb\u00fccher: &nbsp; No Autor Titel Erschienen ISBN 10 01 Wolfram Siebeck Alle meine Rezepte Eurocultour Verlag 4. Auflage 2006 3000121331 02 Reinhardt Hess Sabine S\u00e4lzer Die echte italienische K\u00fcche Gr\u00e4fe und Unzer\u00a0\u00a0 5. Auflage 2007 3833807059 03 Susi Pirou\u00e9 Die echte franz\u00f6sische K\u00fcche Gr\u00e4fe und Unzer\u00a0\u00a0 2. Auflage 2010 3833820454 [&hellip;]<\/p>\n","protected":false},"author":606,"featured_media":0,"parent":42,"menu_order":0,"comment_status":"open","ping_status":"open","template":"","meta":{"ngg_post_thumbnail":0,"footnotes":""},"class_list":["post-180","page","type-page","status-publish","hentry"],"_links":{"self":[{"href":"https:\/\/christianstrasse.de\/8nhd0g15eq\/index.php?rest_route=\/wp\/v2\/pages\/180","targetHints":{"allow":["GET"]}}],"collection":[{"href":"https:\/\/christianstrasse.de\/8nhd0g15eq\/index.php?rest_route=\/wp\/v2\/pages"}],"about":[{"href":"https:\/\/christianstrasse.de\/8nhd0g15eq\/index.php?rest_route=\/wp\/v2\/types\/page"}],"author":[{"embeddable":true,"href":"https:\/\/christianstrasse.de\/8nhd0g15eq\/index.php?rest_route=\/wp\/v2\/users\/606"}],"replies":[{"embeddable":true,"href":"https:\/\/christianstrasse.de\/8nhd0g15eq\/index.php?rest_route=%2Fwp%2Fv2%2Fcomments&post=180"}],"version-history":[{"count":0,"href":"https:\/\/christianstrasse.de\/8nhd0g15eq\/index.php?rest_route=\/wp\/v2\/pages\/180\/revisions"}],"up":[{"embeddable":true,"href":"https:\/\/christianstrasse.de\/8nhd0g15eq\/index.php?rest_route=\/wp\/v2\/pages\/42"}],"wp:attachment":[{"href":"https:\/\/christianstrasse.de\/8nhd0g15eq\/index.php?rest_route=%2Fwp%2Fv2%2Fmedia&parent=180"}],"curies":[{"name":"wp","href":"https:\/\/api.w.org\/{rel}","templated":true}]}}