{"id":1787,"date":"2014-02-14T15:03:22","date_gmt":"2014-02-14T14:03:22","guid":{"rendered":"http:\/\/christianstrasse.de\/8nhd0g15eq\/?page_id=1787"},"modified":"2014-02-14T15:03:22","modified_gmt":"2014-02-14T14:03:22","slug":"ueberbackener-spinat","status":"publish","type":"page","link":"https:\/\/christianstrasse.de\/8nhd0g15eq\/?page_id=1787","title":{"rendered":"\u00dcberbackener Spinat"},"content":{"rendered":"<div class=\"hrecipe custom\">\n<h2 class=\"fn\"><!-- default-view.php -->\n<div\n\tclass=\"ngg-galleryoverview default-view \n\t\t\"\n\tid=\"ngg-gallery-ea260283feac1e5197b900c707b43f84-1\">\n\n\t\t<!-- Thumbnails -->\n\t\t\t\t<div id=\"ngg-image-0\" class=\"ngg-gallery-thumbnail-box \n\t\t\t\t\t\t\t\t\t\t\t\" \n\t\t\t>\n\t\t\t\t\t\t<div class=\"ngg-gallery-thumbnail\">\n\t\t\t<a href=\"https:\/\/christianstrasse.de\/8nhd0g15eq\/wp-content\/gallery\/spinaci-gratinati\/berbackener-spinat-1.jpg\"\n\t\t\t\ttitle=\"\"\n\t\t\t\tdata-src=\"https:\/\/christianstrasse.de\/8nhd0g15eq\/wp-content\/gallery\/spinaci-gratinati\/berbackener-spinat-1.jpg\"\n\t\t\t\tdata-thumbnail=\"https:\/\/christianstrasse.de\/8nhd0g15eq\/wp-content\/gallery\/spinaci-gratinati\/thumbs\/thumbs_berbackener-spinat-1.jpg\"\n\t\t\t\tdata-image-id=\"876\"\n\t\t\t\tdata-title=\"berbackener-spinat-1\"\n\t\t\t\tdata-description=\"\"\n\t\t\t\tdata-image-slug=\"berbackener-spinat-1\"\n\t\t\t\tclass='use_imagebrowser_effect' data-imagebrowser-url='https:\/\/christianstrasse.de\/8nhd0g15eq\/index.php\/nggallery\/image\/%STUB%?page_id=1787'>\n\t\t\t\t<img\n\t\t\t\t\ttitle=\"berbackener-spinat-1\"\n\t\t\t\t\talt=\"berbackener-spinat-1\"\n\t\t\t\t\tsrc=\"https:\/\/christianstrasse.de\/8nhd0g15eq\/wp-content\/gallery\/spinaci-gratinati\/thumbs\/thumbs_berbackener-spinat-1.jpg\"\n\t\t\t\t\twidth=\"110\"\n\t\t\t\t\theight=\"82\"\n\t\t\t\t\tstyle=\"max-width:100%;\"\n\t\t\t\t\/>\n\t\t\t<\/a>\n\t\t<\/div>\n\t\t\t\t\t\t\t<\/div> \n\t\t\t\n\t\t\t\t<div id=\"ngg-image-1\" class=\"ngg-gallery-thumbnail-box \n\t\t\t\t\t\t\t\t\t\t\t\" \n\t\t\t>\n\t\t\t\t\t\t<div class=\"ngg-gallery-thumbnail\">\n\t\t\t<a href=\"https:\/\/christianstrasse.de\/8nhd0g15eq\/wp-content\/gallery\/spinaci-gratinati\/berbackener-spinat-2.jpg\"\n\t\t\t\ttitle=\"\"\n\t\t\t\tdata-src=\"https:\/\/christianstrasse.de\/8nhd0g15eq\/wp-content\/gallery\/spinaci-gratinati\/berbackener-spinat-2.jpg\"\n\t\t\t\tdata-thumbnail=\"https:\/\/christianstrasse.de\/8nhd0g15eq\/wp-content\/gallery\/spinaci-gratinati\/thumbs\/thumbs_berbackener-spinat-2.jpg\"\n\t\t\t\tdata-image-id=\"877\"\n\t\t\t\tdata-title=\"berbackener-spinat-2\"\n\t\t\t\tdata-description=\"\"\n\t\t\t\tdata-image-slug=\"berbackener-spinat-2\"\n\t\t\t\tclass='use_imagebrowser_effect' data-imagebrowser-url='https:\/\/christianstrasse.de\/8nhd0g15eq\/index.php\/nggallery\/image\/%STUB%?page_id=1787'>\n\t\t\t\t<img\n\t\t\t\t\ttitle=\"berbackener-spinat-2\"\n\t\t\t\t\talt=\"berbackener-spinat-2\"\n\t\t\t\t\tsrc=\"https:\/\/christianstrasse.de\/8nhd0g15eq\/wp-content\/gallery\/spinaci-gratinati\/thumbs\/thumbs_berbackener-spinat-2.jpg\"\n\t\t\t\t\twidth=\"110\"\n\t\t\t\t\theight=\"82\"\n\t\t\t\t\tstyle=\"max-width:100%;\"\n\t\t\t\t\/>\n\t\t\t<\/a>\n\t\t<\/div>\n\t\t\t\t\t\t\t<\/div> \n\t\t\t\n\t\t\t\t<div id=\"ngg-image-2\" class=\"ngg-gallery-thumbnail-box \n\t\t\t\t\t\t\t\t\t\t\t\" \n\t\t\t>\n\t\t\t\t\t\t<div class=\"ngg-gallery-thumbnail\">\n\t\t\t<a href=\"https:\/\/christianstrasse.de\/8nhd0g15eq\/wp-content\/gallery\/spinaci-gratinati\/berbackener-spinat-3.jpg\"\n\t\t\t\ttitle=\"\"\n\t\t\t\tdata-src=\"https:\/\/christianstrasse.de\/8nhd0g15eq\/wp-content\/gallery\/spinaci-gratinati\/berbackener-spinat-3.jpg\"\n\t\t\t\tdata-thumbnail=\"https:\/\/christianstrasse.de\/8nhd0g15eq\/wp-content\/gallery\/spinaci-gratinati\/thumbs\/thumbs_berbackener-spinat-3.jpg\"\n\t\t\t\tdata-image-id=\"878\"\n\t\t\t\tdata-title=\"berbackener-spinat-3\"\n\t\t\t\tdata-description=\"\"\n\t\t\t\tdata-image-slug=\"berbackener-spinat-3\"\n\t\t\t\tclass='use_imagebrowser_effect' data-imagebrowser-url='https:\/\/christianstrasse.de\/8nhd0g15eq\/index.php\/nggallery\/image\/%STUB%?page_id=1787'>\n\t\t\t\t<img\n\t\t\t\t\ttitle=\"berbackener-spinat-3\"\n\t\t\t\t\talt=\"berbackener-spinat-3\"\n\t\t\t\t\tsrc=\"https:\/\/christianstrasse.de\/8nhd0g15eq\/wp-content\/gallery\/spinaci-gratinati\/thumbs\/thumbs_berbackener-spinat-3.jpg\"\n\t\t\t\t\twidth=\"110\"\n\t\t\t\t\theight=\"82\"\n\t\t\t\t\tstyle=\"max-width:100%;\"\n\t\t\t\t\/>\n\t\t\t<\/a>\n\t\t<\/div>\n\t\t\t\t\t\t\t<\/div> \n\t\t\t\n\t\t\t\t<div id=\"ngg-image-3\" class=\"ngg-gallery-thumbnail-box \n\t\t\t\t\t\t\t\t\t\t\t\" \n\t\t\t>\n\t\t\t\t\t\t<div class=\"ngg-gallery-thumbnail\">\n\t\t\t<a href=\"https:\/\/christianstrasse.de\/8nhd0g15eq\/wp-content\/gallery\/spinaci-gratinati\/berbackener-spinat-4.jpg\"\n\t\t\t\ttitle=\"\"\n\t\t\t\tdata-src=\"https:\/\/christianstrasse.de\/8nhd0g15eq\/wp-content\/gallery\/spinaci-gratinati\/berbackener-spinat-4.jpg\"\n\t\t\t\tdata-thumbnail=\"https:\/\/christianstrasse.de\/8nhd0g15eq\/wp-content\/gallery\/spinaci-gratinati\/thumbs\/thumbs_berbackener-spinat-4.jpg\"\n\t\t\t\tdata-image-id=\"879\"\n\t\t\t\tdata-title=\"berbackener-spinat-4\"\n\t\t\t\tdata-description=\"\"\n\t\t\t\tdata-image-slug=\"berbackener-spinat-4\"\n\t\t\t\tclass='use_imagebrowser_effect' data-imagebrowser-url='https:\/\/christianstrasse.de\/8nhd0g15eq\/index.php\/nggallery\/image\/%STUB%?page_id=1787'>\n\t\t\t\t<img\n\t\t\t\t\ttitle=\"berbackener-spinat-4\"\n\t\t\t\t\talt=\"berbackener-spinat-4\"\n\t\t\t\t\tsrc=\"https:\/\/christianstrasse.de\/8nhd0g15eq\/wp-content\/gallery\/spinaci-gratinati\/thumbs\/thumbs_berbackener-spinat-4.jpg\"\n\t\t\t\t\twidth=\"110\"\n\t\t\t\t\theight=\"82\"\n\t\t\t\t\tstyle=\"max-width:100%;\"\n\t\t\t\t\/>\n\t\t\t<\/a>\n\t\t<\/div>\n\t\t\t\t\t\t\t<\/div> \n\t\t\t\n\t\t\t\t<div id=\"ngg-image-4\" class=\"ngg-gallery-thumbnail-box \n\t\t\t\t\t\t\t\t\t\t\t\" \n\t\t\t>\n\t\t\t\t\t\t<div class=\"ngg-gallery-thumbnail\">\n\t\t\t<a href=\"https:\/\/christianstrasse.de\/8nhd0g15eq\/wp-content\/gallery\/spinaci-gratinati\/berbackener-spinat-5.jpg\"\n\t\t\t\ttitle=\"\"\n\t\t\t\tdata-src=\"https:\/\/christianstrasse.de\/8nhd0g15eq\/wp-content\/gallery\/spinaci-gratinati\/berbackener-spinat-5.jpg\"\n\t\t\t\tdata-thumbnail=\"https:\/\/christianstrasse.de\/8nhd0g15eq\/wp-content\/gallery\/spinaci-gratinati\/thumbs\/thumbs_berbackener-spinat-5.jpg\"\n\t\t\t\tdata-image-id=\"880\"\n\t\t\t\tdata-title=\"berbackener-spinat-5\"\n\t\t\t\tdata-description=\"\"\n\t\t\t\tdata-image-slug=\"berbackener-spinat-5\"\n\t\t\t\tclass='use_imagebrowser_effect' data-imagebrowser-url='https:\/\/christianstrasse.de\/8nhd0g15eq\/index.php\/nggallery\/image\/%STUB%?page_id=1787'>\n\t\t\t\t<img\n\t\t\t\t\ttitle=\"berbackener-spinat-5\"\n\t\t\t\t\talt=\"berbackener-spinat-5\"\n\t\t\t\t\tsrc=\"https:\/\/christianstrasse.de\/8nhd0g15eq\/wp-content\/gallery\/spinaci-gratinati\/thumbs\/thumbs_berbackener-spinat-5.jpg\"\n\t\t\t\t\twidth=\"110\"\n\t\t\t\t\theight=\"82\"\n\t\t\t\t\tstyle=\"max-width:100%;\"\n\t\t\t\t\/>\n\t\t\t<\/a>\n\t\t<\/div>\n\t\t\t\t\t\t\t<\/div> \n\t\t\t\n\t\n\t<br style=\"clear: both\" \/>\n\n\t\n\t\t<!-- Pagination -->\n\t\t<div class='ngg-clear'><\/div>\t<\/div>\n<\/h2>\n<h2 class=\"fn\"><\/h2>\n<h2 class=\"fn\">Rezept: Spinaci gratinati<\/h2>\n<div class=\"ingredients\">\n<h4 class=\"ingredients\">Zutaten<\/h4>\n<ul class=\"ingredients\">\n<li class=\"ingredient\">1 Packung Blattspinat<\/li>\n<li class=\"ingredient\">50 g Parmesan (davon 25 g f\u00fcr die Sauce, 25 g zum Dr\u00fcberstreuen)<\/li>\n<li class=\"ingredient\">45 g Butter<\/li>\n<li class=\"ingredient\">1 EL Mehl<\/li>\n<li class=\"ingredient\">1\/4 l Milch<\/li>\n<li class=\"ingredient\">1\/2 Zitrone<\/li>\n<li class=\"ingredient\">1 EL Oliven\u00f6l<\/li>\n<li class=\"ingredient\">1 Knoblauchzehe<\/li>\n<li class=\"ingredient\">Salz, Pfeffer, Muskat<\/li>\n<\/ul>\n<\/div>\n<div class=\"instructions\">\n<h4 class=\"instructions\">Zubereitung<\/h4>\n<ol class=\"instructions\">\n<li>In einer Pfanne Oliven\u00f6l erhitzen, aufgetauten und ausgedr\u00fcckten (ggf. zerrupften) Spinat dazugeben<\/li>\n<li>1 EL Butter untermischen, Knoblauchzehe hineinpressen und mit Salz und Pfeffer w\u00fcrzen<\/li>\n<li>Spinat bei milder Hitze zergehen lassen<\/li>\n<li>In einem Topf restliche Butter schmelzen, 1 EL Mehl einr\u00fchren und leicht anschwitzen<\/li>\n<li>Langsam die Milch dazu giessen, unter R\u00fchren cremig einkochen<\/li>\n<li>Mit 25 g Parmesan, Salz, Pfeffer, Zitrone und Muskat w\u00fcrzen<\/li>\n<li>Spinat in eine feuerfeste Form f\u00fcllen, die Sauce dar\u00fcber verteilen und das Ganze mit Parmesan bestreuen<\/li>\n<li>5 Minuten bei 200 Grad \u00fcberbacken<\/li>\n<\/ol>\n<\/div>\n<p>Preparation time: <span class=\"preptime\">45 minute(s)<\/span><\/p>\n<p class=\"yield\"><span class=\"hrlabel\">Number of servings (yield): <\/span><span class=\"hritem\">2<\/span><\/p>\n<p class=\"yield\">Quelle: [<a title=\"Kochb\u00fccher\" href=\"http:\/\/christianstrasse.de\/8nhd0g15eq\/?page_id=180\">02<\/a>], Seite 156<\/p>\n<\/div>\n","protected":false},"excerpt":{"rendered":"<p>Rezept: Spinaci gratinati Zutaten 1 Packung Blattspinat 50 g Parmesan (davon 25 g f\u00fcr die Sauce, 25 g zum Dr\u00fcberstreuen) 45 g Butter 1 EL Mehl 1\/4 l Milch 1\/2 Zitrone 1 EL Oliven\u00f6l 1 Knoblauchzehe Salz, Pfeffer, Muskat Zubereitung In einer Pfanne Oliven\u00f6l erhitzen, aufgetauten und ausgedr\u00fcckten (ggf. zerrupften) Spinat dazugeben 1 EL Butter [&hellip;]<\/p>\n","protected":false},"author":609,"featured_media":0,"parent":203,"menu_order":0,"comment_status":"open","ping_status":"closed","template":"","meta":{"ngg_post_thumbnail":0,"footnotes":""},"class_list":["post-1787","page","type-page","status-publish","hentry"],"_links":{"self":[{"href":"https:\/\/christianstrasse.de\/8nhd0g15eq\/index.php?rest_route=\/wp\/v2\/pages\/1787","targetHints":{"allow":["GET"]}}],"collection":[{"href":"https:\/\/christianstrasse.de\/8nhd0g15eq\/index.php?rest_route=\/wp\/v2\/pages"}],"about":[{"href":"https:\/\/christianstrasse.de\/8nhd0g15eq\/index.php?rest_route=\/wp\/v2\/types\/page"}],"author":[{"embeddable":true,"href":"https:\/\/christianstrasse.de\/8nhd0g15eq\/index.php?rest_route=\/wp\/v2\/users\/609"}],"replies":[{"embeddable":true,"href":"https:\/\/christianstrasse.de\/8nhd0g15eq\/index.php?rest_route=%2Fwp%2Fv2%2Fcomments&post=1787"}],"version-history":[{"count":0,"href":"https:\/\/christianstrasse.de\/8nhd0g15eq\/index.php?rest_route=\/wp\/v2\/pages\/1787\/revisions"}],"up":[{"embeddable":true,"href":"https:\/\/christianstrasse.de\/8nhd0g15eq\/index.php?rest_route=\/wp\/v2\/pages\/203"}],"wp:attachment":[{"href":"https:\/\/christianstrasse.de\/8nhd0g15eq\/index.php?rest_route=%2Fwp%2Fv2%2Fmedia&parent=1787"}],"curies":[{"name":"wp","href":"https:\/\/api.w.org\/{rel}","templated":true}]}}