{"id":1769,"date":"2013-11-29T13:42:43","date_gmt":"2013-11-29T12:42:43","guid":{"rendered":"http:\/\/christianstrasse.de\/8nhd0g15eq\/?page_id=1769"},"modified":"2018-06-17T17:40:52","modified_gmt":"2018-06-17T16:40:52","slug":"100-tomaten-huhn","status":"publish","type":"page","link":"https:\/\/christianstrasse.de\/8nhd0g15eq\/?page_id=1769","title":{"rendered":"100 Tomaten Huhn"},"content":{"rendered":"<p>Ein weiteres Rezept von Wolfram Siebeck. Auch hier lassen wir bei der Sauce die 250 ml Schlagsahne weg, um mein Pancreas milde zu stimmen. Ansonsten ein feines Rezept aus wenigen Zutaten, kr\u00e4ftig gew\u00fcrzt, sehr lecker!<\/p>\n<p>Und, 100 Tomaten sind es auch nicht. Wir nehmen 20-30 Kirsch- oder Cocktailtomaten. Diese sind meist aromatisch und schmecken auch nach Tomate. Da sie am Schluss p\u00fcriert werden, muss man die Tomaten nicht enth\u00e4uten.<\/p>\n<!-- default-view.php -->\n<div\n\tclass=\"ngg-galleryoverview default-view \n\t\t\"\n\tid=\"ngg-gallery-f2531f22cf350a628c80eb08380b298c-1\">\n\n\t\t<!-- Thumbnails -->\n\t\t\t\t<div id=\"ngg-image-0\" class=\"ngg-gallery-thumbnail-box \n\t\t\t\t\t\t\t\t\t\t\t\" \n\t\t\t>\n\t\t\t\t\t\t<div class=\"ngg-gallery-thumbnail\">\n\t\t\t<a href=\"https:\/\/christianstrasse.de\/8nhd0g15eq\/wp-content\/gallery\/100-tomaten-huhn\/img_3763.jpg\"\n\t\t\t\ttitle=\"\"\n\t\t\t\tdata-src=\"https:\/\/christianstrasse.de\/8nhd0g15eq\/wp-content\/gallery\/100-tomaten-huhn\/img_3763.jpg\"\n\t\t\t\tdata-thumbnail=\"https:\/\/christianstrasse.de\/8nhd0g15eq\/wp-content\/gallery\/100-tomaten-huhn\/thumbs\/thumbs_img_3763.jpg\"\n\t\t\t\tdata-image-id=\"864\"\n\t\t\t\tdata-title=\"img_3763\"\n\t\t\t\tdata-description=\"\"\n\t\t\t\tdata-image-slug=\"img_3763\"\n\t\t\t\tclass='use_imagebrowser_effect' data-imagebrowser-url='https:\/\/christianstrasse.de\/8nhd0g15eq\/index.php\/nggallery\/image\/%STUB%?page_id=1769'>\n\t\t\t\t<img\n\t\t\t\t\ttitle=\"img_3763\"\n\t\t\t\t\talt=\"img_3763\"\n\t\t\t\t\tsrc=\"https:\/\/christianstrasse.de\/8nhd0g15eq\/wp-content\/gallery\/100-tomaten-huhn\/thumbs\/thumbs_img_3763.jpg\"\n\t\t\t\t\twidth=\"110\"\n\t\t\t\t\theight=\"82\"\n\t\t\t\t\tstyle=\"max-width:100%;\"\n\t\t\t\t\/>\n\t\t\t<\/a>\n\t\t<\/div>\n\t\t\t\t\t\t\t<\/div> \n\t\t\t\n\t\t\t\t<div id=\"ngg-image-1\" class=\"ngg-gallery-thumbnail-box \n\t\t\t\t\t\t\t\t\t\t\t\" \n\t\t\t>\n\t\t\t\t\t\t<div class=\"ngg-gallery-thumbnail\">\n\t\t\t<a href=\"https:\/\/christianstrasse.de\/8nhd0g15eq\/wp-content\/gallery\/100-tomaten-huhn\/img_3765.jpg\"\n\t\t\t\ttitle=\"\"\n\t\t\t\tdata-src=\"https:\/\/christianstrasse.de\/8nhd0g15eq\/wp-content\/gallery\/100-tomaten-huhn\/img_3765.jpg\"\n\t\t\t\tdata-thumbnail=\"https:\/\/christianstrasse.de\/8nhd0g15eq\/wp-content\/gallery\/100-tomaten-huhn\/thumbs\/thumbs_img_3765.jpg\"\n\t\t\t\tdata-image-id=\"865\"\n\t\t\t\tdata-title=\"img_3765\"\n\t\t\t\tdata-description=\"\"\n\t\t\t\tdata-image-slug=\"img_3765\"\n\t\t\t\tclass='use_imagebrowser_effect' data-imagebrowser-url='https:\/\/christianstrasse.de\/8nhd0g15eq\/index.php\/nggallery\/image\/%STUB%?page_id=1769'>\n\t\t\t\t<img\n\t\t\t\t\ttitle=\"img_3765\"\n\t\t\t\t\talt=\"img_3765\"\n\t\t\t\t\tsrc=\"https:\/\/christianstrasse.de\/8nhd0g15eq\/wp-content\/gallery\/100-tomaten-huhn\/thumbs\/thumbs_img_3765.jpg\"\n\t\t\t\t\twidth=\"110\"\n\t\t\t\t\theight=\"82\"\n\t\t\t\t\tstyle=\"max-width:100%;\"\n\t\t\t\t\/>\n\t\t\t<\/a>\n\t\t<\/div>\n\t\t\t\t\t\t\t<\/div> \n\t\t\t\n\t\t\t\t<div id=\"ngg-image-2\" class=\"ngg-gallery-thumbnail-box \n\t\t\t\t\t\t\t\t\t\t\t\" \n\t\t\t>\n\t\t\t\t\t\t<div class=\"ngg-gallery-thumbnail\">\n\t\t\t<a href=\"https:\/\/christianstrasse.de\/8nhd0g15eq\/wp-content\/gallery\/100-tomaten-huhn\/img_3766.jpg\"\n\t\t\t\ttitle=\"\"\n\t\t\t\tdata-src=\"https:\/\/christianstrasse.de\/8nhd0g15eq\/wp-content\/gallery\/100-tomaten-huhn\/img_3766.jpg\"\n\t\t\t\tdata-thumbnail=\"https:\/\/christianstrasse.de\/8nhd0g15eq\/wp-content\/gallery\/100-tomaten-huhn\/thumbs\/thumbs_img_3766.jpg\"\n\t\t\t\tdata-image-id=\"866\"\n\t\t\t\tdata-title=\"img_3766\"\n\t\t\t\tdata-description=\"\"\n\t\t\t\tdata-image-slug=\"img_3766\"\n\t\t\t\tclass='use_imagebrowser_effect' data-imagebrowser-url='https:\/\/christianstrasse.de\/8nhd0g15eq\/index.php\/nggallery\/image\/%STUB%?page_id=1769'>\n\t\t\t\t<img\n\t\t\t\t\ttitle=\"img_3766\"\n\t\t\t\t\talt=\"img_3766\"\n\t\t\t\t\tsrc=\"https:\/\/christianstrasse.de\/8nhd0g15eq\/wp-content\/gallery\/100-tomaten-huhn\/thumbs\/thumbs_img_3766.jpg\"\n\t\t\t\t\twidth=\"110\"\n\t\t\t\t\theight=\"82\"\n\t\t\t\t\tstyle=\"max-width:100%;\"\n\t\t\t\t\/>\n\t\t\t<\/a>\n\t\t<\/div>\n\t\t\t\t\t\t\t<\/div> \n\t\t\t\n\t\t\t\t<div id=\"ngg-image-3\" class=\"ngg-gallery-thumbnail-box \n\t\t\t\t\t\t\t\t\t\t\t\" \n\t\t\t>\n\t\t\t\t\t\t<div class=\"ngg-gallery-thumbnail\">\n\t\t\t<a href=\"https:\/\/christianstrasse.de\/8nhd0g15eq\/wp-content\/gallery\/100-tomaten-huhn\/img_3767.jpg\"\n\t\t\t\ttitle=\"\"\n\t\t\t\tdata-src=\"https:\/\/christianstrasse.de\/8nhd0g15eq\/wp-content\/gallery\/100-tomaten-huhn\/img_3767.jpg\"\n\t\t\t\tdata-thumbnail=\"https:\/\/christianstrasse.de\/8nhd0g15eq\/wp-content\/gallery\/100-tomaten-huhn\/thumbs\/thumbs_img_3767.jpg\"\n\t\t\t\tdata-image-id=\"867\"\n\t\t\t\tdata-title=\"img_3767\"\n\t\t\t\tdata-description=\"\"\n\t\t\t\tdata-image-slug=\"img_3767\"\n\t\t\t\tclass='use_imagebrowser_effect' data-imagebrowser-url='https:\/\/christianstrasse.de\/8nhd0g15eq\/index.php\/nggallery\/image\/%STUB%?page_id=1769'>\n\t\t\t\t<img\n\t\t\t\t\ttitle=\"img_3767\"\n\t\t\t\t\talt=\"img_3767\"\n\t\t\t\t\tsrc=\"https:\/\/christianstrasse.de\/8nhd0g15eq\/wp-content\/gallery\/100-tomaten-huhn\/thumbs\/thumbs_img_3767.jpg\"\n\t\t\t\t\twidth=\"110\"\n\t\t\t\t\theight=\"82\"\n\t\t\t\t\tstyle=\"max-width:100%;\"\n\t\t\t\t\/>\n\t\t\t<\/a>\n\t\t<\/div>\n\t\t\t\t\t\t\t<\/div> \n\t\t\t\n\t\n\t<br style=\"clear: both\" \/>\n\n\t\n\t\t<!-- Pagination -->\n\t\t<div class='ngg-clear'><\/div>\t<\/div>\n\n<div class=\"hrecipe custom\">\n<h2 class=\"fn\">Rezept: Huhn mit Kirschtomaten<\/h2>\n<div class=\"ingredients\">\n<h4 class=\"ingredients\">Zutaten<\/h4>\n<ul class=\"ingredients\">\n<li class=\"ingredient\">1 bratfertiges Huhn mit ca. 1,5 kg, das zumindest gl\u00fccklich leben durfte.<\/li>\n<li class=\"ingredient\">8-12 Schalotten<\/li>\n<li class=\"ingredient\">20-30 Kirschtomaten<\/li>\n<li class=\"ingredient\">2 Zehen Knoblauch<\/li>\n<li class=\"ingredient\">1 Zitrone (Saft)<\/li>\n<li class=\"ingredient\">Oliven\u00f6l<\/li>\n<li class=\"ingredient\">1 TL Cayennepfeffer<\/li>\n<li class=\"ingredient\">Pfeffer<\/li>\n<li class=\"ingredient\">Salz<\/li>\n<\/ul>\n<\/div>\n<div class=\"instructions\">\n<h4 class=\"instructions\">Zubereitung<\/h4>\n<ol class=\"instructions\">\n<li>den Backofen auf 180\u00b0C (O\/U) vorheizen<\/li>\n<li>Schalotten und Knoblauch putzen und l\u00e4ngs halbieren<\/li>\n<li>1\/2 EL Salz mit 1 TL Cayennepfeffer gr\u00fcndlich vermischen<\/li>\n<li>das dressierte Huhn von allen Seiten in 1-2EL Oliven\u00f6l ca. 10-15min bei m\u00e4\u00dfiger Hitze anbraten. Bei jeder Wende gro\u00dfz\u00fcgig Salz-Chili-MIschung auf die gerade angebratene Seite streuen<\/li>\n<li>inzwischen die Tomaten halbieren oder vierteln und bereitstellen<\/li>\n<li>Die Hitze reduzieren und die Schalotten dazugeben<\/li>\n<li>bei gelegentlichem Umr\u00fchren anschmoren bis die Schalotten beginnen, Farbe anzunehmen<\/li>\n<li>den Rest Chili-Salz-Mischung und den Zitronensaft dazugeben<\/li>\n<li>Abschmecken, es soll fast \u00fcberw\u00fcrzt schmecken<\/li>\n<li>Nun die Tomaten dazu geben, gr\u00fcndlich mit den Schalotten vermischen und zugedeckt f\u00fcr ca. 75 min im Ofen schmoren<\/li>\n<li>Wenn das Huhn gar ist, wird es auf eine Platte gelegt und in den offenen Backofen gestellt<\/li>\n<li>S\u00e4mtliche Fl\u00fcssigkeit aus dem Topf durch ein Haarsieb in eine Fett\/Mager Kanne abgie\u00dfen und ein paar Minuten stehen lassen, bis sich das Fett an der Oberfl\u00e4che abgesetzt hat<\/li>\n<li>Schalotten, Tomaten und den entfetteten Bratfond in eine Kasserolle geben und mit dem P\u00fcrierstab homogenisieren<\/li>\n<li>Die Sauce schlie\u00dflich durch das Haarsieb passieren<\/li>\n<li>Dazu Erbsen und Salzkartoffeln servieren<\/li>\n<\/ol>\n<\/div>\n<p>&nbsp;<\/p>\n<p>Portionen: 4<\/p>\n<p>Zubereitungszeit 0:30 Std.<\/p>\n<p>Garzeit 1:15 Std.<\/p>\n<p>Quelle: [<a title=\"Kochb\u00fccher\" href=\"http:\/\/christianstrasse.de\/8nhd0g15eq\/?page_id=180\">01<\/a>], S. 250<\/p>\n<p><a title=\"Gefl\u00fcgel\" href=\"http:\/\/christianstrasse.de\/8nhd0g15eq\/?page_id=440\">zur\u00fcck<\/a><\/p>\n<p>Ist die Sauce zu reichlich, kann man sie gut zu Nudeln reichen.<\/p>\n<p>Die Karkasse wird mit 3\/4 L Wasser ausgekocht, die entstehende H\u00fchnerbr\u00fche eingefroren z.B. f\u00fcr ein zuk\u00fcnftiges ein Risotto.<\/p>\n<\/div>\n","protected":false},"excerpt":{"rendered":"<p>Ein weiteres Rezept von Wolfram Siebeck. Auch hier lassen wir bei der Sauce die 250 ml Schlagsahne weg, um mein Pancreas milde zu stimmen. Ansonsten ein feines Rezept aus wenigen Zutaten, kr\u00e4ftig gew\u00fcrzt, sehr lecker! Und, 100 Tomaten sind es auch nicht. Wir nehmen 20-30 Kirsch- oder Cocktailtomaten. Diese sind meist aromatisch und schmecken auch [&hellip;]<\/p>\n","protected":false},"author":606,"featured_media":0,"parent":440,"menu_order":0,"comment_status":"open","ping_status":"closed","template":"","meta":{"ngg_post_thumbnail":0,"footnotes":""},"class_list":["post-1769","page","type-page","status-publish","hentry"],"_links":{"self":[{"href":"https:\/\/christianstrasse.de\/8nhd0g15eq\/index.php?rest_route=\/wp\/v2\/pages\/1769","targetHints":{"allow":["GET"]}}],"collection":[{"href":"https:\/\/christianstrasse.de\/8nhd0g15eq\/index.php?rest_route=\/wp\/v2\/pages"}],"about":[{"href":"https:\/\/christianstrasse.de\/8nhd0g15eq\/index.php?rest_route=\/wp\/v2\/types\/page"}],"author":[{"embeddable":true,"href":"https:\/\/christianstrasse.de\/8nhd0g15eq\/index.php?rest_route=\/wp\/v2\/users\/606"}],"replies":[{"embeddable":true,"href":"https:\/\/christianstrasse.de\/8nhd0g15eq\/index.php?rest_route=%2Fwp%2Fv2%2Fcomments&post=1769"}],"version-history":[{"count":0,"href":"https:\/\/christianstrasse.de\/8nhd0g15eq\/index.php?rest_route=\/wp\/v2\/pages\/1769\/revisions"}],"up":[{"embeddable":true,"href":"https:\/\/christianstrasse.de\/8nhd0g15eq\/index.php?rest_route=\/wp\/v2\/pages\/440"}],"wp:attachment":[{"href":"https:\/\/christianstrasse.de\/8nhd0g15eq\/index.php?rest_route=%2Fwp%2Fv2%2Fmedia&parent=1769"}],"curies":[{"name":"wp","href":"https:\/\/api.w.org\/{rel}","templated":true}]}}