{"id":1716,"date":"2013-08-25T17:16:32","date_gmt":"2013-08-25T16:16:32","guid":{"rendered":"http:\/\/christianstrasse.de\/8nhd0g15eq\/?page_id=1716"},"modified":"2020-05-17T09:27:46","modified_gmt":"2020-05-17T08:27:46","slug":"pizza","status":"publish","type":"page","link":"https:\/\/christianstrasse.de\/8nhd0g15eq\/?page_id=1716","title":{"rendered":"Pizza"},"content":{"rendered":"<div class=\"hrecipe custom\">\n<h2 class=\"fn\">Rezept: Pizza<\/h2>\n<p class=\"summary\"><strong>Kurzbeschreibung<\/strong>: <em>Der stete Versuch, sich einer italienischen Pizza anzun\u00e4hern<\/em><\/p>\n<div class=\"ingredients\">\n<h4 class=\"ingredients\">\u00a0<\/h4>\n<!-- default-view.php -->\n<div\n\tclass=\"ngg-galleryoverview default-view \n\t\t\"\n\tid=\"ngg-gallery-5f6931a48a021894824e680cba279387-1\">\n\n\t\t<!-- Thumbnails -->\n\t\t\t\t<div id=\"ngg-image-0\" class=\"ngg-gallery-thumbnail-box \n\t\t\t\t\t\t\t\t\t\t\t\" \n\t\t\t>\n\t\t\t\t\t\t<div class=\"ngg-gallery-thumbnail\">\n\t\t\t<a href=\"https:\/\/christianstrasse.de\/8nhd0g15eq\/wp-content\/gallery\/pizza\/pizza-4-von-8.jpg\"\n\t\t\t\ttitle=\"\"\n\t\t\t\tdata-src=\"https:\/\/christianstrasse.de\/8nhd0g15eq\/wp-content\/gallery\/pizza\/pizza-4-von-8.jpg\"\n\t\t\t\tdata-thumbnail=\"https:\/\/christianstrasse.de\/8nhd0g15eq\/wp-content\/gallery\/pizza\/thumbs\/thumbs_pizza-4-von-8.jpg\"\n\t\t\t\tdata-image-id=\"846\"\n\t\t\t\tdata-title=\"pizza-4-von-8\"\n\t\t\t\tdata-description=\"\"\n\t\t\t\tdata-image-slug=\"pizza-4-von-8\"\n\t\t\t\tclass='use_imagebrowser_effect' data-imagebrowser-url='https:\/\/christianstrasse.de\/8nhd0g15eq\/index.php\/nggallery\/image\/%STUB%?page_id=1716'>\n\t\t\t\t<img\n\t\t\t\t\ttitle=\"pizza-4-von-8\"\n\t\t\t\t\talt=\"pizza-4-von-8\"\n\t\t\t\t\tsrc=\"https:\/\/christianstrasse.de\/8nhd0g15eq\/wp-content\/gallery\/pizza\/thumbs\/thumbs_pizza-4-von-8.jpg\"\n\t\t\t\t\twidth=\"110\"\n\t\t\t\t\theight=\"82\"\n\t\t\t\t\tstyle=\"max-width:100%;\"\n\t\t\t\t\/>\n\t\t\t<\/a>\n\t\t<\/div>\n\t\t\t\t\t\t\t<\/div> \n\t\t\t\n\t\t\t\t<div id=\"ngg-image-1\" class=\"ngg-gallery-thumbnail-box \n\t\t\t\t\t\t\t\t\t\t\t\" \n\t\t\t>\n\t\t\t\t\t\t<div class=\"ngg-gallery-thumbnail\">\n\t\t\t<a href=\"https:\/\/christianstrasse.de\/8nhd0g15eq\/wp-content\/gallery\/pizza\/pizza-5-von-8.jpg\"\n\t\t\t\ttitle=\"\"\n\t\t\t\tdata-src=\"https:\/\/christianstrasse.de\/8nhd0g15eq\/wp-content\/gallery\/pizza\/pizza-5-von-8.jpg\"\n\t\t\t\tdata-thumbnail=\"https:\/\/christianstrasse.de\/8nhd0g15eq\/wp-content\/gallery\/pizza\/thumbs\/thumbs_pizza-5-von-8.jpg\"\n\t\t\t\tdata-image-id=\"847\"\n\t\t\t\tdata-title=\"pizza-5-von-8\"\n\t\t\t\tdata-description=\"\"\n\t\t\t\tdata-image-slug=\"pizza-5-von-8\"\n\t\t\t\tclass='use_imagebrowser_effect' data-imagebrowser-url='https:\/\/christianstrasse.de\/8nhd0g15eq\/index.php\/nggallery\/image\/%STUB%?page_id=1716'>\n\t\t\t\t<img\n\t\t\t\t\ttitle=\"pizza-5-von-8\"\n\t\t\t\t\talt=\"pizza-5-von-8\"\n\t\t\t\t\tsrc=\"https:\/\/christianstrasse.de\/8nhd0g15eq\/wp-content\/gallery\/pizza\/thumbs\/thumbs_pizza-5-von-8.jpg\"\n\t\t\t\t\twidth=\"110\"\n\t\t\t\t\theight=\"82\"\n\t\t\t\t\tstyle=\"max-width:100%;\"\n\t\t\t\t\/>\n\t\t\t<\/a>\n\t\t<\/div>\n\t\t\t\t\t\t\t<\/div> \n\t\t\t\n\t\t\t\t<div id=\"ngg-image-2\" class=\"ngg-gallery-thumbnail-box \n\t\t\t\t\t\t\t\t\t\t\t\" \n\t\t\t>\n\t\t\t\t\t\t<div class=\"ngg-gallery-thumbnail\">\n\t\t\t<a href=\"https:\/\/christianstrasse.de\/8nhd0g15eq\/wp-content\/gallery\/pizza\/pizza-6-von-8.jpg\"\n\t\t\t\ttitle=\"\"\n\t\t\t\tdata-src=\"https:\/\/christianstrasse.de\/8nhd0g15eq\/wp-content\/gallery\/pizza\/pizza-6-von-8.jpg\"\n\t\t\t\tdata-thumbnail=\"https:\/\/christianstrasse.de\/8nhd0g15eq\/wp-content\/gallery\/pizza\/thumbs\/thumbs_pizza-6-von-8.jpg\"\n\t\t\t\tdata-image-id=\"848\"\n\t\t\t\tdata-title=\"pizza-6-von-8\"\n\t\t\t\tdata-description=\"\"\n\t\t\t\tdata-image-slug=\"pizza-6-von-8\"\n\t\t\t\tclass='use_imagebrowser_effect' data-imagebrowser-url='https:\/\/christianstrasse.de\/8nhd0g15eq\/index.php\/nggallery\/image\/%STUB%?page_id=1716'>\n\t\t\t\t<img\n\t\t\t\t\ttitle=\"pizza-6-von-8\"\n\t\t\t\t\talt=\"pizza-6-von-8\"\n\t\t\t\t\tsrc=\"https:\/\/christianstrasse.de\/8nhd0g15eq\/wp-content\/gallery\/pizza\/thumbs\/thumbs_pizza-6-von-8.jpg\"\n\t\t\t\t\twidth=\"110\"\n\t\t\t\t\theight=\"82\"\n\t\t\t\t\tstyle=\"max-width:100%;\"\n\t\t\t\t\/>\n\t\t\t<\/a>\n\t\t<\/div>\n\t\t\t\t\t\t\t<\/div> \n\t\t\t\n\t\t\t\t<div id=\"ngg-image-3\" class=\"ngg-gallery-thumbnail-box \n\t\t\t\t\t\t\t\t\t\t\t\" \n\t\t\t>\n\t\t\t\t\t\t<div class=\"ngg-gallery-thumbnail\">\n\t\t\t<a href=\"https:\/\/christianstrasse.de\/8nhd0g15eq\/wp-content\/gallery\/pizza\/pizza-7-von-8.jpg\"\n\t\t\t\ttitle=\"\"\n\t\t\t\tdata-src=\"https:\/\/christianstrasse.de\/8nhd0g15eq\/wp-content\/gallery\/pizza\/pizza-7-von-8.jpg\"\n\t\t\t\tdata-thumbnail=\"https:\/\/christianstrasse.de\/8nhd0g15eq\/wp-content\/gallery\/pizza\/thumbs\/thumbs_pizza-7-von-8.jpg\"\n\t\t\t\tdata-image-id=\"849\"\n\t\t\t\tdata-title=\"pizza-7-von-8\"\n\t\t\t\tdata-description=\"\"\n\t\t\t\tdata-image-slug=\"pizza-7-von-8\"\n\t\t\t\tclass='use_imagebrowser_effect' data-imagebrowser-url='https:\/\/christianstrasse.de\/8nhd0g15eq\/index.php\/nggallery\/image\/%STUB%?page_id=1716'>\n\t\t\t\t<img\n\t\t\t\t\ttitle=\"pizza-7-von-8\"\n\t\t\t\t\talt=\"pizza-7-von-8\"\n\t\t\t\t\tsrc=\"https:\/\/christianstrasse.de\/8nhd0g15eq\/wp-content\/gallery\/pizza\/thumbs\/thumbs_pizza-7-von-8.jpg\"\n\t\t\t\t\twidth=\"110\"\n\t\t\t\t\theight=\"82\"\n\t\t\t\t\tstyle=\"max-width:100%;\"\n\t\t\t\t\/>\n\t\t\t<\/a>\n\t\t<\/div>\n\t\t\t\t\t\t\t<\/div> \n\t\t\t\n\t\t\t\t<div id=\"ngg-image-4\" class=\"ngg-gallery-thumbnail-box \n\t\t\t\t\t\t\t\t\t\t\t\" \n\t\t\t>\n\t\t\t\t\t\t<div class=\"ngg-gallery-thumbnail\">\n\t\t\t<a href=\"https:\/\/christianstrasse.de\/8nhd0g15eq\/wp-content\/gallery\/pizza\/pizza-8-von-8.jpg\"\n\t\t\t\ttitle=\"\"\n\t\t\t\tdata-src=\"https:\/\/christianstrasse.de\/8nhd0g15eq\/wp-content\/gallery\/pizza\/pizza-8-von-8.jpg\"\n\t\t\t\tdata-thumbnail=\"https:\/\/christianstrasse.de\/8nhd0g15eq\/wp-content\/gallery\/pizza\/thumbs\/thumbs_pizza-8-von-8.jpg\"\n\t\t\t\tdata-image-id=\"850\"\n\t\t\t\tdata-title=\"pizza-8-von-8\"\n\t\t\t\tdata-description=\"\"\n\t\t\t\tdata-image-slug=\"pizza-8-von-8\"\n\t\t\t\tclass='use_imagebrowser_effect' data-imagebrowser-url='https:\/\/christianstrasse.de\/8nhd0g15eq\/index.php\/nggallery\/image\/%STUB%?page_id=1716'>\n\t\t\t\t<img\n\t\t\t\t\ttitle=\"pizza-8-von-8\"\n\t\t\t\t\talt=\"pizza-8-von-8\"\n\t\t\t\t\tsrc=\"https:\/\/christianstrasse.de\/8nhd0g15eq\/wp-content\/gallery\/pizza\/thumbs\/thumbs_pizza-8-von-8.jpg\"\n\t\t\t\t\twidth=\"110\"\n\t\t\t\t\theight=\"82\"\n\t\t\t\t\tstyle=\"max-width:100%;\"\n\t\t\t\t\/>\n\t\t\t<\/a>\n\t\t<\/div>\n\t\t\t\t\t\t\t<\/div> \n\t\t\t\n\t\n\t<br style=\"clear: both\" \/>\n\n\t\n\t\t<!-- Pagination -->\n\t\t<div class='ngg-clear'><\/div>\t<\/div>\n\n<h4 class=\"ingredients\">\u00a0<\/h4>\n<h4 class=\"ingredients\">Zutaten<\/h4>\n<ul class=\"ingredients\">\n<li class=\"ingredient\">ca. 450 g Mehl Type 550<\/li>\n<li class=\"ingredient\">1\/2 W\u00fcrfel Hefe<\/li>\n<li class=\"ingredient\">passierte Tomaten<\/li>\n<li class=\"ingredient\">2 B\u00fcffelmozzarella (in d\u00fcnne Scheiben schneiden)<\/li>\n<li class=\"ingredient\">Champignons (ca. 100g, in d\u00fcnne Scheiben schneiden)<\/li>\n<li class=\"ingredient\">gekochter Schinken (ca. 100 g)<\/li>\n<li class=\"ingredient\">Basilikum<\/li>\n<li class=\"ingredient\">Oliven\u00f6l<\/li>\n<li class=\"ingredient\">Salz, Zucker<\/li>\n<\/ul>\n<\/div>\n<div class=\"instructions\">\n<h4 class=\"instructions\">Zubereitung<\/h4>\n<ol class=\"instructions\">\n<li>Zun\u00e4chst das Mehl in eine Sch\u00fcssel geben, in der Mitte sollte sich eine Vertiefung befinden<\/li>\n<li>Einen Vorteig machen: Hefe in ca. 20 ml lauwarmem Wasser zerbr\u00f6seln, die Suspension mit etwas Zucker vesetzen und in die Vertiefung im Mehl giessen, leicht mit dem Mehl verr\u00fchren<\/li>\n<li>Gehen lassen (mindestens 30 Minuten)<\/li>\n<li>Vorteig, Mehl, Salz, lauwarmes Wasser und Oliven\u00f6l vermengen und einen geschmeidigen Teig herstellen, gr\u00fcndlich kneten (es sollte nichts an den H\u00e4nden kleben bleiben, auch die Sch\u00fcssel sollte halbwegs leer sein)<\/li>\n<li>Gehen lassen (mindestens 3, besser 4 Stunden)<\/li>\n<li>Pizzastein auf die untere Schiene legen, Backofen vorheizen (maximale Temperatur) &#8211; ca. 20 bis 30 Minuten<\/li>\n<li>Die Pizzastufe einstellen (Hei\u00dfluft und Unterhitze), wenn vorhanden<\/li>\n<li>Teig in vier Portionen aufteilen, daraus flache Scheiben formen\u00a0<\/li>\n<li>Zun\u00e4chst die Tomatensauce, dann den restlichen Belag auf den Pizzen verteilen<\/li>\n<li>Mit Geschick und dem Sp\u00e4tzlebrett auf dem Pizzastein platzieren<\/li>\n<li>F\u00fcr etwa 8 Minuten backen&#8212; fertig!<\/li>\n<\/ol>\n<\/div>\n<p>Preparation time: <span class=\"preptime\">5 hour(s) <\/span><\/p>\n<p>Cooking time:<\/p>\n<p class=\"yield\"><span class=\"hrlabel\">Number of servings (yield): <\/span><span class=\"hritem\">4<\/span><\/p>\n<\/div>\n\n\n<p><\/p>\n","protected":false},"excerpt":{"rendered":"<p>Rezept: Pizza Kurzbeschreibung: Der stete Versuch, sich einer italienischen Pizza anzun\u00e4hern \u00a0 \u00a0 Zutaten ca. 450 g Mehl Type 550 1\/2 W\u00fcrfel Hefe passierte Tomaten 2 B\u00fcffelmozzarella (in d\u00fcnne Scheiben schneiden) Champignons (ca. 100g, in d\u00fcnne Scheiben schneiden) gekochter Schinken (ca. 100 g) Basilikum Oliven\u00f6l Salz, Zucker Zubereitung Zun\u00e4chst das Mehl in eine Sch\u00fcssel geben, [&hellip;]<\/p>\n","protected":false},"author":609,"featured_media":0,"parent":203,"menu_order":0,"comment_status":"open","ping_status":"closed","template":"","meta":{"ngg_post_thumbnail":0,"footnotes":""},"class_list":["post-1716","page","type-page","status-publish","hentry"],"_links":{"self":[{"href":"https:\/\/christianstrasse.de\/8nhd0g15eq\/index.php?rest_route=\/wp\/v2\/pages\/1716","targetHints":{"allow":["GET"]}}],"collection":[{"href":"https:\/\/christianstrasse.de\/8nhd0g15eq\/index.php?rest_route=\/wp\/v2\/pages"}],"about":[{"href":"https:\/\/christianstrasse.de\/8nhd0g15eq\/index.php?rest_route=\/wp\/v2\/types\/page"}],"author":[{"embeddable":true,"href":"https:\/\/christianstrasse.de\/8nhd0g15eq\/index.php?rest_route=\/wp\/v2\/users\/609"}],"replies":[{"embeddable":true,"href":"https:\/\/christianstrasse.de\/8nhd0g15eq\/index.php?rest_route=%2Fwp%2Fv2%2Fcomments&post=1716"}],"version-history":[{"count":3,"href":"https:\/\/christianstrasse.de\/8nhd0g15eq\/index.php?rest_route=\/wp\/v2\/pages\/1716\/revisions"}],"predecessor-version":[{"id":2499,"href":"https:\/\/christianstrasse.de\/8nhd0g15eq\/index.php?rest_route=\/wp\/v2\/pages\/1716\/revisions\/2499"}],"up":[{"embeddable":true,"href":"https:\/\/christianstrasse.de\/8nhd0g15eq\/index.php?rest_route=\/wp\/v2\/pages\/203"}],"wp:attachment":[{"href":"https:\/\/christianstrasse.de\/8nhd0g15eq\/index.php?rest_route=%2Fwp%2Fv2%2Fmedia&parent=1716"}],"curies":[{"name":"wp","href":"https:\/\/api.w.org\/{rel}","templated":true}]}}