{"id":142,"date":"2011-09-11T11:42:50","date_gmt":"2011-09-11T09:42:50","guid":{"rendered":"http:\/\/christianstrasse.de\/8nhd0g15eq\/?page_id=142"},"modified":"2014-08-24T09:48:09","modified_gmt":"2014-08-24T08:48:09","slug":"entrecote","status":"publish","type":"page","link":"https:\/\/christianstrasse.de\/8nhd0g15eq\/?page_id=142","title":{"rendered":"Entrecote (R)"},"content":{"rendered":"<div class=\"hrecipe custom\">\n<p class=\"fn\"><!-- default-view.php -->\n<div\n\tclass=\"ngg-galleryoverview default-view \n\t\t\"\n\tid=\"ngg-gallery-4d3236df3a4f6e0543f0012242affa43-1\">\n\n\t\t<!-- Thumbnails -->\n\t\t\t\t<div id=\"ngg-image-0\" class=\"ngg-gallery-thumbnail-box \n\t\t\t\t\t\t\t\t\t\t\t\" \n\t\t\t>\n\t\t\t\t\t\t<div class=\"ngg-gallery-thumbnail\">\n\t\t\t<a href=\"https:\/\/christianstrasse.de\/8nhd0g15eq\/wp-content\/gallery\/entrecote\/l_img_20110910_151801.jpg\"\n\t\t\t\ttitle=\"\"\n\t\t\t\tdata-src=\"https:\/\/christianstrasse.de\/8nhd0g15eq\/wp-content\/gallery\/entrecote\/l_img_20110910_151801.jpg\"\n\t\t\t\tdata-thumbnail=\"https:\/\/christianstrasse.de\/8nhd0g15eq\/wp-content\/gallery\/entrecote\/thumbs\/thumbs_l_img_20110910_151801.jpg\"\n\t\t\t\tdata-image-id=\"89\"\n\t\t\t\tdata-title=\"l_img_20110910_151801\"\n\t\t\t\tdata-description=\"\"\n\t\t\t\tdata-image-slug=\"l_img_20110910_151801\"\n\t\t\t\tclass='use_imagebrowser_effect' data-imagebrowser-url='https:\/\/christianstrasse.de\/8nhd0g15eq\/index.php\/nggallery\/image\/%STUB%?page_id=142'>\n\t\t\t\t<img\n\t\t\t\t\ttitle=\"l_img_20110910_151801\"\n\t\t\t\t\talt=\"l_img_20110910_151801\"\n\t\t\t\t\tsrc=\"https:\/\/christianstrasse.de\/8nhd0g15eq\/wp-content\/gallery\/entrecote\/thumbs\/thumbs_l_img_20110910_151801.jpg\"\n\t\t\t\t\twidth=\"110\"\n\t\t\t\t\theight=\"82\"\n\t\t\t\t\tstyle=\"max-width:100%;\"\n\t\t\t\t\/>\n\t\t\t<\/a>\n\t\t<\/div>\n\t\t\t\t\t\t\t<\/div> \n\t\t\t\n\t\t\t\t<div id=\"ngg-image-1\" class=\"ngg-gallery-thumbnail-box \n\t\t\t\t\t\t\t\t\t\t\t\" \n\t\t\t>\n\t\t\t\t\t\t<div class=\"ngg-gallery-thumbnail\">\n\t\t\t<a href=\"https:\/\/christianstrasse.de\/8nhd0g15eq\/wp-content\/gallery\/entrecote\/l_img_20110910_153601.jpg\"\n\t\t\t\ttitle=\"\"\n\t\t\t\tdata-src=\"https:\/\/christianstrasse.de\/8nhd0g15eq\/wp-content\/gallery\/entrecote\/l_img_20110910_153601.jpg\"\n\t\t\t\tdata-thumbnail=\"https:\/\/christianstrasse.de\/8nhd0g15eq\/wp-content\/gallery\/entrecote\/thumbs\/thumbs_l_img_20110910_153601.jpg\"\n\t\t\t\tdata-image-id=\"90\"\n\t\t\t\tdata-title=\"l_img_20110910_153601\"\n\t\t\t\tdata-description=\"\"\n\t\t\t\tdata-image-slug=\"l_img_20110910_153601\"\n\t\t\t\tclass='use_imagebrowser_effect' data-imagebrowser-url='https:\/\/christianstrasse.de\/8nhd0g15eq\/index.php\/nggallery\/image\/%STUB%?page_id=142'>\n\t\t\t\t<img\n\t\t\t\t\ttitle=\"l_img_20110910_153601\"\n\t\t\t\t\talt=\"l_img_20110910_153601\"\n\t\t\t\t\tsrc=\"https:\/\/christianstrasse.de\/8nhd0g15eq\/wp-content\/gallery\/entrecote\/thumbs\/thumbs_l_img_20110910_153601.jpg\"\n\t\t\t\t\twidth=\"110\"\n\t\t\t\t\theight=\"82\"\n\t\t\t\t\tstyle=\"max-width:100%;\"\n\t\t\t\t\/>\n\t\t\t<\/a>\n\t\t<\/div>\n\t\t\t\t\t\t\t<\/div> \n\t\t\t\n\t\t\t\t<div id=\"ngg-image-2\" class=\"ngg-gallery-thumbnail-box \n\t\t\t\t\t\t\t\t\t\t\t\" \n\t\t\t>\n\t\t\t\t\t\t<div class=\"ngg-gallery-thumbnail\">\n\t\t\t<a href=\"https:\/\/christianstrasse.de\/8nhd0g15eq\/wp-content\/gallery\/entrecote\/l_img_20110910_183100.jpg\"\n\t\t\t\ttitle=\"\"\n\t\t\t\tdata-src=\"https:\/\/christianstrasse.de\/8nhd0g15eq\/wp-content\/gallery\/entrecote\/l_img_20110910_183100.jpg\"\n\t\t\t\tdata-thumbnail=\"https:\/\/christianstrasse.de\/8nhd0g15eq\/wp-content\/gallery\/entrecote\/thumbs\/thumbs_l_img_20110910_183100.jpg\"\n\t\t\t\tdata-image-id=\"92\"\n\t\t\t\tdata-title=\"l_img_20110910_183100\"\n\t\t\t\tdata-description=\"\"\n\t\t\t\tdata-image-slug=\"l_img_20110910_183100\"\n\t\t\t\tclass='use_imagebrowser_effect' data-imagebrowser-url='https:\/\/christianstrasse.de\/8nhd0g15eq\/index.php\/nggallery\/image\/%STUB%?page_id=142'>\n\t\t\t\t<img\n\t\t\t\t\ttitle=\"l_img_20110910_183100\"\n\t\t\t\t\talt=\"l_img_20110910_183100\"\n\t\t\t\t\tsrc=\"https:\/\/christianstrasse.de\/8nhd0g15eq\/wp-content\/gallery\/entrecote\/thumbs\/thumbs_l_img_20110910_183100.jpg\"\n\t\t\t\t\twidth=\"110\"\n\t\t\t\t\theight=\"82\"\n\t\t\t\t\tstyle=\"max-width:100%;\"\n\t\t\t\t\/>\n\t\t\t<\/a>\n\t\t<\/div>\n\t\t\t\t\t\t\t<\/div> \n\t\t\t\n\t\t\t\t<div id=\"ngg-image-3\" class=\"ngg-gallery-thumbnail-box \n\t\t\t\t\t\t\t\t\t\t\t\" \n\t\t\t>\n\t\t\t\t\t\t<div class=\"ngg-gallery-thumbnail\">\n\t\t\t<a href=\"https:\/\/christianstrasse.de\/8nhd0g15eq\/wp-content\/gallery\/entrecote\/l_img_20110910_180900.jpg\"\n\t\t\t\ttitle=\"\"\n\t\t\t\tdata-src=\"https:\/\/christianstrasse.de\/8nhd0g15eq\/wp-content\/gallery\/entrecote\/l_img_20110910_180900.jpg\"\n\t\t\t\tdata-thumbnail=\"https:\/\/christianstrasse.de\/8nhd0g15eq\/wp-content\/gallery\/entrecote\/thumbs\/thumbs_l_img_20110910_180900.jpg\"\n\t\t\t\tdata-image-id=\"91\"\n\t\t\t\tdata-title=\"l_img_20110910_180900\"\n\t\t\t\tdata-description=\"\"\n\t\t\t\tdata-image-slug=\"l_img_20110910_180900\"\n\t\t\t\tclass='use_imagebrowser_effect' data-imagebrowser-url='https:\/\/christianstrasse.de\/8nhd0g15eq\/index.php\/nggallery\/image\/%STUB%?page_id=142'>\n\t\t\t\t<img\n\t\t\t\t\ttitle=\"l_img_20110910_180900\"\n\t\t\t\t\talt=\"l_img_20110910_180900\"\n\t\t\t\t\tsrc=\"https:\/\/christianstrasse.de\/8nhd0g15eq\/wp-content\/gallery\/entrecote\/thumbs\/thumbs_l_img_20110910_180900.jpg\"\n\t\t\t\t\twidth=\"110\"\n\t\t\t\t\theight=\"82\"\n\t\t\t\t\tstyle=\"max-width:100%;\"\n\t\t\t\t\/>\n\t\t\t<\/a>\n\t\t<\/div>\n\t\t\t\t\t\t\t<\/div> \n\t\t\t\n\t\t\t\t<div id=\"ngg-image-4\" class=\"ngg-gallery-thumbnail-box \n\t\t\t\t\t\t\t\t\t\t\t\" \n\t\t\t>\n\t\t\t\t\t\t<div class=\"ngg-gallery-thumbnail\">\n\t\t\t<a href=\"https:\/\/christianstrasse.de\/8nhd0g15eq\/wp-content\/gallery\/entrecote\/l_img_20110910_184301.jpg\"\n\t\t\t\ttitle=\"\"\n\t\t\t\tdata-src=\"https:\/\/christianstrasse.de\/8nhd0g15eq\/wp-content\/gallery\/entrecote\/l_img_20110910_184301.jpg\"\n\t\t\t\tdata-thumbnail=\"https:\/\/christianstrasse.de\/8nhd0g15eq\/wp-content\/gallery\/entrecote\/thumbs\/thumbs_l_img_20110910_184301.jpg\"\n\t\t\t\tdata-image-id=\"93\"\n\t\t\t\tdata-title=\"l_img_20110910_184301\"\n\t\t\t\tdata-description=\"\"\n\t\t\t\tdata-image-slug=\"l_img_20110910_184301\"\n\t\t\t\tclass='use_imagebrowser_effect' data-imagebrowser-url='https:\/\/christianstrasse.de\/8nhd0g15eq\/index.php\/nggallery\/image\/%STUB%?page_id=142'>\n\t\t\t\t<img\n\t\t\t\t\ttitle=\"l_img_20110910_184301\"\n\t\t\t\t\talt=\"l_img_20110910_184301\"\n\t\t\t\t\tsrc=\"https:\/\/christianstrasse.de\/8nhd0g15eq\/wp-content\/gallery\/entrecote\/thumbs\/thumbs_l_img_20110910_184301.jpg\"\n\t\t\t\t\twidth=\"110\"\n\t\t\t\t\theight=\"82\"\n\t\t\t\t\tstyle=\"max-width:100%;\"\n\t\t\t\t\/>\n\t\t\t<\/a>\n\t\t<\/div>\n\t\t\t\t\t\t\t<\/div> \n\t\t\t\n\t\t\t\t<div id=\"ngg-image-5\" class=\"ngg-gallery-thumbnail-box \n\t\t\t\t\t\t\t\t\t\t\t\" \n\t\t\t>\n\t\t\t\t\t\t<div class=\"ngg-gallery-thumbnail\">\n\t\t\t<a href=\"https:\/\/christianstrasse.de\/8nhd0g15eq\/wp-content\/gallery\/entrecote\/l_img_20110910_191400.jpg\"\n\t\t\t\ttitle=\"\"\n\t\t\t\tdata-src=\"https:\/\/christianstrasse.de\/8nhd0g15eq\/wp-content\/gallery\/entrecote\/l_img_20110910_191400.jpg\"\n\t\t\t\tdata-thumbnail=\"https:\/\/christianstrasse.de\/8nhd0g15eq\/wp-content\/gallery\/entrecote\/thumbs\/thumbs_l_img_20110910_191400.jpg\"\n\t\t\t\tdata-image-id=\"94\"\n\t\t\t\tdata-title=\"l_img_20110910_191400\"\n\t\t\t\tdata-description=\"\"\n\t\t\t\tdata-image-slug=\"l_img_20110910_191400\"\n\t\t\t\tclass='use_imagebrowser_effect' data-imagebrowser-url='https:\/\/christianstrasse.de\/8nhd0g15eq\/index.php\/nggallery\/image\/%STUB%?page_id=142'>\n\t\t\t\t<img\n\t\t\t\t\ttitle=\"l_img_20110910_191400\"\n\t\t\t\t\talt=\"l_img_20110910_191400\"\n\t\t\t\t\tsrc=\"https:\/\/christianstrasse.de\/8nhd0g15eq\/wp-content\/gallery\/entrecote\/thumbs\/thumbs_l_img_20110910_191400.jpg\"\n\t\t\t\t\twidth=\"110\"\n\t\t\t\t\theight=\"82\"\n\t\t\t\t\tstyle=\"max-width:100%;\"\n\t\t\t\t\/>\n\t\t\t<\/a>\n\t\t<\/div>\n\t\t\t\t\t\t\t<\/div> \n\t\t\t\n\t\t\t\t<div id=\"ngg-image-6\" class=\"ngg-gallery-thumbnail-box \n\t\t\t\t\t\t\t\t\t\t\t\" \n\t\t\t>\n\t\t\t\t\t\t<div class=\"ngg-gallery-thumbnail\">\n\t\t\t<a href=\"https:\/\/christianstrasse.de\/8nhd0g15eq\/wp-content\/gallery\/entrecote\/l_img_20110910_191600.jpg\"\n\t\t\t\ttitle=\"\"\n\t\t\t\tdata-src=\"https:\/\/christianstrasse.de\/8nhd0g15eq\/wp-content\/gallery\/entrecote\/l_img_20110910_191600.jpg\"\n\t\t\t\tdata-thumbnail=\"https:\/\/christianstrasse.de\/8nhd0g15eq\/wp-content\/gallery\/entrecote\/thumbs\/thumbs_l_img_20110910_191600.jpg\"\n\t\t\t\tdata-image-id=\"95\"\n\t\t\t\tdata-title=\"l_img_20110910_191600\"\n\t\t\t\tdata-description=\"\"\n\t\t\t\tdata-image-slug=\"l_img_20110910_191600\"\n\t\t\t\tclass='use_imagebrowser_effect' data-imagebrowser-url='https:\/\/christianstrasse.de\/8nhd0g15eq\/index.php\/nggallery\/image\/%STUB%?page_id=142'>\n\t\t\t\t<img\n\t\t\t\t\ttitle=\"l_img_20110910_191600\"\n\t\t\t\t\talt=\"l_img_20110910_191600\"\n\t\t\t\t\tsrc=\"https:\/\/christianstrasse.de\/8nhd0g15eq\/wp-content\/gallery\/entrecote\/thumbs\/thumbs_l_img_20110910_191600.jpg\"\n\t\t\t\t\twidth=\"110\"\n\t\t\t\t\theight=\"82\"\n\t\t\t\t\tstyle=\"max-width:100%;\"\n\t\t\t\t\/>\n\t\t\t<\/a>\n\t\t<\/div>\n\t\t\t\t\t\t\t<\/div> \n\t\t\t\n\t\t\t\t<div id=\"ngg-image-7\" class=\"ngg-gallery-thumbnail-box \n\t\t\t\t\t\t\t\t\t\t\t\" \n\t\t\t>\n\t\t\t\t\t\t<div class=\"ngg-gallery-thumbnail\">\n\t\t\t<a href=\"https:\/\/christianstrasse.de\/8nhd0g15eq\/wp-content\/gallery\/entrecote\/l_img_20110910_192100.jpg\"\n\t\t\t\ttitle=\"\"\n\t\t\t\tdata-src=\"https:\/\/christianstrasse.de\/8nhd0g15eq\/wp-content\/gallery\/entrecote\/l_img_20110910_192100.jpg\"\n\t\t\t\tdata-thumbnail=\"https:\/\/christianstrasse.de\/8nhd0g15eq\/wp-content\/gallery\/entrecote\/thumbs\/thumbs_l_img_20110910_192100.jpg\"\n\t\t\t\tdata-image-id=\"96\"\n\t\t\t\tdata-title=\"l_img_20110910_192100\"\n\t\t\t\tdata-description=\"\"\n\t\t\t\tdata-image-slug=\"l_img_20110910_192100\"\n\t\t\t\tclass='use_imagebrowser_effect' data-imagebrowser-url='https:\/\/christianstrasse.de\/8nhd0g15eq\/index.php\/nggallery\/image\/%STUB%?page_id=142'>\n\t\t\t\t<img\n\t\t\t\t\ttitle=\"l_img_20110910_192100\"\n\t\t\t\t\talt=\"l_img_20110910_192100\"\n\t\t\t\t\tsrc=\"https:\/\/christianstrasse.de\/8nhd0g15eq\/wp-content\/gallery\/entrecote\/thumbs\/thumbs_l_img_20110910_192100.jpg\"\n\t\t\t\t\twidth=\"110\"\n\t\t\t\t\theight=\"82\"\n\t\t\t\t\tstyle=\"max-width:100%;\"\n\t\t\t\t\/>\n\t\t\t<\/a>\n\t\t<\/div>\n\t\t\t\t\t\t\t<\/div> \n\t\t\t\n\t\n\t<br style=\"clear: both\" \/>\n\n\t\n\t\t<!-- Pagination -->\n\t\t<div class='ngg-clear'><\/div>\t<\/div>\n<\/p>\n<h2 class=\"fn\">Rezept: Entrecote mit Senfsauce, ged\u00e4mpftem Romanesco und Pellkartoffeln<\/h2>\n<p class=\"summary\"><strong>Kurzbeschreibung<\/strong>: <em>Bei Niedertemperatur gegarter Rinderbraten<\/em><\/p>\n<div class=\"ingredients\">\n<h4 class=\"ingredients\">Zutaten<\/h4>\n<ul class=\"ingredients\">\n<li class=\"ingredient\"><strong>Braten:<\/strong><\/li>\n<li class=\"ingredient\">1,7 kg Entrecote<\/li>\n<li class=\"ingredient\">1 EL Butterschmalz<\/li>\n<\/ul>\n<ul class=\"ingredients\">\n<li class=\"ingredient\"><strong>Sauce:<\/strong><\/li>\n<li class=\"ingredient\">100ml trockener Weisswein<\/li>\n<li class=\"ingredient\">200ml Schlagsahne<\/li>\n<li class=\"ingredient\">1,5 EL scharfer Senf Dijon\/L\u00f6wen<\/li>\n<li class=\"ingredient\">4 Cornichons<\/li>\n<li class=\"ingredient\">2 Schalotten<\/li>\n<\/ul>\n<ul class=\"ingredients\">\n<li class=\"ingredient\"><strong>Gem\u00fcse:<\/strong><\/li>\n<li class=\"ingredient\">1 Romanesco<\/li>\n<\/ul>\n<ul class=\"ingredients\">\n<li class=\"ingredient\">frisch geriebene Muskatnuss<\/li>\n<li class=\"ingredient\">grob gem\u00f6rster Pfeffer<\/li>\n<li class=\"ingredient\">Salz<\/li>\n<\/ul>\n<ul class=\"ingredients\">\n<li class=\"ingredient\"><strong>Beilage<\/strong>:<\/li>\n<li class=\"ingredient\">Pellkartoffeln<\/li>\n<\/ul>\n<\/div>\n<div class=\"instructions\">\n<h4 class=\"instructions\">Zubereitung<\/h4>\n<ol class=\"instructions\">\n<li>Backofen auf 75\u00b0C vorheizen<\/li>\n<li>Den Braten trockentupfen, mit K\u00fcchengarn binden<\/li>\n<li>Im Br\u00e4ter von allen Seiten sorgf\u00e4ltig bei nicht zu grosser Hitze ca. 15-20 Min in Butterschmalz anbraten, anschliessend pfeffern und salzen.<\/li>\n<li>Im Backofen 3,5 Std schmoren.<\/li>\n<li>Inzwischen Romanesco putzen und absp\u00fclen<\/li>\n<li>Eine Schlaufe aus K\u00fcchengarn anbringen, damit sich der Kohl leichter aus dem D\u00e4mpfeinsatz heraus heben l\u00e4sst.<\/li>\n<li>15-20 min d\u00e4mpfen.<\/li>\n<li>Mit Salz und Muskat w\u00fcrzen.<\/li>\n<li>F\u00fcr die Sauce die Sahne mit dem Senf mischen,<\/li>\n<li>Cornichons so klein wie m\u00f6glich w\u00fcrfeln und dazu geben.<\/li>\n<li>Die Schalotten m\u00f6glichst fein w\u00fcrfeln.<\/li>\n<li>Nach Ende der Garzeit den Braten auf einer vorgew\u00e4rmten Platte im Backofen ruhen lassen.<\/li>\n<li>Den Bratfond mit dem Weisswein loskochen, bei Bedarf mit dem P\u00fcrierstab aufmixen und in einer Kasserolle reduzieren bis der Wein fast vollst\u00e4ndig verkocht ist.<\/li>\n<li>Hierin die Schalotten and\u00fcnsten und weiter reduzieren.<\/li>\n<li>Wenn die Schalotten gar sind die Senf-Sahne Mischung dazugeben, kurz aufkochen und mit Pellkartoffeln servieren.<\/li>\n<\/ol>\n<p>Vom Fleisch bleibt ca. die H\u00e4lfte \u00fcbrig, aber kleinere Bratenst\u00fccke gelingen einfach nicht so gut.<\/p>\n<\/div>\n<p>Zubereitungszeit: <span class=\"preptime\">4 Std. <\/span><\/p>\n<p class=\"yield\"><span class=\"hrlabel\">Portionen: <\/span><span class=\"hritem\">4<\/span><\/p>\n<\/div>\n<p><a title=\"Fleisch\" href=\"http:\/\/christianstrasse.de\/8nhd0g15eq\/?page_id=199\">zur\u00fcck<\/a><\/p>\n","protected":false},"excerpt":{"rendered":"<p>Rezept: Entrecote mit Senfsauce, ged\u00e4mpftem Romanesco und Pellkartoffeln Kurzbeschreibung: Bei Niedertemperatur gegarter Rinderbraten Zutaten Braten: 1,7 kg Entrecote 1 EL Butterschmalz Sauce: 100ml trockener Weisswein 200ml Schlagsahne 1,5 EL scharfer Senf Dijon\/L\u00f6wen 4 Cornichons 2 Schalotten Gem\u00fcse: 1 Romanesco frisch geriebene Muskatnuss grob gem\u00f6rster Pfeffer Salz Beilage: Pellkartoffeln Zubereitung Backofen auf 75\u00b0C vorheizen Den Braten [&hellip;]<\/p>\n","protected":false},"author":606,"featured_media":0,"parent":199,"menu_order":0,"comment_status":"open","ping_status":"open","template":"","meta":{"ngg_post_thumbnail":0,"footnotes":""},"class_list":["post-142","page","type-page","status-publish","hentry"],"_links":{"self":[{"href":"https:\/\/christianstrasse.de\/8nhd0g15eq\/index.php?rest_route=\/wp\/v2\/pages\/142","targetHints":{"allow":["GET"]}}],"collection":[{"href":"https:\/\/christianstrasse.de\/8nhd0g15eq\/index.php?rest_route=\/wp\/v2\/pages"}],"about":[{"href":"https:\/\/christianstrasse.de\/8nhd0g15eq\/index.php?rest_route=\/wp\/v2\/types\/page"}],"author":[{"embeddable":true,"href":"https:\/\/christianstrasse.de\/8nhd0g15eq\/index.php?rest_route=\/wp\/v2\/users\/606"}],"replies":[{"embeddable":true,"href":"https:\/\/christianstrasse.de\/8nhd0g15eq\/index.php?rest_route=%2Fwp%2Fv2%2Fcomments&post=142"}],"version-history":[{"count":0,"href":"https:\/\/christianstrasse.de\/8nhd0g15eq\/index.php?rest_route=\/wp\/v2\/pages\/142\/revisions"}],"up":[{"embeddable":true,"href":"https:\/\/christianstrasse.de\/8nhd0g15eq\/index.php?rest_route=\/wp\/v2\/pages\/199"}],"wp:attachment":[{"href":"https:\/\/christianstrasse.de\/8nhd0g15eq\/index.php?rest_route=%2Fwp%2Fv2%2Fmedia&parent=142"}],"curies":[{"name":"wp","href":"https:\/\/api.w.org\/{rel}","templated":true}]}}