{"id":1374,"date":"2012-06-24T16:45:27","date_gmt":"2012-06-24T15:45:27","guid":{"rendered":"http:\/\/christianstrasse.de\/8nhd0g15eq\/?page_id=1374"},"modified":"2012-06-29T08:21:13","modified_gmt":"2012-06-29T07:21:13","slug":"karree-vom-schwein-r","status":"publish","type":"page","link":"https:\/\/christianstrasse.de\/8nhd0g15eq\/?page_id=1374","title":{"rendered":"Karree vom Schwein (R)"},"content":{"rendered":"<p>Das Karree ist der Kotelettstrang ohne Wirbelk\u00f6rper und Filet. Etwa 10cm der Rippen l\u00e4sst der Schlachter stehen, so dass man auch einen ansehnlichen Kronenbraten herstellen kann.<\/p>\n<p>Dieses Karree wird klassisch bei hoher Temperatur auf dem Rost gebraten. Dazu gibt es ein Gem\u00fcse aus Zwiebel, Fenchel, Kartoffeln, Zucchini, Paprika und viel frischem Knoblauch, das in einem gro\u00dfen Br\u00e4ter unter dem Bratrost gart und dadurch das herabtropfende Fett des Bratens langsem aufnehmen kann\u00a0 Die einzelnen Gem\u00fcse werden je nach erforderlicher Garzeit nacheinander in den Br\u00e4ter gegeben. Etwas Br\u00fche verhindert das Anbrennen des Gem\u00fcses und das Austrocknen des Bratens. Die Bratzeit incl. Anbraten liegt bei 10 min pro Zentimeter Bratenh\u00f6he.<\/p>\n<!-- default-view.php -->\n<div\n\tclass=\"ngg-galleryoverview default-view \n\t\t\"\n\tid=\"ngg-gallery-54745065bb3bf1cffb2490cc9b85ef70-1\">\n\n\t\t<!-- Thumbnails -->\n\t\t\t\t<div id=\"ngg-image-0\" class=\"ngg-gallery-thumbnail-box \n\t\t\t\t\t\t\t\t\t\t\t\" \n\t\t\t>\n\t\t\t\t\t\t<div class=\"ngg-gallery-thumbnail\">\n\t\t\t<a href=\"https:\/\/christianstrasse.de\/8nhd0g15eq\/wp-content\/gallery\/karree-vom-schwein\/img_3643.jpg\"\n\t\t\t\ttitle=\"\"\n\t\t\t\tdata-src=\"https:\/\/christianstrasse.de\/8nhd0g15eq\/wp-content\/gallery\/karree-vom-schwein\/img_3643.jpg\"\n\t\t\t\tdata-thumbnail=\"https:\/\/christianstrasse.de\/8nhd0g15eq\/wp-content\/gallery\/karree-vom-schwein\/thumbs\/thumbs_img_3643.jpg\"\n\t\t\t\tdata-image-id=\"453\"\n\t\t\t\tdata-title=\"img_3643\"\n\t\t\t\tdata-description=\"\"\n\t\t\t\tdata-image-slug=\"img_3643\"\n\t\t\t\tclass='use_imagebrowser_effect' data-imagebrowser-url='https:\/\/christianstrasse.de\/8nhd0g15eq\/index.php\/nggallery\/image\/%STUB%?page_id=1374'>\n\t\t\t\t<img\n\t\t\t\t\ttitle=\"img_3643\"\n\t\t\t\t\talt=\"img_3643\"\n\t\t\t\t\tsrc=\"https:\/\/christianstrasse.de\/8nhd0g15eq\/wp-content\/gallery\/karree-vom-schwein\/thumbs\/thumbs_img_3643.jpg\"\n\t\t\t\t\twidth=\"110\"\n\t\t\t\t\theight=\"82\"\n\t\t\t\t\tstyle=\"max-width:100%;\"\n\t\t\t\t\/>\n\t\t\t<\/a>\n\t\t<\/div>\n\t\t\t\t\t\t\t<\/div> \n\t\t\t\n\t\t\t\t<div id=\"ngg-image-1\" class=\"ngg-gallery-thumbnail-box \n\t\t\t\t\t\t\t\t\t\t\t\" \n\t\t\t>\n\t\t\t\t\t\t<div class=\"ngg-gallery-thumbnail\">\n\t\t\t<a href=\"https:\/\/christianstrasse.de\/8nhd0g15eq\/wp-content\/gallery\/karree-vom-schwein\/img_3768.jpg\"\n\t\t\t\ttitle=\"\"\n\t\t\t\tdata-src=\"https:\/\/christianstrasse.de\/8nhd0g15eq\/wp-content\/gallery\/karree-vom-schwein\/img_3768.jpg\"\n\t\t\t\tdata-thumbnail=\"https:\/\/christianstrasse.de\/8nhd0g15eq\/wp-content\/gallery\/karree-vom-schwein\/thumbs\/thumbs_img_3768.jpg\"\n\t\t\t\tdata-image-id=\"454\"\n\t\t\t\tdata-title=\"img_3768\"\n\t\t\t\tdata-description=\"\"\n\t\t\t\tdata-image-slug=\"img_3768\"\n\t\t\t\tclass='use_imagebrowser_effect' data-imagebrowser-url='https:\/\/christianstrasse.de\/8nhd0g15eq\/index.php\/nggallery\/image\/%STUB%?page_id=1374'>\n\t\t\t\t<img\n\t\t\t\t\ttitle=\"img_3768\"\n\t\t\t\t\talt=\"img_3768\"\n\t\t\t\t\tsrc=\"https:\/\/christianstrasse.de\/8nhd0g15eq\/wp-content\/gallery\/karree-vom-schwein\/thumbs\/thumbs_img_3768.jpg\"\n\t\t\t\t\twidth=\"110\"\n\t\t\t\t\theight=\"82\"\n\t\t\t\t\tstyle=\"max-width:100%;\"\n\t\t\t\t\/>\n\t\t\t<\/a>\n\t\t<\/div>\n\t\t\t\t\t\t\t<\/div> \n\t\t\t\n\t\t\t\t<div id=\"ngg-image-2\" class=\"ngg-gallery-thumbnail-box \n\t\t\t\t\t\t\t\t\t\t\t\" \n\t\t\t>\n\t\t\t\t\t\t<div class=\"ngg-gallery-thumbnail\">\n\t\t\t<a href=\"https:\/\/christianstrasse.de\/8nhd0g15eq\/wp-content\/gallery\/karree-vom-schwein\/img_3769_n.jpg\"\n\t\t\t\ttitle=\"\"\n\t\t\t\tdata-src=\"https:\/\/christianstrasse.de\/8nhd0g15eq\/wp-content\/gallery\/karree-vom-schwein\/img_3769_n.jpg\"\n\t\t\t\tdata-thumbnail=\"https:\/\/christianstrasse.de\/8nhd0g15eq\/wp-content\/gallery\/karree-vom-schwein\/thumbs\/thumbs_img_3769_n.jpg\"\n\t\t\t\tdata-image-id=\"455\"\n\t\t\t\tdata-title=\"img_3769_n\"\n\t\t\t\tdata-description=\"\"\n\t\t\t\tdata-image-slug=\"img_3769_n\"\n\t\t\t\tclass='use_imagebrowser_effect' data-imagebrowser-url='https:\/\/christianstrasse.de\/8nhd0g15eq\/index.php\/nggallery\/image\/%STUB%?page_id=1374'>\n\t\t\t\t<img\n\t\t\t\t\ttitle=\"img_3769_n\"\n\t\t\t\t\talt=\"img_3769_n\"\n\t\t\t\t\tsrc=\"https:\/\/christianstrasse.de\/8nhd0g15eq\/wp-content\/gallery\/karree-vom-schwein\/thumbs\/thumbs_img_3769_n.jpg\"\n\t\t\t\t\twidth=\"110\"\n\t\t\t\t\theight=\"82\"\n\t\t\t\t\tstyle=\"max-width:100%;\"\n\t\t\t\t\/>\n\t\t\t<\/a>\n\t\t<\/div>\n\t\t\t\t\t\t\t<\/div> \n\t\t\t\n\t\n\t<br style=\"clear: both\" \/>\n\n\t\n\t\t<!-- Pagination -->\n\t\t<div class='ngg-clear'><\/div>\t<\/div>\n\n<div class=\"hrecipe custom\">\n<h2 class=\"fn\">Rezept: Karree vom Schwein<\/h2>\n<p class=\"summary\"><strong>Kurzbeschreibung<\/strong>: <em>Braten und Gem\u00fcse gemeinsam gegart<\/em><\/p>\n<div class=\"ingredients\">\n<h4 class=\"ingredients\">Zutaten<\/h4>\n<ul class=\"ingredients\">\n<li class=\"ingredient\">1 Karree ca. 2,5 kg, 8 Tranchen<\/li>\n<li class=\"ingredient\">1-3. Zwiebeln je nach Gr\u00f6\u00dfe<\/li>\n<li class=\"ingredient\">1-2 Fenchelknollen<\/li>\n<li class=\"ingredient\">5-7 mittelgr. Kartoffeln<\/li>\n<li class=\"ingredient\">1 Knolle frischer Knoblauch<\/li>\n<li class=\"ingredient\">2-3 rote Paprika<\/li>\n<li class=\"ingredient\">2-3 Zucchini<\/li>\n<li class=\"ingredient\">1 TL zerstossene Fenchelsamen<\/li>\n<li class=\"ingredient\">1 TL grobgem\u00f6rster Pfeffer<\/li>\n<li class=\"ingredient\">etwas \u00d6l<\/li>\n<li class=\"ingredient\">2 getrocknete Peperoncini<\/li>\n<li class=\"ingredient\">250 ml Gem\u00fcsebr\u00fche<\/li>\n<\/ul>\n<\/div>\n<div class=\"instructions\">\n<h4 class=\"instructions\">Zubereitung<\/h4>\n<ol class=\"instructions\">\n<li>Das Fleisch 2,5 Std. vor dem Braten aus der K\u00fchlung nehmen, gr\u00fcndlich mit \u00d6l einreiben und mit Fenchelsamen und Pfeffer allseits einreiben. Noch nicht salzen<\/li>\n<li>Bei Zimmertemperatur, wenn n\u00f6tig abgedeckt ruhen lassen<\/li>\n<li>Die Gem\u00fcse putzen<\/li>\n<li>Kartoffen sch\u00e4len, vierteln und bis zur Verwendung mit Wasser bedeckt lassen<\/li>\n<li>Ofen auf 250\u00b0C vorheizen, Bratrost auf die mittlere Schiene setzen, einen ausreichend gro\u00dfen Br\u00e4ter auf eine zweiten Rost darunter stellen.<\/li>\n<li>Den Braten salzen und mit der Fettschicht nach unten auf den Rost legen und 10 Min anbraten<\/li>\n<li>Die hei\u00dfe Gem\u00fcsebr\u00fche bereitstellen<\/li>\n<li>Wenden und weitere 10 Min anbraten. Dabei nach 5 Min die Temperatur auf 175\u00b0C reduzieren<\/li>\n<li>W\u00e4hrenddessen die Fenchelknolle achteln und den Strunk herausschneiden, Zwiebel je nach Gr\u00f6\u00dfe in Achtel oder Viertel schneiden. Beide Gem\u00fcse in eine Sch\u00fcssel geben<\/li>\n<li>Nach Beendigung des Anbratens den Br\u00e4ter kurz hervorziehen, Zwiebel- und Fenchelst\u00fccke hinein sch\u00fctten, mit der Br\u00fche abl\u00f6schen und den Br\u00e4ter schnell wieder unter das Fleisch schieben, damit nicht allzuviel Fett in den Ofen tropft.<\/li>\n<li>40 Min vor Ende der Bratzeit die geviertelten Kartoffeln und den Knoblauch wie zuvor in den Br\u00e4ter geben, die Gem\u00fcse kurz durchmischen<\/li>\n<li>20 Min vor Ende die mundgerechte St\u00fccke geschittenen Zucchini und Paprika in in den Br\u00e4ter geben<\/li>\n<li>Nach Ablauf der Bratzeit das Fleich auf eine Platte legen und mindestens 10 Min im Ofen bei ge\u00f6ffenter T\u00fcr ruhen lassen<\/li>\n<li>Das Gem\u00fcse mit einer Schaumkelle in eine Sch\u00fcssel geben, den Bratensud in eine Topf geben und mit dem P\u00fcrierstab homogenisieren.<\/li>\n<li>Die Sauce abschmecken und getrennt servieren<\/li>\n<\/ol>\n<\/div>\n<\/div>\n<p>Zubereitungszeit 1,5-2 Std. + 2,5 Std. Ruhezeit vor dem Braten<\/p>\n<p>Portionen: 8<\/p>\n<p><a title=\"Fleisch\" href=\"http:\/\/christianstrasse.de\/8nhd0g15eq\/?page_id=199\">zur\u00fcck<\/a><\/p>\n<p>&nbsp;<\/p>\n","protected":false},"excerpt":{"rendered":"<p>Das Karree ist der Kotelettstrang ohne Wirbelk\u00f6rper und Filet. Etwa 10cm der Rippen l\u00e4sst der Schlachter stehen, so dass man auch einen ansehnlichen Kronenbraten herstellen kann. Dieses Karree wird klassisch bei hoher Temperatur auf dem Rost gebraten. Dazu gibt es ein Gem\u00fcse aus Zwiebel, Fenchel, Kartoffeln, Zucchini, Paprika und viel frischem Knoblauch, das in einem [&hellip;]<\/p>\n","protected":false},"author":606,"featured_media":0,"parent":199,"menu_order":0,"comment_status":"open","ping_status":"closed","template":"","meta":{"ngg_post_thumbnail":0,"footnotes":""},"class_list":["post-1374","page","type-page","status-publish","hentry"],"_links":{"self":[{"href":"https:\/\/christianstrasse.de\/8nhd0g15eq\/index.php?rest_route=\/wp\/v2\/pages\/1374","targetHints":{"allow":["GET"]}}],"collection":[{"href":"https:\/\/christianstrasse.de\/8nhd0g15eq\/index.php?rest_route=\/wp\/v2\/pages"}],"about":[{"href":"https:\/\/christianstrasse.de\/8nhd0g15eq\/index.php?rest_route=\/wp\/v2\/types\/page"}],"author":[{"embeddable":true,"href":"https:\/\/christianstrasse.de\/8nhd0g15eq\/index.php?rest_route=\/wp\/v2\/users\/606"}],"replies":[{"embeddable":true,"href":"https:\/\/christianstrasse.de\/8nhd0g15eq\/index.php?rest_route=%2Fwp%2Fv2%2Fcomments&post=1374"}],"version-history":[{"count":0,"href":"https:\/\/christianstrasse.de\/8nhd0g15eq\/index.php?rest_route=\/wp\/v2\/pages\/1374\/revisions"}],"up":[{"embeddable":true,"href":"https:\/\/christianstrasse.de\/8nhd0g15eq\/index.php?rest_route=\/wp\/v2\/pages\/199"}],"wp:attachment":[{"href":"https:\/\/christianstrasse.de\/8nhd0g15eq\/index.php?rest_route=%2Fwp%2Fv2%2Fmedia&parent=1374"}],"curies":[{"name":"wp","href":"https:\/\/api.w.org\/{rel}","templated":true}]}}