{"id":1367,"date":"2012-06-19T14:55:22","date_gmt":"2012-06-19T13:55:22","guid":{"rendered":"http:\/\/christianstrasse.de\/8nhd0g15eq\/?page_id=1367"},"modified":"2012-06-19T15:00:23","modified_gmt":"2012-06-19T14:00:23","slug":"coq-ala-comtoise-r","status":"publish","type":"page","link":"https:\/\/christianstrasse.de\/8nhd0g15eq\/?page_id=1367","title":{"rendered":"Coq a`la comtoise (R)"},"content":{"rendered":"<!-- default-view.php -->\n<div\n\tclass=\"ngg-galleryoverview default-view \n\t\t\"\n\tid=\"ngg-gallery-6516fd3ff63aaaf24835a4b4afca7dd4-1\">\n\n\t\t<!-- Thumbnails -->\n\t\t\t\t<div id=\"ngg-image-0\" class=\"ngg-gallery-thumbnail-box \n\t\t\t\t\t\t\t\t\t\t\t\" \n\t\t\t>\n\t\t\t\t\t\t<div class=\"ngg-gallery-thumbnail\">\n\t\t\t<a href=\"https:\/\/christianstrasse.de\/8nhd0g15eq\/wp-content\/gallery\/coq_ala_comtoise\/img_3625.jpg\"\n\t\t\t\ttitle=\"\"\n\t\t\t\tdata-src=\"https:\/\/christianstrasse.de\/8nhd0g15eq\/wp-content\/gallery\/coq_ala_comtoise\/img_3625.jpg\"\n\t\t\t\tdata-thumbnail=\"https:\/\/christianstrasse.de\/8nhd0g15eq\/wp-content\/gallery\/coq_ala_comtoise\/thumbs\/thumbs_img_3625.jpg\"\n\t\t\t\tdata-image-id=\"444\"\n\t\t\t\tdata-title=\"img_3625\"\n\t\t\t\tdata-description=\"\"\n\t\t\t\tdata-image-slug=\"img_3625-2\"\n\t\t\t\tclass='use_imagebrowser_effect' data-imagebrowser-url='https:\/\/christianstrasse.de\/8nhd0g15eq\/index.php\/nggallery\/image\/%STUB%?page_id=1367'>\n\t\t\t\t<img\n\t\t\t\t\ttitle=\"img_3625\"\n\t\t\t\t\talt=\"img_3625\"\n\t\t\t\t\tsrc=\"https:\/\/christianstrasse.de\/8nhd0g15eq\/wp-content\/gallery\/coq_ala_comtoise\/thumbs\/thumbs_img_3625.jpg\"\n\t\t\t\t\twidth=\"110\"\n\t\t\t\t\theight=\"82\"\n\t\t\t\t\tstyle=\"max-width:100%;\"\n\t\t\t\t\/>\n\t\t\t<\/a>\n\t\t<\/div>\n\t\t\t\t\t\t\t<\/div> \n\t\t\t\n\t\t\t\t<div id=\"ngg-image-1\" class=\"ngg-gallery-thumbnail-box \n\t\t\t\t\t\t\t\t\t\t\t\" \n\t\t\t>\n\t\t\t\t\t\t<div class=\"ngg-gallery-thumbnail\">\n\t\t\t<a href=\"https:\/\/christianstrasse.de\/8nhd0g15eq\/wp-content\/gallery\/coq_ala_comtoise\/img_3626.jpg\"\n\t\t\t\ttitle=\"\"\n\t\t\t\tdata-src=\"https:\/\/christianstrasse.de\/8nhd0g15eq\/wp-content\/gallery\/coq_ala_comtoise\/img_3626.jpg\"\n\t\t\t\tdata-thumbnail=\"https:\/\/christianstrasse.de\/8nhd0g15eq\/wp-content\/gallery\/coq_ala_comtoise\/thumbs\/thumbs_img_3626.jpg\"\n\t\t\t\tdata-image-id=\"445\"\n\t\t\t\tdata-title=\"img_3626\"\n\t\t\t\tdata-description=\"\"\n\t\t\t\tdata-image-slug=\"img_3626-2\"\n\t\t\t\tclass='use_imagebrowser_effect' data-imagebrowser-url='https:\/\/christianstrasse.de\/8nhd0g15eq\/index.php\/nggallery\/image\/%STUB%?page_id=1367'>\n\t\t\t\t<img\n\t\t\t\t\ttitle=\"img_3626\"\n\t\t\t\t\talt=\"img_3626\"\n\t\t\t\t\tsrc=\"https:\/\/christianstrasse.de\/8nhd0g15eq\/wp-content\/gallery\/coq_ala_comtoise\/thumbs\/thumbs_img_3626.jpg\"\n\t\t\t\t\twidth=\"110\"\n\t\t\t\t\theight=\"82\"\n\t\t\t\t\tstyle=\"max-width:100%;\"\n\t\t\t\t\/>\n\t\t\t<\/a>\n\t\t<\/div>\n\t\t\t\t\t\t\t<\/div> \n\t\t\t\n\t\t\t\t<div id=\"ngg-image-2\" class=\"ngg-gallery-thumbnail-box \n\t\t\t\t\t\t\t\t\t\t\t\" \n\t\t\t>\n\t\t\t\t\t\t<div class=\"ngg-gallery-thumbnail\">\n\t\t\t<a href=\"https:\/\/christianstrasse.de\/8nhd0g15eq\/wp-content\/gallery\/coq_ala_comtoise\/img_3628.jpg\"\n\t\t\t\ttitle=\"\"\n\t\t\t\tdata-src=\"https:\/\/christianstrasse.de\/8nhd0g15eq\/wp-content\/gallery\/coq_ala_comtoise\/img_3628.jpg\"\n\t\t\t\tdata-thumbnail=\"https:\/\/christianstrasse.de\/8nhd0g15eq\/wp-content\/gallery\/coq_ala_comtoise\/thumbs\/thumbs_img_3628.jpg\"\n\t\t\t\tdata-image-id=\"446\"\n\t\t\t\tdata-title=\"img_3628\"\n\t\t\t\tdata-description=\"\"\n\t\t\t\tdata-image-slug=\"img_3628\"\n\t\t\t\tclass='use_imagebrowser_effect' data-imagebrowser-url='https:\/\/christianstrasse.de\/8nhd0g15eq\/index.php\/nggallery\/image\/%STUB%?page_id=1367'>\n\t\t\t\t<img\n\t\t\t\t\ttitle=\"img_3628\"\n\t\t\t\t\talt=\"img_3628\"\n\t\t\t\t\tsrc=\"https:\/\/christianstrasse.de\/8nhd0g15eq\/wp-content\/gallery\/coq_ala_comtoise\/thumbs\/thumbs_img_3628.jpg\"\n\t\t\t\t\twidth=\"110\"\n\t\t\t\t\theight=\"82\"\n\t\t\t\t\tstyle=\"max-width:100%;\"\n\t\t\t\t\/>\n\t\t\t<\/a>\n\t\t<\/div>\n\t\t\t\t\t\t\t<\/div> \n\t\t\t\n\t\t\t\t<div id=\"ngg-image-3\" class=\"ngg-gallery-thumbnail-box \n\t\t\t\t\t\t\t\t\t\t\t\" \n\t\t\t>\n\t\t\t\t\t\t<div class=\"ngg-gallery-thumbnail\">\n\t\t\t<a href=\"https:\/\/christianstrasse.de\/8nhd0g15eq\/wp-content\/gallery\/coq_ala_comtoise\/img_3630.jpg\"\n\t\t\t\ttitle=\"\"\n\t\t\t\tdata-src=\"https:\/\/christianstrasse.de\/8nhd0g15eq\/wp-content\/gallery\/coq_ala_comtoise\/img_3630.jpg\"\n\t\t\t\tdata-thumbnail=\"https:\/\/christianstrasse.de\/8nhd0g15eq\/wp-content\/gallery\/coq_ala_comtoise\/thumbs\/thumbs_img_3630.jpg\"\n\t\t\t\tdata-image-id=\"448\"\n\t\t\t\tdata-title=\"img_3630\"\n\t\t\t\tdata-description=\"\"\n\t\t\t\tdata-image-slug=\"img_3630\"\n\t\t\t\tclass='use_imagebrowser_effect' data-imagebrowser-url='https:\/\/christianstrasse.de\/8nhd0g15eq\/index.php\/nggallery\/image\/%STUB%?page_id=1367'>\n\t\t\t\t<img\n\t\t\t\t\ttitle=\"img_3630\"\n\t\t\t\t\talt=\"img_3630\"\n\t\t\t\t\tsrc=\"https:\/\/christianstrasse.de\/8nhd0g15eq\/wp-content\/gallery\/coq_ala_comtoise\/thumbs\/thumbs_img_3630.jpg\"\n\t\t\t\t\twidth=\"110\"\n\t\t\t\t\theight=\"82\"\n\t\t\t\t\tstyle=\"max-width:100%;\"\n\t\t\t\t\/>\n\t\t\t<\/a>\n\t\t<\/div>\n\t\t\t\t\t\t\t<\/div> \n\t\t\t\n\t\t\t\t<div id=\"ngg-image-4\" class=\"ngg-gallery-thumbnail-box \n\t\t\t\t\t\t\t\t\t\t\t\" \n\t\t\t>\n\t\t\t\t\t\t<div class=\"ngg-gallery-thumbnail\">\n\t\t\t<a href=\"https:\/\/christianstrasse.de\/8nhd0g15eq\/wp-content\/gallery\/coq_ala_comtoise\/img_3631.jpg\"\n\t\t\t\ttitle=\"\"\n\t\t\t\tdata-src=\"https:\/\/christianstrasse.de\/8nhd0g15eq\/wp-content\/gallery\/coq_ala_comtoise\/img_3631.jpg\"\n\t\t\t\tdata-thumbnail=\"https:\/\/christianstrasse.de\/8nhd0g15eq\/wp-content\/gallery\/coq_ala_comtoise\/thumbs\/thumbs_img_3631.jpg\"\n\t\t\t\tdata-image-id=\"449\"\n\t\t\t\tdata-title=\"img_3631\"\n\t\t\t\tdata-description=\"\"\n\t\t\t\tdata-image-slug=\"img_3631\"\n\t\t\t\tclass='use_imagebrowser_effect' data-imagebrowser-url='https:\/\/christianstrasse.de\/8nhd0g15eq\/index.php\/nggallery\/image\/%STUB%?page_id=1367'>\n\t\t\t\t<img\n\t\t\t\t\ttitle=\"img_3631\"\n\t\t\t\t\talt=\"img_3631\"\n\t\t\t\t\tsrc=\"https:\/\/christianstrasse.de\/8nhd0g15eq\/wp-content\/gallery\/coq_ala_comtoise\/thumbs\/thumbs_img_3631.jpg\"\n\t\t\t\t\twidth=\"110\"\n\t\t\t\t\theight=\"82\"\n\t\t\t\t\tstyle=\"max-width:100%;\"\n\t\t\t\t\/>\n\t\t\t<\/a>\n\t\t<\/div>\n\t\t\t\t\t\t\t<\/div> \n\t\t\t\n\t\t\t\t<div id=\"ngg-image-5\" class=\"ngg-gallery-thumbnail-box \n\t\t\t\t\t\t\t\t\t\t\t\" \n\t\t\t>\n\t\t\t\t\t\t<div class=\"ngg-gallery-thumbnail\">\n\t\t\t<a href=\"https:\/\/christianstrasse.de\/8nhd0g15eq\/wp-content\/gallery\/coq_ala_comtoise\/img_3632.jpg\"\n\t\t\t\ttitle=\"\"\n\t\t\t\tdata-src=\"https:\/\/christianstrasse.de\/8nhd0g15eq\/wp-content\/gallery\/coq_ala_comtoise\/img_3632.jpg\"\n\t\t\t\tdata-thumbnail=\"https:\/\/christianstrasse.de\/8nhd0g15eq\/wp-content\/gallery\/coq_ala_comtoise\/thumbs\/thumbs_img_3632.jpg\"\n\t\t\t\tdata-image-id=\"450\"\n\t\t\t\tdata-title=\"img_3632\"\n\t\t\t\tdata-description=\"\"\n\t\t\t\tdata-image-slug=\"img_3632\"\n\t\t\t\tclass='use_imagebrowser_effect' data-imagebrowser-url='https:\/\/christianstrasse.de\/8nhd0g15eq\/index.php\/nggallery\/image\/%STUB%?page_id=1367'>\n\t\t\t\t<img\n\t\t\t\t\ttitle=\"img_3632\"\n\t\t\t\t\talt=\"img_3632\"\n\t\t\t\t\tsrc=\"https:\/\/christianstrasse.de\/8nhd0g15eq\/wp-content\/gallery\/coq_ala_comtoise\/thumbs\/thumbs_img_3632.jpg\"\n\t\t\t\t\twidth=\"110\"\n\t\t\t\t\theight=\"82\"\n\t\t\t\t\tstyle=\"max-width:100%;\"\n\t\t\t\t\/>\n\t\t\t<\/a>\n\t\t<\/div>\n\t\t\t\t\t\t\t<\/div> \n\t\t\t\n\t\t\t\t<div id=\"ngg-image-6\" class=\"ngg-gallery-thumbnail-box \n\t\t\t\t\t\t\t\t\t\t\t\" \n\t\t\t>\n\t\t\t\t\t\t<div class=\"ngg-gallery-thumbnail\">\n\t\t\t<a href=\"https:\/\/christianstrasse.de\/8nhd0g15eq\/wp-content\/gallery\/coq_ala_comtoise\/img_3635.jpg\"\n\t\t\t\ttitle=\"\"\n\t\t\t\tdata-src=\"https:\/\/christianstrasse.de\/8nhd0g15eq\/wp-content\/gallery\/coq_ala_comtoise\/img_3635.jpg\"\n\t\t\t\tdata-thumbnail=\"https:\/\/christianstrasse.de\/8nhd0g15eq\/wp-content\/gallery\/coq_ala_comtoise\/thumbs\/thumbs_img_3635.jpg\"\n\t\t\t\tdata-image-id=\"451\"\n\t\t\t\tdata-title=\"img_3635\"\n\t\t\t\tdata-description=\"\"\n\t\t\t\tdata-image-slug=\"img_3635\"\n\t\t\t\tclass='use_imagebrowser_effect' data-imagebrowser-url='https:\/\/christianstrasse.de\/8nhd0g15eq\/index.php\/nggallery\/image\/%STUB%?page_id=1367'>\n\t\t\t\t<img\n\t\t\t\t\ttitle=\"img_3635\"\n\t\t\t\t\talt=\"img_3635\"\n\t\t\t\t\tsrc=\"https:\/\/christianstrasse.de\/8nhd0g15eq\/wp-content\/gallery\/coq_ala_comtoise\/thumbs\/thumbs_img_3635.jpg\"\n\t\t\t\t\twidth=\"110\"\n\t\t\t\t\theight=\"82\"\n\t\t\t\t\tstyle=\"max-width:100%;\"\n\t\t\t\t\/>\n\t\t\t<\/a>\n\t\t<\/div>\n\t\t\t\t\t\t\t<\/div> \n\t\t\t\n\t\n\t<br style=\"clear: both\" \/>\n\n\t\n\t\t<!-- Pagination -->\n\t\t<div class='ngg-clear'><\/div>\t<\/div>\n\n<div class=\"hrecipe custom\">\n<h2 class=\"fn\">Rezept: Coq a`la comtoise<\/h2>\n<p class=\"summary\"><strong>Kurzbeschreibung<\/strong>: <em>Mit K\u00e4se \u00fcberbackenes H\u00e4hnchen<\/em><\/p>\n<div class=\"ingredients\">\n<h4 class=\"ingredients\">Zutaten<\/h4>\n<ul class=\"ingredients\">\n<li class=\"ingredient\">1 Brath\u00e4hnchen ca 1,25 kg<\/li>\n<li class=\"ingredient\">50 g Butter<\/li>\n<li class=\"ingredient\">1 gr. Zwiebel<\/li>\n<li class=\"ingredient\">1 Stange Porree<\/li>\n<li class=\"ingredient\">2 Karotten<\/li>\n<li class=\"ingredient\">2 Stangen Sellerie<\/li>\n<li class=\"ingredient\">1 l H\u00fchnerbr\u00fche<\/li>\n<li class=\"ingredient\">300 g Champignons<\/li>\n<li class=\"ingredient\">60 ml Zitronensaft<\/li>\n<li class=\"ingredient\">100 g Creme fraiche<\/li>\n<li class=\"ingredient\">100 g geriebener Gruyere<\/li>\n<li class=\"ingredient\">Salz, Pfeffer, Muskat<\/li>\n<\/ul>\n<\/div>\n<div class=\"instructions\">\n<h4 class=\"instructions\">Zubereitung<\/h4>\n<ol class=\"instructions\">\n<li>Zwiebel und Karotten sch\u00e4len, Porree und Sellerie putzen und waschen<\/li>\n<li>H\u00e4hnchen innen und aussen kalt abbrausen und gut trockentupfen<\/li>\n<li>das H\u00e4hnchen innen mit ca. 1 Tl grob zersto\u00dfenem Pfeffer und nicht zuwenig Salz kr\u00e4ftig w\u00fcrzen.<\/li>\n<li>30 g Butter in einem schweren Schmortopf erhitzen<\/li>\n<li>H\u00e4hnchen von allen Seiten anbraten bis es Farbe annimmt<\/li>\n<li>W\u00e4hrenddessen das Gem\u00fcse klein schneiden und die Br\u00fche erhitzen<\/li>\n<li>Die Gem\u00fcsest\u00fccke zum angebr\u00e4unten H\u00e4hnchen geben und einige Minuten mitbraten<\/li>\n<li>Die heisse Br\u00fche zum Huhn geben, etwas Muskat dar\u00fcber reiben und bei geringer Hitze 40 min k\u00f6cheln<\/li>\n<li>Inzwischen die Champignons trocken abreiben oder -b\u00fcrsten. Gr\u00f6\u00dfere Exemplare halbieren oder vierteln<\/li>\n<li>Gruyere reiben<\/li>\n<li>Pilze mit der H\u00e4lfte vom Zitronensaft betr\u00e4ufeln. Backofen auf 220 \u00b0C vorheitzen<\/li>\n<li>Die restliche Butter in einer gro\u00dfen Pfanne erhitzen und die Pilze solange bei gro\u00dfer Hitze braten, bis alle ausgetretene Fl\u00fcssigkeit verdampft ist.<\/li>\n<li>Das H\u00e4hnchen aus dem Schmortopf nehmen, vierteln und die St\u00fccke in eine feuerfeste Form legen, die gebratenen Pilze dazwischen verteilen<\/li>\n<li>Die Br\u00fche mit dem P\u00fcrierstab homogenisieren und durch ein feines Sieb passieren<\/li>\n<li>500 ml davon in einem passenden Topf bei gro\u00dfer Hitze auf 1\/3 bis 1\/4 reduzieren. Hitze verringern<\/li>\n<li>Den restlichen Zitronensaft mit der Creme fraiche mischen und und zur Sauce geben<\/li>\n<li>Die H\u00e4lfte des Gruyere zur Sauce geben und solange mit dem Schneebesen schlagen, bis der K\u00e4se vollst\u00e4ndig geschmolzen ist.<\/li>\n<li>Die Sauce \u00fcber dem H\u00e4hnchen verteilen, alles mit dem restlichen K\u00e4se bestreuen und 20 min \u00fcberbacken, bis der K\u00e4se Farbe bekommt<\/li>\n<li>Dazu Baguette<\/li>\n<\/ol>\n<\/div>\n<\/div>\n<p>Zubereitungszeit: 2 Std.<\/p>\n<p>Portionen: 4<\/p>\n<p>Quelle [<a title=\"Kochb\u00fccher\" href=\"http:\/\/christianstrasse.de\/8nhd0g15eq\/?page_id=180\">03<\/a>], S. 64<\/p>\n<p><a title=\"Gefl\u00fcgel\" href=\"http:\/\/christianstrasse.de\/8nhd0g15eq\/?page_id=440\">zur\u00fcck<br \/>\n<\/a><\/p>\n","protected":false},"excerpt":{"rendered":"<p>Rezept: Coq a`la comtoise Kurzbeschreibung: Mit K\u00e4se \u00fcberbackenes H\u00e4hnchen Zutaten 1 Brath\u00e4hnchen ca 1,25 kg 50 g Butter 1 gr. Zwiebel 1 Stange Porree 2 Karotten 2 Stangen Sellerie 1 l H\u00fchnerbr\u00fche 300 g Champignons 60 ml Zitronensaft 100 g Creme fraiche 100 g geriebener Gruyere Salz, Pfeffer, Muskat Zubereitung Zwiebel und Karotten sch\u00e4len, Porree [&hellip;]<\/p>\n","protected":false},"author":606,"featured_media":0,"parent":440,"menu_order":0,"comment_status":"open","ping_status":"closed","template":"","meta":{"ngg_post_thumbnail":0,"footnotes":""},"class_list":["post-1367","page","type-page","status-publish","hentry"],"_links":{"self":[{"href":"https:\/\/christianstrasse.de\/8nhd0g15eq\/index.php?rest_route=\/wp\/v2\/pages\/1367","targetHints":{"allow":["GET"]}}],"collection":[{"href":"https:\/\/christianstrasse.de\/8nhd0g15eq\/index.php?rest_route=\/wp\/v2\/pages"}],"about":[{"href":"https:\/\/christianstrasse.de\/8nhd0g15eq\/index.php?rest_route=\/wp\/v2\/types\/page"}],"author":[{"embeddable":true,"href":"https:\/\/christianstrasse.de\/8nhd0g15eq\/index.php?rest_route=\/wp\/v2\/users\/606"}],"replies":[{"embeddable":true,"href":"https:\/\/christianstrasse.de\/8nhd0g15eq\/index.php?rest_route=%2Fwp%2Fv2%2Fcomments&post=1367"}],"version-history":[{"count":0,"href":"https:\/\/christianstrasse.de\/8nhd0g15eq\/index.php?rest_route=\/wp\/v2\/pages\/1367\/revisions"}],"up":[{"embeddable":true,"href":"https:\/\/christianstrasse.de\/8nhd0g15eq\/index.php?rest_route=\/wp\/v2\/pages\/440"}],"wp:attachment":[{"href":"https:\/\/christianstrasse.de\/8nhd0g15eq\/index.php?rest_route=%2Fwp%2Fv2%2Fmedia&parent=1367"}],"curies":[{"name":"wp","href":"https:\/\/api.w.org\/{rel}","templated":true}]}}