{"id":1360,"date":"2012-06-14T17:29:29","date_gmt":"2012-06-14T16:29:29","guid":{"rendered":"http:\/\/christianstrasse.de\/8nhd0g15eq\/?page_id=1360"},"modified":"2012-06-14T17:38:12","modified_gmt":"2012-06-14T16:38:12","slug":"kummelkartoffeln-aus-dem-ofen-r","status":"publish","type":"page","link":"https:\/\/christianstrasse.de\/8nhd0g15eq\/?page_id=1360","title":{"rendered":"K\u00fcmmelkartoffeln aus dem Ofen (R)"},"content":{"rendered":"<div class=\"hrecipe custom\">\n<h2 class=\"fn\">Rezept: Kartoffeln aus dem Backofen<\/h2>\n<div class=\"ingredients\">\n<h4 class=\"ingredients\">Zutaten<\/h4>\n<ul class=\"ingredients\">\n<li class=\"ingredient\">500 g neue Kartoffeln etwa gleichgro\u00df<\/li>\n<li class=\"ingredient\">2 EL Oliven\u00f6l<\/li>\n<li class=\"ingredient\">1 TL grobes Salz<\/li>\n<li class=\"ingredient\">1 EL K\u00fcmmelk\u00f6rner<\/li>\n<\/ul>\n<\/div>\n<div class=\"instructions\">\n<h4 class=\"instructions\">Zubereitung<\/h4>\n<ol class=\"instructions\">\n<li>Backofen auf 220 \u00b0C vorheizen (Umluft 200 \u00b0C)<\/li>\n<li>einen niedrigen Br\u00e4ter oder ein Blech aussuchen, dessen Boden sp\u00e4ter von den Kartoffelh\u00e4lften vollst\u00e4ndig bedeckt sein wird<\/li>\n<li>neue Kartoffeln gr\u00fcndlich sauber b\u00fcrsten oder \u00e4ltere Kartoffeln sch\u00e4len<\/li>\n<li>2\/3 von \u00d6l, Salz und K\u00fcmmel gleichm\u00e4\u00dfig auf dem Blech\/Br\u00e4ter verteilen<\/li>\n<li>Kartoffeln abtrocknen, der L\u00e4nge nach halbieren und mitt der Schnittfl\u00e4che auf das Blech legen<\/li>\n<li>die Oberseiten der Kartoffelh\u00e4lften mit dem restlichen \u00d6l bepinseln und gleichm\u00e4\u00dfig mit den verbliebenen Gew\u00fcrzen bestreuen<\/li>\n<li>die Kartoffeln je nach Gr\u00f6\u00dfe 15 &#8211; 25 min im Ofen garen<\/li>\n<li>Dazu z.B. Kr\u00e4uterquark<\/li>\n<\/ol>\n<\/div>\n<p>Zubereitungszeit: 30-40 min<\/p>\n<p>Portionen: 2<\/p>\n<p>&nbsp;<\/p>\n<p>Dieses Rezept stammt von Martina Meuth und Bernd Neuner-Duttenhofer<\/p>\n<p>Anstelle von K\u00fcmmel kann auch getrockneter Rosmarien verwendet werden. Dann harmonieren die Kartoffeln wunderbar mit gebratenem Lamm<\/p>\n<\/div>\n<p><a title=\"Beilagen\" href=\"http:\/\/christianstrasse.de\/8nhd0g15eq\/?page_id=666\">zur\u00fcck<\/a><\/p>\n","protected":false},"excerpt":{"rendered":"<p>Rezept: Kartoffeln aus dem Backofen Zutaten 500 g neue Kartoffeln etwa gleichgro\u00df 2 EL Oliven\u00f6l 1 TL grobes Salz 1 EL K\u00fcmmelk\u00f6rner Zubereitung Backofen auf 220 \u00b0C vorheizen (Umluft 200 \u00b0C) einen niedrigen Br\u00e4ter oder ein Blech aussuchen, dessen Boden sp\u00e4ter von den Kartoffelh\u00e4lften vollst\u00e4ndig bedeckt sein wird neue Kartoffeln gr\u00fcndlich sauber b\u00fcrsten oder \u00e4ltere [&hellip;]<\/p>\n","protected":false},"author":606,"featured_media":0,"parent":666,"menu_order":0,"comment_status":"open","ping_status":"closed","template":"","meta":{"ngg_post_thumbnail":0,"footnotes":""},"class_list":["post-1360","page","type-page","status-publish","hentry"],"_links":{"self":[{"href":"https:\/\/christianstrasse.de\/8nhd0g15eq\/index.php?rest_route=\/wp\/v2\/pages\/1360","targetHints":{"allow":["GET"]}}],"collection":[{"href":"https:\/\/christianstrasse.de\/8nhd0g15eq\/index.php?rest_route=\/wp\/v2\/pages"}],"about":[{"href":"https:\/\/christianstrasse.de\/8nhd0g15eq\/index.php?rest_route=\/wp\/v2\/types\/page"}],"author":[{"embeddable":true,"href":"https:\/\/christianstrasse.de\/8nhd0g15eq\/index.php?rest_route=\/wp\/v2\/users\/606"}],"replies":[{"embeddable":true,"href":"https:\/\/christianstrasse.de\/8nhd0g15eq\/index.php?rest_route=%2Fwp%2Fv2%2Fcomments&post=1360"}],"version-history":[{"count":0,"href":"https:\/\/christianstrasse.de\/8nhd0g15eq\/index.php?rest_route=\/wp\/v2\/pages\/1360\/revisions"}],"up":[{"embeddable":true,"href":"https:\/\/christianstrasse.de\/8nhd0g15eq\/index.php?rest_route=\/wp\/v2\/pages\/666"}],"wp:attachment":[{"href":"https:\/\/christianstrasse.de\/8nhd0g15eq\/index.php?rest_route=%2Fwp%2Fv2%2Fmedia&parent=1360"}],"curies":[{"name":"wp","href":"https:\/\/api.w.org\/{rel}","templated":true}]}}