{"id":1320,"date":"2012-06-01T16:03:16","date_gmt":"2012-06-01T15:03:16","guid":{"rendered":"http:\/\/christianstrasse.de\/8nhd0g15eq\/?page_id=1320"},"modified":"2012-06-02T08:29:16","modified_gmt":"2012-06-02T07:29:16","slug":"grune-bohnen-mit-anchovis-und-knoblauch-r","status":"publish","type":"page","link":"https:\/\/christianstrasse.de\/8nhd0g15eq\/?page_id=1320","title":{"rendered":"Gr\u00fcne Bohnen mit Anchovis und Knoblauch (R)"},"content":{"rendered":"<div class=\"hrecipe custom\">\n<h2 class=\"fn\"><a href=\"http:\/\/christianstrasse.de\/8nhd0g15eq\/wp-content\/uploads\/IMG_1656.jpg\"><img loading=\"lazy\" decoding=\"async\" class=\"aligncenter  wp-image-1327\" title=\"IMG_1656\" src=\"http:\/\/christianstrasse.de\/8nhd0g15eq\/wp-content\/uploads\/IMG_1656.jpg\" alt=\"\" width=\"650\" height=\"450\" \/><\/a><\/h2>\n<h2 class=\"fn\">Rezept: Gr\u00fcne Bohnen mit Anchovis und Knoblauch<\/h2>\n<p class=\"summary\"><strong>Kurzbeschreibung<\/strong>: <em>Ein schnelles Gericht<\/em><\/p>\n<div class=\"ingredients\">\n<h4 class=\"ingredients\">Zutaten<\/h4>\n<ul class=\"ingredients\">\n<li class=\"ingredient\">500 g gr\u00fcne Bohnen<\/li>\n<li class=\"ingredient\">3-6 Knoblauchzehen<\/li>\n<li class=\"ingredient\">2-4 Anchovifilets in \u00d6l<\/li>\n<li class=\"ingredient\">1\/2 Bund glatte Petersilie<\/li>\n<li class=\"ingredient\">1-2 EL Oliven\u00f6l<\/li>\n<li class=\"ingredient\">Pfeffer, Salz<\/li>\n<\/ul>\n<\/div>\n<div class=\"instructions\">\n<h4 class=\"instructions\">Zubereitung<\/h4>\n<ol class=\"instructions\">\n<li>Bohnen putzen, je nach L\u00e4nge ggfs. halbieren und gr\u00fcndlich waschen<\/li>\n<li>Bohnen in stark gesalzenem Wasser 10-12 min d\u00fcnsten, gelegentlich umr\u00fchren<\/li>\n<li>W\u00e4hrenddessen Knoblauch h\u00e4uten, mittelfein (3-5mm) hacken und mit etwas \u00d6l benetzen<\/li>\n<li>Anchovis abtupfen, fein hacken und zum Knoblauch geben<\/li>\n<li>Petersilie abbrausen und trockensch\u00fctteln, Stengel entfernen und Bl\u00e4ttchen hacken<\/li>\n<li>Bohnen in ein Sieb abgie\u00dfen und m\u00f6glichst gut abtrocknen lassen<\/li>\n<li>Oliven\u00f6l in einer gro\u00dfen Pfanne mittelstark erhitzen, Knoblauch und Anchovis hineingeben und 3 min anschwitzen. Der Knoblauch darf maximal nur ganz leicht br\u00e4unen, da er sonst bitter wird<\/li>\n<li>Die Bohnen dazu geben und alles gut vermengen<\/li>\n<li>Das Ganze\u00a0nochmals f\u00fcr 2-3 min kr\u00e4ftig erhitzen, die Petersilie dar\u00fcber streuen und mit Salz und Pfeffer abschmecken<\/li>\n<li>Dazu Chiabatta oder Baguette<\/li>\n<\/ol>\n<\/div>\n<p>Zubereittungszeit: <span class=\"preptime\">45 min<\/span><\/p>\n<p>Portionen: Als Vorspeise: 6; als Hauptgericht: 2<\/p>\n<p><a title=\"Beilagen\" href=\"http:\/\/christianstrasse.de\/8nhd0g15eq\/?page_id=666\">zur\u00fcck<\/a><\/p>\n<\/div>\n","protected":false},"excerpt":{"rendered":"<p>Rezept: Gr\u00fcne Bohnen mit Anchovis und Knoblauch Kurzbeschreibung: Ein schnelles Gericht Zutaten 500 g gr\u00fcne Bohnen 3-6 Knoblauchzehen 2-4 Anchovifilets in \u00d6l 1\/2 Bund glatte Petersilie 1-2 EL Oliven\u00f6l Pfeffer, Salz Zubereitung Bohnen putzen, je nach L\u00e4nge ggfs. halbieren und gr\u00fcndlich waschen Bohnen in stark gesalzenem Wasser 10-12 min d\u00fcnsten, gelegentlich umr\u00fchren W\u00e4hrenddessen Knoblauch h\u00e4uten, [&hellip;]<\/p>\n","protected":false},"author":606,"featured_media":0,"parent":666,"menu_order":0,"comment_status":"open","ping_status":"closed","template":"","meta":{"ngg_post_thumbnail":0,"footnotes":""},"class_list":["post-1320","page","type-page","status-publish","hentry"],"_links":{"self":[{"href":"https:\/\/christianstrasse.de\/8nhd0g15eq\/index.php?rest_route=\/wp\/v2\/pages\/1320","targetHints":{"allow":["GET"]}}],"collection":[{"href":"https:\/\/christianstrasse.de\/8nhd0g15eq\/index.php?rest_route=\/wp\/v2\/pages"}],"about":[{"href":"https:\/\/christianstrasse.de\/8nhd0g15eq\/index.php?rest_route=\/wp\/v2\/types\/page"}],"author":[{"embeddable":true,"href":"https:\/\/christianstrasse.de\/8nhd0g15eq\/index.php?rest_route=\/wp\/v2\/users\/606"}],"replies":[{"embeddable":true,"href":"https:\/\/christianstrasse.de\/8nhd0g15eq\/index.php?rest_route=%2Fwp%2Fv2%2Fcomments&post=1320"}],"version-history":[{"count":0,"href":"https:\/\/christianstrasse.de\/8nhd0g15eq\/index.php?rest_route=\/wp\/v2\/pages\/1320\/revisions"}],"up":[{"embeddable":true,"href":"https:\/\/christianstrasse.de\/8nhd0g15eq\/index.php?rest_route=\/wp\/v2\/pages\/666"}],"wp:attachment":[{"href":"https:\/\/christianstrasse.de\/8nhd0g15eq\/index.php?rest_route=%2Fwp%2Fv2%2Fmedia&parent=1320"}],"curies":[{"name":"wp","href":"https:\/\/api.w.org\/{rel}","templated":true}]}}