{"id":1290,"date":"2015-02-06T19:30:45","date_gmt":"2015-02-06T18:30:45","guid":{"rendered":"http:\/\/christianstrasse.de\/8nhd0g15eq\/?page_id=1290"},"modified":"2018-10-04T16:42:11","modified_gmt":"2018-10-04T15:42:11","slug":"backwahn","status":"publish","type":"page","link":"https:\/\/christianstrasse.de\/8nhd0g15eq\/?page_id=1290","title":{"rendered":"Backwahn"},"content":{"rendered":"<p>Gegen Ende meiner Adoleszenz gab es eine Sekte um den erleuchteten Baghvan Shree Ranish mit Sitz anfangs in Poona, Indien, sp\u00e4ter in Oregon, USA. Derlei Gedankengut bin ich niemals nachgehangen. Allein, dass Baghvan es nicht gestattete, dass parfumierte Menschen um ihn waren, machte ihn mir diesbez\u00fcglich sympathisch. Ansonsten nannten\u00a0 wir ihn eben Backwahn oder Backzwang.<\/p>\n<p>Meine zaghaften Versuche, Backwerk in eigener Regie herzustellen, endeten an einem Tag in den fr\u00fchen 1980er Jahren, als ich in den Teig f\u00fcr einen Obstkuchen aus wilden Zwetschen des eigenen Gartens anstelle von Zucker, Salz einr\u00fchrte.<\/p>\n<p>Doch es gibt gerade in der franz\u00f6sischen K\u00fcche die quiches, die tartes, die patees. F\u00fcr den \u00dcbergewichtigen ein Gift, aber lecker. Wer den Film &#8222;Das grosse Fressen&#8220; gesehen hat, weiss, wie erbaulich die V\u00f6llerei sein kann. Als Diabetiker mu\u00df ich mir die S\u00fc\u00dfigkeiten verbieten. Nach der Diagnose 2004 war ich damit ziemlich streng. Das gesamte Industrie-Zuckerzeug kann ich mir leicht verkneifen.<\/p>\n<p>Doch dann sto\u00dfe ich auf Rezepte, die mich interessieren. Ich habe lange gez\u00f6gert. Zuerst nur Herzhaftes gebacken. Lauchtarte oder auch einmal ein Filet Wellington.<\/p>\n<p>Die Patisserie mit ihren exakt einzuhaltenden Rezepturen erinnert mich an meine 10 Jahre im Chemielabor, wo es auf exakte Einhaltung von Mengen, Zeiten und Temperaturen ankommt. Vor allem dann, wenn man keine Erfahrung, geschweige denn Routine hat.<\/p>\n<p>Mein erstes s\u00fc\u00dfes Backwerk war im Sommer 2014 ein<\/p>\n<p><a title=\"Baba au Rhum (R)\" href=\"http:\/\/christianstrasse.de\/8nhd0g15eq\/?page_id=1897\">Baba au Rhum<\/a>, gefolgt von einem<\/p>\n<p><a title=\"Schokoladensouffl\u00e9 (R)\" href=\"http:\/\/christianstrasse.de\/8nhd0g15eq\/?page_id=2091\">Schokoladensouffl\u00e9<\/a> (Jan. 2015) und nun, einen Monat sp\u00e4ter<\/p>\n<p><a title=\"Schokoladencupcakes (R)\" href=\"http:\/\/christianstrasse.de\/8nhd0g15eq\/?page_id=2113\">Schokoladencupcakes<\/a> nach Ottolenghi.<\/p>\n<p>&nbsp;<\/p>\n<p><a href=\"http:\/\/christianstrasse.de\/8nhd0g15eq\/?page_id=2451\">Apfelkuchen<\/a><\/p>\n<p><a href=\"http:\/\/christianstrasse.de\/8nhd0g15eq\/?page_id=1752\">Weihnachtsstollen<\/a> nach Lea Linster<\/p>\n<p><a href=\"http:\/\/christianstrasse.de\/8nhd0g15eq\/?page_id=2176\">Panettone<\/a><\/p>\n<p>&nbsp;<\/p>\n<p><a title=\"Die Kochseite\" href=\"http:\/\/christianstrasse.de\/8nhd0g15eq\/?page_id=42\">zur\u00fcck<\/a><\/p>\n","protected":false},"excerpt":{"rendered":"<p>Gegen Ende meiner Adoleszenz gab es eine Sekte um den erleuchteten Baghvan Shree Ranish mit Sitz anfangs in Poona, Indien, sp\u00e4ter in Oregon, USA. Derlei Gedankengut bin ich niemals nachgehangen. Allein, dass Baghvan es nicht gestattete, dass parfumierte Menschen um ihn waren, machte ihn mir diesbez\u00fcglich sympathisch. Ansonsten nannten\u00a0 wir ihn eben Backwahn oder Backzwang. [&hellip;]<\/p>\n","protected":false},"author":606,"featured_media":0,"parent":42,"menu_order":0,"comment_status":"open","ping_status":"closed","template":"","meta":{"ngg_post_thumbnail":0,"footnotes":""},"class_list":["post-1290","page","type-page","status-publish","hentry"],"_links":{"self":[{"href":"https:\/\/christianstrasse.de\/8nhd0g15eq\/index.php?rest_route=\/wp\/v2\/pages\/1290","targetHints":{"allow":["GET"]}}],"collection":[{"href":"https:\/\/christianstrasse.de\/8nhd0g15eq\/index.php?rest_route=\/wp\/v2\/pages"}],"about":[{"href":"https:\/\/christianstrasse.de\/8nhd0g15eq\/index.php?rest_route=\/wp\/v2\/types\/page"}],"author":[{"embeddable":true,"href":"https:\/\/christianstrasse.de\/8nhd0g15eq\/index.php?rest_route=\/wp\/v2\/users\/606"}],"replies":[{"embeddable":true,"href":"https:\/\/christianstrasse.de\/8nhd0g15eq\/index.php?rest_route=%2Fwp%2Fv2%2Fcomments&post=1290"}],"version-history":[{"count":1,"href":"https:\/\/christianstrasse.de\/8nhd0g15eq\/index.php?rest_route=\/wp\/v2\/pages\/1290\/revisions"}],"predecessor-version":[{"id":2456,"href":"https:\/\/christianstrasse.de\/8nhd0g15eq\/index.php?rest_route=\/wp\/v2\/pages\/1290\/revisions\/2456"}],"up":[{"embeddable":true,"href":"https:\/\/christianstrasse.de\/8nhd0g15eq\/index.php?rest_route=\/wp\/v2\/pages\/42"}],"wp:attachment":[{"href":"https:\/\/christianstrasse.de\/8nhd0g15eq\/index.php?rest_route=%2Fwp%2Fv2%2Fmedia&parent=1290"}],"curies":[{"name":"wp","href":"https:\/\/api.w.org\/{rel}","templated":true}]}}