{"id":1256,"date":"2012-04-02T16:53:24","date_gmt":"2012-04-02T15:53:24","guid":{"rendered":"http:\/\/christianstrasse.de\/8nhd0g15eq\/?page_id=1256"},"modified":"2015-04-26T14:38:56","modified_gmt":"2015-04-26T13:38:56","slug":"nudeln-grundrezept","status":"publish","type":"page","link":"https:\/\/christianstrasse.de\/8nhd0g15eq\/?page_id=1256","title":{"rendered":"Nudeln Grundrezept (R)"},"content":{"rendered":"<p>Selbst hergestellte Nudeln schmecken einfach wunderbar. Es gibt mehrere Grundrezepte. Wir verwenden eines bei dem nur Hartweizengrie\u00df und Wasser verarbeitet werden..<\/p>\n<p>250g Hartweizengrie\u00df werden in einer Sch\u00fcssel mit 100ml Wasser vermengt und solange geknetet, bis der Teig f\u00fcr die Nudelmaschine bereit ist.<\/p>\n<p>Danach wird er in Portionen von etwa 100g immer wieder durch die Maschine gemangelt und anschliessend gefaltet, bis er sch\u00f6n glatt ist und sein typisches Aroma entwickelt. Pro Portion sind vielleicht 10, vielleicht 15 G\u00e4nge erforderlich. Dann l\u00e4sst man den Teig zu einer dicken Rolle geformt abgedeckt bei Zimmertemperatur f\u00fcr 1 &#8211; 2 Stunden in der Sch\u00fcssel ruhen.<\/p>\n<p>Danach wird er nochmals portioniert und mit der Maschine geschmeidig gemangelt und schrittweise auf die gew\u00fcnschte Dicke gebracht.<\/p>\n<p>F\u00fcr eine Lasagne und Cannelloni gen\u00fcgt es nun, die d\u00fcnnen Teigplatten auf die gew\u00fcnschte Gr\u00f6\u00dfe zuzuschneiden und weiter zu verarbeiten.<\/p>\n<p>Teig f\u00fcr Ravioli wird ausgestanzt, mit der Farce und einem weiterem Blatt Teig belegt und am Rand kr\u00e4ftig zusammengedr\u00fcckt. Aufs\u00e4tze f\u00fcr die Nudelmaschine, die diese Aufgabe \u00fcbernehmen sollen, sind mir ein wenig suspekt.<\/p>\n<p>Tagliatelle oder Spaghetti werden mit dem entsprechenden Aufsatz der Nudelmaschine geschnitten und k\u00f6nnen vor dem Kochen gern ein paar Minuten antrocknen.<\/p>\n<p>Die Nudeln werden in viel gut gesalzenem Wasser in wenigen Minuten gar gekocht. Die Kochzeit liegt deutlich unter den 11-14 Minuten bei getrockneten Nudeln.<\/p>\n<p>&nbsp;<\/p>\n<p>Die eingesetzte Menge ergibt 4 Portionen<\/p>\n<p>&nbsp;<\/p>\n<p>Gr\u00fcne Nudeln:<\/p>\n<p>150g TK-Spinat werden 3 Minuten in 50 ml Wasser gekocht. Vom Feuer nehmen und abk\u00fchlen lassen.<\/p>\n<p>Zusammen mit dem Kochwasser p\u00fcrieren.<\/p>\n<p>300g Hartweizengriess und 50g Mehl vermengen und mit dem Spinat verkneten.<\/p>\n<p>Danach mit der Nudelmaschine wie oben beschrieben fortfahren.<\/p>\n<p>&nbsp;<\/p>\n<p>Ergibt 6 Einzelportionen oder 12 Platten f\u00fcr 1 gro\u00dfe Lasagne<\/p>\n<p>&nbsp;<\/p>\n<p><a title=\"Beilagen\" href=\"http:\/\/christianstrasse.de\/8nhd0g15eq\/?page_id=666\">Zur\u00fcck<\/a><\/p>\n","protected":false},"excerpt":{"rendered":"<p>Selbst hergestellte Nudeln schmecken einfach wunderbar. Es gibt mehrere Grundrezepte. Wir verwenden eines bei dem nur Hartweizengrie\u00df und Wasser verarbeitet werden.. 250g Hartweizengrie\u00df werden in einer Sch\u00fcssel mit 100ml Wasser vermengt und solange geknetet, bis der Teig f\u00fcr die Nudelmaschine bereit ist. Danach wird er in Portionen von etwa 100g immer wieder durch die Maschine [&hellip;]<\/p>\n","protected":false},"author":606,"featured_media":0,"parent":666,"menu_order":0,"comment_status":"open","ping_status":"closed","template":"","meta":{"ngg_post_thumbnail":0,"footnotes":""},"class_list":["post-1256","page","type-page","status-publish","hentry"],"_links":{"self":[{"href":"https:\/\/christianstrasse.de\/8nhd0g15eq\/index.php?rest_route=\/wp\/v2\/pages\/1256","targetHints":{"allow":["GET"]}}],"collection":[{"href":"https:\/\/christianstrasse.de\/8nhd0g15eq\/index.php?rest_route=\/wp\/v2\/pages"}],"about":[{"href":"https:\/\/christianstrasse.de\/8nhd0g15eq\/index.php?rest_route=\/wp\/v2\/types\/page"}],"author":[{"embeddable":true,"href":"https:\/\/christianstrasse.de\/8nhd0g15eq\/index.php?rest_route=\/wp\/v2\/users\/606"}],"replies":[{"embeddable":true,"href":"https:\/\/christianstrasse.de\/8nhd0g15eq\/index.php?rest_route=%2Fwp%2Fv2%2Fcomments&post=1256"}],"version-history":[{"count":0,"href":"https:\/\/christianstrasse.de\/8nhd0g15eq\/index.php?rest_route=\/wp\/v2\/pages\/1256\/revisions"}],"up":[{"embeddable":true,"href":"https:\/\/christianstrasse.de\/8nhd0g15eq\/index.php?rest_route=\/wp\/v2\/pages\/666"}],"wp:attachment":[{"href":"https:\/\/christianstrasse.de\/8nhd0g15eq\/index.php?rest_route=%2Fwp%2Fv2%2Fmedia&parent=1256"}],"curies":[{"name":"wp","href":"https:\/\/api.w.org\/{rel}","templated":true}]}}