{"id":1004,"date":"2011-12-25T11:57:12","date_gmt":"2011-12-25T10:57:12","guid":{"rendered":"http:\/\/christianstrasse.de\/8nhd0g15eq\/?page_id=1004"},"modified":"2011-12-25T12:24:18","modified_gmt":"2011-12-25T11:24:18","slug":"monchsgrasmucken","status":"publish","type":"page","link":"https:\/\/christianstrasse.de\/8nhd0g15eq\/?page_id=1004","title":{"rendered":"M\u00f6nchsgrasm\u00fccken"},"content":{"rendered":"<p><strong>M\u00f6nchsgrasm\u00fccken<\/strong>\u00a0(Sylvia atricapilla): das M\u00e4nnchen tr\u00e4gt schwarz, das Weibchen braun, wenn es um die &#8222;Kopfplatte&#8220; geht. M\u00f6nchsgrasm\u00fccken sind von April bis Oktober anzutreffen, den Winter verbringen sie im S\u00fcden &#8211; laut NABU im Mittelmeerraum.<\/p>\n<!-- default-view.php -->\n<div\n\tclass=\"ngg-galleryoverview default-view \n\t\t\"\n\tid=\"ngg-gallery-eb767953d04d6db3031474bb7f04f5c6-1\">\n\n\t\t<!-- Thumbnails -->\n\t\t\t\t<div id=\"ngg-image-0\" class=\"ngg-gallery-thumbnail-box \n\t\t\t\t\t\t\t\t\t\t\t\" \n\t\t\t>\n\t\t\t\t\t\t<div class=\"ngg-gallery-thumbnail\">\n\t\t\t<a href=\"https:\/\/christianstrasse.de\/8nhd0g15eq\/wp-content\/gallery\/monchsgrasmucke\/mg-3628.jpg\"\n\t\t\t\ttitle=\"\"\n\t\t\t\tdata-src=\"https:\/\/christianstrasse.de\/8nhd0g15eq\/wp-content\/gallery\/monchsgrasmucke\/mg-3628.jpg\"\n\t\t\t\tdata-thumbnail=\"https:\/\/christianstrasse.de\/8nhd0g15eq\/wp-content\/gallery\/monchsgrasmucke\/thumbs\/thumbs_mg-3628.jpg\"\n\t\t\t\tdata-image-id=\"172\"\n\t\t\t\tdata-title=\"mg-3628\"\n\t\t\t\tdata-description=\"\"\n\t\t\t\tdata-image-slug=\"mg-3628\"\n\t\t\t\tclass='use_imagebrowser_effect' data-imagebrowser-url='https:\/\/christianstrasse.de\/8nhd0g15eq\/index.php\/nggallery\/image\/%STUB%?page_id=1004'>\n\t\t\t\t<img\n\t\t\t\t\ttitle=\"mg-3628\"\n\t\t\t\t\talt=\"mg-3628\"\n\t\t\t\t\tsrc=\"https:\/\/christianstrasse.de\/8nhd0g15eq\/wp-content\/gallery\/monchsgrasmucke\/thumbs\/thumbs_mg-3628.jpg\"\n\t\t\t\t\twidth=\"110\"\n\t\t\t\t\theight=\"82\"\n\t\t\t\t\tstyle=\"max-width:100%;\"\n\t\t\t\t\/>\n\t\t\t<\/a>\n\t\t<\/div>\n\t\t\t\t\t\t\t<\/div> \n\t\t\t\n\t\t\t\t<div id=\"ngg-image-1\" class=\"ngg-gallery-thumbnail-box \n\t\t\t\t\t\t\t\t\t\t\t\" \n\t\t\t>\n\t\t\t\t\t\t<div class=\"ngg-gallery-thumbnail\">\n\t\t\t<a href=\"https:\/\/christianstrasse.de\/8nhd0g15eq\/wp-content\/gallery\/monchsgrasmucke\/mg-3647.jpg\"\n\t\t\t\ttitle=\"\"\n\t\t\t\tdata-src=\"https:\/\/christianstrasse.de\/8nhd0g15eq\/wp-content\/gallery\/monchsgrasmucke\/mg-3647.jpg\"\n\t\t\t\tdata-thumbnail=\"https:\/\/christianstrasse.de\/8nhd0g15eq\/wp-content\/gallery\/monchsgrasmucke\/thumbs\/thumbs_mg-3647.jpg\"\n\t\t\t\tdata-image-id=\"173\"\n\t\t\t\tdata-title=\"mg-3647\"\n\t\t\t\tdata-description=\"\"\n\t\t\t\tdata-image-slug=\"mg-3647\"\n\t\t\t\tclass='use_imagebrowser_effect' data-imagebrowser-url='https:\/\/christianstrasse.de\/8nhd0g15eq\/index.php\/nggallery\/image\/%STUB%?page_id=1004'>\n\t\t\t\t<img\n\t\t\t\t\ttitle=\"mg-3647\"\n\t\t\t\t\talt=\"mg-3647\"\n\t\t\t\t\tsrc=\"https:\/\/christianstrasse.de\/8nhd0g15eq\/wp-content\/gallery\/monchsgrasmucke\/thumbs\/thumbs_mg-3647.jpg\"\n\t\t\t\t\twidth=\"110\"\n\t\t\t\t\theight=\"82\"\n\t\t\t\t\tstyle=\"max-width:100%;\"\n\t\t\t\t\/>\n\t\t\t<\/a>\n\t\t<\/div>\n\t\t\t\t\t\t\t<\/div> \n\t\t\t\n\t\t\t\t<div id=\"ngg-image-2\" class=\"ngg-gallery-thumbnail-box \n\t\t\t\t\t\t\t\t\t\t\t\" \n\t\t\t>\n\t\t\t\t\t\t<div class=\"ngg-gallery-thumbnail\">\n\t\t\t<a href=\"https:\/\/christianstrasse.de\/8nhd0g15eq\/wp-content\/gallery\/monchsgrasmucke\/mg-4470.jpg\"\n\t\t\t\ttitle=\"\"\n\t\t\t\tdata-src=\"https:\/\/christianstrasse.de\/8nhd0g15eq\/wp-content\/gallery\/monchsgrasmucke\/mg-4470.jpg\"\n\t\t\t\tdata-thumbnail=\"https:\/\/christianstrasse.de\/8nhd0g15eq\/wp-content\/gallery\/monchsgrasmucke\/thumbs\/thumbs_mg-4470.jpg\"\n\t\t\t\tdata-image-id=\"174\"\n\t\t\t\tdata-title=\"mg-4470\"\n\t\t\t\tdata-description=\"\"\n\t\t\t\tdata-image-slug=\"mg-4470\"\n\t\t\t\tclass='use_imagebrowser_effect' data-imagebrowser-url='https:\/\/christianstrasse.de\/8nhd0g15eq\/index.php\/nggallery\/image\/%STUB%?page_id=1004'>\n\t\t\t\t<img\n\t\t\t\t\ttitle=\"mg-4470\"\n\t\t\t\t\talt=\"mg-4470\"\n\t\t\t\t\tsrc=\"https:\/\/christianstrasse.de\/8nhd0g15eq\/wp-content\/gallery\/monchsgrasmucke\/thumbs\/thumbs_mg-4470.jpg\"\n\t\t\t\t\twidth=\"110\"\n\t\t\t\t\theight=\"82\"\n\t\t\t\t\tstyle=\"max-width:100%;\"\n\t\t\t\t\/>\n\t\t\t<\/a>\n\t\t<\/div>\n\t\t\t\t\t\t\t<\/div> \n\t\t\t\n\t\n\t<br style=\"clear: both\" \/>\n\n\t\n\t\t<!-- Pagination -->\n\t\t<div class='ngg-clear'><\/div>\t<\/div>\n\n<p>&nbsp;<\/p>\n<p><a title=\"Garten\" href=\"http:\/\/christianstrasse.de\/8nhd0g15eq\/?page_id=101\">zur\u00fcck<\/a><\/p>\n","protected":false},"excerpt":{"rendered":"<p>M\u00f6nchsgrasm\u00fccken\u00a0(Sylvia atricapilla): das M\u00e4nnchen tr\u00e4gt schwarz, das Weibchen braun, wenn es um die &#8222;Kopfplatte&#8220; geht. M\u00f6nchsgrasm\u00fccken sind von April bis Oktober anzutreffen, den Winter verbringen sie im S\u00fcden &#8211; laut NABU im Mittelmeerraum. &nbsp; zur\u00fcck<\/p>\n","protected":false},"author":609,"featured_media":0,"parent":101,"menu_order":0,"comment_status":"open","ping_status":"closed","template":"","meta":{"ngg_post_thumbnail":0,"footnotes":""},"class_list":["post-1004","page","type-page","status-publish","hentry"],"_links":{"self":[{"href":"https:\/\/christianstrasse.de\/8nhd0g15eq\/index.php?rest_route=\/wp\/v2\/pages\/1004","targetHints":{"allow":["GET"]}}],"collection":[{"href":"https:\/\/christianstrasse.de\/8nhd0g15eq\/index.php?rest_route=\/wp\/v2\/pages"}],"about":[{"href":"https:\/\/christianstrasse.de\/8nhd0g15eq\/index.php?rest_route=\/wp\/v2\/types\/page"}],"author":[{"embeddable":true,"href":"https:\/\/christianstrasse.de\/8nhd0g15eq\/index.php?rest_route=\/wp\/v2\/users\/609"}],"replies":[{"embeddable":true,"href":"https:\/\/christianstrasse.de\/8nhd0g15eq\/index.php?rest_route=%2Fwp%2Fv2%2Fcomments&post=1004"}],"version-history":[{"count":0,"href":"https:\/\/christianstrasse.de\/8nhd0g15eq\/index.php?rest_route=\/wp\/v2\/pages\/1004\/revisions"}],"up":[{"embeddable":true,"href":"https:\/\/christianstrasse.de\/8nhd0g15eq\/index.php?rest_route=\/wp\/v2\/pages\/101"}],"wp:attachment":[{"href":"https:\/\/christianstrasse.de\/8nhd0g15eq\/index.php?rest_route=%2Fwp%2Fv2%2Fmedia&parent=1004"}],"curies":[{"name":"wp","href":"https:\/\/api.w.org\/{rel}","templated":true}]}}